{"id":83,"date":"2023-09-27T15:58:06","date_gmt":"2023-09-27T06:58:06","guid":{"rendered":"http:\/\/test2.airmesse-light.com\/f\/?page_id=83"},"modified":"2023-11-01T14:51:00","modified_gmt":"2023-11-01T05:51:00","slug":"ukiyoe-0-pt","status":"publish","type":"page","link":"https:\/\/fujisawa-ukiyoekan.net\/f\/ukiyoe-0-pt\/","title":{"rendered":"\u6d6e\u4e16\u7d75\u3068\u85e4\u6ca2\u3000\u3054\u3042\u3044\u3055\u3064\u3000\u30dd\u30eb\u30c8\u30ac\u30eb\u8a9e"},"content":{"rendered":"<p><!--Breadcrumb--><\/p>\n<section id=\"top\" class=\"bc-section\">\n<div class=\"container\">\n<ol class=\"breadcrumb\">\n<li><a href=\"\/f\/home-pt\">IN\u00cdCIO <\/a><\/li>\n<li class=\"active\">Ukiyo-e e Fujisawa<\/li>\n<\/ol>\n<\/div>\n<\/section>\n<p><!--\/Breadcrumb--><\/p>\n<section id=\"txt\" class=\"home-section\">\n<div class=\"container\">\n<div class=\"row\">\n<div class=\"txtArea\">\n<h3>Sauda\u00e7\u00f5es<\/h3>\n<div class=\"txtBox\">\n<p>O \u201cMuseu Ukiyo-e Fujisawa\u201d foi constru\u00eddo com o objetivo de cultivar o amor dos cidad\u00e3os da cidade por sua terra natal e contribuir para melhorar a vida cultural dos cidad\u00e3os. Para alcan\u00e7ar esses objetivos, a cidade de Fujisawa construiu o museu para os visitantes apreciarem os materiais culturais locais, como obras de ukiyo-e do ponto de parada Tokaido Fujisawa, da ilha de Enoshima e outros materiais relacionados.<br \/>\nA cole\u00e7\u00e3o de ukiyo-e da cidade de Fujisawa come\u00e7ou em 1980 ( ano 55 da era Showa), quando o ex-presidente da Nihon University, senhor Kure Fumiaki, doou para a cidade sua cole\u00e7\u00e3o de obras de ukiyo-e da ilha de Enoshima, em comemora\u00e7\u00e3o aos 40 anos do anivers\u00e1rio da cria\u00e7\u00e3o do munic\u00edpio. Desde ent\u00e3o, para usar como material de estudo local, a cidade coletou os ukiyo-e de Fujisawa-shuku e da ilha de Enoshima, juntamente com outros materiais relacionados.<br \/>\nO ukiyo-e \u00e9 uma obra de arte pict\u00f3rica que retrata a vida das pessoas e a situa\u00e7\u00e3o da sociedade. Ele se desenvolveu como cultura popular na era Edo (1603-1868). No final do s\u00e9culo 19, o ukiyo-e exerceu forte influ\u00eancia em artistas europeus de renome, como Van Gogh, chamando aten\u00e7\u00e3o do mundo como obra de arte. O Fujisawa-shuku estava situado ao longo da estrada de Tokaido no per\u00edodo Edo, e o principal tempo budista da seita Ji, o templo Shojokoji (Yugyoji) tamb\u00e9m ficava em Fujisawa. Os turistas e peregrinos se reuniam no local, a partir do port\u00e3o de entrada para a rota de peregrina\u00e7\u00e3o da ilha de Enoshima e do monte Oyama (monte Amefuri). Assim como a entrada do templo, muitas pinturas de ukiyo-e baseadas em lugares famosos e lendas foram pintadas.<br \/>\nO Museu Ukiyo-e Fujisawa continuar\u00e1 a trabalhar para transmitir e tornar mais pr\u00f3xima \u00e0 cultura local, com a esperan\u00e7a de que todos os visitantes possam apreciar nossas instala\u00e7\u00f5es. Aguardamos a visita de todos.<\/p>\n<\/div>\n<div class=\"ctrBox\">\n<a href=\"\/f\/ukiyoe-1-pt\"><button type=\"button\" class=\"btn\"><i class=\"fa fa-arrow-circle-right\"><\/i>A cidade Fujisawa representada no ukiyo-e<\/button><\/a><br \/>\n<a href=\"\/f\/ukiyoe-2-pt\"><button type=\"button\" class=\"btn\"><i class=\"fa fa-arrow-circle-right\"><\/i>L A principal paisagem do ukiyo-e: a ilha de Enoshima<\/button><\/a><br \/>\n<a href=\"\/f\/ukiyoe-3-pt\"><button type=\"button\" class=\"btn\"><i class=\"fa fa-arrow-circle-right\"><\/i>A lenda de Oguri-Hangan e a princesa Terute<\/button><\/a><br \/>\n<a href=\"\/f\/ukiyoe-4-pt\"><button type=\"button\" class=\"btn\"><i class=\"fa fa-arrow-circle-right\"><\/i>S\u00e9rie dos \u201c53 pontos de parada da estrada de Tokaido\u201d e \u201cJogos de tabuleiro da viagem de Sugoroku\u201d<\/button><\/a><\/p>\n<p><\/a><\/div>\n<\/div>\n<\/div>\n<\/div>\n<\/section>\n","protected":false},"excerpt":{"rendered":"<p>IN\u00cdCIO Ukiyo-e e Fujisawa Sauda\u00e7\u00f5es O \u201cMuseu Ukiyo-e Fujisawa\u201d foi constru\u00eddo com o objetivo de cultivar o amo [&hellip;]<\/p>\n","protected":false},"author":1,"featured_media":0,"parent":0,"menu_order":0,"comment_status":"closed","ping_status":"closed","template":"page-pt.php","meta":{"footnotes":""},"class_list":["post-83","page","type-page","status-publish","hentry"],"_links":{"self":[{"href":"https:\/\/fujisawa-ukiyoekan.net\/f\/wp-json\/wp\/v2\/pages\/83","targetHints":{"allow":["GET"]}}],"collection":[{"href":"https:\/\/fujisawa-ukiyoekan.net\/f\/wp-json\/wp\/v2\/pages"}],"about":[{"href":"https:\/\/fujisawa-ukiyoekan.net\/f\/wp-json\/wp\/v2\/types\/page"}],"author":[{"embeddable":true,"href":"https:\/\/fujisawa-ukiyoekan.net\/f\/wp-json\/wp\/v2\/users\/1"}],"replies":[{"embeddable":true,"href":"https:\/\/fujisawa-ukiyoekan.net\/f\/wp-json\/wp\/v2\/comments?post=83"}],"version-history":[{"count":7,"href":"https:\/\/fujisawa-ukiyoekan.net\/f\/wp-json\/wp\/v2\/pages\/83\/revisions"}],"predecessor-version":[{"id":1354,"href":"https:\/\/fujisawa-ukiyoekan.net\/f\/wp-json\/wp\/v2\/pages\/83\/revisions\/1354"}],"wp:attachment":[{"href":"https:\/\/fujisawa-ukiyoekan.net\/f\/wp-json\/wp\/v2\/media?parent=83"}],"curies":[{"name":"wp","href":"https:\/\/api.w.org\/{rel}","templated":true}]}}