{"id":74,"date":"2023-09-27T15:58:01","date_gmt":"2023-09-27T06:58:01","guid":{"rendered":"http:\/\/test2.airmesse-light.com\/f\/?page_id=74"},"modified":"2023-11-01T14:50:45","modified_gmt":"2023-11-01T05:50:45","slug":"ukiyoe-0-fr","status":"publish","type":"page","link":"https:\/\/fujisawa-ukiyoekan.net\/f\/ukiyoe-0-fr\/","title":{"rendered":"\u6d6e\u4e16\u7d75\u3068\u85e4\u6ca2\u3000\u3054\u3042\u3044\u3055\u3064\u3000\u30d5\u30e9\u30f3\u30b9\u8a9e"},"content":{"rendered":"<p><!--Breadcrumb--><\/p>\n<section id=\"top\" class=\"bc-section\">\n<div class=\"container\">\n<ol class=\"breadcrumb\">\n<li><a href=\"\/f\/home-fr\">Accueil<\/a><\/li>\n<li class=\"active\">Ukiyo-e et Fujisawa<\/li>\n<\/ol>\n<\/div>\n<\/section>\n<p><!--\/Breadcrumb--><\/p>\n<section id=\"txt\" class=\"home-section\">\n<div class=\"container\">\n<div class=\"row\">\n<div class=\"txtArea\">\n<h3>Mot de bienvenue<\/h3>\n<div class=\"txtBox\">\nLe Fujisawa Ukiyo-e Museum a \u00e9t\u00e9 \u00e9tabli par la ville de Fujisawa dans le but de favoriser l\u2019attachement des habitants \u00e0 leur r\u00e9gion et de contribuer au d\u00e9veloppement de la culture populaire. Le visiteur peut y admirer des oeuvres de la r\u00e9gion, \u00e0 commencer par des estampes relatives au relais de Fujisawa sur la route du T\u014dkaid\u014d et \u00e0 l\u2019\u00eele d\u2019Enoshima. L\u2019histoire de la collection remonte \u00e0 1980 (Sh\u014dwa 55), lorsque l\u2019ancien pr\u00e9sident de Nihon University, M. Fumiaki Kur\u00e9, fit don \u00e0 la ville de sa collection centr\u00e9e sur les estampes ukiyo-e li\u00e9es \u00e0 l\u2019\u00eele d\u2019Enoshima, \u00e0 l\u2019occasion du 40\u00e8me anniversaire de la cr\u00e9ation de l\u2019actuelle municipalit\u00e9. Depuis lors, la ville a collect\u00e9 les estampes consacr\u00e9es au \u201cFujisawa-shuku\u201d (relais de Fujisawa) et \u00e0 l\u2019\u00eele d\u2019Enoshima, ainsi que d\u2019autres mat\u00e9riaux.<br \/>\nLes estampes ukiyo-e, qui d\u00e9peignent la vie des gens et la soci\u00e9t\u00e9, se sont d\u00e9velopp\u00e9es en tant que culture populaire de l\u2019\u00e9poque d\u2019Edo. Au 19\u00e8me si\u00e8cle, elles ont exerc\u00e9 une grande influence sur les peintres europ\u00e9ens, \u00e0 commencer par Van Gogh, et elles continuent aujourd\u2019hui de fasciner le monde entier. A l\u2019\u00e9poque d\u2019Edo, Fujisawa abritait le relais du m\u00eame nom sur la route du T\u014dkaid\u014d, et c\u2019est \u00e9galement l\u00e0 que se trouve le temple Sh\u014dj\u014dk\u014d-ji (ou Yugy\u014d-ji), si\u00e8ge de la secte bouddhiste Jish\u016b. Fujisawa \u00e9tait le point d\u2019entr\u00e9e des routes de p\u00e8lerinage menant vers Enoshima et \u014cyama, qui \u00e9taient \u00e0 la fois des lieux de foi et de divertissement, et c\u2019est un endroit o\u00f9 furent r\u00e9alis\u00e9es de nombreuses estampes repr\u00e9sentant des l\u00e9gendes et des lieux c\u00e9l\u00e8bres.<br \/>\nLe Fujisawa Ukiyo-e Museum s\u2019efforce de faire conna\u00eetre le charme des estampes et la culture de la r\u00e9gion, tout en \u00e9tant un lieu que l\u2019on puisse visiter en s\u2019amusant. Nous attendons votre visite !<\/p>\n<\/div>\n<div class=\"ctrBox\">\n<a href=\"\/f\/ukiyoe-1-fr\"><button type=\"button\" class=\"btn\"><i class=\"fa fa-arrow-circle-right\"><\/i>Fujisawa illustr\u00e9e dans les ukiyo-e<\/button><\/a><br \/>\n<a href=\"\/f\/ukiyoe-2-fr\"><button type=\"button\" class=\"btn\"><i class=\"fa fa-arrow-circle-right\"><\/i>\u201cEnoshima\u201d, l\u2019un des paysages c\u00e9l\u00e8bres des estampes ukiyo-e<\/button><\/a><br \/>\n<a href=\"\/f\/ukiyoe-3-fr\"><button type=\"button\" class=\"btn\"><i class=\"fa fa-arrow-circle-right\"><\/i>La l\u00e9gende d\u2019Oguri-Hangan et de la princesse Terut\u00e9<\/button><\/a><br \/>\n<a href=\"\/f\/ukiyoe-4-fr\"><button type=\"button\" class=\"btn\"><i class=\"fa fa-arrow-circle-right\"><\/i>Jeu de Sugoroku de voyage, s\u00e9rie des \u201cCinquante-trois \u00e9tapes du T\u014dkaid\u014d\u201d<\/button><\/a><\/p>\n<p><\/a><\/div>\n<\/div>\n<\/div>\n<\/div>\n<\/section>\n","protected":false},"excerpt":{"rendered":"<p>Accueil Ukiyo-e et Fujisawa Mot de bienvenue Le Fujisawa Ukiyo-e Museum a \u00e9t\u00e9 \u00e9tabli par la ville de Fujisawa  [&hellip;]<\/p>\n","protected":false},"author":1,"featured_media":0,"parent":0,"menu_order":0,"comment_status":"closed","ping_status":"closed","template":"page-fr.php","meta":{"footnotes":""},"class_list":["post-74","page","type-page","status-publish","hentry"],"_links":{"self":[{"href":"https:\/\/fujisawa-ukiyoekan.net\/f\/wp-json\/wp\/v2\/pages\/74","targetHints":{"allow":["GET"]}}],"collection":[{"href":"https:\/\/fujisawa-ukiyoekan.net\/f\/wp-json\/wp\/v2\/pages"}],"about":[{"href":"https:\/\/fujisawa-ukiyoekan.net\/f\/wp-json\/wp\/v2\/types\/page"}],"author":[{"embeddable":true,"href":"https:\/\/fujisawa-ukiyoekan.net\/f\/wp-json\/wp\/v2\/users\/1"}],"replies":[{"embeddable":true,"href":"https:\/\/fujisawa-ukiyoekan.net\/f\/wp-json\/wp\/v2\/comments?post=74"}],"version-history":[{"count":8,"href":"https:\/\/fujisawa-ukiyoekan.net\/f\/wp-json\/wp\/v2\/pages\/74\/revisions"}],"predecessor-version":[{"id":1353,"href":"https:\/\/fujisawa-ukiyoekan.net\/f\/wp-json\/wp\/v2\/pages\/74\/revisions\/1353"}],"wp:attachment":[{"href":"https:\/\/fujisawa-ukiyoekan.net\/f\/wp-json\/wp\/v2\/media?parent=74"}],"curies":[{"name":"wp","href":"https:\/\/api.w.org\/{rel}","templated":true}]}}