{"id":66,"date":"2023-09-27T15:58:27","date_gmt":"2023-09-27T06:58:27","guid":{"rendered":"http:\/\/test2.airmesse-light.com\/f\/?page_id=66"},"modified":"2023-11-01T14:52:09","modified_gmt":"2023-11-01T05:52:09","slug":"ukiyoe-0-en","status":"publish","type":"page","link":"https:\/\/fujisawa-ukiyoekan.net\/f\/ukiyoe-0-en\/","title":{"rendered":"\u6d6e\u4e16\u7d75\u3068\u85e4\u6ca2\u3000\u3054\u3042\u3044\u3055\u3064\u3000\u82f1\u8a9e"},"content":{"rendered":"<p><!--Breadcrumb--><\/p>\n<section id=\"top\" class=\"bc-section\">\n<div class=\"container\">\n<ol class=\"breadcrumb\">\n<li><a href=\"\/f\/home-en\">HOME<\/a><\/li>\n<li class=\"active\">Ukiyo-e &#038; Fujisawa<\/li>\n<\/ol>\n<\/div>\n<\/section>\n<p><!--\/Breadcrumb--><\/p>\n<section id=\"txt\" class=\"home-section\">\n<div class=\"container\">\n<div class=\"row\">\n<div class=\"txtArea\">\n<h3>Greetings<\/h3>\n<div class=\"txtBox\">\n<p>\u201cThe City of Fujisawa Ukiyo-e Museum\u201d was established aiming to cultivate the citizens&#8217; love toward their hometown, and contribute to enhance the cultural life of citizens. In order to achieve these aims, the City of Fujisawa established the museum for visitors to appreciate the local cultural materials, such as the ukiyo-e works of T\u014dkaid\u014d Fujisawa Post Station and Enoshima Island, and related materials.<\/p>\n<p>The collection started in 1980 (Sh\u014dwa 55), when the former president of Nihon University, Mr. Kure Fumiaki donated his collection based on the ukiyo-e works of Enoshima Island to the city, commemorating its 40th anniversary of municipalization. Since then, as the materials for local studies, the city has collected the ukiyo-e of Fujisawa-shuku (post station) and Enoshima Island along with related materials.<\/p>\n<p>Ukiyo-e was the pictorial art works that depict people&#8217;s life and conditions of the society, and developed as the commoners&#8217; culture in Edo period. In 19th century, ukiyo-e as art objects, gave a great impact to the European artists including notable Vincent van Gogh, and attracted many worldwide audience. Since Fujisawa flourished both as a religious place and a resort, it was often illustrated in ukiyo-e. Fujisawa post station was situated along T\u014dkaid\u014d highway in Edo period, and head temple of Ji-sect Buddhism, Sh\u014dj\u014dk\u014dji Temple (Yugy\u014dji) was also located in Fujisawa. Both tourists and pilgrims gathered here since the entrance gates for pilgrimage to Enoshima Island and Mt. \u014cyama (Mt. Amefuri) were located in this place. These famous places and legends related to Fujisawa are often depicted in ukiyo-e.<\/p>\n<p>The Fujisawa Ukiyo-e Museum will work on imparting the local culture through our collection and our greatest hope is that you, the visitors will enjoy our museum. We look forward to your visit.<\/p>\n<\/div>\n<div class=\"ctrBox\">\n<a href=\"\/f\/ukiyoe-1-en\"><button type=\"button\" class=\"btn\"><i class=\"fa fa-arrow-circle-right\"><\/i>Fujisawa Illustrated in Ukiyo-e<\/button><\/a><br \/>\n<a href=\"\/f\/ukiyoe-2-en\"><button type=\"button\" class=\"btn\"><i class=\"fa fa-arrow-circle-right\"><\/i>Enoshima as the Major Scenic Theme of Ukiyo-e<\/button><\/a><br \/>\n<a href=\"\/f\/ukiyoe-3-en\"><button type=\"button\" class=\"btn\"><i class=\"fa fa-arrow-circle-right\"><\/i>The Legend of Oguri-Hangan<\/button><\/a><br \/>\n<a href=\"\/f\/ukiyoe-4-en\"><button type=\"button\" class=\"btn\"><i class=\"fa fa-arrow-circle-right\"><\/i>The Tokaido, Sugoroku Travel Board Games<\/button><\/a><br \/>\n<a href=\"\/f\/ukiyoe-5-en\"><button type=\"button\" class=\"btn\"><i class=\"fa fa-arrow-circle-right\"><\/i>From Edo to Meiji<\/button><\/a><\/div>\n<\/div>\n<\/div>\n<\/div>\n<\/section>\n","protected":false},"excerpt":{"rendered":"<p>HOME Ukiyo-e &#038; Fujisawa Greetings \u201cThe City of Fujisawa Ukiyo-e Museum\u201d was established aiming to cultiva [&hellip;]<\/p>\n","protected":false},"author":1,"featured_media":0,"parent":0,"menu_order":0,"comment_status":"closed","ping_status":"closed","template":"page-en.php","meta":{"footnotes":""},"class_list":["post-66","page","type-page","status-publish","hentry"],"_links":{"self":[{"href":"https:\/\/fujisawa-ukiyoekan.net\/f\/wp-json\/wp\/v2\/pages\/66","targetHints":{"allow":["GET"]}}],"collection":[{"href":"https:\/\/fujisawa-ukiyoekan.net\/f\/wp-json\/wp\/v2\/pages"}],"about":[{"href":"https:\/\/fujisawa-ukiyoekan.net\/f\/wp-json\/wp\/v2\/types\/page"}],"author":[{"embeddable":true,"href":"https:\/\/fujisawa-ukiyoekan.net\/f\/wp-json\/wp\/v2\/users\/1"}],"replies":[{"embeddable":true,"href":"https:\/\/fujisawa-ukiyoekan.net\/f\/wp-json\/wp\/v2\/comments?post=66"}],"version-history":[{"count":7,"href":"https:\/\/fujisawa-ukiyoekan.net\/f\/wp-json\/wp\/v2\/pages\/66\/revisions"}],"predecessor-version":[{"id":1357,"href":"https:\/\/fujisawa-ukiyoekan.net\/f\/wp-json\/wp\/v2\/pages\/66\/revisions\/1357"}],"wp:attachment":[{"href":"https:\/\/fujisawa-ukiyoekan.net\/f\/wp-json\/wp\/v2\/media?parent=66"}],"curies":[{"name":"wp","href":"https:\/\/api.w.org\/{rel}","templated":true}]}}