{"id":4155,"date":"2026-02-26T11:53:13","date_gmt":"2026-02-26T02:53:13","guid":{"rendered":"https:\/\/fujisawa-ukiyoekan.net\/f\/?page_id=4155"},"modified":"2026-02-26T11:53:26","modified_gmt":"2026-02-26T02:53:26","slug":"collections-23-en","status":"publish","type":"page","link":"https:\/\/fujisawa-ukiyoekan.net\/f\/collections-23-en\/","title":{"rendered":"\u5c55\u793a\u5185\u5bb9\u7d39\u4ecb\u3000\u6d6e\u4e16\u7d75\u3059\u3054\u308d\u304f THE WORLD\uff08\u82f1\u8a9e\uff09"},"content":{"rendered":"<section id=\"top\" class=\"bc-section\">\n<div class=\"container\">\n<ol class=\"breadcrumb\">\n<li><a href=\"\/f\/home\">HOME<\/a><\/li>\n<li class=\"active\">Exhibition Contents<\/li>\n<\/ol>\n<\/div>\n<\/section>\n<section id=\"txt\" class=\"home-section\">\n<div class=\"container\">\n<div class=\"row\">\n<div class=\"txtArea\">\n<h3 id=\"collections-title\">Ukiyo-e Sugoroku: THE WORLD<\/h3>\n<h4>Exhibition Contents<\/h4>\n<div class=\"txtBox\">\n<p id=\"collections-p\">Sugoroku, a board game that became a form of entertainment during the Edo period, was often themed around travel along the T\u014dkaid\u014d highway. Many versions of this game were created, eventually becoming known as T\u014dkaid\u014d Sugoroku. This exhibition features a variety of T\u014dkaid\u014d Sugoroku, including the standard version and creative versions with unique rules, such as tobi-sugoroku (jumping sugoroku). Also, this exhibition highlights beautifully illustrated sugoroku drawn by well-known artists such as Utagawa Hiroshige and Utagawa Kunisada (also known as Toyokuni III), offering a glimpse into the world of ukiyo-e sugoroku.\n<\/p>\n<\/div>\n<div class=\"itemArea\">\n<!--\u6771\u6d77\u9053\u4e94\u5341\u4e09\u6b21\u30b3\u30fc\u30ca\u30fc--><\/p>\n<div class=\"itemBox muchigh col-xs-12 col-sm-4 col-md-3\" style=\"height: 327px;\">\n<h5>The series Fifty-three Stations of the Toukaidou Corner<\/h5>\n<p class=\"imgbox\"><img decoding=\"async\" id=\"collections-toukai-img\" src=\"\/resources\/material-None\/image-1_fcl82eb.jpg\" alt=\"\"><\/p>\n<p id=\"collections-toukai-p\">Sugoroku Boardgame of Travel Along the Fifty-three Stations of the T\u014dkaid\u014d Through Poetry<\/div>\n<p><!--\u85e4\u6ca2\u5bbf\u30b3\u30fc\u30ca\u30fc--><\/p>\n<div class=\"itemBox muchigh col-xs-12 col-sm-4 col-md-3\" style=\"height: 327px;\">\n<h5>Fujisawa Inn Corner<\/h5>\n<p class=\"imgbox\"><img decoding=\"async\" id=\"collections-hujisawa-img\" src=\"\/resources\/i\/materials\/220\/resources\/cIo2UsG8.jpg\" border=\"0\" alt=\"\"><\/p>\n<p id=\"collections-hujisawa-p\">Sugotoku of the series Fifty-three Stations of the Tokaido<\/div>\n<p><!--\u6c5f\u306e\u5cf6\u30b3\u30fc\u30ca\u30fc--><\/p>\n<div class=\"itemBox muchigh col-xs-12 col-sm-4 col-md-3\" style=\"height: 327px;\">\n<h5>Enoshima Corner<\/h5>\n<p class=\"imgbox\"><img decoding=\"async\" id=\"collections-enoshima-img\" src=\"\/resources\/material-None\/image-1_nmHXbom.png\" border=\"0\" alt=\"\"><\/p>\n<p id=\"collections-enoshima-p\">The Seven Deities of Good Fortune on a Boat with Boating Song Lyrics<\/div>\n<p><!--\u4f01\u753b\u5c55\u793a\u30b3\u30fc\u30ca\u30fc--><\/p>\n<div class=\"itemBox muchigh col-xs-12 col-sm-4 col-md-3\" style=\"\">\n<h5>Special Exhibition Corner<\/h5>\n<p class=\"imgbox\"><img decoding=\"async\" id=\"collections-kikaku-img\" src=\"\/resources\/material-None\/image-1_OokDtkB.png\" border=\"0\" alt=\"\"><\/p>\n<p id=\"collections-kikaku-p\">Sugoroku Boardgames of Famous Locations From Around the World<\/div>\n<\/div>\n<p><a href=\"\/f\/archive-en\"><button type=\"button\" class=\"btnnex\">The Exhibition Archive<\/button><\/a><\/p>\n<\/div>\n<\/div>\n<\/div>\n<\/section>\n","protected":false},"excerpt":{"rendered":"<p>HOME Exhibition Contents Ukiyo-e Sugoroku: THE WORLD Exhibition Contents Sugoroku, a board game that became a  [&hellip;]<\/p>\n","protected":false},"author":1,"featured_media":0,"parent":0,"menu_order":0,"comment_status":"closed","ping_status":"closed","template":"page-en.php","meta":{"footnotes":""},"class_list":["post-4155","page","type-page","status-publish","hentry"],"_links":{"self":[{"href":"https:\/\/fujisawa-ukiyoekan.net\/f\/wp-json\/wp\/v2\/pages\/4155","targetHints":{"allow":["GET"]}}],"collection":[{"href":"https:\/\/fujisawa-ukiyoekan.net\/f\/wp-json\/wp\/v2\/pages"}],"about":[{"href":"https:\/\/fujisawa-ukiyoekan.net\/f\/wp-json\/wp\/v2\/types\/page"}],"author":[{"embeddable":true,"href":"https:\/\/fujisawa-ukiyoekan.net\/f\/wp-json\/wp\/v2\/users\/1"}],"replies":[{"embeddable":true,"href":"https:\/\/fujisawa-ukiyoekan.net\/f\/wp-json\/wp\/v2\/comments?post=4155"}],"version-history":[{"count":1,"href":"https:\/\/fujisawa-ukiyoekan.net\/f\/wp-json\/wp\/v2\/pages\/4155\/revisions"}],"predecessor-version":[{"id":4156,"href":"https:\/\/fujisawa-ukiyoekan.net\/f\/wp-json\/wp\/v2\/pages\/4155\/revisions\/4156"}],"wp:attachment":[{"href":"https:\/\/fujisawa-ukiyoekan.net\/f\/wp-json\/wp\/v2\/media?parent=4155"}],"curies":[{"name":"wp","href":"https:\/\/api.w.org\/{rel}","templated":true}]}}