{"id":4143,"date":"2026-02-26T11:43:38","date_gmt":"2026-02-26T02:43:38","guid":{"rendered":"https:\/\/fujisawa-ukiyoekan.net\/f\/?page_id=4143"},"modified":"2026-02-26T11:46:26","modified_gmt":"2026-02-26T02:46:26","slug":"collections-23-fr","status":"publish","type":"page","link":"https:\/\/fujisawa-ukiyoekan.net\/f\/collections-23-fr\/","title":{"rendered":"\u5c55\u793a\u5185\u5bb9\u7d39\u4ecb\u3000\u6d6e\u4e16\u7d75\u3059\u3054\u308d\u304f THE WORLD\uff08\u30d5\u30e9\u30f3\u30b9\u8a9e\uff09"},"content":{"rendered":"<section id=\"top\" class=\"bc-section\">\n<div class=\"container\">\n<ol class=\"breadcrumb\">\n<li><a href=\"\/f\/home\">HOME<\/a><\/li>\n<li class=\"active\">Introduction \u00e0 l&#8217;exposition<\/li>\n<\/ol>\n<\/div>\n<\/section>\n<section id=\"txt\" class=\"home-section\">\n<div class=\"container\">\n<div class=\"row\">\n<div class=\"txtArea\">\n<h3 id=\"collections-title\">Sugoroku Ukiyo-e \u00ab THE WORLD \u00bb<\/h3>\n<h4>Introduction \u00e0 l&#8217;exposition<\/h4>\n<div class=\"txtBox\">\n<p id=\"collections-p\">Le sugoroku \u00e9tait un jeu de plateau largement appr\u00e9ci\u00e9 des gens du peuple pendant l&#8217;\u00e8re Edo. Le \u00ab Sugoroku T\u014dkaid\u014d \u00bb, une variante qui avait pour th\u00e8me le p\u00e8lerinage le long de la route du T\u014dkaid\u014d, rencontra un grand succ\u00e8s et fut produit \u00e0 de tr\u00e8s nombreux exemplaires. Cette exposition pr\u00e9sente non seulement des sugoroku standards, mais \u00e9galement divers types de Sugoroku T\u014dkaid\u014d, dont le \u00ab Tobi-sugoroku \u00bb proposant des fa\u00e7ons de jouer innovantes. Ces plateaux ayant \u00e9t\u00e9 dessin\u00e9s par des artistes c\u00e9l\u00e8bres tels qu\u2019Utagawa Hiroshige ou encore Utagawa Kunisada (Toyokuni III), les visiteurs peuvent appr\u00e9cier la beaut\u00e9 de leurs illustrations, tout en s\u2019immergeant dans cet univers unique du Sugoroku Ukiyo-e.\n<\/p>\n<\/div>\n<div class=\"itemArea\">\n<!--\u6771\u6d77\u9053\u4e94\u5341\u4e09\u6b21\u30b3\u30fc\u30ca\u30fc--><\/p>\n<div class=\"itemBox muchigh col-xs-12 col-sm-4 col-md-3\" style=\"height: 327px;\">\n<h5>Coin de s\u00e9rie \u00ab Les Cinquante-trois Relais du T\u014dkaid\u014d \u00bb<\/h5>\n<p class=\"imgbox\"><img decoding=\"async\" id=\"collections-toukai-img\" src=\"\/resources\/material-None\/image-1_fcl82eb.jpg\" alt=\"\"><\/p>\n<p id=\"collections-toukai-p\">Sugoroku, jeu de plateau de voyage le long des cinquante-trois stations du T\u014dkaid\u014d \u00e0 travers la po\u00e9sie<\/div>\n<p><!--\u85e4\u6ca2\u5bbf\u30b3\u30fc\u30ca\u30fc--><\/p>\n<div class=\"itemBox muchigh col-xs-12 col-sm-4 col-md-3\" style=\"height: 327px;\">\n<h5>Coin de l&#8217;auberge Fujisawa<\/h5>\n<p class=\"imgbox\"><img decoding=\"async\" id=\"collections-hujisawa-img\" src=\"\/resources\/i\/materials\/220\/resources\/cIo2UsG8.jpg\" border=\"0\" alt=\"\"><\/p>\n<p id=\"collections-hujisawa-p\">Sugotoku de la s\u00e9rie Cinquante-trois Stations du Tokaido<\/div>\n<p><!--\u6c5f\u306e\u5cf6\u30b3\u30fc\u30ca\u30fc--><\/p>\n<div class=\"itemBox muchigh col-xs-12 col-sm-4 col-md-3\" style=\"height: 327px;\">\n<h5>Coin Enoshima<\/h5>\n<p class=\"imgbox\"><img decoding=\"async\" id=\"collections-enoshima-img\" src=\"\/resources\/material-None\/image-1_nmHXbom.png\" border=\"0\" alt=\"\"><\/p>\n<p id=\"collections-enoshima-p\">Les sept divinit\u00e9s de la bonne fortune sur un bateau (paroles de chanson nautique)<\/div>\n<p><!--\u4f01\u753b\u5c55\u793a\u30b3\u30fc\u30ca\u30fc--><\/p>\n<div class=\"itemBox muchigh col-xs-12 col-sm-4 col-md-3\" style=\"\">\n<h5>Coin des expositions sp\u00e9ciales<\/h5>\n<p class=\"imgbox\"><img decoding=\"async\" id=\"collections-kikaku-img\" src=\"\/resources\/material-None\/image-1_OokDtkB.png\" border=\"0\" alt=\"\"><\/p>\n<p id=\"collections-kikaku-p\">Jeux de soci\u00e9t\u00e9 Sugoroku repr\u00e9sentant des lieux c\u00e9l\u00e8bres du monde entier<\/div>\n<\/div>\n<p><a href=\"\/f\/archive-fr\"><button type=\"button\" class=\"btnnex\">Les archives de l&#8217;exposition<\/button><\/a><\/p>\n<\/div>\n<\/div>\n<\/div>\n<\/section>\n","protected":false},"excerpt":{"rendered":"<p>HOME Introduction \u00e0 l&#8217;exposition Sugoroku Ukiyo-e \u00ab THE WORLD \u00bb Introduction \u00e0 l&#8217;exposition Le sug [&hellip;]<\/p>\n","protected":false},"author":1,"featured_media":0,"parent":0,"menu_order":0,"comment_status":"closed","ping_status":"closed","template":"page-fr.php","meta":{"footnotes":""},"class_list":["post-4143","page","type-page","status-publish","hentry"],"_links":{"self":[{"href":"https:\/\/fujisawa-ukiyoekan.net\/f\/wp-json\/wp\/v2\/pages\/4143","targetHints":{"allow":["GET"]}}],"collection":[{"href":"https:\/\/fujisawa-ukiyoekan.net\/f\/wp-json\/wp\/v2\/pages"}],"about":[{"href":"https:\/\/fujisawa-ukiyoekan.net\/f\/wp-json\/wp\/v2\/types\/page"}],"author":[{"embeddable":true,"href":"https:\/\/fujisawa-ukiyoekan.net\/f\/wp-json\/wp\/v2\/users\/1"}],"replies":[{"embeddable":true,"href":"https:\/\/fujisawa-ukiyoekan.net\/f\/wp-json\/wp\/v2\/comments?post=4143"}],"version-history":[{"count":1,"href":"https:\/\/fujisawa-ukiyoekan.net\/f\/wp-json\/wp\/v2\/pages\/4143\/revisions"}],"predecessor-version":[{"id":4144,"href":"https:\/\/fujisawa-ukiyoekan.net\/f\/wp-json\/wp\/v2\/pages\/4143\/revisions\/4144"}],"wp:attachment":[{"href":"https:\/\/fujisawa-ukiyoekan.net\/f\/wp-json\/wp\/v2\/media?parent=4143"}],"curies":[{"name":"wp","href":"https:\/\/api.w.org\/{rel}","templated":true}]}}