{"id":3908,"date":"2025-12-17T13:11:30","date_gmt":"2025-12-17T04:11:30","guid":{"rendered":"https:\/\/fujisawa-ukiyoekan.net\/f\/?page_id=3908"},"modified":"2026-02-25T13:18:48","modified_gmt":"2026-02-25T04:18:48","slug":"collections-22-pt","status":"publish","type":"page","link":"https:\/\/fujisawa-ukiyoekan.net\/f\/collections-22-pt\/","title":{"rendered":"\u5c55\u793a\u5185\u5bb9\u7d39\u4ecb\u3000\u9ed2\u8239\u6765\u822a\uff0d\u5e55\u672b\u30fb\u660e\u6cbb\u306e\u6d6e\u4e16\u7d75\uff0d\uff08\u30dd\u30eb\u30c8\u30ac\u30eb\u8a9e\uff09"},"content":{"rendered":"<section id=\"top\" class=\"bc-section\">\n<div class=\"container\">\n<ol class=\"breadcrumb\">\n<li><a href=\"\/f\/home\">HOME<\/a><\/li>\n<li class=\"active\">Introdu\u00e7\u00e3o ao conte\u00fado da exposi\u00e7\u00e3o<\/li>\n<\/ol>\n<\/div>\n<\/section>\n<section id=\"txt\" class=\"home-section\">\n<div class=\"container\">\n<div class=\"row\">\n<div class=\"txtArea\">\n<h3 id=\"collections-title\">A chegada do Navio Negro \u2013 Ukiyo-e do final do xogunato at\u00e9 a era Meiji<\/h3>\n<h4>Conte\u00fado da exposi\u00e7\u00e3o<\/h4>\n<div class=\"txtBox\">\n<p id=\"collections-p\">Com a chegada do Navio Negro no ano 6 do per\u00edodo Kaei (1853), o xogunato Tokugawa sofreu um grande abalo, entrando em um per\u00edodo de grandes transforma\u00e7\u00f5es que levaram \u00e0 abertura do pa\u00eds e \u00e0 Restaura\u00e7\u00e3o Meiji. No mundo do ukiyo-e, surgiram diversas formas de express\u00e3o durante o final do per\u00edodo do xogunato at\u00e9 a era Meiji, como os Yokohama-e, que retratavam cenas e costumes do exterior, e as giga, caricaturas sat\u00edricas que refletiam as mudan\u00e7as da \u00e9poca. Nesta exposi\u00e7\u00e3o, apresentamos obras de ukiyo-e que revelam a diversidade de representa\u00e7\u00f5es durante esse per\u00edodo de intensas transforma\u00e7\u00f5es.\n<\/p>\n<\/div>\n<div class=\"itemArea\">\n<!--\u6771\u6d77\u9053\u4e94\u5341\u4e09\u6b21\u30b3\u30fc\u30ca\u30fc--><\/p>\n<div class=\"itemBox muchigh col-xs-12 col-sm-4 col-md-3\" style=\"height: 327px;\">\n<h5>Esquina da s\u00e9rie 53 Esta\u00e7\u00f5es Postais de Toukaidou<\/h5>\n<p class=\"imgbox\"><img decoding=\"async\" id=\"collections-toukai-img\" src=\"\/resources\/material-None\/image-1_yHDMNvy.jpg\" alt=\"\"><\/p>\n<p id=\"collections-toukai-p\">Uraga Kakoizu (Mapa de Defesa Militar de Uraga)<\/div>\n<p><!--\u85e4\u6ca2\u5bbf\u30b3\u30fc\u30ca\u30fc--><\/p>\n<div class=\"itemBox muchigh col-xs-12 col-sm-4 col-md-3\" style=\"height: 327px;\">\n<h5>Esquina da estalagem Fujisawa<\/h5>\n<p class=\"imgbox\"><img decoding=\"async\" id=\"collections-hujisawa-img\" src=\"\/resources\/i\/materials\/220\/resources\/uki10464.jpg\" border=\"0\" alt=\"\"><\/p>\n<p id=\"collections-hujisawa-p\">Yokohama, no distrito de Kangawa, da s\u00e9rie \u201cCinquenta e tr\u00eas esta\u00e7\u00f5es ao longo da autoestrada T\u014dkaid\u014d\u201d.<\/div>\n<p><!--\u6c5f\u306e\u5cf6\u30b3\u30fc\u30ca\u30fc--><\/p>\n<div class=\"itemBox muchigh col-xs-12 col-sm-4 col-md-3\" style=\"height: 327px;\">\n<h5>Canto de Enoshima<\/h5>\n<p class=\"imgbox\"><img decoding=\"async\" id=\"collections-enoshima-img\" src=\"\/resources\/i\/materials\/220\/resources\/uki10082.jpg\" border=\"0\" alt=\"\"><\/p>\n<p id=\"collections-enoshima-p\">Peregrina\u00e7\u00e3o ao Santu\u00e1rio Enoshima durante o Festival Daimy\u014djin: Festa das Mulheres de Tokiwazu<\/div>\n<p><!--\u4f01\u753b\u5c55\u793a\u30b3\u30fc\u30ca\u30fc--><\/p>\n<div class=\"itemBox muchigh col-xs-12 col-sm-4 col-md-3\" style=\"\">\n<h5>Canto de exposi\u00e7\u00e3o especial<\/h5>\n<p class=\"imgbox\"><img decoding=\"async\" id=\"collections-kikaku-img\" src=\"\/resources\/material-None\/image-1_BprDOyp.jpg\" border=\"0\" alt=\"\"><\/p>\n<p id=\"collections-kikaku-p\">Um jogo de tabuleiro Sugoroku para comemorar a viagem do Imperador \u00e0s regi\u00f5es de Hokuriku e T\u014dkai.<\/div>\n<\/div>\n<p><a href=\"\/f\/archive-pt\"><button type=\"button\" class=\"btnnex\">O Arquivo da Exposi\u00e7\u00e3o<\/button><\/a><\/p>\n<\/div>\n<\/div>\n<\/div>\n<\/section>\n","protected":false},"excerpt":{"rendered":"<p>HOME Introdu\u00e7\u00e3o ao conte\u00fado da exposi\u00e7\u00e3o A chegada do Navio Negro \u2013 Ukiyo-e do final do xogunato at\u00e9 a era Mei [&hellip;]<\/p>\n","protected":false},"author":1,"featured_media":0,"parent":0,"menu_order":0,"comment_status":"closed","ping_status":"closed","template":"page-pt.php","meta":{"footnotes":""},"class_list":["post-3908","page","type-page","status-publish","hentry"],"_links":{"self":[{"href":"https:\/\/fujisawa-ukiyoekan.net\/f\/wp-json\/wp\/v2\/pages\/3908","targetHints":{"allow":["GET"]}}],"collection":[{"href":"https:\/\/fujisawa-ukiyoekan.net\/f\/wp-json\/wp\/v2\/pages"}],"about":[{"href":"https:\/\/fujisawa-ukiyoekan.net\/f\/wp-json\/wp\/v2\/types\/page"}],"author":[{"embeddable":true,"href":"https:\/\/fujisawa-ukiyoekan.net\/f\/wp-json\/wp\/v2\/users\/1"}],"replies":[{"embeddable":true,"href":"https:\/\/fujisawa-ukiyoekan.net\/f\/wp-json\/wp\/v2\/comments?post=3908"}],"version-history":[{"count":2,"href":"https:\/\/fujisawa-ukiyoekan.net\/f\/wp-json\/wp\/v2\/pages\/3908\/revisions"}],"predecessor-version":[{"id":4052,"href":"https:\/\/fujisawa-ukiyoekan.net\/f\/wp-json\/wp\/v2\/pages\/3908\/revisions\/4052"}],"wp:attachment":[{"href":"https:\/\/fujisawa-ukiyoekan.net\/f\/wp-json\/wp\/v2\/media?parent=3908"}],"curies":[{"name":"wp","href":"https:\/\/api.w.org\/{rel}","templated":true}]}}