{"id":3904,"date":"2025-12-17T13:11:44","date_gmt":"2025-12-17T04:11:44","guid":{"rendered":"https:\/\/fujisawa-ukiyoekan.net\/f\/?page_id=3904"},"modified":"2026-02-25T13:18:57","modified_gmt":"2026-02-25T04:18:57","slug":"collections-22-es","status":"publish","type":"page","link":"https:\/\/fujisawa-ukiyoekan.net\/f\/collections-22-es\/","title":{"rendered":"\u5c55\u793a\u5185\u5bb9\u7d39\u4ecb\u3000\u9ed2\u8239\u6765\u822a\uff0d\u5e55\u672b\u30fb\u660e\u6cbb\u306e\u6d6e\u4e16\u7d75\uff0d\uff08\u30b9\u30da\u30a4\u30f3\u8a9e\uff09"},"content":{"rendered":"<section id=\"top\" class=\"bc-section\">\n<div class=\"container\">\n<ol class=\"breadcrumb\">\n<li><a href=\"\/f\/home\">HOME<\/a><\/li>\n<li class=\"active\">Introducci\u00f3n al contenido de la exposici\u00f3n<\/li>\n<\/ol>\n<\/div>\n<\/section>\n<section id=\"txt\" class=\"home-section\">\n<div class=\"container\">\n<div class=\"row\">\n<div class=\"txtArea\">\n<h3 id=\"collections-title\">Llegada de los Barcos Negros: Ukiyo-e a finales del shogunato y en la era Meiji<\/h3>\n<h4>Contenido de la exposici\u00f3n<\/h4>\n<div class=\"txtBox\">\n<p id=\"collections-p\">La llegada de los Barcos Negros en 1853 estremeci\u00f3 el shogunato Tokugawa, y posteriormente el pa\u00eds entr\u00f3 en el per\u00edodo de cambios trascendentales como la Apertura de Jap\u00f3n y la Restauraci\u00f3n Meiji. A finales del shogunato y entrando en la era Meiji, nacieron diferentes expresiones de ukiyo-e, incluyendo Yokohama-e que ilustra las costumbres extranjeras y Giga que satiriza el per\u00edodo de transici\u00f3n entre las eras. En esta exposici\u00f3n, se presentan las obras de ukiyo-e que muestran diversas expresiones en medio de los cambios de \u00e9poca.\n<\/p>\n<\/div>\n<div class=\"itemArea\">\n<!--\u6771\u6d77\u9053\u4e94\u5341\u4e09\u6b21\u30b3\u30fc\u30ca\u30fc--><\/p>\n<div class=\"itemBox muchigh col-xs-12 col-sm-4 col-md-3\" style=\"height: 327px;\">\n<h5>Rinc\u00f3n de la serie Las cincuenta y tres estaciones de Tokaido<\/h5>\n<p class=\"imgbox\"><img decoding=\"async\" id=\"collections-toukai-img\" src=\"\/resources\/material-None\/image-1_yHDMNvy.jpg\" alt=\"\"><\/p>\n<p id=\"collections-toukai-p\">Uraga Kakoizu (Mapa de defensa militar de Uraga)<\/div>\n<p><!--\u85e4\u6ca2\u5bbf\u30b3\u30fc\u30ca\u30fc--><\/p>\n<div class=\"itemBox muchigh col-xs-12 col-sm-4 col-md-3\" style=\"height: 327px;\">\n<h5>Rinc\u00f3n de la posada Fujisawa<\/h5>\n<p class=\"imgbox\"><img decoding=\"async\" id=\"collections-hujisawa-img\" src=\"\/resources\/i\/materials\/220\/resources\/uki10464.jpg\" border=\"0\" alt=\"\"><\/p>\n<p id=\"collections-hujisawa-p\">Yokohama en el distrito de Kanagawa, de la serie &#8220;Cincuenta y tres estaciones a lo largo de la carretera T\u014dkaid\u014d&#8221;<\/div>\n<p><!--\u6c5f\u306e\u5cf6\u30b3\u30fc\u30ca\u30fc--><\/p>\n<div class=\"itemBox muchigh col-xs-12 col-sm-4 col-md-3\" style=\"height: 327px;\">\n<h5>Rinc\u00f3n de Enoshima<br \/><\/h5>\n<p class=\"imgbox\"><img decoding=\"async\" id=\"collections-enoshima-img\" src=\"\/resources\/i\/materials\/220\/resources\/uki10082.jpg\" border=\"0\" alt=\"\"><\/p>\n<p id=\"collections-enoshima-p\">Pilgrimage to Enoshima Shrine During the Daimy\u014djin Festival: Tokiwazu Women\u2019s Party<\/div>\n<p><!--\u4f01\u753b\u5c55\u793a\u30b3\u30fc\u30ca\u30fc--><\/p>\n<div class=\"itemBox muchigh col-xs-12 col-sm-4 col-md-3\" style=\"\">\n<h5>Rinc\u00f3n especial de exposiciones<\/h5>\n<p class=\"imgbox\"><img decoding=\"async\" id=\"collections-kikaku-img\" src=\"\/resources\/material-None\/image-1_BprDOyp.jpg\" border=\"0\" alt=\"\"><\/p>\n<p id=\"collections-kikaku-p\">Juego de mesa Sugoroku que conmemora la gira del emperador por las regiones de Hokuriku y T\u014dkai.<\/div>\n<\/div>\n<p><a href=\"\/f\/archive-es\"><button type=\"button\" class=\"btnnex\">Archivo de exposiciones<\/button><\/a><\/p>\n<\/div>\n<\/div>\n<\/div>\n<\/section>\n","protected":false},"excerpt":{"rendered":"<p>HOME Introducci\u00f3n al contenido de la exposici\u00f3n Llegada de los Barcos Negros: Ukiyo-e a finales del shogunato  [&hellip;]<\/p>\n","protected":false},"author":1,"featured_media":0,"parent":0,"menu_order":0,"comment_status":"closed","ping_status":"closed","template":"page-es.php","meta":{"footnotes":""},"class_list":["post-3904","page","type-page","status-publish","hentry"],"_links":{"self":[{"href":"https:\/\/fujisawa-ukiyoekan.net\/f\/wp-json\/wp\/v2\/pages\/3904","targetHints":{"allow":["GET"]}}],"collection":[{"href":"https:\/\/fujisawa-ukiyoekan.net\/f\/wp-json\/wp\/v2\/pages"}],"about":[{"href":"https:\/\/fujisawa-ukiyoekan.net\/f\/wp-json\/wp\/v2\/types\/page"}],"author":[{"embeddable":true,"href":"https:\/\/fujisawa-ukiyoekan.net\/f\/wp-json\/wp\/v2\/users\/1"}],"replies":[{"embeddable":true,"href":"https:\/\/fujisawa-ukiyoekan.net\/f\/wp-json\/wp\/v2\/comments?post=3904"}],"version-history":[{"count":2,"href":"https:\/\/fujisawa-ukiyoekan.net\/f\/wp-json\/wp\/v2\/pages\/3904\/revisions"}],"predecessor-version":[{"id":4054,"href":"https:\/\/fujisawa-ukiyoekan.net\/f\/wp-json\/wp\/v2\/pages\/3904\/revisions\/4054"}],"wp:attachment":[{"href":"https:\/\/fujisawa-ukiyoekan.net\/f\/wp-json\/wp\/v2\/media?parent=3904"}],"curies":[{"name":"wp","href":"https:\/\/api.w.org\/{rel}","templated":true}]}}