{"id":3801,"date":"2025-11-05T14:34:27","date_gmt":"2025-11-05T05:34:27","guid":{"rendered":"https:\/\/fujisawa-ukiyoekan.net\/f\/?page_id=3801"},"modified":"2026-02-25T13:20:47","modified_gmt":"2026-02-25T04:20:47","slug":"collections-21-pt","status":"publish","type":"page","link":"https:\/\/fujisawa-ukiyoekan.net\/f\/collections-21-pt\/","title":{"rendered":"\u5c55\u793a\u5185\u5bb9\u7d39\u4ecb\u3000\u6d6e\u4e16\u7d75\u3068\u7d75\u56f3\u3068\u5730\u56f3\u3068\u3000\u63cf\u304b\u308c\u305f\u85e4\u6ca2\u306e\u6c5f\u6238\u304b\u3089\u8fd1\u4ee3\u307e\u3067\uff08\u30dd\u30eb\u30c8\u30ac\u30eb\u8a9e\uff09"},"content":{"rendered":"<section id=\"top\" class=\"bc-section\">\n<div class=\"container\">\n<ol class=\"breadcrumb\">\n<li><a href=\"\/f\/home-pt\">HOME<\/a><\/li>\n<li class=\"active\">Introdu\u00e7\u00e3o ao conte\u00fado da exposi\u00e7\u00e3o<\/li>\n<\/ol>\n<\/div>\n<\/section>\n<section id=\"txt\" class=\"home-section\">\n<div class=\"container\">\n<div class=\"row\">\n<div class=\"txtArea\">\n<h3 id=\"collections-title\">Ukiyo-e, mapas ilustrados e cartogr\u00e1ficos \u2013 Fujisawa retratada do per\u00edodo Edo \u00e0 era moderna<\/h3>\n<h4>Conte\u00fado da exposi\u00e7\u00e3o<\/h4>\n<div class=\"txtBox\">\n<p id=\"collections-p\">Os mapas utilizados para viagens e no cotidiano durante o per\u00edodo Edo eram chamados de ezu (mapas ilustrados) e foram produzidos em grande quantidade, acompanhando o florescimento da cultura de viagens entre o povo comum. Nesta exposi\u00e7\u00e3o, apresentamos a transi\u00e7\u00e3o do ezu do per\u00edodo Edo para os mapas modernos, por meio de diversos exemplos: desde representa\u00e7\u00f5es com perspectiva a\u00e9rea at\u00e9 composi\u00e7\u00f5es de car\u00e1ter pict\u00f3rico criadas por artistas de ukiyo-e, revelando as diferentes formas de expressar os espa\u00e7os ao longo do tempo.\n<\/p>\n<\/div>\n<div class=\"itemArea\">\n<!--\u6771\u6d77\u9053\u4e94\u5341\u4e09\u6b21\u30b3\u30fc\u30ca\u30fc--><\/p>\n<div class=\"itemBox muchigh col-xs-12 col-sm-4 col-md-3\" style=\"height: 327px;\">\n<h5>Esquina da s\u00e9rie 53 Esta\u00e7\u00f5es Postais de Toukaidou<\/h5>\n<p class=\"imgbox\"><img decoding=\"async\" id=\"collections-toukai-img\" src=\"\/resources\/i\/materials\/220\/resources\/uki10454.jpg\" alt=\"\"><\/p>\n<p id=\"collections-toukai-p\">Cinquenta e tr\u00eas esta\u00e7\u00f5es da Rodovia Toukaidou Fujisawa, Templo Yugyouji<\/div>\n<p><!--\u85e4\u6ca2\u5bbf\u30b3\u30fc\u30ca\u30fc--><\/p>\n<div class=\"itemBox muchigh col-xs-12 col-sm-4 col-md-3\" style=\"height: 327px;\">\n<h5>Esquina da estalagem Fujisawa<\/h5>\n<p class=\"imgbox\"><img decoding=\"async\" id=\"collections-hujisawa-img\" src=\"\/resources\/material-None\/image-1_c68DoTg.jpg\" border=\"0\" alt=\"\"><\/p>\n<p id=\"collections-hujisawa-p\">lugares famosos do Jap\u00e3o<\/div>\n<p><!--\u6c5f\u306e\u5cf6\u30b3\u30fc\u30ca\u30fc--><\/p>\n<div class=\"itemBox muchigh col-xs-12 col-sm-4 col-md-3\" style=\"height: 327px;\">\n<h5>Canto de Enoshima<\/h5>\n<p class=\"imgbox\"><img decoding=\"async\" id=\"collections-enoshima-img\" src=\"\/resources\/i\/materials\/220\/resources\/uki10065.jpg\" border=\"0\" alt=\"\"><\/p>\n<p id=\"collections-enoshima-p\">Ilha de Enoshima, na prov\u00edncia de Sagami<\/div>\n<p><!--\u4f01\u753b\u5c55\u793a\u30b3\u30fc\u30ca\u30fc--><\/p>\n<div class=\"itemBox muchigh col-xs-12 col-sm-4 col-md-3\" style=\"\">\n<h5>Canto de exposi\u00e7\u00e3o especial<\/h5>\n<p class=\"imgbox\"><img decoding=\"async\" id=\"collections-kikaku-img\" src=\"\/resources\/i\/materials\/220\/resources\/yD4frSow.jpg\" border=\"0\" alt=\"\"><\/p>\n<p id=\"collections-kikaku-p\">Oyama Dochu Harimaze-zue (Viagem pela estrada Oyama com imagens de Harimazezu)\n<\/div>\n<\/div>\n<p><a href=\"\/f\/archive-pt\"><button type=\"button\" class=\"btnnex\">O Arquivo da Exposi\u00e7\u00e3o<\/button><\/a><\/p>\n<\/div>\n<\/div>\n<\/div>\n<\/section>\n","protected":false},"excerpt":{"rendered":"<p>HOME Introdu\u00e7\u00e3o ao conte\u00fado da exposi\u00e7\u00e3o Ukiyo-e, mapas ilustrados e cartogr\u00e1ficos \u2013 Fujisawa retratada do per [&hellip;]<\/p>\n","protected":false},"author":1,"featured_media":0,"parent":0,"menu_order":0,"comment_status":"closed","ping_status":"closed","template":"page-pt.php","meta":{"footnotes":""},"class_list":["post-3801","page","type-page","status-publish","hentry"],"_links":{"self":[{"href":"https:\/\/fujisawa-ukiyoekan.net\/f\/wp-json\/wp\/v2\/pages\/3801","targetHints":{"allow":["GET"]}}],"collection":[{"href":"https:\/\/fujisawa-ukiyoekan.net\/f\/wp-json\/wp\/v2\/pages"}],"about":[{"href":"https:\/\/fujisawa-ukiyoekan.net\/f\/wp-json\/wp\/v2\/types\/page"}],"author":[{"embeddable":true,"href":"https:\/\/fujisawa-ukiyoekan.net\/f\/wp-json\/wp\/v2\/users\/1"}],"replies":[{"embeddable":true,"href":"https:\/\/fujisawa-ukiyoekan.net\/f\/wp-json\/wp\/v2\/comments?post=3801"}],"version-history":[{"count":4,"href":"https:\/\/fujisawa-ukiyoekan.net\/f\/wp-json\/wp\/v2\/pages\/3801\/revisions"}],"predecessor-version":[{"id":4070,"href":"https:\/\/fujisawa-ukiyoekan.net\/f\/wp-json\/wp\/v2\/pages\/3801\/revisions\/4070"}],"wp:attachment":[{"href":"https:\/\/fujisawa-ukiyoekan.net\/f\/wp-json\/wp\/v2\/media?parent=3801"}],"curies":[{"name":"wp","href":"https:\/\/api.w.org\/{rel}","templated":true}]}}