{"id":3799,"date":"2025-11-05T14:34:14","date_gmt":"2025-11-05T05:34:14","guid":{"rendered":"https:\/\/fujisawa-ukiyoekan.net\/f\/?page_id=3799"},"modified":"2026-02-25T13:20:51","modified_gmt":"2026-02-25T04:20:51","slug":"collections-21-fr","status":"publish","type":"page","link":"https:\/\/fujisawa-ukiyoekan.net\/f\/collections-21-fr\/","title":{"rendered":"\u5c55\u793a\u5185\u5bb9\u7d39\u4ecb\u3000\u6d6e\u4e16\u7d75\u3068\u7d75\u56f3\u3068\u5730\u56f3\u3068\u3000\u63cf\u304b\u308c\u305f\u85e4\u6ca2\u306e\u6c5f\u6238\u304b\u3089\u8fd1\u4ee3\u307e\u3067\uff08\u30d5\u30e9\u30f3\u30b9\u8a9e\uff09"},"content":{"rendered":"<section id=\"top\" class=\"bc-section\">\n<div class=\"container\">\n<ol class=\"breadcrumb\">\n<li><a href=\"\/f\/home-fr\">HOME<\/a><\/li>\n<li class=\"active\">Introduction \u00e0 l&#8217;exposition<\/li>\n<\/ol>\n<\/div>\n<\/section>\n<section id=\"txt\" class=\"home-section\">\n<div class=\"container\">\n<div class=\"row\">\n<div class=\"txtArea\">\n<h3 id=\"collections-title\">Ukiyo-e, cartes picturales et cartes : Fujisawa de l\u2019\u00e8re Edo \u00e0 nos jours<\/h3>\n<h4><ruby>Introduction \u00e0 l&#8217;exposition<\/h4>\n<div class=\"txtBox\">\n<p id=\"collections-p\">Durant l\u2019\u00e8re Edo, les cartes utilis\u00e9es pour voyager et se d\u00e9placer dans la vie quotidienne \u00e9taient appel\u00e9es \u00ab Ezu (litt. cartes picturales) \u00bb. Beaucoup d\u2019entre elles ont \u00e9t\u00e9 r\u00e9alis\u00e9es \u00e0 une \u00e9poque o\u00f9 la culture du voyage \u00e9tait en pleine explosion parmi les gens du peuple. Cette exposition permet aux visiteurs de d\u00e9couvrir l\u2019\u00e9volution des cartes de la p\u00e9riode Edo \u00e0 l\u2019\u00e9poque moderne \u00e0 travers des repr\u00e9sentations diverses et vari\u00e9es, telles que des illustrations en vue perspective oblique, des \u0153uvres picturales d\u2019artistes ukiyo-e, et bien plus encore.\n<\/p>\n<\/div>\n<div class=\"itemArea\">\n<!--\u6771\u6d77\u9053\u4e94\u5341\u4e09\u6b21\u30b3\u30fc\u30ca\u30fc--><\/p>\n<div class=\"itemBox muchigh col-xs-12 col-sm-4 col-md-3\" style=\"height: 327px;\">\n<h5>Coin de s\u00e9rie \u00ab Les Cinquante-trois Relais du T\u014dkaid\u014d \u00bb<\/h5>\n<p class=\"imgbox\"><img decoding=\"async\" id=\"collections-toukai-img\" src=\"\/resources\/i\/materials\/220\/resources\/uki10454.jpg\" alt=\"\"><\/p>\n<p id=\"collections-toukai-p\">Cinquante-trois stations de l&#8217;autoroute Toukaidou Fujisawa, temple Yugyouji<\/div>\n<p><!--\u85e4\u6ca2\u5bbf\u30b3\u30fc\u30ca\u30fc--><\/p>\n<div class=\"itemBox muchigh col-xs-12 col-sm-4 col-md-3\" style=\"height: 327px;\">\n<h5>Coin de l&#8217;auberge Fujisawa<\/h5>\n<p class=\"imgbox\"><img decoding=\"async\" id=\"collections-hujisawa-img\" src=\"\/resources\/material-None\/image-1_c68DoTg.jpg\" border=\"0\" alt=\"\"><\/p>\n<p id=\"collections-hujisawa-p\">lieux c\u00e9l\u00e8bres du Japon<\/div>\n<p><!--\u6c5f\u306e\u5cf6\u30b3\u30fc\u30ca\u30fc--><\/p>\n<div class=\"itemBox muchigh col-xs-12 col-sm-4 col-md-3\" style=\"height: 327px;\">\n<h5>Coin Enoshima<\/h5>\n<p class=\"imgbox\"><img decoding=\"async\" id=\"collections-enoshima-img\" src=\"\/resources\/i\/materials\/220\/resources\/uki10065.jpg\" border=\"0\" alt=\"\"><\/p>\n<p id=\"collections-enoshima-p\">L&#8217;\u00eele d&#8217;Enoshima dans la province de Sagami<\/div>\n<p><!--\u4f01\u753b\u5c55\u793a\u30b3\u30fc\u30ca\u30fc--><\/p>\n<div class=\"itemBox muchigh col-xs-12 col-sm-4 col-md-3\" style=\"\">\n<h5>Coin des expositions sp\u00e9ciales<\/h5>\n<p class=\"imgbox\"><img decoding=\"async\" id=\"collections-kikaku-img\" src=\"\/resources\/i\/materials\/220\/resources\/yD4frSow.jpg\" border=\"0\" alt=\"\"><\/p>\n<p id=\"collections-kikaku-p\">Voyage le long de la route \u014cyamad\u014d, Harimaze-zue<\/div>\n<\/div>\n<p><a href=\"\/f\/archive-fr\"><button type=\"button\" class=\"btnnex\">Les archives de l&#8217;exposition<\/button><\/a><\/p>\n<\/div>\n<\/div>\n<\/div>\n<\/section>\n","protected":false},"excerpt":{"rendered":"<p>HOME Introduction \u00e0 l&#8217;exposition Ukiyo-e, cartes picturales et cartes : Fujisawa de l\u2019\u00e8re Edo \u00e0 nos jour [&hellip;]<\/p>\n","protected":false},"author":1,"featured_media":0,"parent":0,"menu_order":0,"comment_status":"closed","ping_status":"closed","template":"page-fr.php","meta":{"footnotes":""},"class_list":["post-3799","page","type-page","status-publish","hentry"],"_links":{"self":[{"href":"https:\/\/fujisawa-ukiyoekan.net\/f\/wp-json\/wp\/v2\/pages\/3799","targetHints":{"allow":["GET"]}}],"collection":[{"href":"https:\/\/fujisawa-ukiyoekan.net\/f\/wp-json\/wp\/v2\/pages"}],"about":[{"href":"https:\/\/fujisawa-ukiyoekan.net\/f\/wp-json\/wp\/v2\/types\/page"}],"author":[{"embeddable":true,"href":"https:\/\/fujisawa-ukiyoekan.net\/f\/wp-json\/wp\/v2\/users\/1"}],"replies":[{"embeddable":true,"href":"https:\/\/fujisawa-ukiyoekan.net\/f\/wp-json\/wp\/v2\/comments?post=3799"}],"version-history":[{"count":4,"href":"https:\/\/fujisawa-ukiyoekan.net\/f\/wp-json\/wp\/v2\/pages\/3799\/revisions"}],"predecessor-version":[{"id":4071,"href":"https:\/\/fujisawa-ukiyoekan.net\/f\/wp-json\/wp\/v2\/pages\/3799\/revisions\/4071"}],"wp:attachment":[{"href":"https:\/\/fujisawa-ukiyoekan.net\/f\/wp-json\/wp\/v2\/media?parent=3799"}],"curies":[{"name":"wp","href":"https:\/\/api.w.org\/{rel}","templated":true}]}}