{"id":3695,"date":"2025-09-16T14:01:57","date_gmt":"2025-09-16T05:01:57","guid":{"rendered":"https:\/\/fujisawa-ukiyoekan.net\/f\/?page_id=3695"},"modified":"2026-02-25T13:22:07","modified_gmt":"2026-02-25T04:22:07","slug":"collections-20-pt","status":"publish","type":"page","link":"https:\/\/fujisawa-ukiyoekan.net\/f\/collections-20-pt\/","title":{"rendered":"\u5c55\u793a\u5185\u5bb9\u7d39\u4ecb\u3000\u6d6e\u4e16\u7d75\u3067\u8a2a\u306d\u308b\u85e4\u6ca2\u5bbf\u3068\u6c5f\u306e\u5cf6\u9053\u3000\u53c2\u8a63\u3068\u89b3\u5149\u306e\u6b74\u53f2\uff08\u30dd\u30eb\u30c8\u30ac\u30eb\u8a9e\uff09"},"content":{"rendered":"<section id=\"top\" class=\"bc-section\">\n<div class=\"container\">\n<ol class=\"breadcrumb\">\n<li><a href=\"\/f\/home-pt\">HOME<\/a><\/li>\n<li class=\"active\">Introdu\u00e7\u00e3o ao conte\u00fado da exposi\u00e7\u00e3o<\/li>\n<\/ol>\n<\/div>\n<\/section>\n<section id=\"txt\" class=\"home-section\">\n<div class=\"container\">\n<div class=\"row\">\n<div class=\"txtArea\">\n<h3 id=\"collections-title\">Atrav\u00e9s do ukiyo-e: o ponto de parada de Fujisawa e o caminho de Enoshima \u2013 Hist\u00f3ria de peregrina\u00e7\u00e3o e turismo <\/h3>\n<h4>Conte\u00fado da exposi\u00e7\u00e3o<\/h4>\n<div class=\"txtBox\">\n<p id=\"collections-p\">O ponto de parada de Fujisawa, uma das esta\u00e7\u00f5es da estrada de T\u014dkaid\u014d, era um importante local n\u00e3o apenas para o transporte de cartas e mercadorias por cavalo, mas tamb\u00e9m para os viajantes. O caminho de Enoshima, que partia de Fujisawa em dire\u00e7\u00e3o ao local de peregrina\u00e7\u00e3o de Enoshima, era movimentado por muitos peregrinos. Enoshima se desenvolveu como um famoso ponto tur\u00edstico, conhecido por sua paisagem pitoresca, sua geografia singular e a vista do Monte Fuji. Nesta exposi\u00e7\u00e3o, \u00e9 apresentada a hist\u00f3ria do ponto de parada de Fujisawa e das peregrina\u00e7\u00f5es a Enoshima, por meio de ukiyo-e, mapas ilustrados e fotografias que retratam esses locais.\n<\/p>\n<\/div>\n<div class=\"itemArea\">\n<!--\u6771\u6d77\u9053\u4e94\u5341\u4e09\u6b21\u30b3\u30fc\u30ca\u30fc--><\/p>\n<div class=\"itemBox muchigh col-xs-12 col-sm-4 col-md-3\" style=\"height: 327px;\">\n<h5>Esquina da s\u00e9rie 53 Esta\u00e7\u00f5es Postais de Toukaidou<\/h5>\n<p class=\"imgbox\"><img decoding=\"async\" id=\"collections-toukai-img\" src=\"\/resources\/i\/materials\/220\/resources\/c8DJCDFV.jpg\" alt=\"\"><\/p>\n<p id=\"collections-toukai-p\">As 53 esta\u00e7\u00f5es de Toukaidou, Fujisawa<\/div>\n<p><!--\u85e4\u6ca2\u5bbf\u30b3\u30fc\u30ca\u30fc--><\/p>\n<div class=\"itemBox muchigh col-xs-12 col-sm-4 col-md-3\" style=\"height: 327px;\">\n<h5>Esquina da estalagem Fujisawa<\/h5>\n<p class=\"imgbox\"><img decoding=\"async\" id=\"collections-hujisawa-img\" src=\"\/resources\/i\/materials\/220\/resources\/uki10149.jpg\" border=\"0\" alt=\"\"><\/p>\n<p id=\"collections-hujisawa-p\">Fujisawa, da s\u00e9rie Cinquenta e tr\u00eas esta\u00e7\u00f5es do Toukaidou (vers\u00e3o do gui\u00e3o Gyousho)<\/div>\n<p><!--\u6c5f\u306e\u5cf6\u30b3\u30fc\u30ca\u30fc--><\/p>\n<div class=\"itemBox muchigh col-xs-12 col-sm-4 col-md-3\" style=\"height: 327px;\">\n<h5>Canto de Enoshima<\/h5>\n<p class=\"imgbox\"><img decoding=\"async\" id=\"collections-enoshima-img\" src=\"\/resources\/i\/materials\/220\/resources\/1WFCSHrN.jpg\" border=\"0\" alt=\"\"><\/p>\n<p id=\"collections-enoshima-p\">Uma vista da ilha de Enoshima<\/div>\n<p><!--\u4f01\u753b\u5c55\u793a\u30b3\u30fc\u30ca\u30fc--><\/p>\n<div class=\"itemBox muchigh col-xs-12 col-sm-4 col-md-3\" style=\"\">\n<h5>Canto de exposi\u00e7\u00e3o especial<\/h5>\n<p class=\"imgbox\"><img decoding=\"async\" id=\"collections-kikaku-img\" src=\"\/resources\/i\/materials\/220\/resources\/VTXzVW6G.jpg\" border=\"0\" alt=\"\"><\/p>\n<p id=\"collections-kikaku-p\">As estalagens aliadas e os locais de descanso de Ofuna-kou de todas as na\u00e7\u00f5es\n<\/div>\n<\/div>\n<p><a href=\"\/f\/archive-en\"><button type=\"button\" class=\"btnnex\">O Arquivo da Exposi\u00e7\u00e3o<\/button><\/a><\/p>\n<\/div>\n<\/div>\n<\/div>\n<\/section>\n","protected":false},"excerpt":{"rendered":"<p>HOME Introdu\u00e7\u00e3o ao conte\u00fado da exposi\u00e7\u00e3o Atrav\u00e9s do ukiyo-e: o ponto de parada de Fujisawa e o caminho de Enos [&hellip;]<\/p>\n","protected":false},"author":1,"featured_media":0,"parent":0,"menu_order":0,"comment_status":"closed","ping_status":"closed","template":"page-pt.php","meta":{"footnotes":""},"class_list":["post-3695","page","type-page","status-publish","hentry"],"_links":{"self":[{"href":"https:\/\/fujisawa-ukiyoekan.net\/f\/wp-json\/wp\/v2\/pages\/3695","targetHints":{"allow":["GET"]}}],"collection":[{"href":"https:\/\/fujisawa-ukiyoekan.net\/f\/wp-json\/wp\/v2\/pages"}],"about":[{"href":"https:\/\/fujisawa-ukiyoekan.net\/f\/wp-json\/wp\/v2\/types\/page"}],"author":[{"embeddable":true,"href":"https:\/\/fujisawa-ukiyoekan.net\/f\/wp-json\/wp\/v2\/users\/1"}],"replies":[{"embeddable":true,"href":"https:\/\/fujisawa-ukiyoekan.net\/f\/wp-json\/wp\/v2\/comments?post=3695"}],"version-history":[{"count":2,"href":"https:\/\/fujisawa-ukiyoekan.net\/f\/wp-json\/wp\/v2\/pages\/3695\/revisions"}],"predecessor-version":[{"id":4085,"href":"https:\/\/fujisawa-ukiyoekan.net\/f\/wp-json\/wp\/v2\/pages\/3695\/revisions\/4085"}],"wp:attachment":[{"href":"https:\/\/fujisawa-ukiyoekan.net\/f\/wp-json\/wp\/v2\/media?parent=3695"}],"curies":[{"name":"wp","href":"https:\/\/api.w.org\/{rel}","templated":true}]}}