{"id":3692,"date":"2025-09-16T14:00:38","date_gmt":"2025-09-16T05:00:38","guid":{"rendered":"https:\/\/fujisawa-ukiyoekan.net\/f\/?page_id=3692"},"modified":"2026-02-25T13:22:11","modified_gmt":"2026-02-25T04:22:11","slug":"collections-20-fr","status":"publish","type":"page","link":"https:\/\/fujisawa-ukiyoekan.net\/f\/collections-20-fr\/","title":{"rendered":"\u5c55\u793a\u5185\u5bb9\u7d39\u4ecb\u3000\u6d6e\u4e16\u7d75\u3067\u8a2a\u306d\u308b\u85e4\u6ca2\u5bbf\u3068\u6c5f\u306e\u5cf6\u9053\u3000\u53c2\u8a63\u3068\u89b3\u5149\u306e\u6b74\u53f2\uff08\u30d5\u30e9\u30f3\u30b9\u8a9e\uff09"},"content":{"rendered":"<section id=\"top\" class=\"bc-section\">\n<div class=\"container\">\n<ol class=\"breadcrumb\">\n<li><a href=\"\/f\/home-fr\">HOME<\/a><\/li>\n<li class=\"active\">Introduction \u00e0 l&#8217;exposition<\/li>\n<\/ol>\n<\/div>\n<\/section>\n<section id=\"txt\" class=\"home-section\">\n<div class=\"container\">\n<div class=\"row\">\n<div class=\"txtArea\">\n<h3 id=\"collections-title\">Visite de la station relais de Fujisawa et de la route d\u2019Enoshima par le biais de l\u2019Ukiyo-e : Histoire des p\u00e8lerinages et du tourisme<\/h3>\n<h4><ruby>Introduction \u00e0 l&#8217;exposition<\/h4>\n<div class=\"txtBox\">\n<p id=\"collections-p\">La station relais de Fujisawa sur la route du T\u014dkaid\u014d \u00e9tait un lieu important non seulement pour les missions \u00e0 cheval et l\u2019approvisionnement en nourriture et autres, mais aussi en tant que plaque tournante du tourisme. La route d\u2019Enoshima reliant Fujisawa \u00e0 Enoshima \u00e9tait emprunt\u00e9e par de nombreux fid\u00e8les et voyageurs, faisant de l\u2019\u00eele une destination pittoresque pris\u00e9e pour son relief unique et sa vue exceptionnelle sur le mont Fuji. Cette exposition permet aux visiteurs de d\u00e9couvrir l\u2019histoire d\u2019Enoshima et de la station relais de Fujisawa \u00e0 travers des estampes ukiyo-e, des \u0153uvres picturales et des photographies repr\u00e9sentant Fujisawa et son paysage ainsi que les p\u00e8lerins se dirigeant vers l\u2019\u00eele.<\/p>\n<\/div>\n<div class=\"itemArea\">\n<!--\u6771\u6d77\u9053\u4e94\u5341\u4e09\u6b21\u30b3\u30fc\u30ca\u30fc--><\/p>\n<div class=\"itemBox muchigh col-xs-12 col-sm-4 col-md-3\" style=\"height: 327px;\">\n<h5>Coin de s\u00e9rie \u00ab Les Cinquante-trois Relais du T\u014dkaid\u014d \u00bb<\/h5>\n<p class=\"imgbox\"><img decoding=\"async\" id=\"collections-toukai-img\" src=\"\/resources\/i\/materials\/220\/resources\/c8DJCDFV.jpg\" alt=\"\"><\/p>\n<p id=\"collections-toukai-p\">Fujisawa, Vue d\u2019ensemble des Cinquante-trois Relais du T\u014dkaid\u014d<\/div>\n<p><!--\u85e4\u6ca2\u5bbf\u30b3\u30fc\u30ca\u30fc--><\/p>\n<div class=\"itemBox muchigh col-xs-12 col-sm-4 col-md-3\" style=\"height: 327px;\">\n<h5>Coin de l&#8217;auberge Fujisawa<\/h5>\n<p class=\"imgbox\"><img decoding=\"async\" id=\"collections-hujisawa-img\" src=\"\/resources\/i\/materials\/220\/resources\/uki10149.jpg\" border=\"0\" alt=\"\"><\/p>\n<p id=\"collections-hujisawa-p\">Fujisawa, de la s\u00e9rie Cinquante-trois stations du Toukaidou (version script Gyousho)<\/div>\n<p><!--\u6c5f\u306e\u5cf6\u30b3\u30fc\u30ca\u30fc--><\/p>\n<div class=\"itemBox muchigh col-xs-12 col-sm-4 col-md-3\" style=\"height: 327px;\">\n<h5>Coin Enoshima<\/h5>\n<p class=\"imgbox\"><img decoding=\"async\" id=\"collections-enoshima-img\" src=\"\/resources\/i\/materials\/220\/resources\/1WFCSHrN.jpg\" border=\"0\" alt=\"\"><\/p>\n<p id=\"collections-enoshima-p\">Vue de l\u2019\u00eele d\u2019Enoshima<\/div>\n<p><!--\u4f01\u753b\u5c55\u793a\u30b3\u30fc\u30ca\u30fc--><\/p>\n<div class=\"itemBox muchigh col-xs-12 col-sm-4 col-md-3\" style=\"\">\n<h5>Coin des expositions sp\u00e9ciales<\/h5>\n<p class=\"imgbox\"><img decoding=\"async\" id=\"collections-kikaku-img\" src=\"\/resources\/i\/materials\/220\/resources\/VTXzVW6G.jpg\" border=\"0\" alt=\"\"><\/p>\n<p id=\"collections-kikaku-p\">Les auberges et lieux de repos alli\u00e9s d&#8217;Ofuna-kou de tous les pays<\/div>\n<\/div>\n<p><a href=\"\/f\/archive-en\"><button type=\"button\" class=\"btnnex\">Les archives de l&#8217;exposition<\/button><\/a><\/p>\n<\/div>\n<\/div>\n<\/div>\n<\/section>\n","protected":false},"excerpt":{"rendered":"<p>HOME Introduction \u00e0 l&#8217;exposition Visite de la station relais de Fujisawa et de la route d\u2019Enoshima par l [&hellip;]<\/p>\n","protected":false},"author":1,"featured_media":0,"parent":0,"menu_order":0,"comment_status":"closed","ping_status":"closed","template":"page-fr.php","meta":{"footnotes":""},"class_list":["post-3692","page","type-page","status-publish","hentry"],"_links":{"self":[{"href":"https:\/\/fujisawa-ukiyoekan.net\/f\/wp-json\/wp\/v2\/pages\/3692","targetHints":{"allow":["GET"]}}],"collection":[{"href":"https:\/\/fujisawa-ukiyoekan.net\/f\/wp-json\/wp\/v2\/pages"}],"about":[{"href":"https:\/\/fujisawa-ukiyoekan.net\/f\/wp-json\/wp\/v2\/types\/page"}],"author":[{"embeddable":true,"href":"https:\/\/fujisawa-ukiyoekan.net\/f\/wp-json\/wp\/v2\/users\/1"}],"replies":[{"embeddable":true,"href":"https:\/\/fujisawa-ukiyoekan.net\/f\/wp-json\/wp\/v2\/comments?post=3692"}],"version-history":[{"count":2,"href":"https:\/\/fujisawa-ukiyoekan.net\/f\/wp-json\/wp\/v2\/pages\/3692\/revisions"}],"predecessor-version":[{"id":4086,"href":"https:\/\/fujisawa-ukiyoekan.net\/f\/wp-json\/wp\/v2\/pages\/3692\/revisions\/4086"}],"wp:attachment":[{"href":"https:\/\/fujisawa-ukiyoekan.net\/f\/wp-json\/wp\/v2\/media?parent=3692"}],"curies":[{"name":"wp","href":"https:\/\/api.w.org\/{rel}","templated":true}]}}