{"id":3548,"date":"2025-07-07T10:01:33","date_gmt":"2025-07-07T01:01:33","guid":{"rendered":"https:\/\/fujisawa-ukiyoekan.net\/f\/?page_id=3548"},"modified":"2026-02-25T13:25:05","modified_gmt":"2026-02-25T04:25:05","slug":"collections-19-pt","status":"publish","type":"page","link":"https:\/\/fujisawa-ukiyoekan.net\/f\/collections-19-pt\/","title":{"rendered":"\u5c55\u793a\u5185\u5bb9\u7d39\u4ecb\u3000\u6771\u6d77\u9053\u4e2d\u819d\u6817\u6bdb\u3000\u6c5f\u6238\u306e\u30b3\u30e1\u30c7\u30a3\u30a2\u30f3\u5f25\u6b21\u3055\u3093\u559c\u591a\u3055\u3093\uff08\u30dd\u30eb\u30c8\u30ac\u30eb\u8a9e\uff09"},"content":{"rendered":"<section id=\"top\" class=\"bc-section\">\n<div class=\"container\">\n<ol class=\"breadcrumb\">\n<li><a href=\"\/f\/home-pt\">HOME<\/a><\/li>\n<li class=\"active\">Introdu\u00e7\u00e3o ao conte\u00fado da exposi\u00e7\u00e3o<\/li>\n<\/ol>\n<\/div>\n<\/section>\n<section id=\"txt\" class=\"home-section\">\n<div class=\"container\">\n<div class=\"row\">\n<div class=\"txtArea\">\n<h3 id=\"collections-title\">T\u014dkaid\u014dch\u016b Hizakurige \u2013 Os comediantes de Edo Yaji-san e Kita-san<\/h4>\n<div class=\"txtBox\">\n<p id=\"collections-p\">\u201cT\u014dkaid\u014dch\u016b Hizakurige\u201d (As aventuras c\u00f4micas ao longo da estrada de T\u014dkaid\u014d), de Jippensha Ikku, foi um best-seller do per\u00edodo Edo e impulsionou a febre das viagens pela estrada de T\u014dkaid\u014d. A divertida jornada da dupla Yaji-san e Kita-san, com seus di\u00e1logos espirituosos, bem como as especialidades locais e pontos tur\u00edsticos ao longo da estrada de T\u014dkaid\u014d, encantaram o povo comum de Edo. Nesta exposi\u00e7\u00e3o, s\u00e3o exibidas gravuras ukiyo-e e edi\u00e7\u00f5es impressas derivadas do sucesso de \u201cT\u014dkaid\u014dch\u016b Hizakurige\u201d, como a s\u00e9rie \u201cT\u014dkaid\u014dch\u016b Kurige Yajiuma\u201d, de Ochiai Yoshiiku.\n<\/p>\n<\/div>\n<div class=\"itemArea\">\n<!--\u6771\u6d77\u9053\u4e94\u5341\u4e09\u6b21\u30b3\u30fc\u30ca\u30fc--><\/p>\n<div class=\"itemBox muchigh col-xs-12 col-sm-4 col-md-3\" style=\"height: 327px;\">\n<h5>Esquina da s\u00e9rie 53 Esta\u00e7\u00f5es Postais de Toukaidou<\/h5>\n<p class=\"imgbox\"><img decoding=\"async\" id=\"collections-toukai-img\" src=\"\/resources\/i\/materials\/220\/resources\/DiqmZWMP.jpg\" alt=\"\"><\/p>\n<p id=\"collections-toukai-p\">As Imagens do Passeio Mare de Shank Comical pelas Cinquenta e Tr\u00eas Esta\u00e7\u00f5es (Sugoroku)<\/div>\n<p><!--\u85e4\u6ca2\u5bbf\u30b3\u30fc\u30ca\u30fc--><\/p>\n<div class=\"itemBox muchigh col-xs-12 col-sm-4 col-md-3\" style=\"height: 327px;\">\n<h5>Esquina da estalagem Fujisawa<\/h5>\n<p class=\"imgbox\"><img decoding=\"async\" id=\"collections-hujisawa-img\" src=\"\/resources\/material-2729\/image-1.jpg\" border=\"0\" alt=\"\"><\/p>\n<p id=\"collections-hujisawa-p\">Recorda\u00e7\u00e3o de Enoshima<\/div>\n<p><!--\u6c5f\u306e\u5cf6\u30b3\u30fc\u30ca\u30fc--><\/p>\n<div class=\"itemBox muchigh col-xs-12 col-sm-4 col-md-3\" style=\"height: 327px;\">\n<h5>Canto de Enoshima<\/h5>\n<p class=\"imgbox\"><img decoding=\"async\" id=\"collections-enoshima-img\" src=\"\/resources\/i\/materials\/220\/resources\/uki10648.jpg\" border=\"0\" alt=\"\"><\/p>\n<p id=\"collections-enoshima-p\">Fujisawa, da s\u00e9rie \u201cToukai-douchu Kurige-no Yajiuma (\u00c9gua de Shank: Passeio pela Autoestrada de Toukaidou)\u201d<\/div>\n<p><!--\u4f01\u753b\u5c55\u793a\u30b3\u30fc\u30ca\u30fc--><\/p>\n<div class=\"itemBox muchigh col-xs-12 col-sm-4 col-md-3\" style=\"\">\n<h5>Canto de exposi\u00e7\u00e3o especial<\/h5>\n<p class=\"imgbox\"><img decoding=\"async\" id=\"collections-kikaku-img\" src=\"\/resources\/i\/materials\/220\/resources\/uki10697.jpg\" border=\"0\" alt=\"\"><\/p>\n<p id=\"collections-kikaku-p\">Kyoto, da s\u00e9rie \u201cToukai-douchu Kurige-no Yajiuma (A \u00c9gua de Shank: Passeio pela Autoestrada de Toukaidou)\u201d\n<\/div>\n<\/div>\n<p><a href=\"\/f\/archive-en\"><button type=\"button\" class=\"btnnex\">O Arquivo da Exposi\u00e7\u00e3o<\/button><\/a><\/p>\n<\/div>\n<\/div>\n<\/div>\n<\/section>\n","protected":false},"excerpt":{"rendered":"<p>HOME Introdu\u00e7\u00e3o ao conte\u00fado da exposi\u00e7\u00e3o T\u014dkaid\u014dch\u016b Hizakurige \u2013 Os comediantes de Edo Yaji-san e Kita-san \u201cT\u014d [&hellip;]<\/p>\n","protected":false},"author":1,"featured_media":0,"parent":0,"menu_order":0,"comment_status":"closed","ping_status":"closed","template":"page-pt.php","meta":{"footnotes":""},"class_list":["post-3548","page","type-page","status-publish","hentry"],"_links":{"self":[{"href":"https:\/\/fujisawa-ukiyoekan.net\/f\/wp-json\/wp\/v2\/pages\/3548","targetHints":{"allow":["GET"]}}],"collection":[{"href":"https:\/\/fujisawa-ukiyoekan.net\/f\/wp-json\/wp\/v2\/pages"}],"about":[{"href":"https:\/\/fujisawa-ukiyoekan.net\/f\/wp-json\/wp\/v2\/types\/page"}],"author":[{"embeddable":true,"href":"https:\/\/fujisawa-ukiyoekan.net\/f\/wp-json\/wp\/v2\/users\/1"}],"replies":[{"embeddable":true,"href":"https:\/\/fujisawa-ukiyoekan.net\/f\/wp-json\/wp\/v2\/comments?post=3548"}],"version-history":[{"count":2,"href":"https:\/\/fujisawa-ukiyoekan.net\/f\/wp-json\/wp\/v2\/pages\/3548\/revisions"}],"predecessor-version":[{"id":4119,"href":"https:\/\/fujisawa-ukiyoekan.net\/f\/wp-json\/wp\/v2\/pages\/3548\/revisions\/4119"}],"wp:attachment":[{"href":"https:\/\/fujisawa-ukiyoekan.net\/f\/wp-json\/wp\/v2\/media?parent=3548"}],"curies":[{"name":"wp","href":"https:\/\/api.w.org\/{rel}","templated":true}]}}