{"id":3542,"date":"2025-07-07T09:58:19","date_gmt":"2025-07-07T00:58:19","guid":{"rendered":"https:\/\/fujisawa-ukiyoekan.net\/f\/?page_id=3542"},"modified":"2026-02-25T13:25:12","modified_gmt":"2026-02-25T04:25:12","slug":"collections-19-es","status":"publish","type":"page","link":"https:\/\/fujisawa-ukiyoekan.net\/f\/collections-19-es\/","title":{"rendered":"\u5c55\u793a\u5185\u5bb9\u7d39\u4ecb\u3000\u6771\u6d77\u9053\u4e2d\u819d\u6817\u6bdb\u3000\u6c5f\u6238\u306e\u30b3\u30e1\u30c7\u30a3\u30a2\u30f3\u5f25\u6b21\u3055\u3093\u559c\u591a\u3055\u3093\uff08\u30b9\u30da\u30a4\u30f3\u8a9e\uff09"},"content":{"rendered":"<section id=\"top\" class=\"bc-section\">\n<div class=\"container\">\n<ol class=\"breadcrumb\">\n<li><a href=\"\/f\/home-es\">HOME<\/a><\/li>\n<li class=\"active\">Introducci\u00f3n al contenido de la exposici\u00f3n<\/li>\n<\/ol>\n<\/div>\n<\/section>\n<section id=\"txt\" class=\"home-section\">\n<div class=\"container\">\n<div class=\"row\">\n<div class=\"txtArea\">\n<h3 id=\"collections-title\">T\u014dkaid\u014dch\u016b Hizakurige, Los comediantes de Edo, Yaji-san y Kita-san<\/h3>\n<h4>Contenido de la exposici\u00f3n<\/h4>\n<div class=\"txtBox\">\n<p id=\"collections-p\">La serie \u201cT\u014dkaid\u014dch\u016b Hizakurige (La yegua de la ca\u00f1a en el viaje a lo largo de T\u014dkaid\u014d)\u201d producida por Jippensha ikku era la obra m\u00e1s vendida del per\u00edodo Edo y fue la que inici\u00f3 el boom de viaje a lo largo de la carretera T\u014dkaid\u014d. La gente com\u00fan del per\u00edodo Edo disfrut\u00f3 de las desventuras de dos viajeros Yaji-san y Kita-san, as\u00ed como los productos t\u00edpicos y los lugares famosos a lo largo de la carretera T\u014dkaid\u014d. En esta exposici\u00f3n se presentan las obras de ukiyo-e y libros impresos de \u201cT\u014dkaid\u014dch\u016b Kurige Yajiuma\u201d producido por Ochiai Yoshiiku, derivado de la popularidad de \u201cT\u014dkaid\u014dch\u016b Hizakurige\u201d.<\/p>\n<\/div>\n<div class=\"itemArea\">\n<!--\u6771\u6d77\u9053\u4e94\u5341\u4e09\u6b21\u30b3\u30fc\u30ca\u30fc--><\/p>\n<div class=\"itemBox muchigh col-xs-12 col-sm-4 col-md-3\" style=\"height: 400px;\">\n<h5>Rinc\u00f3n de la serie Las cincuenta y tres estaciones de Tokaido<\/h5>\n<p class=\"imgbox\"><img decoding=\"async\" id=\"collections-toukai-img\" src=\"\/resources\/i\/materials\/220\/resources\/DiqmZWMP.jpg\" alt=\"\"><\/p>\n<p id=\"collections-toukai-p\">Im\u00e1genes del c\u00f3mico viaje de Shank por las cincuenta y tres estaciones (Sugoroku)<\/div>\n<p><!--\u85e4\u6ca2\u5bbf\u30b3\u30fc\u30ca\u30fc--><\/p>\n<div class=\"itemBox muchigh col-xs-12 col-sm-4 col-md-3\" style=\"height: 400px;\">\n<h5>Rinc\u00f3n de la posada Fujisawa<\/h5>\n<p class=\"imgbox\"><img decoding=\"async\" id=\"collections-hujisawa-img\" src=\"\/resources\/material-2729\/image-1.jpg\" border=\"0\" alt=\"\"><\/p>\n<p id=\"collections-hujisawa-p\">Recuerdo de Enoshima<\/div>\n<p><!--\u6c5f\u306e\u5cf6\u30b3\u30fc\u30ca\u30fc--><\/p>\n<div class=\"itemBox muchigh col-xs-12 col-sm-4 col-md-3\" style=\"height: 400px;\">\n<h5>Rinc\u00f3n de Enoshima<br \/><\/h5>\n<p class=\"imgbox\"><img decoding=\"async\" id=\"collections-enoshima-img\" src=\"\/resources\/i\/materials\/220\/resources\/uki10648.jpg\" border=\"0\" alt=\"\"><\/p>\n<p id=\"collections-enoshima-p\">Fujisawa, de la serie \u201cToukai-douchu Kurige-no Yajiuma (La yegua de Shank: Recorrido por la autopista Toukaidou)\u201d<\/div>\n<p><!--\u4f01\u753b\u5c55\u793a\u30b3\u30fc\u30ca\u30fc--><\/p>\n<div class=\"itemBox muchigh col-xs-12 col-sm-4 col-md-3\" style=\"height: 400px;\">\n<h5>Rinc\u00f3n especial de exposiciones<\/h5>\n<p class=\"imgbox\"><img decoding=\"async\" id=\"collections-kikaku-img\" src=\"\/resources\/i\/materials\/220\/resources\/uki10697.jpg\" border=\"0\" alt=\"\"><\/p>\n<p id=\"collections-kikaku-p\">Kyoto, de la serie \u201cToukai-douchu Kurige-no Yajiuma (Shank\u2019s Mare: Recorrido por la autopista Toukaidou)\u201d<\/div>\n<\/div>\n<p><a href=\"\/f\/archive-en\"><button type=\"button\" class=\"btnnex\">Archivo de exposiciones<\/button><\/a><\/p>\n<\/div>\n<\/div>\n<\/div>\n<\/section>\n","protected":false},"excerpt":{"rendered":"<p>HOME Introducci\u00f3n al contenido de la exposici\u00f3n T\u014dkaid\u014dch\u016b Hizakurige, Los comediantes de Edo, Yaji-san y Kita [&hellip;]<\/p>\n","protected":false},"author":1,"featured_media":0,"parent":0,"menu_order":0,"comment_status":"closed","ping_status":"closed","template":"page-es.php","meta":{"footnotes":""},"class_list":["post-3542","page","type-page","status-publish","hentry"],"_links":{"self":[{"href":"https:\/\/fujisawa-ukiyoekan.net\/f\/wp-json\/wp\/v2\/pages\/3542","targetHints":{"allow":["GET"]}}],"collection":[{"href":"https:\/\/fujisawa-ukiyoekan.net\/f\/wp-json\/wp\/v2\/pages"}],"about":[{"href":"https:\/\/fujisawa-ukiyoekan.net\/f\/wp-json\/wp\/v2\/types\/page"}],"author":[{"embeddable":true,"href":"https:\/\/fujisawa-ukiyoekan.net\/f\/wp-json\/wp\/v2\/users\/1"}],"replies":[{"embeddable":true,"href":"https:\/\/fujisawa-ukiyoekan.net\/f\/wp-json\/wp\/v2\/comments?post=3542"}],"version-history":[{"count":2,"href":"https:\/\/fujisawa-ukiyoekan.net\/f\/wp-json\/wp\/v2\/pages\/3542\/revisions"}],"predecessor-version":[{"id":4121,"href":"https:\/\/fujisawa-ukiyoekan.net\/f\/wp-json\/wp\/v2\/pages\/3542\/revisions\/4121"}],"wp:attachment":[{"href":"https:\/\/fujisawa-ukiyoekan.net\/f\/wp-json\/wp\/v2\/media?parent=3542"}],"curies":[{"name":"wp","href":"https:\/\/api.w.org\/{rel}","templated":true}]}}