{"id":3422,"date":"2025-05-14T09:33:36","date_gmt":"2025-05-14T00:33:36","guid":{"rendered":"https:\/\/fujisawa-ukiyoekan.net\/f\/?page_id=3422"},"modified":"2026-02-25T13:22:51","modified_gmt":"2026-02-25T04:22:51","slug":"collections-18-pt","status":"publish","type":"page","link":"https:\/\/fujisawa-ukiyoekan.net\/f\/collections-18-pt\/","title":{"rendered":"\u5c55\u793a\u5185\u5bb9\u7d39\u4ecb\u3000\u6d6e\u4e16\u7d75\u3067\u3081\u3050\u308b\u660e\u6cbb\u306e\u6771\u6d77\u9053\u3068\u85e4\u6ca2\u3000\u6771\u6d77\u540d\u6240\u6539\u6b63\u9053\u4e2d\u8a18\uff08\u30dd\u30eb\u30c8\u30ac\u30eb\u8a9e\uff09"},"content":{"rendered":"<section id=\"top\" class=\"bc-section\">\n<div class=\"container\">\n<ol class=\"breadcrumb\">\n<li><a href=\"\/f\/home-pt\">HOME<\/a><\/li>\n<li class=\"active\">Introdu\u00e7\u00e3o ao conte\u00fado da exposi\u00e7\u00e3o<\/li>\n<\/ol>\n<\/div>\n<\/section>\n<section id=\"txt\" class=\"home-section\">\n<div class=\"container\">\n<div class=\"row\">\n<div class=\"txtArea\">\n<h3 id=\"collections-title\">Tra\u00e7ar o panorama a estrada de T\u014dkaid\u014d e Fujisawa durante o per\u00edodo Meiji com ukiyo-e: Os Principais Pontos da Estrada T\u014dkaid\u014d da Era Meiji<\/h4>\n<div class=\"txtBox\">\n<p id=\"collections-p\">A estrada de T\u014dkaid\u014d, que foi retratada de v\u00e1rias maneiras durante o per\u00edodo Edo, passou por mudan\u00e7as radicais em suas paisagens devido \u00e0 influ\u00eancia de culturas exteriores ap\u00f3s o in\u00edcio do per\u00edodo Meiji. A cole\u00e7\u00e3o representativa de Hiroshige III, intitulada &#8220;Os Principais Pontos da Estrada T\u014dkaid\u014d da Era Meiji&#8221;, \u00e9 reconhecida como uma obra-prima por retratar nitidamente as altera\u00e7\u00f5es na estrada de T\u014dkaid\u014d.<br \/>\nA atual exposi\u00e7\u00e3o apresenta 60 obras dessa cole\u00e7\u00e3o, destacando as mudan\u00e7as na estrada de T\u014dkaid\u014d por meio de ukiyo-e, pinturas, calcogravuras, fotografias e entre outros.\n<\/p>\n<\/div>\n<div class=\"itemArea\">\n<!--\u6771\u6d77\u9053\u4e94\u5341\u4e09\u6b21\u30b3\u30fc\u30ca\u30fc--><\/p>\n<div class=\"itemBox muchigh col-xs-12 col-sm-4 col-md-3\" style=\"height: 327px;\">\n<h5>Esquina da s\u00e9rie 53 Esta\u00e7\u00f5es Postais de Toukaidou<\/h5>\n<p class=\"imgbox\"><img decoding=\"async\" id=\"collections-toukai-img\" src=\"\/resources\/i\/materials\/220\/resources\/uki10522.jpg\" alt=\"\"><\/p>\n<p id=\"collections-toukai-p\">Vistas famosas revistas ao longo do T\u014dkai No.2: Terminal de carga Shiodome, Shinbashi<\/div>\n<p><!--\u85e4\u6ca2\u5bbf\u30b3\u30fc\u30ca\u30fc--><\/p>\n<div class=\"itemBox muchigh col-xs-12 col-sm-4 col-md-3\" style=\"height: 327px;\">\n<h5>Esquina da estalagem Fujisawa<\/h5>\n<p class=\"imgbox\"><img decoding=\"async\" id=\"collections-hujisawa-img\" src=\"\/resources\/i\/materials\/220\/resources\/uki10535.jpg\" border=\"0\" alt=\"\"><\/p>\n<p id=\"collections-hujisawa-p\">Vistas famosas revistas ao longo do T\u014dkai No. 15: P\u00e2ntano Fuji, Hara<\/div>\n<p><!--\u6c5f\u306e\u5cf6\u30b3\u30fc\u30ca\u30fc--><\/p>\n<div class=\"itemBox muchigh col-xs-12 col-sm-4 col-md-3\" style=\"height: 327px;\">\n<h5>Canto de Enoshima<\/h5>\n<p class=\"imgbox\"><img decoding=\"async\" id=\"collections-enoshima-img\" src=\"\/resources\/i\/materials\/220\/resources\/4oDkjQbH.jpg\" border=\"0\" alt=\"\"><\/p>\n<p id=\"collections-enoshima-p\">Vistas famosas no Jap\u00e3o: Enoshima<\/div>\n<p><!--\u4f01\u753b\u5c55\u793a\u30b3\u30fc\u30ca\u30fc--><\/p>\n<div class=\"itemBox muchigh col-xs-12 col-sm-4 col-md-3\" style=\"\">\n<h5>Canto de exposi\u00e7\u00e3o especial<\/h5>\n<p class=\"imgbox\"><img decoding=\"async\" id=\"collections-kikaku-img\" src=\"\/resources\/i\/materials\/220\/resources\/uki10579.jpg\" border=\"0\" alt=\"\"><\/p>\n<p id=\"collections-kikaku-p\">Vistas famosas revistas ao longo do T\u014dkai No. 58: Ponte \u014chashi em Sanj\u014d, Saiky\u014d\n<\/div>\n<\/div>\n<p><a href=\"\/f\/archive-en\"><button type=\"button\" class=\"btnnex\">O Arquivo da Exposi\u00e7\u00e3o<\/button><\/a><\/p>\n<\/div>\n<\/div>\n<\/div>\n<\/section>\n","protected":false},"excerpt":{"rendered":"<p>HOME Introdu\u00e7\u00e3o ao conte\u00fado da exposi\u00e7\u00e3o Tra\u00e7ar o panorama a estrada de T\u014dkaid\u014d e Fujisawa durante o per\u00edodo M [&hellip;]<\/p>\n","protected":false},"author":1,"featured_media":0,"parent":0,"menu_order":0,"comment_status":"closed","ping_status":"closed","template":"page-pt.php","meta":{"footnotes":""},"class_list":["post-3422","page","type-page","status-publish","hentry"],"_links":{"self":[{"href":"https:\/\/fujisawa-ukiyoekan.net\/f\/wp-json\/wp\/v2\/pages\/3422","targetHints":{"allow":["GET"]}}],"collection":[{"href":"https:\/\/fujisawa-ukiyoekan.net\/f\/wp-json\/wp\/v2\/pages"}],"about":[{"href":"https:\/\/fujisawa-ukiyoekan.net\/f\/wp-json\/wp\/v2\/types\/page"}],"author":[{"embeddable":true,"href":"https:\/\/fujisawa-ukiyoekan.net\/f\/wp-json\/wp\/v2\/users\/1"}],"replies":[{"embeddable":true,"href":"https:\/\/fujisawa-ukiyoekan.net\/f\/wp-json\/wp\/v2\/comments?post=3422"}],"version-history":[{"count":2,"href":"https:\/\/fujisawa-ukiyoekan.net\/f\/wp-json\/wp\/v2\/pages\/3422\/revisions"}],"predecessor-version":[{"id":4093,"href":"https:\/\/fujisawa-ukiyoekan.net\/f\/wp-json\/wp\/v2\/pages\/3422\/revisions\/4093"}],"wp:attachment":[{"href":"https:\/\/fujisawa-ukiyoekan.net\/f\/wp-json\/wp\/v2\/media?parent=3422"}],"curies":[{"name":"wp","href":"https:\/\/api.w.org\/{rel}","templated":true}]}}