{"id":3416,"date":"2025-05-14T09:31:04","date_gmt":"2025-05-14T00:31:04","guid":{"rendered":"https:\/\/fujisawa-ukiyoekan.net\/f\/?page_id=3416"},"modified":"2026-02-25T13:23:02","modified_gmt":"2026-02-25T04:23:02","slug":"collections-18-es","status":"publish","type":"page","link":"https:\/\/fujisawa-ukiyoekan.net\/f\/collections-18-es\/","title":{"rendered":"\u5c55\u793a\u5185\u5bb9\u7d39\u4ecb\u3000\u6d6e\u4e16\u7d75\u3067\u3081\u3050\u308b\u660e\u6cbb\u306e\u6771\u6d77\u9053\u3068\u85e4\u6ca2\u3000\u6771\u6d77\u540d\u6240\u6539\u6b63\u9053\u4e2d\u8a18\t\uff08\u30b9\u30da\u30a4\u30f3\u8a9e\uff09"},"content":{"rendered":"<section id=\"top\" class=\"bc-section\">\n<div class=\"container\">\n<ol class=\"breadcrumb\">\n<li><a href=\"\/f\/home-es\">HOME<\/a><\/li>\n<li class=\"active\">Introducci\u00f3n al contenido de la exposici\u00f3n<\/li>\n<\/ol>\n<\/div>\n<\/section>\n<section id=\"txt\" class=\"home-section\">\n<div class=\"container\">\n<div class=\"row\">\n<div class=\"txtArea\">\n<h3 id=\"collections-title\">T\u014dkai Meisho Kaisei D\u014dch\u016bki (Gu\u00eda de Sitios C\u00e9lebres en la v\u00eda de T\u014dkai): Ukiyo-e de la era Meiji sobre la v\u00eda de T\u014dkaid\u014d y Fujisawa<\/h3>\n<h4>Contenido de la exposici\u00f3n<\/h4>\n<div class=\"txtBox\">\n<p id=\"collections-p\">Los muchos y variados paisajes y escenas en los grabados de la v\u00eda de T\u014dkaid\u014d que surgieron durante el per\u00edodo de Edo, se vieron repentinamente transformados por el impacto de las culturas extranjeras al llegar era Meiji. Entre ellas, resaltan las reconocidas obras del 3er Maestro Hiroshige de la serie T\u014dkai Meisho Kaisei D\u014dch\u016bki (Gu\u00eda de Sitios C\u00e9lebres en la v\u00eda de T\u014dkai), donde ha grabado de forma v\u00edvida el cambio de los paisajes y escenas de la v\u00eda de T\u014dkaid\u014d durante la era Meiji.<br \/>\nEn esta exposici\u00f3n presentamos todas las 60 obras de la serie de T\u014dkai Meisho Kaisei D\u014dch\u016bki, conjunto a ukiyo-e, ilustraciones, grabados calcogr\u00e1ficos, fotograf\u00edas y otras, mostrando los cambios en la v\u00eda de T\u014dkaid\u014d durante la era Meiji.<\/p>\n<\/div>\n<div class=\"itemArea\">\n<!--\u6771\u6d77\u9053\u4e94\u5341\u4e09\u6b21\u30b3\u30fc\u30ca\u30fc--><\/p>\n<div class=\"itemBox muchigh col-xs-12 col-sm-4 col-md-3\" style=\"height: 400px;\">\n<h5>Rinc\u00f3n de la serie Las cincuenta y tres estaciones de Tokaido<\/h5>\n<p class=\"imgbox\"><img decoding=\"async\" id=\"collections-toukai-img\" src=\"\/resources\/i\/materials\/220\/resources\/uki10522.jpg\" alt=\"\"><\/p>\n<p id=\"collections-toukai-p\">Vistas famosas revisadas a lo largo de T\u014dkai No.2: terminal de carga de Shiodome, Shinbashi<\/div>\n<p><!--\u85e4\u6ca2\u5bbf\u30b3\u30fc\u30ca\u30fc--><\/p>\n<div class=\"itemBox muchigh col-xs-12 col-sm-4 col-md-3\" style=\"height: 400px;\">\n<h5>Rinc\u00f3n de la posada Fujisawa<\/h5>\n<p class=\"imgbox\"><img decoding=\"async\" id=\"collections-hujisawa-img\" src=\"\/resources\/i\/materials\/220\/resources\/uki10535.jpg\" border=\"0\" alt=\"\"><\/p>\n<p id=\"collections-hujisawa-p\">Vistas famosas revisadas a lo largo del T\u014dkai n.\u00ba 15: Pantano de Fuji, Hara<\/div>\n<p><!--\u6c5f\u306e\u5cf6\u30b3\u30fc\u30ca\u30fc--><\/p>\n<div class=\"itemBox muchigh col-xs-12 col-sm-4 col-md-3\" style=\"height: 400px;\">\n<h5>Rinc\u00f3n de Enoshima<br \/><\/h5>\n<p class=\"imgbox\"><img decoding=\"async\" id=\"collections-enoshima-img\" src=\"\/resources\/i\/materials\/220\/resources\/4oDkjQbH.jpg\" border=\"0\" alt=\"\"><\/p>\n<p id=\"collections-enoshima-p\">Vistas famosas de Jap\u00f3n: Enoshima<\/div>\n<p><!--\u4f01\u753b\u5c55\u793a\u30b3\u30fc\u30ca\u30fc--><\/p>\n<div class=\"itemBox muchigh col-xs-12 col-sm-4 col-md-3\" style=\"height: 400px;\">\n<h5>Rinc\u00f3n especial de exposiciones<\/h5>\n<p class=\"imgbox\"><img decoding=\"async\" id=\"collections-kikaku-img\" src=\"\/resources\/i\/materials\/220\/resources\/uki10579.jpg\" border=\"0\" alt=\"\"><\/p>\n<p id=\"collections-kikaku-p\">Vistas famosas revisadas a lo largo del T\u014dkai n.\u00ba 58: Puente \u014chashi en Sanj\u014d, Saiky\u014d<\/div>\n<\/div>\n<p><a href=\"\/f\/archive-en\"><button type=\"button\" class=\"btnnex\">Archivo de exposiciones<\/button><\/a><\/p>\n<\/div>\n<\/div>\n<\/div>\n<\/section>\n","protected":false},"excerpt":{"rendered":"<p>HOME Introducci\u00f3n al contenido de la exposici\u00f3n T\u014dkai Meisho Kaisei D\u014dch\u016bki (Gu\u00eda de Sitios C\u00e9lebres en la v\u00eda [&hellip;]<\/p>\n","protected":false},"author":1,"featured_media":0,"parent":0,"menu_order":0,"comment_status":"closed","ping_status":"closed","template":"page-es.php","meta":{"footnotes":""},"class_list":["post-3416","page","type-page","status-publish","hentry"],"_links":{"self":[{"href":"https:\/\/fujisawa-ukiyoekan.net\/f\/wp-json\/wp\/v2\/pages\/3416","targetHints":{"allow":["GET"]}}],"collection":[{"href":"https:\/\/fujisawa-ukiyoekan.net\/f\/wp-json\/wp\/v2\/pages"}],"about":[{"href":"https:\/\/fujisawa-ukiyoekan.net\/f\/wp-json\/wp\/v2\/types\/page"}],"author":[{"embeddable":true,"href":"https:\/\/fujisawa-ukiyoekan.net\/f\/wp-json\/wp\/v2\/users\/1"}],"replies":[{"embeddable":true,"href":"https:\/\/fujisawa-ukiyoekan.net\/f\/wp-json\/wp\/v2\/comments?post=3416"}],"version-history":[{"count":2,"href":"https:\/\/fujisawa-ukiyoekan.net\/f\/wp-json\/wp\/v2\/pages\/3416\/revisions"}],"predecessor-version":[{"id":4096,"href":"https:\/\/fujisawa-ukiyoekan.net\/f\/wp-json\/wp\/v2\/pages\/3416\/revisions\/4096"}],"wp:attachment":[{"href":"https:\/\/fujisawa-ukiyoekan.net\/f\/wp-json\/wp\/v2\/media?parent=3416"}],"curies":[{"name":"wp","href":"https:\/\/api.w.org\/{rel}","templated":true}]}}