{"id":3189,"date":"2025-02-28T13:51:32","date_gmt":"2025-02-28T04:51:32","guid":{"rendered":"https:\/\/fujisawa-ukiyoekan.net\/f\/?page_id=3189"},"modified":"2026-02-25T13:20:10","modified_gmt":"2026-02-25T04:20:10","slug":"collections-17-pt","status":"publish","type":"page","link":"https:\/\/fujisawa-ukiyoekan.net\/f\/collections-17-pt\/","title":{"rendered":"\u5c55\u793a\u5185\u5bb9\u7d39\u4ecb\u3000\u85e4\u6ca2\u3068\u6c5f\u6238\u306e\u51fa\u7248\u4e8b\u60c5 \uff5e\u8526\u5c4b\u91cd\u4e09\u90ce\u3068\u7d75\u5e2b\u305f\u3061\uff5e\uff08\u30dd\u30eb\u30c8\u30ac\u30eb\u8a9e\uff09"},"content":{"rendered":"<section id=\"top\" class=\"bc-section\">\n<div class=\"container\">\n<ol class=\"breadcrumb\">\n<li><a href=\"\/f\/home-pt\">HOME<\/a><\/li>\n<li class=\"active\">Introdu\u00e7\u00e3o ao conte\u00fado da exposi\u00e7\u00e3o<\/li>\n<\/ol>\n<\/div>\n<\/section>\n<section id=\"txt\" class=\"home-section\">\n<div class=\"container\">\n<div class=\"row\">\n<div class=\"txtArea\">\n<h3 id=\"collections-title\">Fujisawa e cen\u00e1rio da ind\u00fastria editorial na cidade de Edo &#8211; o Tsutaya J\u016bzabur\u014d e os pintores &#8211; <\/h4>\n<div class=\"txtBox\">\n<p id=\"collections-p\">A exposi\u00e7\u00e3o mostra como era a ind\u00fastria editorial em dois lugares: a cidade de Edo e o ponto de parada Fujisawa, por meio de ukiyo-e e livros xilografados. Como Fujisawa era uma das paradas das 53 Esta\u00e7\u00f5es Postais de T\u014dkaid\u014d, onde importantes caminhos como o caminho de Enoshima e o de \u014cyama se encontravam, a cidade foi influenciada pela cultura de Edo e foi retratada em v\u00e1rias publica\u00e7\u00f5es. Al\u00e9m disso, a exposi\u00e7\u00e3o destaca Tsutaya J\u016bzabur\u014d, um pioneiro na ind\u00fastria editorial durante o per\u00edodo Edo.<\/p>\n<\/div>\n<div class=\"itemArea\">\n<!--\u6771\u6d77\u9053\u4e94\u5341\u4e09\u6b21\u30b3\u30fc\u30ca\u30fc--><\/p>\n<div class=\"itemBox muchigh col-xs-12 col-sm-4 col-md-3\" style=\"height: 327px;\">\n<h5>Esquina da s\u00e9rie 53 Esta\u00e7\u00f5es Postais de Toukaidou<\/h5>\n<p class=\"imgbox\"><img decoding=\"async\" id=\"collections-toukai-img\" src=\"\/resources\/i\/materials\/220\/resources\/Kz8ga3nX.jpg\" alt=\"\"><\/p>\n<p id=\"collections-toukai-p\">Toukai-douchu Hiza-kurige (passeio pela \u00e9gua de Shank pela autoestrada Toukaidou)<\/div>\n<p><!--\u85e4\u6ca2\u5bbf\u30b3\u30fc\u30ca\u30fc--><\/p>\n<div class=\"itemBox muchigh col-xs-12 col-sm-4 col-md-3\" style=\"height: 327px;\">\n<h5>Esquina da estalagem Fujisawa<\/h5>\n<p class=\"imgbox\"><img decoding=\"async\" id=\"collections-hujisawa-img\" src=\"\/resources\/material-None\/image-1_NoDEMnA.JPG\" border=\"0\" alt=\"\"><\/p>\n<p id=\"collections-hujisawa-p\">Fujisawa: Princesa Terutehime e Hiratsuka: Oguri, da s\u00e9rie \u201cAs Cinquenta e tr\u00eas Esta\u00e7\u00f5es da Autoestrada T\u014dkaid\u014d\u201d<\/div>\n<p><!--\u6c5f\u306e\u5cf6\u30b3\u30fc\u30ca\u30fc--><\/p>\n<div class=\"itemBox muchigh col-xs-12 col-sm-4 col-md-3\" style=\"height: 327px;\">\n<h5>Canto de Enoshima<\/h5>\n<p class=\"imgbox\"><img decoding=\"async\" id=\"collections-enoshima-img\" src=\"\/resources\/i\/materials\/220\/resources\/xxPQt9h1.jpg\" border=\"0\" alt=\"\"><\/p>\n<p id=\"collections-enoshima-p\">Imagem das Sete Divindades da Boa Sorte no Bort<\/div>\n<p><!--\u4f01\u753b\u5c55\u793a\u30b3\u30fc\u30ca\u30fc--><\/p>\n<div class=\"itemBox muchigh col-xs-12 col-sm-4 col-md-3\" style=\"\">\n<h5>Canto de exposi\u00e7\u00e3o especial<\/h5>\n<p class=\"imgbox\"><img decoding=\"async\" id=\"collections-kikaku-img\" src=\"\/resources\/i\/materials\/220\/resources\/uki10022.jpg\" border=\"0\" alt=\"\"><\/p>\n<p id=\"collections-kikaku-p\">&#8220;Peregrina\u00e7\u00e3o \u00e0 Ilha de Enoshima em mar\u00e7o, da s\u00e9rie Fashionable Plays of Four Seasons<br \/>\n&#8220;<\/div>\n<\/div>\n<p><a href=\"\/f\/archive-en\"><button type=\"button\" class=\"btnnex\">O Arquivo da Exposi\u00e7\u00e3o<\/button><\/a><\/p>\n<\/div>\n<\/div>\n<\/div>\n<\/section>\n","protected":false},"excerpt":{"rendered":"<p>HOME Introdu\u00e7\u00e3o ao conte\u00fado da exposi\u00e7\u00e3o Fujisawa e cen\u00e1rio da ind\u00fastria editorial na cidade de Edo &#8211; o  [&hellip;]<\/p>\n","protected":false},"author":1,"featured_media":0,"parent":0,"menu_order":0,"comment_status":"closed","ping_status":"closed","template":"page-pt.php","meta":{"footnotes":""},"class_list":["post-3189","page","type-page","status-publish","hentry"],"_links":{"self":[{"href":"https:\/\/fujisawa-ukiyoekan.net\/f\/wp-json\/wp\/v2\/pages\/3189","targetHints":{"allow":["GET"]}}],"collection":[{"href":"https:\/\/fujisawa-ukiyoekan.net\/f\/wp-json\/wp\/v2\/pages"}],"about":[{"href":"https:\/\/fujisawa-ukiyoekan.net\/f\/wp-json\/wp\/v2\/types\/page"}],"author":[{"embeddable":true,"href":"https:\/\/fujisawa-ukiyoekan.net\/f\/wp-json\/wp\/v2\/users\/1"}],"replies":[{"embeddable":true,"href":"https:\/\/fujisawa-ukiyoekan.net\/f\/wp-json\/wp\/v2\/comments?post=3189"}],"version-history":[{"count":2,"href":"https:\/\/fujisawa-ukiyoekan.net\/f\/wp-json\/wp\/v2\/pages\/3189\/revisions"}],"predecessor-version":[{"id":4062,"href":"https:\/\/fujisawa-ukiyoekan.net\/f\/wp-json\/wp\/v2\/pages\/3189\/revisions\/4062"}],"wp:attachment":[{"href":"https:\/\/fujisawa-ukiyoekan.net\/f\/wp-json\/wp\/v2\/media?parent=3189"}],"curies":[{"name":"wp","href":"https:\/\/api.w.org\/{rel}","templated":true}]}}