{"id":3185,"date":"2025-02-28T13:50:24","date_gmt":"2025-02-28T04:50:24","guid":{"rendered":"https:\/\/fujisawa-ukiyoekan.net\/f\/?page_id=3185"},"modified":"2026-02-25T13:20:14","modified_gmt":"2026-02-25T04:20:14","slug":"collections-17-fr","status":"publish","type":"page","link":"https:\/\/fujisawa-ukiyoekan.net\/f\/collections-17-fr\/","title":{"rendered":"\u5c55\u793a\u5185\u5bb9\u7d39\u4ecb\u3000\u85e4\u6ca2\u3068\u6c5f\u6238\u306e\u51fa\u7248\u4e8b\u60c5 \uff5e\u8526\u5c4b\u91cd\u4e09\u90ce\u3068\u7d75\u5e2b\u305f\u3061\uff5e\uff08\u30d5\u30e9\u30f3\u30b9\u8a9e\uff09"},"content":{"rendered":"<section id=\"top\" class=\"bc-section\">\n<div class=\"container\">\n<ol class=\"breadcrumb\">\n<li><a href=\"\/f\/home-fr\">HOME<\/a><\/li>\n<li class=\"active\">Introduction \u00e0 l&#8217;exposition<\/li>\n<\/ol>\n<\/div>\n<\/section>\n<section id=\"txt\" class=\"home-section\">\n<div class=\"container\">\n<div class=\"row\">\n<div class=\"txtArea\">\n<h3 id=\"collections-title\">Circonstances des publications \u00e0 Edo et \u00e0 Fujisawa &#8211; Tsutaya J\u016bzabur\u014d et les peintres &#8211;<\/h3>\n<h4><ruby>Introduction \u00e0 l&#8217;exposition<\/h4>\n<div class=\"txtBox\">\n<p id=\"collections-p\">Nous pr\u00e9sentons les circonstances des publications conjointes des \u00e9tapes \u00e0 Fujisawa et dans la ville d\u2019Edo, \u00e0 partir d\u2019\u00e9ditions et d\u2019Ukiyo-e nous appartenant. Comme Fujisawa, une \u00e9tape sur les 53 stations du T\u014dkaid\u014d, a un r\u00e9seau de circulation essentiel tel que les routes \u014cyama-michi et Enoshima-michi, elle est devenue le th\u00e8me de diverses publications tout en recevant une influence culturelle dans la ville d\u2019Edo.<br \/>\nDe plus, nous vous pr\u00e9sentons aussi Tsutaya J\u016bzabur\u014d qui fut une personne essentielle dans le secteur de l\u2019\u00e9dition \u00e0 l\u2019\u00e9poque d\u2019Edo.<\/p>\n<\/div>\n<div class=\"itemArea\">\n<!--\u6771\u6d77\u9053\u4e94\u5341\u4e09\u6b21\u30b3\u30fc\u30ca\u30fc--><\/p>\n<div class=\"itemBox muchigh col-xs-12 col-sm-4 col-md-3\" style=\"height: 327px;\">\n<h5>Coin de s\u00e9rie \u00ab Les Cinquante-trois Relais du T\u014dkaid\u014d \u00bb<\/h5>\n<p class=\"imgbox\"><img decoding=\"async\" id=\"collections-toukai-img\" src=\"\/resources\/i\/materials\/220\/resources\/Kz8ga3nX.jpg\" alt=\"\"><\/p>\n<p id=\"collections-toukai-p\">Toukai-douchu Hiza-kurige (Tour en mare de Shank por la autopista Toukaidou)<\/div>\n<p><!--\u85e4\u6ca2\u5bbf\u30b3\u30fc\u30ca\u30fc--><\/p>\n<div class=\"itemBox muchigh col-xs-12 col-sm-4 col-md-3\" style=\"height: 327px;\">\n<h5>Coin de l&#8217;auberge Fujisawa<\/h5>\n<p class=\"imgbox\"><img decoding=\"async\" id=\"collections-hujisawa-img\" src=\"\/resources\/material-None\/image-1_NoDEMnA.JPG\" border=\"0\" alt=\"\"><\/p>\n<p id=\"collections-hujisawa-p\">Fujisawa: Princesa Terutehime e Hiratsuka: Oguri, de la serie \u201cCincuenta y tres estaciones de la autopista T\u014dkaid\u014d\u201d<\/div>\n<p><!--\u6c5f\u306e\u5cf6\u30b3\u30fc\u30ca\u30fc--><\/p>\n<div class=\"itemBox muchigh col-xs-12 col-sm-4 col-md-3\" style=\"height: 327px;\">\n<h5>Coin Enoshima<\/h5>\n<p class=\"imgbox\"><img decoding=\"async\" id=\"collections-enoshima-img\" src=\"\/resources\/i\/materials\/220\/resources\/xxPQt9h1.jpg\" border=\"0\" alt=\"\"><\/p>\n<p id=\"collections-enoshima-p\">Imagen de las Siete Deidades de la Buena Suerte en el Bort<\/div>\n<p><!--\u4f01\u753b\u5c55\u793a\u30b3\u30fc\u30ca\u30fc--><\/p>\n<div class=\"itemBox muchigh col-xs-12 col-sm-4 col-md-3\" style=\"\">\n<h5>Coin des expositions sp\u00e9ciales<\/h5>\n<p class=\"imgbox\"><img decoding=\"async\" id=\"collections-kikaku-img\" src=\"\/resources\/i\/materials\/220\/resources\/uki10022.jpg\" border=\"0\" alt=\"\"><\/p>\n<p id=\"collections-kikaku-p\">Peregrinaci\u00f3n a la isla de Enoshima en marzo, de la serie Fashionable Plays of Four Seasons<\/div>\n<\/div>\n<p><a href=\"\/f\/archive-en\"><button type=\"button\" class=\"btnnex\">Les archives de l&#8217;exposition<\/button><\/a><\/p>\n<\/div>\n<\/div>\n<\/div>\n<\/section>\n","protected":false},"excerpt":{"rendered":"<p>HOME Introduction \u00e0 l&#8217;exposition Circonstances des publications \u00e0 Edo et \u00e0 Fujisawa &#8211; Tsutaya J\u016bza [&hellip;]<\/p>\n","protected":false},"author":1,"featured_media":0,"parent":0,"menu_order":0,"comment_status":"closed","ping_status":"closed","template":"page-fr.php","meta":{"footnotes":""},"class_list":["post-3185","page","type-page","status-publish","hentry"],"_links":{"self":[{"href":"https:\/\/fujisawa-ukiyoekan.net\/f\/wp-json\/wp\/v2\/pages\/3185","targetHints":{"allow":["GET"]}}],"collection":[{"href":"https:\/\/fujisawa-ukiyoekan.net\/f\/wp-json\/wp\/v2\/pages"}],"about":[{"href":"https:\/\/fujisawa-ukiyoekan.net\/f\/wp-json\/wp\/v2\/types\/page"}],"author":[{"embeddable":true,"href":"https:\/\/fujisawa-ukiyoekan.net\/f\/wp-json\/wp\/v2\/users\/1"}],"replies":[{"embeddable":true,"href":"https:\/\/fujisawa-ukiyoekan.net\/f\/wp-json\/wp\/v2\/comments?post=3185"}],"version-history":[{"count":3,"href":"https:\/\/fujisawa-ukiyoekan.net\/f\/wp-json\/wp\/v2\/pages\/3185\/revisions"}],"predecessor-version":[{"id":4063,"href":"https:\/\/fujisawa-ukiyoekan.net\/f\/wp-json\/wp\/v2\/pages\/3185\/revisions\/4063"}],"wp:attachment":[{"href":"https:\/\/fujisawa-ukiyoekan.net\/f\/wp-json\/wp\/v2\/media?parent=3185"}],"curies":[{"name":"wp","href":"https:\/\/api.w.org\/{rel}","templated":true}]}}