{"id":3179,"date":"2025-02-28T13:46:58","date_gmt":"2025-02-28T04:46:58","guid":{"rendered":"https:\/\/fujisawa-ukiyoekan.net\/f\/?page_id=3179"},"modified":"2026-02-25T13:40:21","modified_gmt":"2026-02-25T04:40:21","slug":"collections-17-es","status":"publish","type":"page","link":"https:\/\/fujisawa-ukiyoekan.net\/f\/collections-17-es\/","title":{"rendered":"\u5c55\u793a\u5185\u5bb9\u7d39\u4ecb\u3000\u85e4\u6ca2\u3068\u6c5f\u6238\u306e\u51fa\u7248\u4e8b\u60c5 \uff5e\u8526\u5c4b\u91cd\u4e09\u90ce\u3068\u7d75\u5e2b\u305f\u3061\uff5e\uff08\u30b9\u30da\u30a4\u30f3\u8a9e\uff09"},"content":{"rendered":"<section id=\"top\" class=\"bc-section\">\n<div class=\"container\">\n<ol class=\"breadcrumb\">\n<li><a href=\"\/f\/home-es\">HOME<\/a><\/li>\n<li class=\"active\">Introducci\u00f3n al contenido de la exposici\u00f3n<\/li>\n<\/ol>\n<\/div>\n<\/section>\n<section id=\"txt\" class=\"home-section\">\n<div class=\"container\">\n<div class=\"row\">\n<div class=\"txtArea\">\n<h3 id=\"collections-title\">El statu quo de la imprenta de grabados en Fujisawa y Edo &#8211; Tsutaya J\u016bzabur\u014d y los pintores de la \u00e9poca &#8211; <\/h3>\n<h4>Contenido de la exposici\u00f3n<\/h4>\n<div class=\"txtBox\">\n<p id=\"collections-p\">Con esta colecci\u00f3n de ukiyo-e y grabados, presentamos el statu quo de la imprenta de grabados en la ciudad de Edo y la posta de Fujisawa. En Fujisawa se hallan, entre otras, la 53era posta de la antigua v\u00eda de T\u014dkaid\u014d, la v\u00eda de Enoshima y la v\u00eda de \u014cyama, importantes redes viales y tema de muchos grabados impresos de la \u00e9poca, los cuales fueron impactados por la cultura de la ciudad de Edo.<br \/>\nAqu\u00ed tambi\u00e9n se presenta a la figura m\u00e1s destacada de la imprenta de grabados en el per\u00edodo Edo, Tsutaya J\u016bzabur\u014d.<\/p>\n<\/div>\n<div class=\"itemArea\">\n<!--\u6771\u6d77\u9053\u4e94\u5341\u4e09\u6b21\u30b3\u30fc\u30ca\u30fc--><\/p>\n<div class=\"itemBox muchigh col-xs-12 col-sm-4 col-md-3\" style=\"height: 400px;\">\n<h5>Rinc\u00f3n de la serie Las cincuenta y tres estaciones de Tokaido<\/h5>\n<p class=\"imgbox\"><img decoding=\"async\" id=\"collections-toukai-img\" src=\"\/resources\/i\/materials\/220\/resources\/Kz8ga3nX.jpg\" alt=\"\"><\/p>\n<p id=\"collections-toukai-p\">Toukai-douchu Hiza-kurige (Tour en mare de Shank por la autopista Toukaidou)<\/div>\n<p><!--\u85e4\u6ca2\u5bbf\u30b3\u30fc\u30ca\u30fc--><\/p>\n<div class=\"itemBox muchigh col-xs-12 col-sm-4 col-md-3\" style=\"height: 400px;\">\n<h5>Rinc\u00f3n de la posada Fujisawa<\/h5>\n<p class=\"imgbox\"><img decoding=\"async\" id=\"collections-hujisawa-img\" src=\"\/resources\/material-None\/image-1_NoDEMnA.JPG\" border=\"0\" alt=\"\"><\/p>\n<p id=\"collections-hujisawa-p\">Fujisawa : Princesse Terutehime et Hiratsuka : Oguri, de la s\u00e9rie \u00ab Cinquante-trois stations de l&#8217;autoroute T\u014dkaid\u014d \u00bb<\/div>\n<p><!--\u6c5f\u306e\u5cf6\u30b3\u30fc\u30ca\u30fc--><\/p>\n<div class=\"itemBox muchigh col-xs-12 col-sm-4 col-md-3\" style=\"height: 400px;\">\n<h5>Rinc\u00f3n de Enoshima<\/h5>\n<p class=\"imgbox\"><img decoding=\"async\" id=\"collections-enoshima-img\" src=\"\/resources\/i\/materials\/220\/resources\/xxPQt9h1.jpg\" border=\"0\" alt=\"\"><\/p>\n<p id=\"collections-enoshima-p\">Image des sept divinit\u00e9s de la bonne chance sur le Bort<\/div>\n<p><!--\u4f01\u753b\u5c55\u793a\u30b3\u30fc\u30ca\u30fc--><\/p>\n<div class=\"itemBox muchigh col-xs-12 col-sm-4 col-md-3\" style=\"height: 400px;\">\n<h5>Rinc\u00f3n especial de exposiciones<\/h5>\n<p class=\"imgbox\"><img decoding=\"async\" id=\"collections-kikaku-img\" src=\"\/resources\/i\/materials\/220\/resources\/uki10022.jpg\" border=\"0\" alt=\"\"><\/p>\n<p id=\"collections-kikaku-p\">P\u00e8lerinage sur l&#8217;\u00eele d&#8217;Enoshima en mars, de la s\u00e9rie Fashionable Plays of Four Seasons<\/div>\n<\/div>\n<p><a href=\"\/f\/archive-en\"><button type=\"button\" class=\"btnnex\">Archivo de exposiciones<\/button><\/a><\/p>\n<\/div>\n<\/div>\n<\/div>\n<\/section>\n","protected":false},"excerpt":{"rendered":"<p>HOME Introducci\u00f3n al contenido de la exposici\u00f3n El statu quo de la imprenta de grabados en Fujisawa y Edo &#038;#82 [&hellip;]<\/p>\n","protected":false},"author":1,"featured_media":0,"parent":0,"menu_order":0,"comment_status":"closed","ping_status":"closed","template":"page-es.php","meta":{"footnotes":""},"class_list":["post-3179","page","type-page","status-publish","hentry"],"_links":{"self":[{"href":"https:\/\/fujisawa-ukiyoekan.net\/f\/wp-json\/wp\/v2\/pages\/3179","targetHints":{"allow":["GET"]}}],"collection":[{"href":"https:\/\/fujisawa-ukiyoekan.net\/f\/wp-json\/wp\/v2\/pages"}],"about":[{"href":"https:\/\/fujisawa-ukiyoekan.net\/f\/wp-json\/wp\/v2\/types\/page"}],"author":[{"embeddable":true,"href":"https:\/\/fujisawa-ukiyoekan.net\/f\/wp-json\/wp\/v2\/users\/1"}],"replies":[{"embeddable":true,"href":"https:\/\/fujisawa-ukiyoekan.net\/f\/wp-json\/wp\/v2\/comments?post=3179"}],"version-history":[{"count":3,"href":"https:\/\/fujisawa-ukiyoekan.net\/f\/wp-json\/wp\/v2\/pages\/3179\/revisions"}],"predecessor-version":[{"id":4123,"href":"https:\/\/fujisawa-ukiyoekan.net\/f\/wp-json\/wp\/v2\/pages\/3179\/revisions\/4123"}],"wp:attachment":[{"href":"https:\/\/fujisawa-ukiyoekan.net\/f\/wp-json\/wp\/v2\/media?parent=3179"}],"curies":[{"name":"wp","href":"https:\/\/api.w.org\/{rel}","templated":true}]}}