{"id":3054,"date":"2024-12-16T11:45:41","date_gmt":"2024-12-16T02:45:41","guid":{"rendered":"https:\/\/fujisawa-ukiyoekan.net\/f\/?page_id=3054"},"modified":"2026-02-25T13:24:09","modified_gmt":"2026-02-25T04:24:09","slug":"collections-16-pt","status":"publish","type":"page","link":"https:\/\/fujisawa-ukiyoekan.net\/f\/collections-16-pt\/","title":{"rendered":"\u5c55\u793a\u5185\u5bb9\u7d39\u4ecb\u3000\u6c5f\u6238\u306e\u796d\u795e\u3000\u5f01\u8ca1\u5929\u3068\u4e0d\u52d5\u660e\u738b\uff08\u30dd\u30eb\u30c8\u30ac\u30eb\u8a9e\uff09"},"content":{"rendered":"<section id=\"top\" class=\"bc-section\">\n<div class=\"container\">\n<ol class=\"breadcrumb\">\n<li><a href=\"\/f\/home-pt\">HOME<\/a><\/li>\n<li class=\"active\">Introdu\u00e7\u00e3o ao conte\u00fado da exposi\u00e7\u00e3o<\/li>\n<\/ol>\n<\/div>\n<\/section>\n<section id=\"txt\" class=\"home-section\">\n<div class=\"container\">\n<div class=\"row\">\n<div class=\"txtArea\">\n<h3 id=\"collections-title\">Divindades de Edo: Deusas dos Mares, \u00c1guas, a Fortuna, a Riqueza e Acala<\/h4>\n<div class=\"txtBox\">\n<p id=\"collections-p\">Com o ukiyo-e que refletem a cren\u00e7a nas Deusas dos Mares, \u00c1guas, a Fortuna e a Riqueza de Enoshima e no Acala do Monte Narita, a exposi\u00e7\u00e3o mostra como era a cren\u00e7a e o estilo de vida durante o per\u00edodo Edo. Neste per\u00edodo, as peregrina\u00e7\u00f5es eram amplamente praticadas entre os fi\u00e9is e apreciadores de viagens a templos e santu\u00e1rios devido \u00e0 exibi\u00e7\u00e3o de est\u00e1tuas e obras budistas preservadas em lugares sagrados. Com esse movimento, Enoshima, localizado em Fujisawa, e o Monte Narita tamb\u00e9m recebiam muitos peregrinos. A exposi\u00e7\u00e3o destaca as caracter\u00edsticas e particularidades desses locais, fazendo uma compara\u00e7\u00e3o entre eles.<\/p>\n<\/div>\n<div class=\"itemArea\">\n<!--\u6771\u6d77\u9053\u4e94\u5341\u4e09\u6b21\u30b3\u30fc\u30ca\u30fc--><\/p>\n<div class=\"itemBox muchigh col-xs-12 col-sm-4 col-md-3\" style=\"height: 327px;\">\n<h5>Esquina da s\u00e9rie 53 Esta\u00e7\u00f5es Postais de Toukaidou<\/h5>\n<p class=\"imgbox\"><img decoding=\"async\" id=\"collections-toukai-img\" src=\"\/resources\/i\/materials\/220\/resources\/uki10031.jpg\" alt=\"\"><\/p>\n<p id=\"collections-toukai-p\">O Port\u00e3o de Iwaya (Caverna do Mar) da Ilha Enoshima na prov\u00edncia de Sagami, da s\u00e9rie Lugares Famosos em Sessenta e Estranhas Prov\u00edncias<\/div>\n<p><!--\u85e4\u6ca2\u5bbf\u30b3\u30fc\u30ca\u30fc--><\/p>\n<div class=\"itemBox muchigh col-xs-12 col-sm-4 col-md-3\" style=\"height: 327px;\">\n<h5>Esquina da estalagem Fujisawa<\/h5>\n<p class=\"imgbox\"><img decoding=\"async\" id=\"collections-hujisawa-img\" src=\"\/resources\/material-None\/image-1_QPFjWCf.jpg\" border=\"0\" alt=\"\"><\/p>\n<p id=\"collections-hujisawa-p\">pergaminhos de yuzu nenbutsu\u3000\uff08manuscrito\uff09<\/div>\n<p><!--\u6c5f\u306e\u5cf6\u30b3\u30fc\u30ca\u30fc--><\/p>\n<div class=\"itemBox muchigh col-xs-12 col-sm-4 col-md-3\" style=\"height: 327px;\">\n<h5>Canto de Enoshima<\/h5>\n<p class=\"imgbox\"><img decoding=\"async\" id=\"collections-enoshima-img\" src=\"\/resources\/i\/materials\/220\/resources\/uki10053.jpg\" border=\"0\" alt=\"\"><\/p>\n<p id=\"collections-enoshima-p\">Multid\u00e3o de peregrinos reunidos no Enoshima Benzaiten na prov\u00edncia de Sagami para a cerim\u00f4nia Kaichou.<\/div>\n<p><!--\u4f01\u753b\u5c55\u793a\u30b3\u30fc\u30ca\u30fc--><\/p>\n<div class=\"itemBox muchigh col-xs-12 col-sm-4 col-md-3\" style=\"\">\n<h5>Canto de exposi\u00e7\u00e3o especial<\/h5>\n<p class=\"imgbox\"><img decoding=\"async\" id=\"collections-kikaku-img\" src=\"\/resources\/material-None\/image-1_XOO2bI8.jpg\" border=\"0\" alt=\"\"><\/p>\n<p id=\"collections-kikaku-p\">Nachi no Taki Chikai no Mongaku \u3000Padre Mongaku\u3000Penit\u00eancia nas Cataratas de Nachi<\/div>\n<\/div>\n<p><a href=\"\/f\/archive-en\"><button type=\"button\" class=\"btnnex\">The Exhibition Archive<\/button><\/a><\/p>\n<\/div>\n<\/div>\n<\/div>\n<\/section>\n","protected":false},"excerpt":{"rendered":"<p>HOME Introdu\u00e7\u00e3o ao conte\u00fado da exposi\u00e7\u00e3o Divindades de Edo: Deusas dos Mares, \u00c1guas, a Fortuna, a Riqueza e Ac [&hellip;]<\/p>\n","protected":false},"author":1,"featured_media":0,"parent":0,"menu_order":0,"comment_status":"closed","ping_status":"closed","template":"page-pt.php","meta":{"footnotes":""},"class_list":["post-3054","page","type-page","status-publish","hentry"],"_links":{"self":[{"href":"https:\/\/fujisawa-ukiyoekan.net\/f\/wp-json\/wp\/v2\/pages\/3054","targetHints":{"allow":["GET"]}}],"collection":[{"href":"https:\/\/fujisawa-ukiyoekan.net\/f\/wp-json\/wp\/v2\/pages"}],"about":[{"href":"https:\/\/fujisawa-ukiyoekan.net\/f\/wp-json\/wp\/v2\/types\/page"}],"author":[{"embeddable":true,"href":"https:\/\/fujisawa-ukiyoekan.net\/f\/wp-json\/wp\/v2\/users\/1"}],"replies":[{"embeddable":true,"href":"https:\/\/fujisawa-ukiyoekan.net\/f\/wp-json\/wp\/v2\/comments?post=3054"}],"version-history":[{"count":2,"href":"https:\/\/fujisawa-ukiyoekan.net\/f\/wp-json\/wp\/v2\/pages\/3054\/revisions"}],"predecessor-version":[{"id":4109,"href":"https:\/\/fujisawa-ukiyoekan.net\/f\/wp-json\/wp\/v2\/pages\/3054\/revisions\/4109"}],"wp:attachment":[{"href":"https:\/\/fujisawa-ukiyoekan.net\/f\/wp-json\/wp\/v2\/media?parent=3054"}],"curies":[{"name":"wp","href":"https:\/\/api.w.org\/{rel}","templated":true}]}}