{"id":3051,"date":"2024-12-16T11:44:15","date_gmt":"2024-12-16T02:44:15","guid":{"rendered":"https:\/\/fujisawa-ukiyoekan.net\/f\/?page_id=3051"},"modified":"2026-02-25T13:24:14","modified_gmt":"2026-02-25T04:24:14","slug":"collections-16-fr","status":"publish","type":"page","link":"https:\/\/fujisawa-ukiyoekan.net\/f\/collections-16-fr\/","title":{"rendered":"\u5c55\u793a\u5185\u5bb9\u7d39\u4ecb\u3000\u6c5f\u6238\u306e\u796d\u795e\u3000\u5f01\u8ca1\u5929\u3068\u4e0d\u52d5\u660e\u738b\uff08\u30d5\u30e9\u30f3\u30b9\u8a9e\uff09"},"content":{"rendered":"<section id=\"top\" class=\"bc-section\">\n<div class=\"container\">\n<ol class=\"breadcrumb\">\n<li><a href=\"\/f\/home-fr\">HOME<\/a><\/li>\n<li class=\"active\">Introduction \u00e0 l&#8217;exposition<\/li>\n<\/ol>\n<\/div>\n<\/section>\n<section id=\"txt\" class=\"home-section\">\n<div class=\"container\">\n<div class=\"row\">\n<div class=\"txtArea\">\n<h3 id=\"collections-title\">Divinit\u00e9s consacr\u00e9es \u00e0 Edo : Benzaiten et Fud\u014d My\u014d-\u014d<\/h3>\n<h4><ruby>Introduction \u00e0 l&#8217;exposition<\/h4>\n<div class=\"txtBox\">\n<p id=\"collections-p\">Nous exposons des Ukiyo-e ayant pour th\u00e8me la croyance en Fud\u014d My\u014d-\u014d au Narita-san et en Benzaiten \u00e0 Enoshima, et pr\u00e9sentons la vie des gens et les croyances \u00e0 l\u2019\u00e9poque d\u2019Edo.<br \/>\nA l\u2019\u00e9poque d\u2019Edo, la visite des temple \u00e9tait pratiqu\u00e9e avec ferveur par les croyants ou les p\u00e8lerins en g\u00e9n\u00e9ral, avec le Gokaich\u014d notamment pour les Hibutsu des Jisha Bukkaku. Le p\u00e8lerinage de Narita-san M\u014dde et le p\u00e8lerinage d\u2019Enoshima M\u014dde \u00e0 Fujisawa en faisaient aussi partie. Nous comparons les divinit\u00e9s consacr\u00e9es de part et d\u2019autre, et vous pr\u00e9sentons leurs caract\u00e9ristiques.\n<\/p>\n<\/div>\n<div class=\"itemArea\">\n<!--\u6771\u6d77\u9053\u4e94\u5341\u4e09\u6b21\u30b3\u30fc\u30ca\u30fc--><\/p>\n<div class=\"itemBox muchigh col-xs-12 col-sm-4 col-md-3\" style=\"height: 327px;\">\n<h5>Coin de s\u00e9rie \u00ab Les Cinquante-trois Relais du T\u014dkaid\u014d \u00bb<\/h5>\n<p class=\"imgbox\"><img decoding=\"async\" id=\"collections-toukai-img\" src=\"\/resources\/i\/materials\/220\/resources\/uki10031.jpg\" alt=\"\"><\/p>\n<p id=\"collections-toukai-p\">La porte d&#8217;Iwaya (grotte marine) de l&#8217;\u00eele d&#8217;Enoshima dans la province de Sagami, de la s\u00e9rie Lieux c\u00e9l\u00e8bres dans soixante-et-une provinces<\/div>\n<p><!--\u85e4\u6ca2\u5bbf\u30b3\u30fc\u30ca\u30fc--><\/p>\n<div class=\"itemBox muchigh col-xs-12 col-sm-4 col-md-3\" style=\"height: 327px;\">\n<h5>Coin de l&#8217;auberge Fujisawa<\/h5>\n<p class=\"imgbox\"><img decoding=\"async\" id=\"collections-hujisawa-img\" src=\"\/resources\/material-None\/image-1_QPFjWCf.jpg\" border=\"0\" alt=\"\"><\/p>\n<p id=\"collections-hujisawa-p\">parchemins de yuzu nenbutsu\u3000 \uff08sc\u00e9nario manuscript\uff5d<\/div>\n<p><!--\u6c5f\u306e\u5cf6\u30b3\u30fc\u30ca\u30fc--><\/p>\n<div class=\"itemBox muchigh col-xs-12 col-sm-4 col-md-3\" style=\"height: 327px;\">\n<h5>Coin Enoshima<\/h5>\n<p class=\"imgbox\"><img decoding=\"async\" id=\"collections-enoshima-img\" src=\"\/resources\/i\/materials\/220\/resources\/uki10053.jpg\" border=\"0\" alt=\"\"><\/p>\n<p id=\"collections-enoshima-p\">Foule de p\u00e8lerins r\u00e9unis au Benzaiten d&#8217;Enoshima de la province de Sagami pour la C\u00e9r\u00e9monie Kaich\u014d<\/div>\n<p><!--\u4f01\u753b\u5c55\u793a\u30b3\u30fc\u30ca\u30fc--><\/p>\n<div class=\"itemBox muchigh col-xs-12 col-sm-4 col-md-3\" style=\"\">\n<h5>Coin des expositions sp\u00e9ciales<\/h5>\n<p class=\"imgbox\"><img decoding=\"async\" id=\"collections-kikaku-img\" src=\"\/resources\/material-None\/image-1_XOO2bI8.jpg\" border=\"0\" alt=\"\"><\/p>\n<p id=\"collections-kikaku-p\">Nachi no Taki Chikai no Mongaku \u3000Pr\u00eatre Mongaku\u3000P\u00e9nitence aux chutes de Nachi<\/div>\n<\/div>\n<p><a href=\"\/f\/archive-en\"><button type=\"button\" class=\"btnnex\">The Exhibition Archive<\/button><\/a><\/p>\n<\/div>\n<\/div>\n<\/div>\n<\/section>\n","protected":false},"excerpt":{"rendered":"<p>HOME Introduction \u00e0 l&#8217;exposition Divinit\u00e9s consacr\u00e9es \u00e0 Edo : Benzaiten et Fud\u014d My\u014d-\u014d Introduction \u00e0 l&#038;# [&hellip;]<\/p>\n","protected":false},"author":1,"featured_media":0,"parent":0,"menu_order":0,"comment_status":"closed","ping_status":"closed","template":"page-fr.php","meta":{"footnotes":""},"class_list":["post-3051","page","type-page","status-publish","hentry"],"_links":{"self":[{"href":"https:\/\/fujisawa-ukiyoekan.net\/f\/wp-json\/wp\/v2\/pages\/3051","targetHints":{"allow":["GET"]}}],"collection":[{"href":"https:\/\/fujisawa-ukiyoekan.net\/f\/wp-json\/wp\/v2\/pages"}],"about":[{"href":"https:\/\/fujisawa-ukiyoekan.net\/f\/wp-json\/wp\/v2\/types\/page"}],"author":[{"embeddable":true,"href":"https:\/\/fujisawa-ukiyoekan.net\/f\/wp-json\/wp\/v2\/users\/1"}],"replies":[{"embeddable":true,"href":"https:\/\/fujisawa-ukiyoekan.net\/f\/wp-json\/wp\/v2\/comments?post=3051"}],"version-history":[{"count":3,"href":"https:\/\/fujisawa-ukiyoekan.net\/f\/wp-json\/wp\/v2\/pages\/3051\/revisions"}],"predecessor-version":[{"id":4110,"href":"https:\/\/fujisawa-ukiyoekan.net\/f\/wp-json\/wp\/v2\/pages\/3051\/revisions\/4110"}],"wp:attachment":[{"href":"https:\/\/fujisawa-ukiyoekan.net\/f\/wp-json\/wp\/v2\/media?parent=3051"}],"curies":[{"name":"wp","href":"https:\/\/api.w.org\/{rel}","templated":true}]}}