{"id":3048,"date":"2024-12-16T11:42:46","date_gmt":"2024-12-16T02:42:46","guid":{"rendered":"https:\/\/fujisawa-ukiyoekan.net\/f\/?page_id=3048"},"modified":"2026-02-25T13:24:17","modified_gmt":"2026-02-25T04:24:17","slug":"collections-16-es","status":"publish","type":"page","link":"https:\/\/fujisawa-ukiyoekan.net\/f\/collections-16-es\/","title":{"rendered":"\u5c55\u793a\u5185\u5bb9\u7d39\u4ecb\u3000\u6c5f\u6238\u306e\u796d\u795e\u3000\u5f01\u8ca1\u5929\u3068\u4e0d\u52d5\u660e\u738b\uff08\u30b9\u30da\u30a4\u30f3\u8a9e\uff09"},"content":{"rendered":"<section id=\"top\" class=\"bc-section\">\n<div class=\"container\">\n<ol class=\"breadcrumb\">\n<li><a href=\"\/f\/home-es\">HOME<\/a><\/li>\n<li class=\"active\">Introducci\u00f3n al contenido de la exposici\u00f3n<\/li>\n<\/ol>\n<\/div>\n<\/section>\n<section id=\"txt\" class=\"home-section\">\n<div class=\"container\">\n<div class=\"row\">\n<div class=\"txtArea\">\n<h3 id=\"collections-title\">Las deidades veneradas en el per\u00edodo Edo: Benzaiten y Fud\u014d My\u014d-\u014d<\/h3>\n<h4>Contenido de la exposici\u00f3n<\/h4>\n<div class=\"txtBox\">\n<p id=\"collections-p\">Esta exposici\u00f3n de ukiyo-e con motivos religiosos de Benzaiten (Diosa de la m\u00fasica, elocuencia y fortuna) de Enoshima y el Fud\u014d My\u014d-\u014d (El Rey de la Sabidur\u00eda Inamovible) del Templo Naritasan, muestran la fe y la vida cotidiana de la gente en el per\u00edodo Edo.<br \/>\nEn este per\u00edodo, Gokaich\u014d, o la muestra al p\u00fablico de los \u00edconos budistas usualmente ocultos en templos y santuarios, era una ocasi\u00f3n de peregrinaci\u00f3n masiva de creyentes y visitantes en general. Los peregrinajes a Enoshima en Fujisawa y al Templo Naritasan son un ejemplo de ello. Aqu\u00ed les presentamos sus caracter\u00edsticas principales, haciendo comparaciones entre ambas deidades veneradas en los respectivos santuarios.\n<\/p>\n<\/div>\n<div class=\"itemArea\">\n<!--\u6771\u6d77\u9053\u4e94\u5341\u4e09\u6b21\u30b3\u30fc\u30ca\u30fc--><\/p>\n<div class=\"itemBox muchigh col-xs-12 col-sm-4 col-md-3\" style=\"height: 400px;\">\n<h5>Rinc\u00f3n de la serie Las cincuenta y tres estaciones de Tokaido<\/h5>\n<p class=\"imgbox\"><img decoding=\"async\" id=\"collections-toukai-img\" src=\"\/resources\/i\/materials\/220\/resources\/uki10031.jpg\" alt=\"\"><\/p>\n<p id=\"collections-toukai-p\">La Puerta de Iwaya (Cueva Marina) de la Isla Enoshima en la Provincia de Sagami, de la serie Lugares famosos en sesenta y tantas provincias<\/div>\n<p><!--\u85e4\u6ca2\u5bbf\u30b3\u30fc\u30ca\u30fc--><\/p>\n<div class=\"itemBox muchigh col-xs-12 col-sm-4 col-md-3\" style=\"height: 400px;\">\n<h5>Rinc\u00f3n de la posada Fujisawa<\/h5>\n<p class=\"imgbox\"><img decoding=\"async\" id=\"collections-hujisawa-img\" src=\"\/resources\/material-None\/image-1_QPFjWCf.jpg\" border=\"0\" alt=\"\"><\/p>\n<p id=\"collections-hujisawa-p\">pergaminos de yuzu nenbutsu\u3000 \uff08manu sc ri pt\uff09<\/div>\n<p><!--\u6c5f\u306e\u5cf6\u30b3\u30fc\u30ca\u30fc--><\/p>\n<div class=\"itemBox muchigh col-xs-12 col-sm-4 col-md-3\" style=\"height: 400px;\">\n<h5>Rinc\u00f3n de Enoshima<\/h5>\n<p class=\"imgbox\"><img decoding=\"async\" id=\"collections-enoshima-img\" src=\"\/resources\/i\/materials\/220\/resources\/uki10053.jpg\" border=\"0\" alt=\"\"><\/p>\n<p id=\"collections-enoshima-p\">Multitud de peregrinos para la Ceremonia de Kaichou de Enoshima Benzaiten de la Provincia de Sagami<\/div>\n<p><!--\u4f01\u753b\u5c55\u793a\u30b3\u30fc\u30ca\u30fc--><\/p>\n<div class=\"itemBox muchigh col-xs-12 col-sm-4 col-md-3\" style=\"height: 400px;\">\n<h5>Rinc\u00f3n especial de exposiciones<\/h5>\n<p class=\"imgbox\"><img decoding=\"async\" id=\"collections-kikaku-img\" src=\"\/resources\/material-None\/image-1_XOO2bI8.jpg\" border=\"0\" alt=\"\"><\/p>\n<p id=\"collections-kikaku-p\">HNachi no Taki Chikai no Mongaku \u3000Sacerdote Mongaku\u3000Penitencia en las cataratas Nachi<\/div>\n<\/div>\n<p><a href=\"\/f\/archive-en\"><button type=\"button\" class=\"btnnex\">Archivo de exposiciones<\/button><\/a><\/p>\n<\/div>\n<\/div>\n<\/div>\n<\/section>\n","protected":false},"excerpt":{"rendered":"<p>HOME Introducci\u00f3n al contenido de la exposici\u00f3n Las deidades veneradas en el per\u00edodo Edo: Benzaiten y Fud\u014d My\u014d [&hellip;]<\/p>\n","protected":false},"author":1,"featured_media":0,"parent":0,"menu_order":0,"comment_status":"closed","ping_status":"closed","template":"page-es.php","meta":{"footnotes":""},"class_list":["post-3048","page","type-page","status-publish","hentry"],"_links":{"self":[{"href":"https:\/\/fujisawa-ukiyoekan.net\/f\/wp-json\/wp\/v2\/pages\/3048","targetHints":{"allow":["GET"]}}],"collection":[{"href":"https:\/\/fujisawa-ukiyoekan.net\/f\/wp-json\/wp\/v2\/pages"}],"about":[{"href":"https:\/\/fujisawa-ukiyoekan.net\/f\/wp-json\/wp\/v2\/types\/page"}],"author":[{"embeddable":true,"href":"https:\/\/fujisawa-ukiyoekan.net\/f\/wp-json\/wp\/v2\/users\/1"}],"replies":[{"embeddable":true,"href":"https:\/\/fujisawa-ukiyoekan.net\/f\/wp-json\/wp\/v2\/comments?post=3048"}],"version-history":[{"count":2,"href":"https:\/\/fujisawa-ukiyoekan.net\/f\/wp-json\/wp\/v2\/pages\/3048\/revisions"}],"predecessor-version":[{"id":4111,"href":"https:\/\/fujisawa-ukiyoekan.net\/f\/wp-json\/wp\/v2\/pages\/3048\/revisions\/4111"}],"wp:attachment":[{"href":"https:\/\/fujisawa-ukiyoekan.net\/f\/wp-json\/wp\/v2\/media?parent=3048"}],"curies":[{"name":"wp","href":"https:\/\/api.w.org\/{rel}","templated":true}]}}