{"id":2913,"date":"2024-11-05T16:53:22","date_gmt":"2024-11-05T07:53:22","guid":{"rendered":"https:\/\/fujisawa-ukiyoekan.net\/f\/?page_id=2913"},"modified":"2026-02-25T13:16:59","modified_gmt":"2026-02-25T04:16:59","slug":"collections-15-fr","status":"publish","type":"page","link":"https:\/\/fujisawa-ukiyoekan.net\/f\/collections-15-fr\/","title":{"rendered":"\u5c55\u793a\u5185\u5bb9\u7d39\u4ecb\u3000\u4e8c\u4ee3\u76ee\u96c6\u5408 \u8972\u540d\u7d75\u5e2b\u305f\u3061\u306e\u7269\u8a9e\uff08\u30d5\u30e9\u30f3\u30b9\u8a9e\uff09"},"content":{"rendered":"<section id=\"top\" class=\"bc-section\">\n<div class=\"container\">\n<ol class=\"breadcrumb\">\n<li><a href=\"\/f\/home-fr\">HOME<\/a><\/li>\n<li class=\"active\">Introduction \u00e0 l&#8217;exposition<\/li>\n<\/ol>\n<\/div>\n<\/section>\n<section id=\"txt\" class=\"home-section\">\n<div class=\"container\">\n<div class=\"row\">\n<div class=\"txtArea\">\n<h3 id=\"collections-title\">Ralliement de la seconde g\u00e9n\u00e9ration, Histoire des peintres h\u00e9ritiers de noms : Nidai Utamaro, Nidai Toyokuni, Nidai Hiroshige et Nidai Kunisada<\/h3>\n<h4><ruby>Introduction \u00e0 l&#8217;exposition<\/h4>\n<div class=\"txtBox\">\n<p id=\"collections-p\">Savez-vous qu\u2019il existe une seconde g\u00e9n\u00e9ration, pour de c\u00e9l\u00e8bres peintres d\u2019Ukiyo-e comme Utagawa Toyokuni ou Utagawa Hiroshige ? Dans l\u2019exposition principale, nous pr\u00e9sentons notamment des \u00e9tapes \u00e0 Fujisawa ou \u00e0 Enoshima qu\u2019ils ont dessin\u00e9es, tout en pr\u00e9sentant le domaine de peinture des peintres de seconde g\u00e9n\u00e9ration au nom h\u00e9rit\u00e9 \u00e0 l\u2019\u00e9poque d\u2019Edo, comme Nidai Toyokuni ou Nidai Hiroshige.\n<\/p>\n<\/div>\n<div class=\"itemArea\">\n<!--\u6771\u6d77\u9053\u4e94\u5341\u4e09\u6b21\u30b3\u30fc\u30ca\u30fc--><\/p>\n<div class=\"itemBox muchigh col-xs-12 col-sm-4 col-md-3\" style=\"height: 327px;\">\n<h5>Coin de s\u00e9rie \u00ab Les Cinquante-trois Relais du T\u014dkaid\u014d \u00bb<\/h5>\n<p class=\"imgbox\"><img decoding=\"async\" id=\"collections-toukai-img\" src=\"\/resources\/i\/materials\/220\/resources\/uki10460.jpg\" alt=\"\"><\/p>\n<p id=\"collections-toukai-p\">Fujisawa : Oiwake-michi (La route \u00e0 la fourche), de la s\u00e9rie \u00ab Cinquante-trois stations de la route de Toukaidou \u00bb<\/div>\n<p><!--\u85e4\u6ca2\u5bbf\u30b3\u30fc\u30ca\u30fc--><\/p>\n<div class=\"itemBox muchigh col-xs-12 col-sm-4 col-md-3\" style=\"height: 327px;\">\n<h5>Coin de l&#8217;auberge Fujisawa<\/h5>\n<p class=\"imgbox\"><img decoding=\"async\" id=\"collections-hujisawa-img\" src=\"\/resources\/i\/materials\/220\/resources\/uki10058.jpg\" border=\"0\" alt=\"\"><\/p>\n<p id=\"collections-hujisawa-p\">\u00abSunlight un matin flou sur l&#8217;\u00eele d&#8217;Enoshima\u00bb, de la s\u00e9rie \u00abHuit vues sur des lieux panoramiques\u00bb<\/div>\n<p><!--\u6c5f\u306e\u5cf6\u30b3\u30fc\u30ca\u30fc--><\/p>\n<div class=\"itemBox muchigh col-xs-12 col-sm-4 col-md-3\" style=\"height: 327px;\">\n<h5>Coin Enoshima<\/h5>\n<p class=\"imgbox\"><img decoding=\"async\" id=\"collections-enoshima-img\" src=\"\/resources\/i\/materials\/220\/resources\/uki10026.jpg\" border=\"0\" alt=\"\"><\/p>\n<p id=\"collections-enoshima-p\">Vue de l&#8217;\u00eele d&#8217;Enoshima<\/div>\n<p><!--\u4f01\u753b\u5c55\u793a\u30b3\u30fc\u30ca\u30fc--><\/p>\n<div class=\"itemBox muchigh col-xs-12 col-sm-4 col-md-3\" style=\"\">\n<h5>Coin des expositions sp\u00e9ciales<\/h5>\n<p class=\"imgbox\"><img decoding=\"async\" id=\"collections-kikaku-img\" src=\"\/resources\/i\/materials\/220\/resources\/Qj6lKiGN.jpg\" border=\"0\" alt=\"\"><\/p>\n<p id=\"collections-kikaku-p\">Hakone, de la s\u00e9rie \u00ab Cinquante-trois stations de la route du Tokaido par deux pinceaux \u00bb<\/div>\n<\/div>\n<p><a href=\"\/f\/archive-en\"><button type=\"button\" class=\"btnnex\">The Exhibition Archive<\/button><\/a><\/p>\n<\/div>\n<\/div>\n<\/div>\n<\/section>\n","protected":false},"excerpt":{"rendered":"<p>HOME Introduction \u00e0 l&#8217;exposition Ralliement de la seconde g\u00e9n\u00e9ration, Histoire des peintres h\u00e9ritiers de [&hellip;]<\/p>\n","protected":false},"author":1,"featured_media":0,"parent":0,"menu_order":0,"comment_status":"closed","ping_status":"closed","template":"page-fr.php","meta":{"footnotes":""},"class_list":["post-2913","page","type-page","status-publish","hentry"],"_links":{"self":[{"href":"https:\/\/fujisawa-ukiyoekan.net\/f\/wp-json\/wp\/v2\/pages\/2913","targetHints":{"allow":["GET"]}}],"collection":[{"href":"https:\/\/fujisawa-ukiyoekan.net\/f\/wp-json\/wp\/v2\/pages"}],"about":[{"href":"https:\/\/fujisawa-ukiyoekan.net\/f\/wp-json\/wp\/v2\/types\/page"}],"author":[{"embeddable":true,"href":"https:\/\/fujisawa-ukiyoekan.net\/f\/wp-json\/wp\/v2\/users\/1"}],"replies":[{"embeddable":true,"href":"https:\/\/fujisawa-ukiyoekan.net\/f\/wp-json\/wp\/v2\/comments?post=2913"}],"version-history":[{"count":3,"href":"https:\/\/fujisawa-ukiyoekan.net\/f\/wp-json\/wp\/v2\/pages\/2913\/revisions"}],"predecessor-version":[{"id":4038,"href":"https:\/\/fujisawa-ukiyoekan.net\/f\/wp-json\/wp\/v2\/pages\/2913\/revisions\/4038"}],"wp:attachment":[{"href":"https:\/\/fujisawa-ukiyoekan.net\/f\/wp-json\/wp\/v2\/media?parent=2913"}],"curies":[{"name":"wp","href":"https:\/\/api.w.org\/{rel}","templated":true}]}}