{"id":2909,"date":"2024-11-05T16:50:30","date_gmt":"2024-11-05T07:50:30","guid":{"rendered":"https:\/\/fujisawa-ukiyoekan.net\/f\/?page_id=2909"},"modified":"2026-02-25T13:17:05","modified_gmt":"2026-02-25T04:17:05","slug":"collections-15-pt","status":"publish","type":"page","link":"https:\/\/fujisawa-ukiyoekan.net\/f\/collections-15-pt\/","title":{"rendered":"\u5c55\u793a\u5185\u5bb9\u7d39\u4ecb\u3000\u4e8c\u4ee3\u76ee\u96c6\u5408 \u8972\u540d\u7d75\u5e2b\u305f\u3061\u306e\u7269\u8a9e\uff08\u30dd\u30eb\u30c8\u30ac\u30eb\u8a9e\uff09"},"content":{"rendered":"<section id=\"top\" class=\"bc-section\">\n<div class=\"container\">\n<ol class=\"breadcrumb\">\n<li><a href=\"\/f\/home-pt\">HOME<\/a><\/li>\n<li class=\"active\">Introdu\u00e7\u00e3o ao conte\u00fado da exposi\u00e7\u00e3o<\/li>\n<\/ol>\n<\/div>\n<\/section>\n<section id=\"txt\" class=\"home-section\">\n<div class=\"container\">\n<div class=\"row\">\n<div class=\"txtArea\">\n<h3 id=\"collections-title\">Os artistas da segunda gera\u00e7\u00e3o e a hist\u00f3ria dos pintores sucessores do nome dos mestres Utamaro II\u30fbToyokuni II\u30fbHiroshige II\u30fbKunisada II<\/h4>\n<div class=\"txtBox\">\n<p id=\"collections-p\">Sabiam que pintores famosos de ukiyo-e, como o Utagawa Hiroshige e o Utagawa Toyokuni, tiveram aprendizes que assumiram os mesmos nomes? Esta exposi\u00e7\u00e3o apresenta o trabalho art\u00edstico e obras que retratam Enoshima, o ponto de parada Fujisawa e outras paisagens, criados pelos artistas da segunda gera\u00e7\u00e3o, incluindo o Hiroshige II e o Toyokuni II, que adotaram o nome de seus mestres conforme o sistema heredit\u00e1rio praticado durante o per\u00edodo Edo.<\/p>\n<\/div>\n<div class=\"itemArea\">\n<!--\u6771\u6d77\u9053\u4e94\u5341\u4e09\u6b21\u30b3\u30fc\u30ca\u30fc--><\/p>\n<div class=\"itemBox muchigh col-xs-12 col-sm-4 col-md-3\" style=\"height: 327px;\">\n<h5>Esquina da s\u00e9rie 53 Esta\u00e7\u00f5es Postais de Toukaidou<\/h5>\n<p class=\"imgbox\"><img decoding=\"async\" id=\"collections-toukai-img\" src=\"\/resources\/i\/materials\/220\/resources\/uki10460.jpg\" alt=\"\"><\/p>\n<p id=\"collections-toukai-p\">Fujisawa: Oiwake-michi (A Estrada com uma Bifurca\u00e7\u00e3o), da s\u00e9rie \u201cAs Cinquenta e tr\u00eas Esta\u00e7\u00f5es da Autoestrada Toukaidou\u201d<\/div>\n<p><!--\u85e4\u6ca2\u5bbf\u30b3\u30fc\u30ca\u30fc--><\/p>\n<div class=\"itemBox muchigh col-xs-12 col-sm-4 col-md-3\" style=\"height: 327px;\">\n<h5>Esquina da estalagem Fujisawa<\/h5>\n<p class=\"imgbox\"><img decoding=\"async\" id=\"collections-hujisawa-img\" src=\"\/resources\/i\/materials\/220\/resources\/uki10058.jpg\" border=\"0\" alt=\"\"><\/p>\n<p id=\"collections-hujisawa-p\">\u201cSunlight on a Hazy Morning at Enoshima Island\u201d, da s\u00e9rie \u201cOito Visualiza\u00e7\u00f5es de Places C\u00e9nicas\u201d<\/div>\n<p><!--\u6c5f\u306e\u5cf6\u30b3\u30fc\u30ca\u30fc--><\/p>\n<div class=\"itemBox muchigh col-xs-12 col-sm-4 col-md-3\" style=\"height: 327px;\">\n<h5>Canto de Enoshima<\/h5>\n<p class=\"imgbox\"><img decoding=\"async\" id=\"collections-enoshima-img\" src=\"\/resources\/i\/materials\/220\/resources\/uki10026.jpg\" border=\"0\" alt=\"\"><\/p>\n<p id=\"collections-enoshima-p\">Vista da Ilha Enoshima<\/div>\n<p><!--\u4f01\u753b\u5c55\u793a\u30b3\u30fc\u30ca\u30fc--><\/p>\n<div class=\"itemBox muchigh col-xs-12 col-sm-4 col-md-3\" style=\"\">\n<h5>Canto de exposi\u00e7\u00e3o especial<\/h5>\n<p class=\"imgbox\"><img decoding=\"async\" id=\"collections-kikaku-img\" src=\"\/resources\/i\/materials\/220\/resources\/Qj6lKiGN.jpg\" border=\"0\" alt=\"\"><\/p>\n<p id=\"collections-kikaku-p\">Hakone, da s\u00e9rie \u201cAs cinquenta e tr\u00eas esta\u00e7\u00f5es da autoestrada Tokaido por dois pinc\u00e9is\u201d<\/div>\n<\/div>\n<p><a href=\"\/f\/archive-en\"><button type=\"button\" class=\"btnnex\">The Exhibition Archive<\/button><\/a><\/p>\n<\/div>\n<\/div>\n<\/div>\n<\/section>\n","protected":false},"excerpt":{"rendered":"<p>HOME Introdu\u00e7\u00e3o ao conte\u00fado da exposi\u00e7\u00e3o Os artistas da segunda gera\u00e7\u00e3o e a hist\u00f3ria dos pintores sucessores d [&hellip;]<\/p>\n","protected":false},"author":1,"featured_media":0,"parent":0,"menu_order":0,"comment_status":"closed","ping_status":"closed","template":"page-pt.php","meta":{"footnotes":""},"class_list":["post-2909","page","type-page","status-publish","hentry"],"_links":{"self":[{"href":"https:\/\/fujisawa-ukiyoekan.net\/f\/wp-json\/wp\/v2\/pages\/2909","targetHints":{"allow":["GET"]}}],"collection":[{"href":"https:\/\/fujisawa-ukiyoekan.net\/f\/wp-json\/wp\/v2\/pages"}],"about":[{"href":"https:\/\/fujisawa-ukiyoekan.net\/f\/wp-json\/wp\/v2\/types\/page"}],"author":[{"embeddable":true,"href":"https:\/\/fujisawa-ukiyoekan.net\/f\/wp-json\/wp\/v2\/users\/1"}],"replies":[{"embeddable":true,"href":"https:\/\/fujisawa-ukiyoekan.net\/f\/wp-json\/wp\/v2\/comments?post=2909"}],"version-history":[{"count":2,"href":"https:\/\/fujisawa-ukiyoekan.net\/f\/wp-json\/wp\/v2\/pages\/2909\/revisions"}],"predecessor-version":[{"id":4039,"href":"https:\/\/fujisawa-ukiyoekan.net\/f\/wp-json\/wp\/v2\/pages\/2909\/revisions\/4039"}],"wp:attachment":[{"href":"https:\/\/fujisawa-ukiyoekan.net\/f\/wp-json\/wp\/v2\/media?parent=2909"}],"curies":[{"name":"wp","href":"https:\/\/api.w.org\/{rel}","templated":true}]}}