{"id":2769,"date":"2024-09-09T14:19:16","date_gmt":"2024-09-09T05:19:16","guid":{"rendered":"https:\/\/fujisawa-ukiyoekan.net\/f\/?page_id=2769"},"modified":"2026-02-25T13:21:39","modified_gmt":"2026-02-25T04:21:39","slug":"collections-14-pt","status":"publish","type":"page","link":"https:\/\/fujisawa-ukiyoekan.net\/f\/collections-14-pt\/","title":{"rendered":"\u5c55\u793a\u5185\u5bb9\u7d39\u4ecb\u3000\u6d6e\u4e16\u7d75\u3068\u307f\u308b\u6614\u306e\u66ae\u3089\u3057\u306e\u9053\u5177\u305f\u3061\u3000\u751f\u6d3b\u30fb\u8fb2\u8015\u30fb\u65c5\u30fb\u304a\u571f\u7523\uff08\u30dd\u30eb\u30c8\u30ac\u30eb\u8a9e\uff09"},"content":{"rendered":"<section id=\"top\" class=\"bc-section\">\n<div class=\"container\">\n<ol class=\"breadcrumb\">\n<li><a href=\"\/f\/home-pt\">HOME<\/a><\/li>\n<li class=\"active\">Introdu\u00e7\u00e3o ao conte\u00fado da exposi\u00e7\u00e3o<\/li>\n<\/ol>\n<\/div>\n<\/section>\n<section id=\"txt\" class=\"home-section\">\n<div class=\"container\">\n<div class=\"row\">\n<div class=\"txtArea\">\n<h3 id=\"collections-title\">Ferramentas usadas naqueles tempos atrav\u00e9s do ukiyo-e Vida, agricultura, viagem e lembrancinhas<\/h4>\n<div class=\"txtBox\">\n<p id=\"collections-p\">O ukiyo-e, al\u00e9m de nos levar \u00e0 vida do per\u00edodo Edo, mostra ferramentas para a vida cotidiana e o trabalho. Por meio das obras de ukiyo-e, a exposi\u00e7\u00e3o apresenta as ferramentas associadas \u00e0 vida di\u00e1ria, \u00e0 agricultura, \u00e0 sericultura e \u00e0 pesca. Al\u00e9m disso, ser\u00e3o exibidos itens reais, assim como ferramentas de viagem usadas em peregrina\u00e7\u00f5es a Enoshima e Ise e lembrancinhas t\u00edpicas da regi\u00e3o de Fujisawa, incluindo obras feitas com conchas.<\/p>\n<\/div>\n<div class=\"itemArea\">\n<!--\u6771\u6d77\u9053\u4e94\u5341\u4e09\u6b21\u30b3\u30fc\u30ca\u30fc--><\/p>\n<div class=\"itemBox muchigh col-xs-12 col-sm-4 col-md-3\" style=\"height: 327px;\">\n<h5>Esquina da s\u00e9rie 53 Esta\u00e7\u00f5es Postais de Toukaidou<\/h5>\n<p class=\"imgbox\"><img decoding=\"async\" id=\"collections-toukai-img\" src=\"\/resources\/i\/materials\/220\/resources\/uki10337.jpg\" alt=\"\"><\/p>\n<p id=\"collections-toukai-p\">Kawasaki: as 53 esta\u00e7\u00f5es de Toukaidou<\/div>\n<p><!--\u85e4\u6ca2\u5bbf\u30b3\u30fc\u30ca\u30fc--><\/p>\n<div class=\"itemBox muchigh col-xs-12 col-sm-4 col-md-3\" style=\"height: 327px;\">\n<h5>Esquina da estalagem Fujisawa<\/h5>\n<p class=\"imgbox\"><img decoding=\"async\" id=\"collections-hujisawa-img\" src=\"\/resources\/i\/materials\/220\/resources\/uki10150.jpg\" border=\"0\" alt=\"\"><\/p>\n<p id=\"collections-hujisawa-p\">N.\u00ba7: Fujisawa, da s\u00e9rie \u201cAs cinquenta e tr\u00eas esta\u00e7\u00f5es do \u201cT\u014dkaid\u014d\u201d \uff08vers\u00e3o do gui\u00e3o Reisho\uff09<\/div>\n<p><!--\u6c5f\u306e\u5cf6\u30b3\u30fc\u30ca\u30fc--><\/p>\n<div class=\"itemBox muchigh col-xs-12 col-sm-4 col-md-3\" style=\"height: 327px;\">\n<h5>Canto de Enoshima<\/h5>\n<p class=\"imgbox\"><img decoding=\"async\" id=\"collections-enoshima-img\" src=\"\/resources\/i\/materials\/220\/resources\/uxwsPJQw.jpg\" border=\"0\" alt=\"\"><\/p>\n<p id=\"collections-enoshima-p\">Odawara: as 53 esta\u00e7\u00f5es de Toukaidou por dois artistas<\/div>\n<p><!--\u4f01\u753b\u5c55\u793a\u30b3\u30fc\u30ca\u30fc--><\/p>\n<div class=\"itemBox muchigh col-xs-12 col-sm-4 col-md-3\" style=\"\">\n<h5>Canto de exposi\u00e7\u00e3o especial<\/h5>\n<p class=\"imgbox\"><img decoding=\"async\" id=\"collections-kikaku-img\" src=\"\/resources\/i\/materials\/220\/resources\/Cs84wh0p.jpg\" border=\"0\" alt=\"\"><\/p>\n<p id=\"collections-kikaku-p\">Crian\u00e7as envolvidas na produ\u00e7\u00e3o de seda<\/div>\n<\/div>\n<p><a href=\"\/f\/archive-en\"><button type=\"button\" class=\"btnnex\">The Exhibition Archive<\/button><\/a><\/p>\n<\/div>\n<\/div>\n<\/div>\n<\/section>\n","protected":false},"excerpt":{"rendered":"<p>HOME Introdu\u00e7\u00e3o ao conte\u00fado da exposi\u00e7\u00e3o Ferramentas usadas naqueles tempos atrav\u00e9s do ukiyo-e Vida, agricultu [&hellip;]<\/p>\n","protected":false},"author":1,"featured_media":0,"parent":0,"menu_order":0,"comment_status":"closed","ping_status":"closed","template":"page-pt.php","meta":{"footnotes":""},"class_list":["post-2769","page","type-page","status-publish","hentry"],"_links":{"self":[{"href":"https:\/\/fujisawa-ukiyoekan.net\/f\/wp-json\/wp\/v2\/pages\/2769","targetHints":{"allow":["GET"]}}],"collection":[{"href":"https:\/\/fujisawa-ukiyoekan.net\/f\/wp-json\/wp\/v2\/pages"}],"about":[{"href":"https:\/\/fujisawa-ukiyoekan.net\/f\/wp-json\/wp\/v2\/types\/page"}],"author":[{"embeddable":true,"href":"https:\/\/fujisawa-ukiyoekan.net\/f\/wp-json\/wp\/v2\/users\/1"}],"replies":[{"embeddable":true,"href":"https:\/\/fujisawa-ukiyoekan.net\/f\/wp-json\/wp\/v2\/comments?post=2769"}],"version-history":[{"count":2,"href":"https:\/\/fujisawa-ukiyoekan.net\/f\/wp-json\/wp\/v2\/pages\/2769\/revisions"}],"predecessor-version":[{"id":4078,"href":"https:\/\/fujisawa-ukiyoekan.net\/f\/wp-json\/wp\/v2\/pages\/2769\/revisions\/4078"}],"wp:attachment":[{"href":"https:\/\/fujisawa-ukiyoekan.net\/f\/wp-json\/wp\/v2\/media?parent=2769"}],"curies":[{"name":"wp","href":"https:\/\/api.w.org\/{rel}","templated":true}]}}