{"id":2765,"date":"2024-09-09T14:17:09","date_gmt":"2024-09-09T05:17:09","guid":{"rendered":"https:\/\/fujisawa-ukiyoekan.net\/f\/?page_id=2765"},"modified":"2026-02-25T13:21:47","modified_gmt":"2026-02-25T04:21:47","slug":"collections-14-es","status":"publish","type":"page","link":"https:\/\/fujisawa-ukiyoekan.net\/f\/collections-14-es\/","title":{"rendered":"\u5c55\u793a\u5185\u5bb9\u7d39\u4ecb\u3000\u6d6e\u4e16\u7d75\u3068\u307f\u308b\u6614\u306e\u66ae\u3089\u3057\u306e\u9053\u5177\u305f\u3061\u3000\u751f\u6d3b\u30fb\u8fb2\u8015\u30fb\u65c5\u30fb\u304a\u571f\u7523\uff08\u30b9\u30da\u30a4\u30f3\u8a9e\uff09"},"content":{"rendered":"<section id=\"top\" class=\"bc-section\">\n<div class=\"container\">\n<ol class=\"breadcrumb\">\n<li><a href=\"\/f\/home-es\">HOME<\/a><\/li>\n<li class=\"active\">Introducci\u00f3n al contenido de la exposici\u00f3n<\/li>\n<\/ol>\n<\/div>\n<\/section>\n<section id=\"txt\" class=\"home-section\">\n<div class=\"container\">\n<div class=\"row\">\n<div class=\"txtArea\">\n<h3 id=\"collections-title\">Ukiyo-e y las herramientas de anta\u00f1o usadas en la vida cotidiana, la agricultura, los viajes y la elaboraci\u00f3n de souvenirs<\/h3>\n<h4>Contenido de la exposici\u00f3n<\/h4>\n<div class=\"txtBox\">\n<p id=\"collections-p\">En los ukiyo-e que representan la vida cotidiana en el per\u00edodo Edo, encontramos grabados con una variedad de herramientas para la vida cotidiana y el trabajo. Junto a los ukiyo-e, se exponen muestras reales de la \u00e9poca de herramientas para la vida cotidiana, agricultura, sericultura y pesca. Tambi\u00e9n se exponen herramientas empleadas durante las peregrinaciones a Enoshima y el Santuario de Ise, as\u00ed como para souvenirs de trabajos art\u00edsticos en conchas marinas t\u00edpicos de la zona de Fujisawa.\n<\/p>\n<\/div>\n<div class=\"itemArea\">\n<!--\u6771\u6d77\u9053\u4e94\u5341\u4e09\u6b21\u30b3\u30fc\u30ca\u30fc--><\/p>\n<div class=\"itemBox muchigh col-xs-12 col-sm-4 col-md-3\" style=\"height: 327px;\">\n<h5>Rinc\u00f3n de la serie Las cincuenta y tres estaciones de Tokaido<\/h5>\n<p class=\"imgbox\"><img decoding=\"async\" id=\"collections-toukai-img\" src=\"\/resources\/i\/materials\/220\/resources\/uki10337.jpg\" alt=\"\"><\/p>\n<p id=\"collections-toukai-p\">Kawasaki, Las cincuenta y tres estaciones de Tokaido<\/div>\n<p><!--\u85e4\u6ca2\u5bbf\u30b3\u30fc\u30ca\u30fc--><\/p>\n<div class=\"itemBox muchigh col-xs-12 col-sm-4 col-md-3\" style=\"height: 327px;\">\n<h5>Rinc\u00f3n de la posada Fujisawa<\/h5>\n<p class=\"imgbox\"><img decoding=\"async\" id=\"collections-hujisawa-img\" src=\"\/resources\/i\/materials\/220\/resources\/uki10150.jpg\" border=\"0\" alt=\"\"><\/p>\n<p id=\"collections-hujisawa-p\">No.7: Fujisawa, de la serie \u201cCincuenta y tres estaciones del \u201cT\u014dkaid\u014d\u201d (versi\u00f3n gui\u00f3n Reisho)<\/div>\n<p><!--\u6c5f\u306e\u5cf6\u30b3\u30fc\u30ca\u30fc--><\/p>\n<div class=\"itemBox muchigh col-xs-12 col-sm-4 col-md-3\" style=\"height: 327px;\">\n<h5>Rinc\u00f3n de Enoshima<\/h5>\n<p class=\"imgbox\"><img decoding=\"async\" id=\"collections-enoshima-img\" src=\"\/resources\/i\/materials\/220\/resources\/uxwsPJQw.jpg\" border=\"0\" alt=\"\"><\/p>\n<p id=\"collections-enoshima-p\">Odawara, Las cincuenta y tres estaciones de Tokaido por dos artistas<\/div>\n<p><!--\u4f01\u753b\u5c55\u793a\u30b3\u30fc\u30ca\u30fc--><\/p>\n<div class=\"itemBox muchigh col-xs-12 col-sm-4 col-md-3\" style=\"\">\n<h5>Rinc\u00f3n especial de exposiciones<\/h5>\n<p class=\"imgbox\"><img decoding=\"async\" id=\"collections-kikaku-img\" src=\"\/resources\/i\/materials\/220\/resources\/Cs84wh0p.jpg\" border=\"0\" alt=\"\"><\/p>\n<p id=\"collections-kikaku-p\">Ni\u00f1os dedicados a la producci\u00f3n de seda<\/div>\n<\/div>\n<p><a href=\"\/f\/archive-en\"><button type=\"button\" class=\"btnnex\">Archivo de exposiciones<\/button><\/a><\/p>\n<\/div>\n<\/div>\n<\/div>\n<\/section>\n","protected":false},"excerpt":{"rendered":"<p>HOME Introducci\u00f3n al contenido de la exposici\u00f3n Ukiyo-e y las herramientas de anta\u00f1o usadas en la vida cotidia [&hellip;]<\/p>\n","protected":false},"author":1,"featured_media":0,"parent":0,"menu_order":0,"comment_status":"closed","ping_status":"closed","template":"page-es.php","meta":{"footnotes":""},"class_list":["post-2765","page","type-page","status-publish","hentry"],"_links":{"self":[{"href":"https:\/\/fujisawa-ukiyoekan.net\/f\/wp-json\/wp\/v2\/pages\/2765","targetHints":{"allow":["GET"]}}],"collection":[{"href":"https:\/\/fujisawa-ukiyoekan.net\/f\/wp-json\/wp\/v2\/pages"}],"about":[{"href":"https:\/\/fujisawa-ukiyoekan.net\/f\/wp-json\/wp\/v2\/types\/page"}],"author":[{"embeddable":true,"href":"https:\/\/fujisawa-ukiyoekan.net\/f\/wp-json\/wp\/v2\/users\/1"}],"replies":[{"embeddable":true,"href":"https:\/\/fujisawa-ukiyoekan.net\/f\/wp-json\/wp\/v2\/comments?post=2765"}],"version-history":[{"count":2,"href":"https:\/\/fujisawa-ukiyoekan.net\/f\/wp-json\/wp\/v2\/pages\/2765\/revisions"}],"predecessor-version":[{"id":4080,"href":"https:\/\/fujisawa-ukiyoekan.net\/f\/wp-json\/wp\/v2\/pages\/2765\/revisions\/4080"}],"wp:attachment":[{"href":"https:\/\/fujisawa-ukiyoekan.net\/f\/wp-json\/wp\/v2\/media?parent=2765"}],"curies":[{"name":"wp","href":"https:\/\/api.w.org\/{rel}","templated":true}]}}