{"id":267,"date":"2023-09-27T17:49:53","date_gmt":"2023-09-27T08:49:53","guid":{"rendered":"http:\/\/test2.airmesse-light.com\/f\/?page_id=267"},"modified":"2023-09-29T14:28:44","modified_gmt":"2023-09-29T05:28:44","slug":"about-fr","status":"publish","type":"page","link":"https:\/\/fujisawa-ukiyoekan.net\/f\/about-fr\/","title":{"rendered":"\u5f53\u9928\u306b\u3064\u3044\u3066\u3000\u30d5\u30e9\u30f3\u30b9\u8a9e"},"content":{"rendered":"<section id=\"top\" class=\"bc-section\">\n<div class=\"container\">\n<ol class=\"breadcrumb\">\n<li><a href=\"\/f\/home-fr\">Accueil<\/a><\/li>\n<li class=\"active\">A propos du mus\u00e9e<\/li>\n<\/ol>\n<\/div>\n<\/section>\n<section id=\"about\" class=\"home-section\">\n<div class=\"container\">\n<div class=\"row\">\n<p><!--area--><\/p>\n<div class=\"aboutArea\">\n<h2>A propos du mus\u00e9e<\/h2>\n<div class=\"txtBox\">\n<h4><i class=\"fa fa-stop-circle\"><\/i>Conditions d\u2019utilisation<\/h4>\n<p><!--\u958b\u9928\u65e5\u30ab\u30ec\u30f3\u30c0\u30fc<a href=\"..\/..\/cal_2020en.pdf\" target=\"_blank\" rel=\"noopener\">Opening day Calendar<\/a>\n\n--><\/p>\n<p>Heures d\u2019ouverture :  10h &#8211; 19h (derni\u00e8re entr\u00e9e 18h30)<br \/>\nJours de fermeture :  Les lundis (le lendemain si le lundi tombe un jour f\u00e9ri\u00e9). P\u00e9riode du Nouvel An (du 29 d\u00e9cembre au 3 janvier). Le mus\u00e9e peut \u00e9galement \u00eatre ferm\u00e9 lors de la pr\u00e9paration d\u2019expositions.<br \/>\nTarif d\u2019entr\u00e9e :  gratuit<br \/>\nAdresse :  Cocco Terrasse Sh\u014dnan 7F, Tsujid\u014d-kandai 2-2-2, Fujisawa<\/p>\n<h4><i class=\"fa fa-stop-circle\"><\/i>Equipements du mus\u00e9e<\/h4>\n<p>Hall d\u2019entr\u00e9e, espace d\u2019exposition, biblioth\u00e8que, posters expliquant la fabrication des estampes, espace d\u2019\u00e9changes, salle polyvalente, administration<br \/>\nEn plus de l\u2019espace d\u2019exposition, le mus\u00e9e comporte un endroit pour se reposer apr\u00e8s la visite, une salle pour consulter des ouvrages sur l\u2019histoire des ukiyo-e et de la ville de Fujisawa, un atelier pour s\u2019initier \u00e0 la fabrication d\u2019estampes, etc.<\/p>\n<\/div>\n<div class=\"mapBox\">\n<p>Cliquez sur <i class=\"fa fa-info\" aria-hidden=\"true\"><\/i> pour afficher une photo de l\u2019installation<\/p>\n<p><!--Table--><\/p>\n<table border=\"0\">\n<tbody>\n<tr>\n<td colspan=\"3\"><img decoding=\"async\" src=\"http:\/\/test2.airmesse-light.com\/f\/wp-content\/themes\/ukiyoe\/images\/about\/map_fr\/ukiyoekan_map_fr_01.png\" alt=\"Toilet\"><\/td>\n<td><a href=\"#\" data-toggle=\"modal\" data-target=\"#Modal-Elevator\"><img decoding=\"async\" src=\"http:\/\/test2.airmesse-light.com\/f\/wp-content\/themes\/ukiyoe\/images\/about\/map_fr\/ukiyoekan_map_fr_02.png\" alt=\"Elevator Hall\"><\/a><\/td>\n<td colspan=\"3\"><img decoding=\"async\" src=\"http:\/\/test2.airmesse-light.com\/f\/wp-content\/themes\/ukiyoe\/images\/about\/map_fr\/ukiyoekan_map_fr_03.png\" alt=\"\"><\/td>\n<\/tr>\n<tr>\n<td rowspan=\"3\"><img decoding=\"async\" src=\"http:\/\/test2.airmesse-light.com\/f\/wp-content\/themes\/ukiyoe\/images\/about\/map_fr\/ukiyoekan_map_fr_04.png\" alt=\"\"><\/td>\n<td rowspan=\"2\"><a href=\"#\" data-toggle=\"modal\" data-target=\"#Modal-Fujisawa\"><img decoding=\"async\" src=\"http:\/\/test2.airmesse-light.com\/f\/wp-content\/themes\/ukiyoe\/images\/about\/map_fr\/ukiyoekan_map_fr_05.png\" alt=\"Fujisawa-syuku\"><\/a><\/td>\n<td colspan=\"2\"><a href=\"#\" data-toggle=\"modal\" data-target=\"#Modal-Tokaido\"><img decoding=\"async\" src=\"http:\/\/test2.airmesse-light.com\/f\/wp-content\/themes\/ukiyoe\/images\/about\/map_fr\/ukiyoekan_map_fr_06.png\" alt=\"Tokaido\"><\/a><\/td>\n<td colspan=\"2\"><img decoding=\"async\" src=\"http:\/\/test2.airmesse-light.com\/f\/wp-content\/themes\/ukiyoe\/images\/about\/map_fr\/ukiyoekan_map_fr_07.png\" alt=\"\"><\/td>\n<td rowspan=\"2\"><a href=\"#\" data-toggle=\"modal\" data-target=\"#Modal-Lobby\"><img decoding=\"async\" src=\"http:\/\/test2.airmesse-light.com\/f\/wp-content\/themes\/ukiyoe\/images\/about\/map_fr\/ukiyoekan_map_fr_08.png\" alt=\"Lobby\"><\/a><\/td>\n<\/tr>\n<tr>\n<td rowspan=\"2\"><a href=\"#\" data-toggle=\"modal\" data-target=\"#Modal-Enoshima\"><img decoding=\"async\" src=\"http:\/\/test2.airmesse-light.com\/f\/wp-content\/themes\/ukiyoe\/images\/about\/map_fr\/ukiyoekan_map_fr_09.png\" alt=\"Enoshima\"><\/a><\/td>\n<td rowspan=\"2\"><a href=\"#\" data-toggle=\"modal\" data-target=\"#Modal-Project\"><img decoding=\"async\" src=\"http:\/\/test2.airmesse-light.com\/f\/wp-content\/themes\/ukiyoe\/images\/about\/map_fr\/ukiyoekan_map_fr_10.png\" alt=\"Project Exhibition\"><\/a><\/td>\n<td><a href=\"#\" data-toggle=\"modal\" data-target=\"#Modal-Library\"><img decoding=\"async\" src=\"http:\/\/test2.airmesse-light.com\/f\/wp-content\/themes\/ukiyoe\/images\/about\/map_fr\/ukiyoekan_map_fr_11.png\" alt=\"Library\"><\/a><\/td>\n<td><a href=\"#\" data-toggle=\"modal\" data-target=\"#Modal-Making\"><img decoding=\"async\" src=\"http:\/\/test2.airmesse-light.com\/f\/wp-content\/themes\/ukiyoe\/images\/about\/map_fr\/ukiyoekan_map_fr_12.png\" alt=\"Making Ukiyoe\"><\/a><\/td>\n<\/tr>\n<tr>\n<td><img decoding=\"async\" src=\"http:\/\/test2.airmesse-light.com\/f\/wp-content\/themes\/ukiyoe\/images\/about\/map_fr\/ukiyoekan_map_fr_13.png\" alt=\"\"><\/td>\n<td colspan=\"2\"><a href=\"#\" data-toggle=\"modal\" data-target=\"#Modal-Making\"><img decoding=\"async\" src=\"http:\/\/test2.airmesse-light.com\/f\/wp-content\/themes\/ukiyoe\/images\/about\/map_fr\/ukiyoekan_map_fr_14.png\" alt=\"Making Ukiyoe\"><\/a><\/td>\n<td><img decoding=\"async\" src=\"http:\/\/test2.airmesse-light.com\/f\/wp-content\/themes\/ukiyoe\/images\/about\/map_fr\/ukiyoekan_map_fr_15.png\" height=\"92\" alt=\"\"><\/td>\n<\/tr>\n<\/tbody>\n<\/table>\n<p><!--\/Table--><\/div>\n<p><!-- Elevator --><\/p>\n<div class=\"modal fade\" id=\"Modal-Elevator\" tabindex=\"-1\">\n<div class=\"modal-dialog modal-dialog-center\">\n<div class=\"modal-content\">\n<div class=\"modal-header\">\n      <button type=\"button\" class=\"close\" data-dismiss=\"modal\" aria-label=\"Close\"><span aria-hidden=\"true\">\u00d7<\/span><\/button><\/p>\n<h4 class=\"modal-title\"><i class=\"fa fa-info-circle\" aria-hidden=\"true\"><\/i>Hall des ascenseurs<\/h4>\n<\/div>\n<p>&nbsp;&nbsp;&nbsp;&nbsp;&nbsp;&nbsp;<\/p>\n<div class=\"modal-body\">\n<div class=\"m-photo\"><img decoding=\"async\" src=\"http:\/\/test2.airmesse-light.com\/f\/wp-content\/themes\/ukiyoe\/images\/about\/p_elevator.jpg\" alt=\"Entrance\"><\/div>\n<\/div>\n<p>&nbsp;&nbsp;&nbsp;&nbsp;&nbsp;&nbsp;<\/p>\n<div class=\"modal-footer\">\n&nbsp;&nbsp;&nbsp;&nbsp;&nbsp;&nbsp;&nbsp;&nbsp;<center><button type=\"button\" class=\"btn btn-pink\" data-dismiss=\"modal\">Close<\/button><\/center><\/div>\n<\/div>\n<\/div>\n<\/div>\n<p><!-- \/Elevator --><\/p>\n<p><!-- Lobby --><\/p>\n<div class=\"modal fade\" id=\"Modal-Lobby\" tabindex=\"-1\">\n<div class=\"modal-dialog modal-dialog-center\">\n<div class=\"modal-content\">\n<div class=\"modal-header\">\n      <button type=\"button\" class=\"close\" data-dismiss=\"modal\" aria-label=\"Close\"><span aria-hidden=\"true\">\u00d7<\/span><\/button><\/p>\n<h4 class=\"modal-title\"><i class=\"fa fa-info-circle\" aria-hidden=\"true\"><\/i>Espace d\u2019\u00e9changes<\/h4>\n<\/div>\n<p>&nbsp;&nbsp;&nbsp;&nbsp;&nbsp;&nbsp;<\/p>\n<div class=\"modal-body\">\n<div class=\"m-photo\"><img decoding=\"async\" src=\"http:\/\/test2.airmesse-light.com\/f\/wp-content\/themes\/ukiyoe\/images\/about\/p_k_ukiyoe.jpg\" alt=\"Making Ukiyoe\"><\/div>\n<div class=\"m-photo\"><img decoding=\"async\" src=\"http:\/\/test2.airmesse-light.com\/f\/wp-content\/themes\/ukiyoe\/images\/about\/p_k_sugoroku.jpg\" alt=\"Sugoroku\"><\/div>\n<div class=\"m-photo\"><img decoding=\"async\" src=\"http:\/\/test2.airmesse-light.com\/f\/wp-content\/themes\/ukiyoe\/images\/about\/p_k_sugoroku2.jpg\" alt=\"Sugoroku\"><\/div>\n<\/div>\n<p>&nbsp;&nbsp;&nbsp;&nbsp;&nbsp;&nbsp;<\/p>\n<div class=\"modal-footer\">\n&nbsp;&nbsp;&nbsp;&nbsp;&nbsp;&nbsp;&nbsp;&nbsp;<center><button type=\"button\" class=\"btn btn-pink\" data-dismiss=\"modal\">Close<\/button><\/center><\/div>\n<\/div>\n<\/div>\n<\/div>\n<p><!-- \/Lobby --><\/p>\n<p><!-- Making --><\/p>\n<div class=\"modal fade\" id=\"Modal-Making\" tabindex=\"-1\">\n<div class=\"modal-dialog modal-dialog-center\">\n<div class=\"modal-content\">\n<div class=\"modal-header\">\n      <button type=\"button\" class=\"close\" data-dismiss=\"modal\" aria-label=\"Close\"><span aria-hidden=\"true\">\u00d7<\/span><\/button><\/p>\n<h4 class=\"modal-title\"><i class=\"fa fa-info-circle\" aria-hidden=\"true\"><\/i>Panneaux explicatifs du processus de fabrication des estampes<\/h4>\n<\/div>\n<p>&nbsp;&nbsp;&nbsp;&nbsp;&nbsp;&nbsp;<\/p>\n<div class=\"modal-body\">\n<div class=\"m-photo\"><img decoding=\"async\" src=\"http:\/\/test2.airmesse-light.com\/f\/wp-content\/themes\/ukiyoe\/images\/about\/p_making.jpg\" alt=\"Making Ukiyoe\"><\/div>\n<\/div>\n<p>&nbsp;&nbsp;&nbsp;&nbsp;&nbsp;&nbsp;<\/p>\n<div class=\"modal-footer\">\n&nbsp;&nbsp;&nbsp;&nbsp;&nbsp;&nbsp;&nbsp;&nbsp;<center><button type=\"button\" class=\"btn btn-pink\" data-dismiss=\"modal\">Close<\/button><\/center><\/div>\n<\/div>\n<\/div>\n<\/div>\n<p><!-- \/Making --><\/p>\n<p><!-- Project --><\/p>\n<div class=\"modal fade\" id=\"Modal-Project\" tabindex=\"-1\">\n<div class=\"modal-dialog modal-dialog-center\">\n<div class=\"modal-content\">\n<div class=\"modal-header\">\n      <button type=\"button\" class=\"close\" data-dismiss=\"modal\" aria-label=\"Close\"><span aria-hidden=\"true\">\u00d7<\/span><\/button><\/p>\n<h4 class=\"modal-title\"><i class=\"fa fa-info-circle\" aria-hidden=\"true\"><\/i>Zone \u00ab Expositions programm\u00e9es \u00bb<\/h4>\n<\/div>\n<p>&nbsp;&nbsp;&nbsp;&nbsp;&nbsp;&nbsp;<\/p>\n<div class=\"modal-body\">\n<div class=\"m-photo\"><img decoding=\"async\" src=\"http:\/\/test2.airmesse-light.com\/f\/wp-content\/themes\/ukiyoe\/images\/about\/p_kikaku.jpg\" alt=\"Project\"><\/div>\n<\/div>\n<p>&nbsp;&nbsp;&nbsp;&nbsp;&nbsp;&nbsp;<\/p>\n<div class=\"modal-footer\">\n&nbsp;&nbsp;&nbsp;&nbsp;&nbsp;&nbsp;&nbsp;&nbsp;<center><button type=\"button\" class=\"btn btn-pink\" data-dismiss=\"modal\">Close<\/button><\/center><\/div>\n<\/div>\n<\/div>\n<\/div>\n<p><!-- \/Project --><\/p>\n<p><!-- Enoshima --><\/p>\n<div class=\"modal fade\" id=\"Modal-Enoshima\" tabindex=\"-1\">\n<div class=\"modal-dialog modal-dialog-center\">\n<div class=\"modal-content\">\n<div class=\"modal-header\">\n      <button type=\"button\" class=\"close\" data-dismiss=\"modal\" aria-label=\"Close\"><span aria-hidden=\"true\">\u00d7<\/span><\/button><\/p>\n<h4 class=\"modal-title\"><i class=\"fa fa-info-circle\" aria-hidden=\"true\"><\/i>Zone \u00ab Enoshima \u00bb<\/h4>\n<\/div>\n<p>&nbsp;&nbsp;&nbsp;&nbsp;&nbsp;&nbsp;<\/p>\n<div class=\"modal-body\">\n<div class=\"m-photo\"><img decoding=\"async\" src=\"http:\/\/test2.airmesse-light.com\/f\/wp-content\/themes\/ukiyoe\/images\/about\/p_enoshima.jpg\" alt=\"Enoshima\"><\/div>\n<\/div>\n<p>&nbsp;&nbsp;&nbsp;&nbsp;&nbsp;&nbsp;<\/p>\n<div class=\"modal-footer\">\n&nbsp;&nbsp;&nbsp;&nbsp;&nbsp;&nbsp;&nbsp;&nbsp;<center><button type=\"button\" class=\"btn btn-pink\" data-dismiss=\"modal\">Close<\/button><\/center><\/div>\n<\/div>\n<\/div>\n<\/div>\n<p><!-- \/Enoshima --><\/p>\n<p><!-- Library --><\/p>\n<div class=\"modal fade\" id=\"Modal-Library\" tabindex=\"-1\">\n<div class=\"modal-dialog modal-dialog-center\">\n<div class=\"modal-content\">\n<div class=\"modal-header\">\n      <button type=\"button\" class=\"close\" data-dismiss=\"modal\" aria-label=\"Close\"><span aria-hidden=\"true\">\u00d7<\/span><\/button><\/p>\n<h4 class=\"modal-title\"><i class=\"fa fa-info-circle\" aria-hidden=\"true\"><\/i>Biblioth\u00e8que<\/h4>\n<\/div>\n<p>&nbsp;&nbsp;&nbsp;&nbsp;&nbsp;&nbsp;<\/p>\n<div class=\"modal-body\">\n<div class=\"m-photo\"><img decoding=\"async\" src=\"http:\/\/test2.airmesse-light.com\/f\/wp-content\/themes\/ukiyoe\/images\/about\/p_library.jpg\" alt=\"Library\"><\/div>\n<\/div>\n<p>&nbsp;&nbsp;&nbsp;&nbsp;&nbsp;&nbsp;<\/p>\n<div class=\"modal-footer\">\n&nbsp;&nbsp;&nbsp;&nbsp;&nbsp;&nbsp;&nbsp;&nbsp;<center><button type=\"button\" class=\"btn btn-pink\" data-dismiss=\"modal\">Close<\/button><\/center><\/div>\n<\/div>\n<\/div>\n<\/div>\n<p><!-- \/Library --><\/p>\n<p><!-- Tokaido --><\/p>\n<div class=\"modal fade\" id=\"Modal-Tokaido\" tabindex=\"-1\">\n<div class=\"modal-dialog modal-dialog-center\">\n<div class=\"modal-content\">\n<div class=\"modal-header\">\n      <button type=\"button\" class=\"close\" data-dismiss=\"modal\" aria-label=\"Close\"><span aria-hidden=\"true\">\u00d7<\/span><\/button><\/p>\n<h4 class=\"modal-title\"><i class=\"fa fa-info-circle\" aria-hidden=\"true\"><\/i>Zone \u00ab Cinquante-trois Relais du T\u014dkaid\u014d \u00bb<\/h4>\n<\/div>\n<p>&nbsp;&nbsp;&nbsp;&nbsp;&nbsp;&nbsp;<\/p>\n<div class=\"modal-body\">\n<div class=\"m-photo\"><img decoding=\"async\" src=\"http:\/\/test2.airmesse-light.com\/f\/wp-content\/themes\/ukiyoe\/images\/about\/p_tokaido.jpg\" alt=\"Tokaido\"><\/div>\n<\/div>\n<p>&nbsp;&nbsp;&nbsp;&nbsp;&nbsp;&nbsp;<\/p>\n<div class=\"modal-footer\">\n&nbsp;&nbsp;&nbsp;&nbsp;&nbsp;&nbsp;&nbsp;&nbsp;<center><button type=\"button\" class=\"btn btn-pink\" data-dismiss=\"modal\">Close<\/button><\/center><\/div>\n<\/div>\n<\/div>\n<\/div>\n<p><!-- \/Tokaido --><\/p>\n<p><!-- Fujisawa --><\/p>\n<div class=\"modal fade\" id=\"Modal-Fujisawa\" tabindex=\"-1\">\n<div class=\"modal-dialog modal-dialog-center\">\n<div class=\"modal-content\">\n<div class=\"modal-header\">\n      <button type=\"button\" class=\"close\" data-dismiss=\"modal\" aria-label=\"Close\"><span aria-hidden=\"true\">\u00d7<\/span><\/button><\/p>\n<h4 class=\"modal-title\"><i class=\"fa fa-info-circle\" aria-hidden=\"true\"><\/i>Zone \u00ab Relais de Fujisawa \u00bb<\/h4>\n<\/div>\n<p>&nbsp;&nbsp;&nbsp;&nbsp;&nbsp;&nbsp;<\/p>\n<div class=\"modal-body\">\n<div class=\"m-photo\"><img decoding=\"async\" src=\"http:\/\/test2.airmesse-light.com\/f\/wp-content\/themes\/ukiyoe\/images\/about\/p_fujisawa.jpg\" alt=\"Fujisawa-syuku\"><\/div>\n<\/div>\n<p>&nbsp;&nbsp;&nbsp;&nbsp;&nbsp;&nbsp;<\/p>\n<div class=\"modal-footer\">\n&nbsp;&nbsp;&nbsp;&nbsp;&nbsp;&nbsp;&nbsp;&nbsp;<center><button type=\"button\" class=\"btn btn-pink\" data-dismiss=\"modal\">Close<\/button><\/center><\/div>\n<\/div>\n<\/div>\n<\/div>\n<p><!-- \/Fujisawa --><\/p>\n<\/div>\n<p><!--\/area--><\/p>\n<\/div>\n<\/div>\n<\/section>\n<section id=\"access\" class=\"home-section\">\n<div class=\"container\">\n<div class=\"row\">\n<p><!--area--><\/p>\n<div class=\"aboutArea\">\n<h2>Acc\u00e8s<\/h2>\n<div class=\"gmap\"><iframe src=\"https:\/\/www.google.com\/maps\/embed?pb=!1m18!1m12!1m3!1d3870.4432296684927!2d139.44571283356495!3d35.33971455910928!2m3!1f0!2f0!3f0!3m2!1i1024!2i768!4f13.1!3m3!1m2!1s0x601851ff6c81d989%3A0xa15d241995a4cc30!2z44CSMjUxLTAwNDEg56We5aWI5bed55yM6Jek5rKi5biC6L675aCC56We5Y-w77yS5LiB55uu77yS4oiS77yS!5e0!3m2!1sja!2sjp!4v1456206906966\" height=\"320\" frameborder=\"0\" style=\"border:0\" allowfullscreen=\"\"><\/iframe><\/div>\n<div class=\"col-sm-12 col-md-6 accBox\">\n<img decoding=\"async\" src=\"http:\/\/test2.airmesse-light.com\/f\/wp-content\/themes\/ukiyoe\/images\/access\/map2.gif\" alt=\"map\" class=\"img-responsive\"><\/div>\n<div class=\"col-sm-12 col-md-6 accBox\">\n<h4><i class=\"fa fa-info-circle\"><\/i>Guide de circulation<\/h4>\n<p>Fujisawa Ukiyo-e Museum<br \/>\nTsujid\u014d Kandai K\u014den 2-2-2, Koko Terrasse 7F, Fujisawa, Kanagawa Pref. 251-0041<\/p>\n<p>TEL\uff1a0466-33-0111<br \/>\nFAX\uff1a0466-30-1817<br \/>\nEmail\uff1afj-ukiyoe@city.fujisawa.lg.jp<\/p>\n<h4><i class=\"fa fa-train\"><\/i>Train<\/h4>\n<p>5 mn \u00e0 pied depuis la sortie nord de la gare JR de Tsujid\u014d<\/p>\n<h4><i class=\"fa fa-bus\"><\/i>Bus<\/h4>\n<p>1 mn \u00e0 pied depuis l\u2019arr\u00eat &#8220;Kandai K\u014den Mae&#8221;, Kanagawa Ch\u016b\u014d K\u014dts\u016b (Kanachu)<br \/>\n* Le Fujisawa Ukiyo-e Museum ne dispose pas de parking en propre. Merci d\u2019utiliser les transports en commun.<\/p>\n<\/div>\n<\/div>\n<p><!--\/area--><\/p>\n<\/div>\n<\/div>\n<\/section>\n","protected":false},"excerpt":{"rendered":"<p>Accueil A propos du mus\u00e9e A propos du mus\u00e9e Conditions d\u2019utilisation Heures d\u2019ouverture : 10h &#8211; 19h (der [&hellip;]<\/p>\n","protected":false},"author":1,"featured_media":0,"parent":0,"menu_order":0,"comment_status":"closed","ping_status":"closed","template":"page-fr.php","meta":{"footnotes":""},"class_list":["post-267","page","type-page","status-publish","hentry"],"_links":{"self":[{"href":"https:\/\/fujisawa-ukiyoekan.net\/f\/wp-json\/wp\/v2\/pages\/267","targetHints":{"allow":["GET"]}}],"collection":[{"href":"https:\/\/fujisawa-ukiyoekan.net\/f\/wp-json\/wp\/v2\/pages"}],"about":[{"href":"https:\/\/fujisawa-ukiyoekan.net\/f\/wp-json\/wp\/v2\/types\/page"}],"author":[{"embeddable":true,"href":"https:\/\/fujisawa-ukiyoekan.net\/f\/wp-json\/wp\/v2\/users\/1"}],"replies":[{"embeddable":true,"href":"https:\/\/fujisawa-ukiyoekan.net\/f\/wp-json\/wp\/v2\/comments?post=267"}],"version-history":[{"count":4,"href":"https:\/\/fujisawa-ukiyoekan.net\/f\/wp-json\/wp\/v2\/pages\/267\/revisions"}],"predecessor-version":[{"id":590,"href":"https:\/\/fujisawa-ukiyoekan.net\/f\/wp-json\/wp\/v2\/pages\/267\/revisions\/590"}],"wp:attachment":[{"href":"https:\/\/fujisawa-ukiyoekan.net\/f\/wp-json\/wp\/v2\/media?parent=267"}],"curies":[{"name":"wp","href":"https:\/\/api.w.org\/{rel}","templated":true}]}}