{"id":2565,"date":"2024-07-02T13:50:57","date_gmt":"2024-07-02T04:50:57","guid":{"rendered":"https:\/\/fujisawa-ukiyoekan.net\/f\/?page_id=2565"},"modified":"2025-05-07T16:01:51","modified_gmt":"2025-05-07T07:01:51","slug":"collections-13-pt","status":"publish","type":"page","link":"https:\/\/fujisawa-ukiyoekan.net\/f\/collections-13-pt\/","title":{"rendered":"\u5c55\u793a\u5185\u5bb9\u7d39\u4ecb\u3000\u6b4c\u5ddd\u56fd\u8c9e\uff08\u4e09\u4ee3\u8c4a\u56fd\uff09\u306e\u5f79\u8005\u898b\u7acb\u6771\u6d77\u9053\u3000\u6b4c\u821e\u4f0e\u5f79\u8005\u306e\u9762\u5f71\uff08\u30dd\u30eb\u30c8\u30ac\u30eb\u8a9e\uff09"},"content":{"rendered":"<section id=\"top\" class=\"bc-section\">\n<div class=\"container\">\n<ol class=\"breadcrumb\">\n<li><a href=\"\/f\/home-pt\">HOME<\/a><\/li>\n<li class=\"active\">Introdu\u00e7\u00e3o ao conte\u00fado da exposi\u00e7\u00e3o<\/li>\n<\/ol>\n<\/div>\n<\/section>\n<section id=\"txt\" class=\"home-section\">\n<div class=\"container\">\n<div class=\"row\">\n<div class=\"txtArea\">\n<h3 id=\"collections-title\">Retratos de Atores de Kabuki na Estrada de T\u014dkaid\u014d pelo Utagawa Kunisada (Toyokuni III) Tra\u00e7os de atores de kabuki<\/h4>\n<div class=\"txtBox\">\n<p id=\"collections-p\">A exposi\u00e7\u00e3o apresenta a cole\u00e7\u00e3o popularmente conhecida como &#8220;Retratos de Atores de Kabuki na Estrada de T\u014dkaid\u014d&#8221;, criada por Utagawa Kunisada (Toyokuni III). Esta s\u00e9rie ganhou grande popularidade ao longo dos s\u00e9culos, ao retratar atores de kabuki em belas paisagens dos pontos de parada, relacionadas a pe\u00e7as de kabuki e personagens teatrais. Devido a sua fama, foram adicionadas n\u00e3o apenas paisagens dos pontos de parada, mas tamb\u00e9m aquelas observadas entre esses pontos, resultando em uma cole\u00e7\u00e3o que abrange mais de 130 retratos. Nesta exposi\u00e7\u00e3o, ser\u00e3o exibidas 80obras preservadas pela cidade de Fujisawa.<\/p>\n<\/div>\n<div class=\"itemArea\">\n<!--\u6771\u6d77\u9053\u4e94\u5341\u4e09\u6b21\u30b3\u30fc\u30ca\u30fc--><\/p>\n<div class=\"itemBox muchigh col-xs-12 col-sm-4 col-md-3\" style=\"height: 327px;\">\n<h5>Esquina da s\u00e9rie 53 Esta\u00e7\u00f5es Postais de Toukaidou<\/h5>\n<p class=\"imgbox\"><img decoding=\"async\" id=\"collections-toukai-img\" src=\"\/resources\/i\/materials\/220\/resources\/6VFkWJes.jpg\" alt=\"\"><\/p>\n<p id=\"collections-toukai-p\">T\u014dkaid\u014d Goj\u016bsan-tsugi no uchi (\u201cCinquenta e tr\u00eas pontos de parada de T\u014dkaid\u014d\u201d), Odawara, Iinuma Katsugor\u014d<\/div>\n<p><!--\u85e4\u6ca2\u5bbf\u30b3\u30fc\u30ca\u30fc--><\/p>\n<div class=\"itemBox muchigh col-xs-12 col-sm-4 col-md-3\" style=\"height: 327px;\">\n<h5>Esquina da estalagem Fujisawa<\/h5>\n<p class=\"imgbox\"><img decoding=\"async\" id=\"collections-hujisawa-img\" src=\"\/resources\/material-2689\/image-1.jpg\" border=\"0\" alt=\"\"><\/p>\n<p id=\"collections-hujisawa-p\">T\u014dkaid\u014d Goj\u016bsan-tsugi no uchi (\u201cCinquenta e tr\u00eas pontos de parada de T\u014dkaid\u014d\u201d), Tsuchiyama \u2013 Akogi Heiji<\/div>\n<p><!--\u6c5f\u306e\u5cf6\u30b3\u30fc\u30ca\u30fc--><\/p>\n<div class=\"itemBox muchigh col-xs-12 col-sm-4 col-md-3\" style=\"height: 327px;\">\n<h5>Canto de Enoshima<\/h5>\n<p class=\"imgbox\"><img decoding=\"async\" id=\"collections-enoshima-img\" src=\"\/resources\/i\/materials\/220\/resources\/uki10392.jpg\" border=\"0\" alt=\"\"><\/p>\n<p id=\"collections-enoshima-p\">T\u014dkaid\u014d Goj\u016bsan-tsugi no uchi (\u201cCinquenta e tr\u00eas pontos de parada de T\u014dkaid\u014d\u201d), Entre Totsuka e Fujisawa, Yoshidabashi (ponte Yoshida), Matsuwaka<\/div>\n<p><!--\u4f01\u753b\u5c55\u793a\u30b3\u30fc\u30ca\u30fc--><\/p>\n<div class=\"itemBox muchigh col-xs-12 col-sm-4 col-md-3\" style=\"\">\n<h5>Canto de exposi\u00e7\u00e3o especial<\/h5>\n<p class=\"imgbox\"><img decoding=\"async\" id=\"collections-kikaku-img\" src=\"\/resources\/i\/materials\/220\/resources\/H9GWhIez.jpg\" border=\"0\" alt=\"\"><\/p>\n<p id=\"collections-kikaku-p\">T\u014dkaid\u014d Goj\u016bsan-tsugi no uchi (\u201cCinquenta e tr\u00eas pontos de parada de T\u014dkaid\u014d\u201d), Ponto de parada de Kawasaki \u2013 Shirai Gonpachi<\/div>\n<\/div>\n<p><a href=\"\/f\/archive-en\"><button type=\"button\" class=\"btnnex\">The Exhibition Archive<\/button><\/a><\/p>\n<\/div>\n<\/div>\n<\/div>\n<\/section>\n","protected":false},"excerpt":{"rendered":"<p>HOME Introdu\u00e7\u00e3o ao conte\u00fado da exposi\u00e7\u00e3o Retratos de Atores de Kabuki na Estrada de T\u014dkaid\u014d pelo Utagawa Kunis [&hellip;]<\/p>\n","protected":false},"author":1,"featured_media":0,"parent":0,"menu_order":0,"comment_status":"closed","ping_status":"closed","template":"page-pt.php","meta":{"footnotes":""},"class_list":["post-2565","page","type-page","status-publish","hentry"],"_links":{"self":[{"href":"https:\/\/fujisawa-ukiyoekan.net\/f\/wp-json\/wp\/v2\/pages\/2565","targetHints":{"allow":["GET"]}}],"collection":[{"href":"https:\/\/fujisawa-ukiyoekan.net\/f\/wp-json\/wp\/v2\/pages"}],"about":[{"href":"https:\/\/fujisawa-ukiyoekan.net\/f\/wp-json\/wp\/v2\/types\/page"}],"author":[{"embeddable":true,"href":"https:\/\/fujisawa-ukiyoekan.net\/f\/wp-json\/wp\/v2\/users\/1"}],"replies":[{"embeddable":true,"href":"https:\/\/fujisawa-ukiyoekan.net\/f\/wp-json\/wp\/v2\/comments?post=2565"}],"version-history":[{"count":1,"href":"https:\/\/fujisawa-ukiyoekan.net\/f\/wp-json\/wp\/v2\/pages\/2565\/revisions"}],"predecessor-version":[{"id":2566,"href":"https:\/\/fujisawa-ukiyoekan.net\/f\/wp-json\/wp\/v2\/pages\/2565\/revisions\/2566"}],"wp:attachment":[{"href":"https:\/\/fujisawa-ukiyoekan.net\/f\/wp-json\/wp\/v2\/media?parent=2565"}],"curies":[{"name":"wp","href":"https:\/\/api.w.org\/{rel}","templated":true}]}}