{"id":2562,"date":"2024-07-02T13:49:31","date_gmt":"2024-07-02T04:49:31","guid":{"rendered":"https:\/\/fujisawa-ukiyoekan.net\/f\/?page_id=2562"},"modified":"2025-05-07T15:52:01","modified_gmt":"2025-05-07T06:52:01","slug":"collections-13-fr","status":"publish","type":"page","link":"https:\/\/fujisawa-ukiyoekan.net\/f\/collections-13-fr\/","title":{"rendered":"\u5c55\u793a\u5185\u5bb9\u7d39\u4ecb\u3000\u6b4c\u5ddd\u56fd\u8c9e\uff08\u4e09\u4ee3\u8c4a\u56fd\uff09\u306e\u5f79\u8005\u898b\u7acb\u6771\u6d77\u9053\u3000\u6b4c\u821e\u4f0e\u5f79\u8005\u306e\u9762\u5f71\uff08\u30d5\u30e9\u30f3\u30b9\u8a9e\uff09"},"content":{"rendered":"<section id=\"top\" class=\"bc-section\">\n<div class=\"container\">\n<ol class=\"breadcrumb\">\n<li><a href=\"\/f\/home-fr\">HOME<\/a><\/li>\n<li class=\"active\">Introduction \u00e0 l&#8217;exposition<\/li>\n<\/ol>\n<\/div>\n<\/section>\n<section id=\"txt\" class=\"home-section\">\n<div class=\"container\">\n<div class=\"row\">\n<div class=\"txtArea\">\n<h3 id=\"collections-title\">R\u00e9miniscence d\u2019acteurs de Kabuki, Yakusha Mitate T\u014dkaid\u014d d\u2019Utagawa Kunisada (Sandai Toyokuni)<\/h3>\n<h4><ruby>Introduction \u00e0 l&#8217;exposition<\/h4>\n<div class=\"txtBox\">\n<p id=\"collections-p\">Nous exposons \u00ab Yakusha Mitate T\u014dkaid\u014d \u00bb, d\u2019Utagawa Kunisada (Sandai Toyokuni). Cette s\u00e9rie a obtenu une grande popularit\u00e9, en arrangeant en dessins des paysages d\u2019\u00e9tapes ayant trait \u00e0 des acteurs de Kabuki devant, et des personnages et programmes en arri\u00e8re-plan. On sait que des dessins notamment lors des \u00e9tapes ont \u00e9t\u00e9 ajout\u00e9s et que plus de 130 sortes ont aussi \u00e9t\u00e9 dessin\u00e9es d\u00fb \u00e0 cette popularit\u00e9. Nous exposons environ 80 articles appartenant \u00e0 la ville de Fujisawa dans l\u2019exposition principale.\n<\/p>\n<\/div>\n<div class=\"itemArea\">\n<!--\u6771\u6d77\u9053\u4e94\u5341\u4e09\u6b21\u30b3\u30fc\u30ca\u30fc--><\/p>\n<div class=\"itemBox muchigh col-xs-12 col-sm-4 col-md-3\" style=\"height: 327px;\">\n<h5>Coin de s\u00e9rie \u00ab Les Cinquante-trois Relais du T\u014dkaid\u014d \u00bb<\/h5>\n<p class=\"imgbox\"><img decoding=\"async\" id=\"collections-toukai-img\" src=\"\/resources\/i\/materials\/220\/resources\/6VFkWJes.jpg\" alt=\"\"><\/p>\n<p id=\"collections-toukai-p\">Hiratsuka, s\u00e9rie \u00ab Les Cinquante-trois Relais du Toukaidou \u00bb<\/div>\n<p><!--\u85e4\u6ca2\u5bbf\u30b3\u30fc\u30ca\u30fc--><\/p>\n<div class=\"itemBox muchigh col-xs-12 col-sm-4 col-md-3\" style=\"height: 327px;\">\n<h5>Coin de l&#8217;auberge Fujisawa<\/h5>\n<p class=\"imgbox\"><img decoding=\"async\" id=\"collections-hujisawa-img\" src=\"\/resources\/material-2689\/image-1.jpg\" border=\"0\" alt=\"\"><\/p>\n<p id=\"collections-hujisawa-p\">Hakone, s\u00e9rie \u00ab Les Cinquante-trois Relais du Toukaidou \u00bb<\/div>\n<p><!--\u6c5f\u306e\u5cf6\u30b3\u30fc\u30ca\u30fc--><\/p>\n<div class=\"itemBox muchigh col-xs-12 col-sm-4 col-md-3\" style=\"height: 327px;\">\n<h5>Coin Enoshima<\/h5>\n<p class=\"imgbox\"><img decoding=\"async\" id=\"collections-enoshima-img\" src=\"\/resources\/i\/materials\/220\/resources\/uki10392.jpg\" border=\"0\" alt=\"\"><\/p>\n<p id=\"collections-enoshima-p\">Totsuka Fujisawa Ai, Yoshida-Bashi &#8211; Matsuwaka\u00ab Les Cinquante-trois Relais du T\u014dkaid\u014d <\/div>\n<p><!--\u4f01\u753b\u5c55\u793a\u30b3\u30fc\u30ca\u30fc--><\/p>\n<div class=\"itemBox muchigh col-xs-12 col-sm-4 col-md-3\" style=\"\">\n<h5>Coin des expositions sp\u00e9ciales<\/h5>\n<p class=\"imgbox\"><img decoding=\"async\" id=\"collections-kikaku-img\" src=\"\/resources\/i\/materials\/220\/resources\/H9GWhIez.jpg\" border=\"0\" alt=\"\"><\/p>\n<p id=\"collections-kikaku-p\">Kawasaki Eki &#8211; Shirai Gonpachi\u00ab Les Cinquante-trois Relais du T\u014dkaid\u014d \u00bb<\/div>\n<\/div>\n<p><a href=\"\/f\/archive-en\"><button type=\"button\" class=\"btnnex\">The Exhibition Archive<\/button><\/a><\/p>\n<\/div>\n<\/div>\n<\/div>\n<\/section>\n","protected":false},"excerpt":{"rendered":"<p>HOME Introduction \u00e0 l&#8217;exposition R\u00e9miniscence d\u2019acteurs de Kabuki, Yakusha Mitate T\u014dkaid\u014d d\u2019Utagawa Kuni [&hellip;]<\/p>\n","protected":false},"author":1,"featured_media":0,"parent":0,"menu_order":0,"comment_status":"closed","ping_status":"closed","template":"page-fr.php","meta":{"footnotes":""},"class_list":["post-2562","page","type-page","status-publish","hentry"],"_links":{"self":[{"href":"https:\/\/fujisawa-ukiyoekan.net\/f\/wp-json\/wp\/v2\/pages\/2562","targetHints":{"allow":["GET"]}}],"collection":[{"href":"https:\/\/fujisawa-ukiyoekan.net\/f\/wp-json\/wp\/v2\/pages"}],"about":[{"href":"https:\/\/fujisawa-ukiyoekan.net\/f\/wp-json\/wp\/v2\/types\/page"}],"author":[{"embeddable":true,"href":"https:\/\/fujisawa-ukiyoekan.net\/f\/wp-json\/wp\/v2\/users\/1"}],"replies":[{"embeddable":true,"href":"https:\/\/fujisawa-ukiyoekan.net\/f\/wp-json\/wp\/v2\/comments?post=2562"}],"version-history":[{"count":2,"href":"https:\/\/fujisawa-ukiyoekan.net\/f\/wp-json\/wp\/v2\/pages\/2562\/revisions"}],"predecessor-version":[{"id":3399,"href":"https:\/\/fujisawa-ukiyoekan.net\/f\/wp-json\/wp\/v2\/pages\/2562\/revisions\/3399"}],"wp:attachment":[{"href":"https:\/\/fujisawa-ukiyoekan.net\/f\/wp-json\/wp\/v2\/media?parent=2562"}],"curies":[{"name":"wp","href":"https:\/\/api.w.org\/{rel}","templated":true}]}}