{"id":248,"date":"2023-09-27T17:18:51","date_gmt":"2023-09-27T08:18:51","guid":{"rendered":"http:\/\/test2.airmesse-light.com\/f\/?page_id=248"},"modified":"2023-09-29T14:27:31","modified_gmt":"2023-09-29T05:27:31","slug":"about-es","status":"publish","type":"page","link":"https:\/\/fujisawa-ukiyoekan.net\/f\/about-es\/","title":{"rendered":"\u5f53\u9928\u306b\u3064\u3044\u3066\u3000\u30b9\u30da\u30a4\u30f3\u8a9e"},"content":{"rendered":"<section id=\"top\" class=\"bc-section\">\n<div class=\"container\">\n<ol class=\"breadcrumb\">\n<li><a href=\"\/f\/home-es\">INICIO<\/a><\/li>\n<li class=\"active\">Acerca del museo<\/li>\n<\/ol>\n<\/div>\n<\/section>\n<div class=\"container\">\n<div class=\"row\">\n<p><!--area--><\/p>\n<div class=\"aboutArea\">\n<h2>Acerca del museo<\/h2>\n<div class=\"txtBox\">\n<h4><i class=\"fa fa-stop-circle\"><\/i>Informaci\u00f3n para visitantes<\/h4>\n<p><!--\u958b\u9928\u65e5\u30ab\u30ec\u30f3\u30c0\u30fc<a href=\"..\/..\/cal_2020en.pdf\" target=\"_blank\" rel=\"noopener\">Opening day Calendar<\/a>\n\n--><\/p>\n<p>Horario de apertura: 10:00-19:00 (\u00daltimo acceso 18:30)<br \/>\nD\u00edas de cierre: Lunes (en caso de festivos nacionales, cierre al d\u00eda siguiente), vacaciones de fin de a\u00f1o y a\u00f1o nuevo (29 de diciembre &#8211; 3 de enero), d\u00edas de cierre especial por motivos como cambio de exposici\u00f3n<br \/>\nEntrada: Gratis<br \/>\nDirecci\u00f3n: Acceso por Planta 7 Cocco Terrace Shonan, 2-2-2 Tsujidokandai, ciudad de Fujisawa<\/p>\n<h4><i class=\"fa fa-stop-circle\"><\/i>Informaci\u00f3n del museo<\/h4>\n<p>El museo cuenta con un vest\u00edbulo de entrada, salas de exposici\u00f3n, una biblioteca, un espacio para la creaci\u00f3n de estampas ukiyo-e, un espacio para el intercambio cultural, una sala multiusos, as\u00ed como la oficina administrativa del museo.<br \/>\nEl Museo de Ukiyo-e de Fujisawa, adem\u00e1s de las salas de exposici\u00f3n, cuenta con espacios donde poder descansar despu\u00e9s de haber disfrutado de la exposici\u00f3n, espacios para la consulta de documentos acerca de la historia de las estampas ukiyo-e y de la ciudad de Fujisawa, as\u00ed como un espacio donde poder aprender a c\u00f3mo crear estampas ukiyo-e, entre otros.<\/p>\n<\/div>\n<div class=\"mapBox\">\n<p>Al hacer clic en <i class=\"fa fa-info\" aria-hidden=\"true\"><\/i> se muestra una fotograf\u00eda de la instalaci\u00f3n.<\/p>\n<p><!--Table--><\/p>\n<table border=\"0\">\n<tbody>\n<tr>\n<td colspan=\"3\"><img decoding=\"async\" src=\"http:\/\/test2.airmesse-light.com\/f\/wp-content\/themes\/ukiyoe\/images\/about\/map_es\/ukiyoekan_map_es_01.png\" alt=\"Toilet\"><\/td>\n<td><a href=\"#\" data-toggle=\"modal\" data-target=\"#Modal-Elevator\"><img decoding=\"async\" src=\"http:\/\/test2.airmesse-light.com\/f\/wp-content\/themes\/ukiyoe\/images\/about\/map_es\/ukiyoekan_map_es_02.png\" alt=\"Elevator Hall\"><\/a><\/td>\n<td colspan=\"3\"><img decoding=\"async\" src=\"http:\/\/test2.airmesse-light.com\/f\/wp-content\/themes\/ukiyoe\/images\/about\/map_es\/ukiyoekan_map_es_03.png\" alt=\"\"><\/td>\n<\/tr>\n<tr>\n<td rowspan=\"3\"><img decoding=\"async\" src=\"http:\/\/test2.airmesse-light.com\/f\/wp-content\/themes\/ukiyoe\/images\/about\/map_es\/ukiyoekan_map_es_04.png\" alt=\"\"><\/td>\n<td rowspan=\"2\"><a href=\"#\" data-toggle=\"modal\" data-target=\"#Modal-Fujisawa\"><img decoding=\"async\" src=\"http:\/\/test2.airmesse-light.com\/f\/wp-content\/themes\/ukiyoe\/images\/about\/map_es\/ukiyoekan_map_es_05.png\" alt=\"Fujisawa-syuku\"><\/a><\/td>\n<td colspan=\"2\"><a href=\"#\" data-toggle=\"modal\" data-target=\"#Modal-Tokaido\"><img decoding=\"async\" src=\"http:\/\/test2.airmesse-light.com\/f\/wp-content\/themes\/ukiyoe\/images\/about\/map_es\/ukiyoekan_map_es_06.png\" alt=\"Tokaido\"><\/a><\/td>\n<td colspan=\"2\"><img decoding=\"async\" src=\"http:\/\/test2.airmesse-light.com\/f\/wp-content\/themes\/ukiyoe\/images\/about\/map_es\/ukiyoekan_map_es_07.png\" alt=\"\"><\/td>\n<td rowspan=\"2\"><a href=\"#\" data-toggle=\"modal\" data-target=\"#Modal-Lobby\"><img decoding=\"async\" src=\"http:\/\/test2.airmesse-light.com\/f\/wp-content\/themes\/ukiyoe\/images\/about\/map_es\/ukiyoekan_map_es_08.png\" alt=\"Lobby\"><\/a><\/td>\n<\/tr>\n<tr>\n<td rowspan=\"2\"><a href=\"#\" data-toggle=\"modal\" data-target=\"#Modal-Enoshima\"><img decoding=\"async\" src=\"http:\/\/test2.airmesse-light.com\/f\/wp-content\/themes\/ukiyoe\/images\/about\/map_es\/ukiyoekan_map_es_09.png\" alt=\"Enoshima\"><\/a><\/td>\n<td rowspan=\"2\"><a href=\"#\" data-toggle=\"modal\" data-target=\"#Modal-Project\"><img decoding=\"async\" src=\"http:\/\/test2.airmesse-light.com\/f\/wp-content\/themes\/ukiyoe\/images\/about\/map_es\/ukiyoekan_map_es_10.png\" alt=\"Project Exhibition\"><\/a><\/td>\n<td><a href=\"#\" data-toggle=\"modal\" data-target=\"#Modal-Library\"><img decoding=\"async\" src=\"http:\/\/test2.airmesse-light.com\/f\/wp-content\/themes\/ukiyoe\/images\/about\/map_es\/ukiyoekan_map_es_11.png\" alt=\"Library\"><\/a><\/td>\n<td><a href=\"#\" data-toggle=\"modal\" data-target=\"#Modal-Making\"><img decoding=\"async\" src=\"http:\/\/test2.airmesse-light.com\/f\/wp-content\/themes\/ukiyoe\/images\/about\/map_es\/ukiyoekan_map_es_12.png\" alt=\"Making Ukiyoe\"><\/a><\/td>\n<\/tr>\n<tr>\n<td><img decoding=\"async\" src=\"http:\/\/test2.airmesse-light.com\/f\/wp-content\/themes\/ukiyoe\/images\/about\/map_es\/ukiyoekan_map_es_13.png\" alt=\"\"><\/td>\n<td colspan=\"2\"><a href=\"#\" data-toggle=\"modal\" data-target=\"#Modal-Making\"><img decoding=\"async\" src=\"http:\/\/test2.airmesse-light.com\/f\/wp-content\/themes\/ukiyoe\/images\/about\/map_es\/ukiyoekan_map_es_14.png\" alt=\"Making Ukiyoe\"><\/a><\/td>\n<td><img decoding=\"async\" src=\"http:\/\/test2.airmesse-light.com\/f\/wp-content\/themes\/ukiyoe\/images\/about\/map_es\/ukiyoekan_map_es_15.png\" height=\"92\" alt=\"\"><\/td>\n<\/tr>\n<\/tbody>\n<\/table>\n<p><!--\/Table--><\/div>\n<p><!-- Elevator --><\/p>\n<div class=\"modal fade\" id=\"Modal-Elevator\" tabindex=\"-1\">\n<div class=\"modal-dialog modal-dialog-center\">\n<div class=\"modal-content\">\n<div class=\"modal-header\">\n      <button type=\"button\" class=\"close\" data-dismiss=\"modal\" aria-label=\"Close\"><span aria-hidden=\"true\">\u00d7<\/span><\/button><\/p>\n<h4 class=\"modal-title\"><i class=\"fa fa-info-circle\" aria-hidden=\"true\"><\/i>Sala de ascensor<\/h4>\n<\/div>\n<p>&nbsp;&nbsp;&nbsp;&nbsp;&nbsp;&nbsp;<\/p>\n<div class=\"modal-body\">\n<div class=\"m-photo\"><img decoding=\"async\" src=\"http:\/\/test2.airmesse-light.com\/f\/wp-content\/themes\/ukiyoe\/images\/about\/p_elevator.jpg\" alt=\"Entrance\"><\/div>\n<\/div>\n<p>&nbsp;&nbsp;&nbsp;&nbsp;&nbsp;&nbsp;<\/p>\n<div class=\"modal-footer\">\n&nbsp;&nbsp;&nbsp;&nbsp;&nbsp;&nbsp;&nbsp;&nbsp;<center><button type=\"button\" class=\"btn btn-pink\" data-dismiss=\"modal\">Close<\/button><\/center><\/div>\n<\/div>\n<\/div>\n<\/div>\n<p><!-- \/Elevator --><\/p>\n<p><!-- Lobby --><\/p>\n<div class=\"modal fade\" id=\"Modal-Lobby\" tabindex=\"-1\">\n<div class=\"modal-dialog modal-dialog-center\">\n<div class=\"modal-content\">\n<div class=\"modal-header\">\n      <button type=\"button\" class=\"close\" data-dismiss=\"modal\" aria-label=\"Close\"><span aria-hidden=\"true\">\u00d7<\/span><\/button><\/p>\n<h4 class=\"modal-title\"><i class=\"fa fa-info-circle\" aria-hidden=\"true\"><\/i>Espacio de intercambio<\/h4>\n<\/div>\n<p>&nbsp;&nbsp;&nbsp;&nbsp;&nbsp;&nbsp;<\/p>\n<div class=\"modal-body\">\n<div class=\"m-photo\"><img decoding=\"async\" src=\"http:\/\/test2.airmesse-light.com\/f\/wp-content\/themes\/ukiyoe\/images\/about\/p_k_ukiyoe.jpg\" alt=\"Making Ukiyoe\"><\/div>\n<div class=\"m-photo\"><img decoding=\"async\" src=\"http:\/\/test2.airmesse-light.com\/f\/wp-content\/themes\/ukiyoe\/images\/about\/p_k_sugoroku.jpg\" alt=\"Sugoroku\"><\/div>\n<div class=\"m-photo\"><img decoding=\"async\" src=\"http:\/\/test2.airmesse-light.com\/f\/wp-content\/themes\/ukiyoe\/images\/about\/p_k_sugoroku2.jpg\" alt=\"Sugoroku\"><\/div>\n<\/div>\n<p>&nbsp;&nbsp;&nbsp;&nbsp;&nbsp;&nbsp;<\/p>\n<div class=\"modal-footer\">\n&nbsp;&nbsp;&nbsp;&nbsp;&nbsp;&nbsp;&nbsp;&nbsp;<center><button type=\"button\" class=\"btn btn-pink\" data-dismiss=\"modal\">Close<\/button><\/center><\/div>\n<\/div>\n<\/div>\n<\/div>\n<p><!-- \/Lobby --><\/p>\n<p><!-- Making --><\/p>\n<div class=\"modal fade\" id=\"Modal-Making\" tabindex=\"-1\">\n<div class=\"modal-dialog modal-dialog-center\">\n<div class=\"modal-content\">\n<div class=\"modal-header\">\n      <button type=\"button\" class=\"close\" data-dismiss=\"modal\" aria-label=\"Close\"><span aria-hidden=\"true\">\u00d7<\/span><\/button><\/p>\n<h4 class=\"modal-title\"><i class=\"fa fa-info-circle\" aria-hidden=\"true\"><\/i>Secci\u00f3n de paneles del proceso de elaboraci\u00f3n del ukiyo-e<\/h4>\n<\/div>\n<p>&nbsp;&nbsp;&nbsp;&nbsp;&nbsp;&nbsp;<\/p>\n<div class=\"modal-body\">\n<div class=\"m-photo\"><img decoding=\"async\" src=\"http:\/\/test2.airmesse-light.com\/f\/wp-content\/themes\/ukiyoe\/images\/about\/p_making.jpg\" alt=\"Making Ukiyoe\"><\/div>\n<\/div>\n<p>&nbsp;&nbsp;&nbsp;&nbsp;&nbsp;&nbsp;<\/p>\n<div class=\"modal-footer\">\n&nbsp;&nbsp;&nbsp;&nbsp;&nbsp;&nbsp;&nbsp;&nbsp;<center><button type=\"button\" class=\"btn btn-pink\" data-dismiss=\"modal\">Close<\/button><\/center><\/div>\n<\/div>\n<\/div>\n<\/div>\n<p><!-- \/Making --><\/p>\n<p><!-- Project --><\/p>\n<div class=\"modal fade\" id=\"Modal-Project\" tabindex=\"-1\">\n<div class=\"modal-dialog modal-dialog-center\">\n<div class=\"modal-content\">\n<div class=\"modal-header\">\n      <button type=\"button\" class=\"close\" data-dismiss=\"modal\" aria-label=\"Close\"><span aria-hidden=\"true\">\u00d7<\/span><\/button><\/p>\n<h4 class=\"modal-title\"><i class=\"fa fa-info-circle\" aria-hidden=\"true\"><\/i>Secci\u00f3n de Exposici\u00f3n Especial<\/h4>\n<\/div>\n<p>&nbsp;&nbsp;&nbsp;&nbsp;&nbsp;&nbsp;<\/p>\n<div class=\"modal-body\">\n<div class=\"m-photo\"><img decoding=\"async\" src=\"http:\/\/test2.airmesse-light.com\/f\/wp-content\/themes\/ukiyoe\/images\/about\/p_kikaku.jpg\" alt=\"Project\"><\/div>\n<\/div>\n<p>&nbsp;&nbsp;&nbsp;&nbsp;&nbsp;&nbsp;<\/p>\n<div class=\"modal-footer\">\n&nbsp;&nbsp;&nbsp;&nbsp;&nbsp;&nbsp;&nbsp;&nbsp;<center><button type=\"button\" class=\"btn btn-pink\" data-dismiss=\"modal\">Close<\/button><\/center><\/div>\n<\/div>\n<\/div>\n<\/div>\n<p><!-- \/Project --><\/p>\n<p><!-- Enoshima --><\/p>\n<div class=\"modal fade\" id=\"Modal-Enoshima\" tabindex=\"-1\">\n<div class=\"modal-dialog modal-dialog-center\">\n<div class=\"modal-content\">\n<div class=\"modal-header\">\n      <button type=\"button\" class=\"close\" data-dismiss=\"modal\" aria-label=\"Close\"><span aria-hidden=\"true\">\u00d7<\/span><\/button><\/p>\n<h4 class=\"modal-title\"><i class=\"fa fa-info-circle\" aria-hidden=\"true\"><\/i>Secci\u00f3n de Enoshima<\/h4>\n<\/div>\n<p>&nbsp;&nbsp;&nbsp;&nbsp;&nbsp;&nbsp;<\/p>\n<div class=\"modal-body\">\n<div class=\"m-photo\"><img decoding=\"async\" src=\"http:\/\/test2.airmesse-light.com\/f\/wp-content\/themes\/ukiyoe\/images\/about\/p_enoshima.jpg\" alt=\"Enoshima\"><\/div>\n<\/div>\n<p>&nbsp;&nbsp;&nbsp;&nbsp;&nbsp;&nbsp;<\/p>\n<div class=\"modal-footer\">\n&nbsp;&nbsp;&nbsp;&nbsp;&nbsp;&nbsp;&nbsp;&nbsp;<center><button type=\"button\" class=\"btn btn-pink\" data-dismiss=\"modal\">Close<\/button><\/center><\/div>\n<\/div>\n<\/div>\n<\/div>\n<p><!-- \/Enoshima --><\/p>\n<p><!-- Library --><\/p>\n<div class=\"modal fade\" id=\"Modal-Library\" tabindex=\"-1\">\n<div class=\"modal-dialog modal-dialog-center\">\n<div class=\"modal-content\">\n<div class=\"modal-header\">\n      <button type=\"button\" class=\"close\" data-dismiss=\"modal\" aria-label=\"Close\"><span aria-hidden=\"true\">\u00d7<\/span><\/button><\/p>\n<h4 class=\"modal-title\"><i class=\"fa fa-info-circle\" aria-hidden=\"true\"><\/i>Biblioteca<\/h4>\n<\/div>\n<p>&nbsp;&nbsp;&nbsp;&nbsp;&nbsp;&nbsp;<\/p>\n<div class=\"modal-body\">\n<div class=\"m-photo\"><img decoding=\"async\" src=\"http:\/\/test2.airmesse-light.com\/f\/wp-content\/themes\/ukiyoe\/images\/about\/p_library.jpg\" alt=\"Library\"><\/div>\n<\/div>\n<p>&nbsp;&nbsp;&nbsp;&nbsp;&nbsp;&nbsp;<\/p>\n<div class=\"modal-footer\">\n&nbsp;&nbsp;&nbsp;&nbsp;&nbsp;&nbsp;&nbsp;&nbsp;<center><button type=\"button\" class=\"btn btn-pink\" data-dismiss=\"modal\">Close<\/button><\/center><\/div>\n<\/div>\n<\/div>\n<\/div>\n<p><!-- \/Library --><\/p>\n<p><!-- Tokaido --><\/p>\n<div class=\"modal fade\" id=\"Modal-Tokaido\" tabindex=\"-1\">\n<div class=\"modal-dialog modal-dialog-center\">\n<div class=\"modal-content\">\n<div class=\"modal-header\">\n      <button type=\"button\" class=\"close\" data-dismiss=\"modal\" aria-label=\"Close\"><span aria-hidden=\"true\">\u00d7<\/span><\/button><\/p>\n<h4 class=\"modal-title\"><i class=\"fa fa-info-circle\" aria-hidden=\"true\"><\/i>Secci\u00f3n de las 53 Estaciones de T\u014dkaid\u014d<\/h4>\n<\/div>\n<p>&nbsp;&nbsp;&nbsp;&nbsp;&nbsp;&nbsp;<\/p>\n<div class=\"modal-body\">\n<div class=\"m-photo\"><img decoding=\"async\" src=\"http:\/\/test2.airmesse-light.com\/f\/wp-content\/themes\/ukiyoe\/images\/about\/p_tokaido.jpg\" alt=\"Tokaido\"><\/div>\n<\/div>\n<p>&nbsp;&nbsp;&nbsp;&nbsp;&nbsp;&nbsp;<\/p>\n<div class=\"modal-footer\">\n&nbsp;&nbsp;&nbsp;&nbsp;&nbsp;&nbsp;&nbsp;&nbsp;<center><button type=\"button\" class=\"btn btn-pink\" data-dismiss=\"modal\">Close<\/button><\/center><\/div>\n<\/div>\n<\/div>\n<\/div>\n<p><!-- \/Tokaido --><\/p>\n<p><!-- Fujisawa --><\/p>\n<div class=\"modal fade\" id=\"Modal-Fujisawa\" tabindex=\"-1\">\n<div class=\"modal-dialog modal-dialog-center\">\n<div class=\"modal-content\">\n<div class=\"modal-header\">\n      <button type=\"button\" class=\"close\" data-dismiss=\"modal\" aria-label=\"Close\"><span aria-hidden=\"true\">\u00d7<\/span><\/button><\/p>\n<h4 class=\"modal-title\"><i class=\"fa fa-info-circle\" aria-hidden=\"true\"><\/i>Secci\u00f3n de la Estaci\u00f3n de Fujisawa<\/h4>\n<\/div>\n<p>&nbsp;&nbsp;&nbsp;&nbsp;&nbsp;&nbsp;<\/p>\n<div class=\"modal-body\">\n<div class=\"m-photo\"><img decoding=\"async\" src=\"http:\/\/test2.airmesse-light.com\/f\/wp-content\/themes\/ukiyoe\/images\/about\/p_fujisawa.jpg\" alt=\"Fujisawa-syuku\"><\/div>\n<\/div>\n<p>&nbsp;&nbsp;&nbsp;&nbsp;&nbsp;&nbsp;<\/p>\n<div class=\"modal-footer\">\n&nbsp;&nbsp;&nbsp;&nbsp;&nbsp;&nbsp;&nbsp;&nbsp;<center><button type=\"button\" class=\"btn btn-pink\" data-dismiss=\"modal\">Close<\/button><\/center><\/div>\n<\/div>\n<\/div>\n<\/div>\n<p><!-- \/Fujisawa --><\/p>\n<\/div>\n<p><!--\/area--><\/p>\n<\/div>\n<\/div>\n<section id=\"access\" class=\"home-section\">\n<div class=\"container\">\n<div class=\"row\">\n<p><!--area--><\/p>\n<div class=\"aboutArea\">\n<h2>C\u00f3mo llegar<\/h2>\n<div class=\"gmap\"><iframe src=\"https:\/\/www.google.com\/maps\/embed?pb=!1m18!1m12!1m3!1d3870.4432296684927!2d139.44571283356495!3d35.33971455910928!2m3!1f0!2f0!3f0!3m2!1i1024!2i768!4f13.1!3m3!1m2!1s0x601851ff6c81d989%3A0xa15d241995a4cc30!2z44CSMjUxLTAwNDEg56We5aWI5bed55yM6Jek5rKi5biC6L675aCC56We5Y-w77yS5LiB55uu77yS4oiS77yS!5e0!3m2!1sja!2sjp!4v1456206906966\" height=\"320\" frameborder=\"0\" style=\"border:0\" allowfullscreen=\"\"><\/iframe><\/div>\n<div class=\"col-sm-12 col-md-6 accBox\">\n<img decoding=\"async\" src=\"http:\/\/test2.airmesse-light.com\/f\/wp-content\/themes\/ukiyoe\/images\/access\/map2.gif\" alt=\"map\" class=\"img-responsive\"><\/div>\n<div class=\"col-sm-12 col-md-6 accBox\">\n<h4><i class=\"fa fa-info-circle\"><\/i><br \/>\nGu\u00eda de tr\u00e1fico<\/h4>\n<p>Fujisawa Ukiyo-e Museum<br \/>\nC\u00f3digo postal: 251-0041<br \/>\nCocco Terrace Shonan 7P, 2-2-2 Parque Tsujido Kandai, Fujisawa, Prefectura de Kanagawa, Jap\u00f3n<\/p>\n<p>TEL\uff1a0466-33-0111<br \/>\nFAX\uff1a0466-30-1817<br \/>\nEmail\uff1afj-ukiyoe@city.fujisawa.lg.jp<\/p>\n<h4><i class=\"fa fa-train\"><\/i>En tren<\/h4>\n<p>A 5 minutos a pie desde la salida norte de la estaci\u00f3n Tsujido en la l\u00ednea JR Tokaido.<\/p>\n<h4><i class=\"fa fa-bus\"><\/i>En autob\u00fas<\/h4>\n<p>Kanagawa Chuo Kotsu Bus &#8211; Parada de &#8220;Kandai Kouen-mae (frente al parque Kandai)&#8221;<br \/>\n* En el Museo no hay estacionamiento para los coches de los visitantes. Por favor, use el transporte p\u00fablico.<\/p>\n<\/div>\n<\/div>\n<p><!--\/area--><\/p>\n<\/div>\n<\/div>\n<\/section>\n","protected":false},"excerpt":{"rendered":"<p>INICIO Acerca del museo Acerca del museo Informaci\u00f3n para visitantes Horario de apertura: 10:00-19:00 (\u00daltimo  [&hellip;]<\/p>\n","protected":false},"author":1,"featured_media":0,"parent":0,"menu_order":0,"comment_status":"closed","ping_status":"closed","template":"page-es.php","meta":{"footnotes":""},"class_list":["post-248","page","type-page","status-publish","hentry"],"_links":{"self":[{"href":"https:\/\/fujisawa-ukiyoekan.net\/f\/wp-json\/wp\/v2\/pages\/248","targetHints":{"allow":["GET"]}}],"collection":[{"href":"https:\/\/fujisawa-ukiyoekan.net\/f\/wp-json\/wp\/v2\/pages"}],"about":[{"href":"https:\/\/fujisawa-ukiyoekan.net\/f\/wp-json\/wp\/v2\/types\/page"}],"author":[{"embeddable":true,"href":"https:\/\/fujisawa-ukiyoekan.net\/f\/wp-json\/wp\/v2\/users\/1"}],"replies":[{"embeddable":true,"href":"https:\/\/fujisawa-ukiyoekan.net\/f\/wp-json\/wp\/v2\/comments?post=248"}],"version-history":[{"count":4,"href":"https:\/\/fujisawa-ukiyoekan.net\/f\/wp-json\/wp\/v2\/pages\/248\/revisions"}],"predecessor-version":[{"id":584,"href":"https:\/\/fujisawa-ukiyoekan.net\/f\/wp-json\/wp\/v2\/pages\/248\/revisions\/584"}],"wp:attachment":[{"href":"https:\/\/fujisawa-ukiyoekan.net\/f\/wp-json\/wp\/v2\/media?parent=248"}],"curies":[{"name":"wp","href":"https:\/\/api.w.org\/{rel}","templated":true}]}}