{"id":243,"date":"2023-09-28T13:12:26","date_gmt":"2023-09-28T04:12:26","guid":{"rendered":"http:\/\/test2.airmesse-light.com\/f\/?page_id=243"},"modified":"2023-09-29T14:25:31","modified_gmt":"2023-09-29T05:25:31","slug":"about-pt","status":"publish","type":"page","link":"https:\/\/fujisawa-ukiyoekan.net\/f\/about-pt\/","title":{"rendered":"\u5f53\u9928\u306b\u3064\u3044\u3066\u3000\u30dd\u30eb\u30c8\u30ac\u30eb\u8a9e"},"content":{"rendered":"<section id=\"top\" class=\"bc-section\">\n<div class=\"container\">\n<ol class=\"breadcrumb\">\n<li><a href=\"\/f\/home-pt\">IN\u00cdCIO<\/a><\/li>\n<li class=\"active\">Sobre o Museu Ukiyo-e Fujisawa<\/li>\n<\/ol>\n<\/div>\n<\/section>\n<section id=\"about\" class=\"home-section\">\n<div class=\"container\">\n<div class=\"row\">\n<p><!--area--><\/p>\n<div class=\"aboutArea\">\n<h2>Sobre o Museu Ukiyo-e Fujisawa<\/h2>\n<div class=\"txtBox\">\n<h4><i class=\"fa fa-stop-circle\"><\/i>Informa\u00e7\u00f5es do museu<\/h4>\n<p><!--\u958b\u9928\u65e5\u30ab\u30ec\u30f3\u30c0\u30fc<a href=\"..\/..\/cal_2020en.pdf\" target=\"_blank\" rel=\"noopener\">Opening day Calendar<\/a>\n\n--><\/p>\n<p>Hor\u00e1rio de funcionamento: 10:00-19:00 (entrada at\u00e9 \u00e0s 18:30)<br \/>\nFechado \u00e0s segundas-feiras (em dias de feriado ou quando um feriado cai no domingo ser\u00e1 transferido para a segunda-feira), fim e come\u00e7o de ano (29 de dezembro at\u00e9 3 de janeiro) e mudan\u00e7a no tema da exposi\u00e7\u00e3o.<br \/>\nEntrada: gratuita<br \/>\nEndere\u00e7o: Fujisawa-shi, Tsujidokandai 2-2-2, Cocco Terrace Shonan \u2013 7\u00b0 andar<\/p>\n<h4><i class=\"fa fa-stop-circle\"><\/i>Vis\u00e3o geral do museu<\/h4>\n<p>Hall de entrada, espa\u00e7o de exposi\u00e7\u00e3o, biblioteca, oficina de produ\u00e7\u00e3o de ukiyo-e, espa\u00e7o de confraterniza\u00e7\u00e3o, sala multiuso e escrit\u00f3rio. Em nosso museu, incluindo o espa\u00e7o de exposi\u00e7\u00e3o, disponibilizamos um espa\u00e7o onde \u00e9 poss\u00edvel descansar ap\u00f3s ver a exposi\u00e7\u00e3o, checar livros relacionados \u00e0 hist\u00f3ria do ukiyo-e e de Fujisawa e aprender a como produzir um ukiyo-e.<\/p>\n<\/div>\n<div class=\"mapBox\">\n<p>A foto da instala\u00e7\u00e3o <i class=\"fa fa-info\" aria-hidden=\"true\"><\/i> ser\u00e1 exibida ao clicar.<\/p>\n<p><!--Table--><\/p>\n<table border=\"0\">\n<tbody>\n<tr>\n<td colspan=\"3\"><img decoding=\"async\" src=\"http:\/\/test2.airmesse-light.com\/f\/wp-content\/themes\/ukiyoe\/images\/about\/map_pt\/ukiyoekan_map_pt_01.png\" alt=\"Toilet\"><\/td>\n<td><a href=\"#\" data-toggle=\"modal\" data-target=\"#Modal-Elevator\"><img decoding=\"async\" src=\"http:\/\/test2.airmesse-light.com\/f\/wp-content\/themes\/ukiyoe\/images\/about\/map_pt\/ukiyoekan_map_pt_02.png\" alt=\"Elevator Hall\"><\/a><\/td>\n<td colspan=\"3\"><img decoding=\"async\" src=\"http:\/\/test2.airmesse-light.com\/f\/wp-content\/themes\/ukiyoe\/images\/about\/map_pt\/ukiyoekan_map_pt_03.png\" alt=\"\"><\/td>\n<\/tr>\n<tr>\n<td rowspan=\"3\"><img decoding=\"async\" src=\"http:\/\/test2.airmesse-light.com\/f\/wp-content\/themes\/ukiyoe\/images\/about\/map_pt\/ukiyoekan_map_pt_04.png\" alt=\"\"><\/td>\n<td rowspan=\"2\"><a href=\"#\" data-toggle=\"modal\" data-target=\"#Modal-Fujisawa\"><img decoding=\"async\" src=\"http:\/\/test2.airmesse-light.com\/f\/wp-content\/themes\/ukiyoe\/images\/about\/map_pt\/ukiyoekan_map_pt_05.png\" alt=\"Fujisawa-syuku\"><\/a><\/td>\n<td colspan=\"2\"><a href=\"#\" data-toggle=\"modal\" data-target=\"#Modal-Tokaido\"><img decoding=\"async\" src=\"http:\/\/test2.airmesse-light.com\/f\/wp-content\/themes\/ukiyoe\/images\/about\/map_pt\/ukiyoekan_map_pt_06.png\" alt=\"Tokaido\"><\/a><\/td>\n<td colspan=\"2\"><img decoding=\"async\" src=\"http:\/\/test2.airmesse-light.com\/f\/wp-content\/themes\/ukiyoe\/images\/about\/map_pt\/ukiyoekan_map_pt_07.png\" alt=\"\"><\/td>\n<td rowspan=\"2\"><a href=\"#\" data-toggle=\"modal\" data-target=\"#Modal-Lobby\"><img decoding=\"async\" src=\"http:\/\/test2.airmesse-light.com\/f\/wp-content\/themes\/ukiyoe\/images\/about\/map_pt\/ukiyoekan_map_pt_08.png\" alt=\"Lobby\"><\/a><\/td>\n<\/tr>\n<tr>\n<td rowspan=\"2\"><a href=\"#\" data-toggle=\"modal\" data-target=\"#Modal-Enoshima\"><img decoding=\"async\" src=\"http:\/\/test2.airmesse-light.com\/f\/wp-content\/themes\/ukiyoe\/images\/about\/map_pt\/ukiyoekan_map_pt_09.png\" alt=\"Enoshima\"><\/a><\/td>\n<td rowspan=\"2\"><a href=\"#\" data-toggle=\"modal\" data-target=\"#Modal-Project\"><img decoding=\"async\" src=\"http:\/\/test2.airmesse-light.com\/f\/wp-content\/themes\/ukiyoe\/images\/about\/map_pt\/ukiyoekan_map_pt_10.png\" alt=\"Project Exhibition\"><\/a><\/td>\n<td><a href=\"#\" data-toggle=\"modal\" data-target=\"#Modal-Library\"><img decoding=\"async\" src=\"http:\/\/test2.airmesse-light.com\/f\/wp-content\/themes\/ukiyoe\/images\/about\/map_pt\/ukiyoekan_map_pt_11.png\" alt=\"Library\"><\/a><\/td>\n<td><a href=\"#\" data-toggle=\"modal\" data-target=\"#Modal-Making\"><img decoding=\"async\" src=\"http:\/\/test2.airmesse-light.com\/f\/wp-content\/themes\/ukiyoe\/images\/about\/map_pt\/ukiyoekan_map_pt_12.png\" alt=\"Making Ukiyoe\"><\/a><\/td>\n<\/tr>\n<tr>\n<td><img decoding=\"async\" src=\"http:\/\/test2.airmesse-light.com\/f\/wp-content\/themes\/ukiyoe\/images\/about\/map_pt\/ukiyoekan_map_pt_13.png\" alt=\"\"><\/td>\n<td colspan=\"2\"><a href=\"#\" data-toggle=\"modal\" data-target=\"#Modal-Making\"><img decoding=\"async\" src=\"http:\/\/test2.airmesse-light.com\/f\/wp-content\/themes\/ukiyoe\/images\/about\/map_pt\/ukiyoekan_map_pt_14.png\" alt=\"Making Ukiyoe\"><\/a><\/td>\n<td><img decoding=\"async\" src=\"http:\/\/test2.airmesse-light.com\/f\/wp-content\/themes\/ukiyoe\/images\/about\/map_pt\/ukiyoekan_map_pt_15.png\" height=\"92\" alt=\"\"><\/td>\n<\/tr>\n<\/tbody>\n<\/table>\n<p><!--\/Table--><\/div>\n<p><!-- Elevator --><\/p>\n<div class=\"modal fade\" id=\"Modal-Elevator\" tabindex=\"-1\">\n<div class=\"modal-dialog modal-dialog-center\">\n<div class=\"modal-content\">\n<div class=\"modal-header\">\n      <button type=\"button\" class=\"close\" data-dismiss=\"modal\" aria-label=\"Close\"><span aria-hidden=\"true\">\u00d7<\/span><\/button><\/p>\n<h4 class=\"modal-title\"><i class=\"fa fa-info-circle\" aria-hidden=\"true\"><\/i>Hall dos elevadores<\/h4>\n<\/div>\n<p>&nbsp;&nbsp;&nbsp;&nbsp;&nbsp;&nbsp;<\/p>\n<div class=\"modal-body\">\n<div class=\"m-photo\"><img decoding=\"async\" src=\"http:\/\/test2.airmesse-light.com\/f\/wp-content\/themes\/ukiyoe\/images\/about\/p_elevator.jpg\" alt=\"Entrance\"><\/div>\n<\/div>\n<p>&nbsp;&nbsp;&nbsp;&nbsp;&nbsp;&nbsp;<\/p>\n<div class=\"modal-footer\">\n&nbsp;&nbsp;&nbsp;&nbsp;&nbsp;&nbsp;&nbsp;&nbsp;<center><button type=\"button\" class=\"btn btn-pink\" data-dismiss=\"modal\">Close<\/button><\/center><\/div>\n<\/div>\n<\/div>\n<\/div>\n<p><!-- \/Elevator --><\/p>\n<p><!-- Lobby --><\/p>\n<div class=\"modal fade\" id=\"Modal-Lobby\" tabindex=\"-1\">\n<div class=\"modal-dialog modal-dialog-center\">\n<div class=\"modal-content\">\n<div class=\"modal-header\">\n      <button type=\"button\" class=\"close\" data-dismiss=\"modal\" aria-label=\"Close\"><span aria-hidden=\"true\">\u00d7<\/span><\/button><\/p>\n<h4 class=\"modal-title\"><i class=\"fa fa-info-circle\" aria-hidden=\"true\"><\/i>Espa\u00e7o de interc\u00e2mbio<\/h4>\n<\/div>\n<p>&nbsp;&nbsp;&nbsp;&nbsp;&nbsp;&nbsp;<\/p>\n<div class=\"modal-body\">\n<div class=\"m-photo\"><img decoding=\"async\" src=\"http:\/\/test2.airmesse-light.com\/f\/wp-content\/themes\/ukiyoe\/images\/about\/p_k_ukiyoe.jpg\" alt=\"Making Ukiyoe\"><\/div>\n<div class=\"m-photo\"><img decoding=\"async\" src=\"http:\/\/test2.airmesse-light.com\/f\/wp-content\/themes\/ukiyoe\/images\/about\/p_k_sugoroku.jpg\" alt=\"Sugoroku\"><\/div>\n<div class=\"m-photo\"><img decoding=\"async\" src=\"http:\/\/test2.airmesse-light.com\/f\/wp-content\/themes\/ukiyoe\/images\/about\/p_k_sugoroku2.jpg\" alt=\"Sugoroku\"><\/div>\n<\/div>\n<p>&nbsp;&nbsp;&nbsp;&nbsp;&nbsp;&nbsp;<\/p>\n<div class=\"modal-footer\">\n&nbsp;&nbsp;&nbsp;&nbsp;&nbsp;&nbsp;&nbsp;&nbsp;<center><button type=\"button\" class=\"btn btn-pink\" data-dismiss=\"modal\">Close<\/button><\/center><\/div>\n<\/div>\n<\/div>\n<\/div>\n<p><!-- \/Lobby --><\/p>\n<p><!-- Making --><\/p>\n<div class=\"modal fade\" id=\"Modal-Making\" tabindex=\"-1\">\n<div class=\"modal-dialog modal-dialog-center\">\n<div class=\"modal-content\">\n<div class=\"modal-header\">\n      <button type=\"button\" class=\"close\" data-dismiss=\"modal\" aria-label=\"Close\"><span aria-hidden=\"true\">\u00d7<\/span><\/button><\/p>\n<h4 class=\"modal-title\"><i class=\"fa fa-info-circle\" aria-hidden=\"true\"><\/i>Painel de Exibi\u00e7\u00e3o: \u201cComo \u00e9 feita uma obra de ukiyo-e?\u201d<\/h4>\n<\/div>\n<p>&nbsp;&nbsp;&nbsp;&nbsp;&nbsp;&nbsp;<\/p>\n<div class=\"modal-body\">\n<div class=\"m-photo\"><img decoding=\"async\" src=\"http:\/\/test2.airmesse-light.com\/f\/wp-content\/themes\/ukiyoe\/images\/about\/p_making.jpg\" alt=\"Making Ukiyoe\"><\/div>\n<\/div>\n<p>&nbsp;&nbsp;&nbsp;&nbsp;&nbsp;&nbsp;<\/p>\n<div class=\"modal-footer\">\n&nbsp;&nbsp;&nbsp;&nbsp;&nbsp;&nbsp;&nbsp;&nbsp;<center><button type=\"button\" class=\"btn btn-pink\" data-dismiss=\"modal\">Close<\/button><\/center><\/div>\n<\/div>\n<\/div>\n<\/div>\n<p><!-- \/Making --><\/p>\n<p><!-- Project --><\/p>\n<div class=\"modal fade\" id=\"Modal-Project\" tabindex=\"-1\">\n<div class=\"modal-dialog modal-dialog-center\">\n<div class=\"modal-content\">\n<div class=\"modal-header\">\n      <button type=\"button\" class=\"close\" data-dismiss=\"modal\" aria-label=\"Close\"><span aria-hidden=\"true\">\u00d7<\/span><\/button><\/p>\n<h4 class=\"modal-title\"><i class=\"fa fa-info-circle\" aria-hidden=\"true\"><\/i>Espa\u00e7o de Exibi\u00e7\u00f5es Especiais<\/h4>\n<\/div>\n<p>&nbsp;&nbsp;&nbsp;&nbsp;&nbsp;&nbsp;<\/p>\n<div class=\"modal-body\">\n<div class=\"m-photo\"><img decoding=\"async\" src=\"http:\/\/test2.airmesse-light.com\/f\/wp-content\/themes\/ukiyoe\/images\/about\/p_kikaku.jpg\" alt=\"Project\"><\/div>\n<\/div>\n<p>&nbsp;&nbsp;&nbsp;&nbsp;&nbsp;&nbsp;<\/p>\n<div class=\"modal-footer\">\n&nbsp;&nbsp;&nbsp;&nbsp;&nbsp;&nbsp;&nbsp;&nbsp;<center><button type=\"button\" class=\"btn btn-pink\" data-dismiss=\"modal\">Close<\/button><\/center><\/div>\n<\/div>\n<\/div>\n<\/div>\n<p><!-- \/Project --><\/p>\n<p><!-- Enoshima --><\/p>\n<div class=\"modal fade\" id=\"Modal-Enoshima\" tabindex=\"-1\">\n<div class=\"modal-dialog modal-dialog-center\">\n<div class=\"modal-content\">\n<div class=\"modal-header\">\n      <button type=\"button\" class=\"close\" data-dismiss=\"modal\" aria-label=\"Close\"><span aria-hidden=\"true\">\u00d7<\/span><\/button><\/p>\n<h4 class=\"modal-title\"><i class=\"fa fa-info-circle\" aria-hidden=\"true\"><\/i>Espa\u00e7o Ilha de Enoshima<\/h4>\n<\/div>\n<p>&nbsp;&nbsp;&nbsp;&nbsp;&nbsp;&nbsp;<\/p>\n<div class=\"modal-body\">\n<div class=\"m-photo\"><img decoding=\"async\" src=\"http:\/\/test2.airmesse-light.com\/f\/wp-content\/themes\/ukiyoe\/images\/about\/p_enoshima.jpg\" alt=\"Enoshima\"><\/div>\n<\/div>\n<p>&nbsp;&nbsp;&nbsp;&nbsp;&nbsp;&nbsp;<\/p>\n<div class=\"modal-footer\">\n&nbsp;&nbsp;&nbsp;&nbsp;&nbsp;&nbsp;&nbsp;&nbsp;<center><button type=\"button\" class=\"btn btn-pink\" data-dismiss=\"modal\">Close<\/button><\/center><\/div>\n<\/div>\n<\/div>\n<\/div>\n<p><!-- \/Enoshima --><\/p>\n<p><!-- Library --><\/p>\n<div class=\"modal fade\" id=\"Modal-Library\" tabindex=\"-1\">\n<div class=\"modal-dialog modal-dialog-center\">\n<div class=\"modal-content\">\n<div class=\"modal-header\">\n      <button type=\"button\" class=\"close\" data-dismiss=\"modal\" aria-label=\"Close\"><span aria-hidden=\"true\">\u00d7<\/span><\/button><\/p>\n<h4 class=\"modal-title\"><i class=\"fa fa-info-circle\" aria-hidden=\"true\"><\/i>Biblioteca<\/h4>\n<\/div>\n<p>&nbsp;&nbsp;&nbsp;&nbsp;&nbsp;&nbsp;<\/p>\n<div class=\"modal-body\">\n<div class=\"m-photo\"><img decoding=\"async\" src=\"http:\/\/test2.airmesse-light.com\/f\/wp-content\/themes\/ukiyoe\/images\/about\/p_library.jpg\" alt=\"Library\"><\/div>\n<\/div>\n<p>&nbsp;&nbsp;&nbsp;&nbsp;&nbsp;&nbsp;<\/p>\n<div class=\"modal-footer\">\n&nbsp;&nbsp;&nbsp;&nbsp;&nbsp;&nbsp;&nbsp;&nbsp;<center><button type=\"button\" class=\"btn btn-pink\" data-dismiss=\"modal\">Close<\/button><\/center><\/div>\n<\/div>\n<\/div>\n<\/div>\n<p><!-- \/Library --><\/p>\n<p><!-- Tokaido --><\/p>\n<div class=\"modal fade\" id=\"Modal-Tokaido\" tabindex=\"-1\">\n<div class=\"modal-dialog modal-dialog-center\">\n<div class=\"modal-content\">\n<div class=\"modal-header\">\n      <button type=\"button\" class=\"close\" data-dismiss=\"modal\" aria-label=\"Close\"><span aria-hidden=\"true\">\u00d7<\/span><\/button><\/p>\n<h4 class=\"modal-title\"><i class=\"fa fa-info-circle\" aria-hidden=\"true\"><\/i>Espa\u00e7o As Cinquenta e Tr\u00eas Paradas da Estrada de Tokaido<\/h4>\n<\/div>\n<p>&nbsp;&nbsp;&nbsp;&nbsp;&nbsp;&nbsp;<\/p>\n<div class=\"modal-body\">\n<div class=\"m-photo\"><img decoding=\"async\" src=\"http:\/\/test2.airmesse-light.com\/f\/wp-content\/themes\/ukiyoe\/images\/about\/p_tokaido.jpg\" alt=\"Tokaido\"><\/div>\n<\/div>\n<p>&nbsp;&nbsp;&nbsp;&nbsp;&nbsp;&nbsp;<\/p>\n<div class=\"modal-footer\">\n&nbsp;&nbsp;&nbsp;&nbsp;&nbsp;&nbsp;&nbsp;&nbsp;<center><button type=\"button\" class=\"btn btn-pink\" data-dismiss=\"modal\">Close<\/button><\/center><\/div>\n<\/div>\n<\/div>\n<\/div>\n<p><!-- \/Tokaido --><\/p>\n<p><!-- Fujisawa --><\/p>\n<div class=\"modal fade\" id=\"Modal-Fujisawa\" tabindex=\"-1\">\n<div class=\"modal-dialog modal-dialog-center\">\n<div class=\"modal-content\">\n<div class=\"modal-header\">\n      <button type=\"button\" class=\"close\" data-dismiss=\"modal\" aria-label=\"Close\"><span aria-hidden=\"true\">\u00d7<\/span><\/button><\/p>\n<h4 class=\"modal-title\"><i class=\"fa fa-info-circle\" aria-hidden=\"true\"><\/i>Espa\u00e7o Esta\u00e7\u00e3o Postal de Fujisawa<\/h4>\n<\/div>\n<p>&nbsp;&nbsp;&nbsp;&nbsp;&nbsp;&nbsp;<\/p>\n<div class=\"modal-body\">\n<div class=\"m-photo\"><img decoding=\"async\" src=\"http:\/\/test2.airmesse-light.com\/f\/wp-content\/themes\/ukiyoe\/images\/about\/p_fujisawa.jpg\" alt=\"Fujisawa-syuku\"><\/div>\n<\/div>\n<p>&nbsp;&nbsp;&nbsp;&nbsp;&nbsp;&nbsp;<\/p>\n<div class=\"modal-footer\">\n&nbsp;&nbsp;&nbsp;&nbsp;&nbsp;&nbsp;&nbsp;&nbsp;<center><button type=\"button\" class=\"btn btn-pink\" data-dismiss=\"modal\">Close<\/button><\/center><\/div>\n<\/div>\n<\/div>\n<\/div>\n<p><!-- \/Fujisawa --><\/p>\n<\/div>\n<p><!--\/area--><\/p>\n<\/div>\n<\/div>\n<\/section>\n<section id=\"access\" class=\"home-section\">\n<div class=\"container\">\n<div class=\"row\">\n<p><!--area--><\/p>\n<div class=\"aboutArea\">\n<h2>Acesso<\/h2>\n<div class=\"gmap\"><iframe src=\"https:\/\/www.google.com\/maps\/embed?pb=!1m18!1m12!1m3!1d3870.4432296684927!2d139.44571283356495!3d35.33971455910928!2m3!1f0!2f0!3f0!3m2!1i1024!2i768!4f13.1!3m3!1m2!1s0x601851ff6c81d989%3A0xa15d241995a4cc30!2z44CSMjUxLTAwNDEg56We5aWI5bed55yM6Jek5rKi5biC6L675aCC56We5Y-w77yS5LiB55uu77yS4oiS77yS!5e0!3m2!1sja!2sjp!4v1456206906966\" height=\"320\" frameborder=\"0\" style=\"border:0\" allowfullscreen=\"\"><\/iframe><\/div>\n<div class=\"col-sm-12 col-md-6 accBox\">\n<img decoding=\"async\" src=\"http:\/\/test2.airmesse-light.com\/f\/wp-content\/themes\/ukiyoe\/images\/access\/map2.gif\" alt=\"map\" class=\"img-responsive\"><\/div>\n<div class=\"col-sm-12 col-md-6 accBox\">\n<h4><i class=\"fa fa-info-circle\"><\/i><br \/>\nGuia de tr\u00e2nsito<\/h4>\n<p>Fujisawa Ukiyo-e Museum<br \/>\nCocco Terrace Shonan 7\u00ba piso, 2-2-2 Tsujido Kandai,<br \/>\nFujisawa, Kanagawa, 251-0041<\/p>\n<p>TEL\uff1a0466-33-0111<br \/>\nFAX\uff1a0466-30-1817<br \/>\nEmail\uff1afj-ukiyoe@city.fujisawa.lg.jp<\/p>\n<h4><i class=\"fa fa-train\"><\/i>Comboio<\/h4>\n<p>5 minutos a p\u00e9 da esta\u00e7\u00e3o Tsujido da linha JR (Sa\u00edda Norte do Port\u00e3o Leste)<\/p>\n<h4><i class=\"fa fa-bus\"><\/i>Autocarro<\/h4>\n<p>Parada \u201cKandai Kouen-Mae\u201d, da linha Kanagawa Chuo Kotsu Bus<br \/>\n* O museu n\u00e3o disp\u00f5e de estacionamento de ve\u00edculos exclusivo para visitantes. Por favor, utilize os transportes p\u00fablicos.<\/p>\n<\/div>\n<\/div>\n<p><!--\/area--><\/p>\n<\/div>\n<\/div>\n<\/section>\n","protected":false},"excerpt":{"rendered":"<p>IN\u00cdCIO Sobre o Museu Ukiyo-e Fujisawa Sobre o Museu Ukiyo-e Fujisawa Informa\u00e7\u00f5es do museu Hor\u00e1rio de funcionam [&hellip;]<\/p>\n","protected":false},"author":1,"featured_media":0,"parent":0,"menu_order":0,"comment_status":"closed","ping_status":"closed","template":"page-pt.php","meta":{"footnotes":""},"class_list":["post-243","page","type-page","status-publish","hentry"],"_links":{"self":[{"href":"https:\/\/fujisawa-ukiyoekan.net\/f\/wp-json\/wp\/v2\/pages\/243","targetHints":{"allow":["GET"]}}],"collection":[{"href":"https:\/\/fujisawa-ukiyoekan.net\/f\/wp-json\/wp\/v2\/pages"}],"about":[{"href":"https:\/\/fujisawa-ukiyoekan.net\/f\/wp-json\/wp\/v2\/types\/page"}],"author":[{"embeddable":true,"href":"https:\/\/fujisawa-ukiyoekan.net\/f\/wp-json\/wp\/v2\/users\/1"}],"replies":[{"embeddable":true,"href":"https:\/\/fujisawa-ukiyoekan.net\/f\/wp-json\/wp\/v2\/comments?post=243"}],"version-history":[{"count":5,"href":"https:\/\/fujisawa-ukiyoekan.net\/f\/wp-json\/wp\/v2\/pages\/243\/revisions"}],"predecessor-version":[{"id":578,"href":"https:\/\/fujisawa-ukiyoekan.net\/f\/wp-json\/wp\/v2\/pages\/243\/revisions\/578"}],"wp:attachment":[{"href":"https:\/\/fujisawa-ukiyoekan.net\/f\/wp-json\/wp\/v2\/media?parent=243"}],"curies":[{"name":"wp","href":"https:\/\/api.w.org\/{rel}","templated":true}]}}