{"id":2340,"date":"2024-05-20T13:43:33","date_gmt":"2024-05-20T04:43:33","guid":{"rendered":"https:\/\/fujisawa-ukiyoekan.net\/f\/?page_id=2340"},"modified":"2026-02-25T13:18:05","modified_gmt":"2026-02-25T04:18:05","slug":"collections-12-es","status":"publish","type":"page","link":"https:\/\/fujisawa-ukiyoekan.net\/f\/collections-12-es\/","title":{"rendered":"\u5c55\u793a\u5185\u5bb9\u7d39\u4ecb\u3000\u5e83\u91cd\u306e\u4eba\u7269\u6771\u6d77\u9053\u306b\u307f\u308b\u5b63\u7bc0\u3000\u85e4\u6ca2\u306b\u96ea\u304c\u3075\u308b\uff08\u30b9\u30da\u30a4\u30f3\u8a9e\uff09"},"content":{"rendered":"<section id=\"top\" class=\"bc-section\">\n<div class=\"container\">\n<ol class=\"breadcrumb\">\n<li><a href=\"\/f\/home-es\">HOME<\/a><\/li>\n<li class=\"active\">Introducci\u00f3n al contenido de la exposici\u00f3n<\/li>\n<\/ol>\n<\/div>\n<\/section>\n<section id=\"txt\" class=\"home-section\">\n<div class=\"container\">\n<div class=\"row\">\n<div class=\"txtArea\">\n<h3 id=\"collections-title\">Las estaciones del a\u00f1o vistas en la serie Jinbutsu Toukaidou de Hiroshige: Cae la nieve en Fujisawa<\/h3>\n<h4>Contenido de la exposici\u00f3n<\/h4>\n<div class=\"txtBox\">\n<p id=\"collections-p\">\u201cLas cincuenta y tres estaciones\u201d de Utagawa Hiroshige es una serie conocida como \u201cJinbutsu Toukaidou\u201d (carretera Toukaidou de figuras de personajes). La caracter\u00edstica de esta serie es la expresiva descripci\u00f3n de las figuras de personajes junto con los paisajes de la carretera Toukaidou, pero adem\u00e1s muestran las particularidades del lugar, las estaciones del a\u00f1o y las costumbres populares. En esta exhibici\u00f3n, tambi\u00e9n se presentan las estaciones del a\u00f1o en Edo observadas en los patrones de dibujo de la serie Jinbutsu Toukaidou.\n<\/p>\n<\/div>\n<div class=\"itemArea\">\n<!--\u6771\u6d77\u9053\u4e94\u5341\u4e09\u6b21\u30b3\u30fc\u30ca\u30fc--><\/p>\n<div class=\"itemBox muchigh col-xs-12 col-sm-4 col-md-3\" style=\"height: 327px;\">\n<h5>Rinc\u00f3n de la serie Las cincuenta y tres estaciones de Tokaido<\/h5>\n<p class=\"imgbox\"><img decoding=\"async\" id=\"collections-toukai-img\" src=\"\/resources\/i\/materials\/220\/resources\/uki10159.jpg\" alt=\"\"><\/p>\n<p id=\"collections-toukai-p\">Estampa de Hiratsuka\u3000de la colecci\u00f3n Cincuenta y tres estaciones de la ruta Toukaidou<\/div>\n<p><!--\u85e4\u6ca2\u5bbf\u30b3\u30fc\u30ca\u30fc--><\/p>\n<div class=\"itemBox muchigh col-xs-12 col-sm-4 col-md-3\" style=\"height: 327px;\">\n<h5>Rinc\u00f3n de la posada Fujisawa<\/h5>\n<p class=\"imgbox\"><img decoding=\"async\" id=\"collections-hujisawa-img\" src=\"\/resources\/i\/materials\/220\/resources\/uki10162.jpg\" border=\"0\" alt=\"\"><\/p>\n<p id=\"collections-hujisawa-p\">Estampa de Hakone\u3000de la colecci\u00f3n Cincuenta y tres estaciones de la ruta Toukaidou<\/div>\n<p><!--\u6c5f\u306e\u5cf6\u30b3\u30fc\u30ca\u30fc--><\/p>\n<div class=\"itemBox muchigh col-xs-12 col-sm-4 col-md-3\" style=\"height: 327px;\">\n<h5>Rinc\u00f3n de Enoshima<\/h5>\n<p class=\"imgbox\"><img decoding=\"async\" id=\"collections-enoshima-img\" src=\"\/resources\/i\/materials\/220\/resources\/uki10050.jpg\" border=\"0\" alt=\"\"><\/p>\n<p id=\"collections-enoshima-p\">Vista verdadera de la isla de Enoshima de la provincia de Sagami<\/div>\n<p><!--\u4f01\u753b\u5c55\u793a\u30b3\u30fc\u30ca\u30fc--><\/p>\n<div class=\"itemBox muchigh col-xs-12 col-sm-4 col-md-3\" style=\"\">\n<h5>Rinc\u00f3n especial de exposiciones<\/h5>\n<p class=\"imgbox\"><img decoding=\"async\" id=\"collections-kikaku-img\" src=\"\/resources\/i\/materials\/220\/resources\/uki10153.jpg\" border=\"0\" alt=\"\"><\/p>\n<p id=\"collections-kikaku-p\">Estampa de Fujisawa\u3000de la colecci\u00f3n Cincuenta y tres estaciones de la ruta Toukaidou<\/div>\n<\/div>\n<p><a href=\"\/f\/archive-en\"><button type=\"button\" class=\"btnnex\">Archivo de exposiciones<\/button><\/a><\/p>\n<\/div>\n<\/div>\n<\/div>\n<\/section>\n","protected":false},"excerpt":{"rendered":"<p>HOME Introducci\u00f3n al contenido de la exposici\u00f3n Las estaciones del a\u00f1o vistas en la serie Jinbutsu Toukaidou d [&hellip;]<\/p>\n","protected":false},"author":1,"featured_media":0,"parent":0,"menu_order":0,"comment_status":"closed","ping_status":"closed","template":"page-es.php","meta":{"footnotes":""},"class_list":["post-2340","page","type-page","status-publish","hentry"],"_links":{"self":[{"href":"https:\/\/fujisawa-ukiyoekan.net\/f\/wp-json\/wp\/v2\/pages\/2340","targetHints":{"allow":["GET"]}}],"collection":[{"href":"https:\/\/fujisawa-ukiyoekan.net\/f\/wp-json\/wp\/v2\/pages"}],"about":[{"href":"https:\/\/fujisawa-ukiyoekan.net\/f\/wp-json\/wp\/v2\/types\/page"}],"author":[{"embeddable":true,"href":"https:\/\/fujisawa-ukiyoekan.net\/f\/wp-json\/wp\/v2\/users\/1"}],"replies":[{"embeddable":true,"href":"https:\/\/fujisawa-ukiyoekan.net\/f\/wp-json\/wp\/v2\/comments?post=2340"}],"version-history":[{"count":2,"href":"https:\/\/fujisawa-ukiyoekan.net\/f\/wp-json\/wp\/v2\/pages\/2340\/revisions"}],"predecessor-version":[{"id":4045,"href":"https:\/\/fujisawa-ukiyoekan.net\/f\/wp-json\/wp\/v2\/pages\/2340\/revisions\/4045"}],"wp:attachment":[{"href":"https:\/\/fujisawa-ukiyoekan.net\/f\/wp-json\/wp\/v2\/media?parent=2340"}],"curies":[{"name":"wp","href":"https:\/\/api.w.org\/{rel}","templated":true}]}}