{"id":2022,"date":"2024-02-27T14:00:46","date_gmt":"2024-02-27T05:00:46","guid":{"rendered":"https:\/\/fujisawa-ukiyoekan.net\/f\/?page_id=2022"},"modified":"2025-05-07T16:00:23","modified_gmt":"2025-05-07T07:00:23","slug":"collections-11-pt","status":"publish","type":"page","link":"https:\/\/fujisawa-ukiyoekan.net\/f\/collections-11-pt\/","title":{"rendered":"\u5c55\u793a\u5185\u5bb9\u7d39\u4ecb\u3000\u5317\u658e\u3068\u9580\u5f1f\u305f\u3061\u306e\u85e4\u6ca2\u30fb\u6c5f\u306e\u5cf6\uff08\u30dd\u30eb\u30c8\u30ac\u30eb\u8a9e\uff09"},"content":{"rendered":"<section id=\"top\" class=\"bc-section\">\n<div class=\"container\">\n<ol class=\"breadcrumb\">\n<li><a href=\"\/f\/home-pt\">HOME<\/a><\/li>\n<li class=\"active\">Introdu\u00e7\u00e3o ao conte\u00fado da exposi\u00e7\u00e3o<\/li>\n<\/ol>\n<\/div>\n<\/section>\n<section id=\"txt\" class=\"home-section\">\n<div class=\"container\">\n<div class=\"row\">\n<div class=\"txtArea\">\n<h3 id=\"collections-title\">Hokusai e seus disc\u00edpulos em Fujisawa e Enoshima<\/h4>\n<div class=\"txtBox\">\n<p id=\"collections-p\">Hokusai Katsushika n\u00e3o apenas surpreendeu as pessoas com suas ideias e t\u00e9cnicas ousadas, como tamb\u00e9m incorporou tend\u00eancias da sociedade da \u00e9poca em muitas de suas obras. Muitas das pinturas de Hokusai incluem a Esta\u00e7\u00e3o de Fujisawa e a ilha de Enoshima. Algumas dessas pinturas s\u00e3o representa\u00e7\u00f5es animadas de locais famosos, enquanto outras experimentam t\u00e9cnicas ocidentais e diversas formas de express\u00e3o. A presente exposi\u00e7\u00e3o d\u00e1 foco em Fujisawa, concebida e pintada por Hokusai, assim como em obras de seus disc\u00edpulos e outros artistas de ukiyo-e com os quais ele possu\u00eda alguma liga\u00e7\u00e3o particular.<\/p>\n<\/div>\n<div class=\"itemArea\">\n<!--\u6771\u6d77\u9053\u4e94\u5341\u4e09\u6b21\u30b3\u30fc\u30ca\u30fc--><\/p>\n<div class=\"itemBox muchigh col-xs-12 col-sm-4 col-md-3\" style=\"height: 327px;\">\n<h5>Esquina da s\u00e9rie 53 Esta\u00e7\u00f5es Postais de Toukaidou<\/h5>\n<p class=\"imgbox\"><img decoding=\"async\" id=\"collections-toukai-img\" src=\"\/resources\/i\/materials\/220\/resources\/uki10087.jpg\" alt=\"\"><\/p>\n<p id=\"collections-toukai-p\">Fujisawa, three and a half miles to Hiratsuka<\/div>\n<p><!--\u85e4\u6ca2\u5bbf\u30b3\u30fc\u30ca\u30fc--><\/p>\n<div class=\"itemBox muchigh col-xs-12 col-sm-4 col-md-3\" style=\"height: 327px;\">\n<h5>Esquina da estalagem Fujisawa<\/h5>\n<p class=\"imgbox\"><img decoding=\"async\" id=\"collections-hujisawa-img\" src=\"\/resources\/material-None\/image-1.png\" border=\"0\" alt=\"\"><\/p>\n<p id=\"collections-hujisawa-p\">Hokusai Manga Vol.8<\/div>\n<p><!--\u6c5f\u306e\u5cf6\u30b3\u30fc\u30ca\u30fc--><\/p>\n<div class=\"itemBox muchigh col-xs-12 col-sm-4 col-md-3\" style=\"height: 327px;\">\n<h5>Canto de Enoshima<\/h5>\n<p class=\"imgbox\"><img decoding=\"async\" id=\"collections-enoshima-img\" src=\"\/resources\/i\/materials\/220\/resources\/605ccBcg.jpg\" border=\"0\" alt=\"\"><\/p>\n<p id=\"collections-enoshima-p\">Haiku Sete deuses da sorte\uff1aFukurokujyu<\/div>\n<p><!--\u4f01\u753b\u5c55\u793a\u30b3\u30fc\u30ca\u30fc--><\/p>\n<div class=\"itemBox muchigh col-xs-12 col-sm-4 col-md-3\" style=\"\">\n<h5>Canto de exposi\u00e7\u00e3o especial<\/h5>\n<p class=\"imgbox\"><img decoding=\"async\" id=\"collections-kikaku-img\" src=\"\/resources\/i\/materials\/220\/resources\/uki10009.jpg\" border=\"0\" alt=\"\"><\/p>\n<p id=\"collections-kikaku-p\">Praia de Shichirigahama na prov\u00edncia de Sagami, da s\u00e9rie 36 Paisagens do Monte Fuji<\/div>\n<\/div>\n<p><a href=\"\/f\/archive-en\"><button type=\"button\" class=\"btnnex\">The Exhibition Archive<\/button><\/a><\/p>\n<\/div>\n<\/div>\n<\/div>\n<\/section>\n","protected":false},"excerpt":{"rendered":"<p>HOME Introdu\u00e7\u00e3o ao conte\u00fado da exposi\u00e7\u00e3o Hokusai e seus disc\u00edpulos em Fujisawa e Enoshima Hokusai Katsushika n [&hellip;]<\/p>\n","protected":false},"author":1,"featured_media":0,"parent":0,"menu_order":0,"comment_status":"closed","ping_status":"closed","template":"page-pt.php","meta":{"footnotes":""},"class_list":["post-2022","page","type-page","status-publish","hentry"],"_links":{"self":[{"href":"https:\/\/fujisawa-ukiyoekan.net\/f\/wp-json\/wp\/v2\/pages\/2022","targetHints":{"allow":["GET"]}}],"collection":[{"href":"https:\/\/fujisawa-ukiyoekan.net\/f\/wp-json\/wp\/v2\/pages"}],"about":[{"href":"https:\/\/fujisawa-ukiyoekan.net\/f\/wp-json\/wp\/v2\/types\/page"}],"author":[{"embeddable":true,"href":"https:\/\/fujisawa-ukiyoekan.net\/f\/wp-json\/wp\/v2\/users\/1"}],"replies":[{"embeddable":true,"href":"https:\/\/fujisawa-ukiyoekan.net\/f\/wp-json\/wp\/v2\/comments?post=2022"}],"version-history":[{"count":2,"href":"https:\/\/fujisawa-ukiyoekan.net\/f\/wp-json\/wp\/v2\/pages\/2022\/revisions"}],"predecessor-version":[{"id":2043,"href":"https:\/\/fujisawa-ukiyoekan.net\/f\/wp-json\/wp\/v2\/pages\/2022\/revisions\/2043"}],"wp:attachment":[{"href":"https:\/\/fujisawa-ukiyoekan.net\/f\/wp-json\/wp\/v2\/media?parent=2022"}],"curies":[{"name":"wp","href":"https:\/\/api.w.org\/{rel}","templated":true}]}}