{"id":2020,"date":"2024-02-27T13:58:56","date_gmt":"2024-02-27T04:58:56","guid":{"rendered":"https:\/\/fujisawa-ukiyoekan.net\/f\/?page_id=2020"},"modified":"2025-05-07T16:00:15","modified_gmt":"2025-05-07T07:00:15","slug":"collections-11-fr","status":"publish","type":"page","link":"https:\/\/fujisawa-ukiyoekan.net\/f\/collections-11-fr\/","title":{"rendered":"\u5c55\u793a\u5185\u5bb9\u7d39\u4ecb\u3000\u5317\u658e\u3068\u9580\u5f1f\u305f\u3061\u306e\u85e4\u6ca2\u30fb\u6c5f\u306e\u5cf6\uff08\u30d5\u30e9\u30f3\u30b9\u8a9e\uff09"},"content":{"rendered":"<section id=\"top\" class=\"bc-section\">\n<div class=\"container\">\n<ol class=\"breadcrumb\">\n<li><a href=\"\/f\/home-fr\">HOME<\/a><\/li>\n<li class=\"active\">Introduction \u00e0 l&#8217;exposition<\/li>\n<\/ol>\n<\/div>\n<\/section>\n<section id=\"txt\" class=\"home-section\">\n<div class=\"container\">\n<div class=\"row\">\n<div class=\"txtArea\">\n<h3 id=\"collections-title\">Fujisawa et Enoshima par Hokusai et ses disciples<\/h3>\n<h4><ruby>Introduction \u00e0 l&#8217;exposition<\/h4>\n<div class=\"txtBox\">\n<p id=\"collections-p\">Katsushika Hokusai a non seulement marqu\u00e9 les esprits par ses id\u00e9es et ses techniques aussi audacieuses qu\u2019uniques, mais ses talents ont \u00e9galement inspir\u00e9 beaucoup d\u2019artistes et d\u2019\u0153uvres populaires dans le monde entier. Enoshima et la station relais de Fujisawa font partie des \u0153uvres incontournables de Katsushika Hokusai. Certaines de ses estampes repr\u00e9sentent d\u2019une mani\u00e8re r\u00e9aliste des lieux c\u00e9l\u00e8bres de l\u2019\u00e9poque, tandis que d&#8217;autres sont des peintures r\u00e9alis\u00e9es avec une m\u00e9thode exp\u00e9rimentale bas\u00e9e sur les techniques venant d\u2019Occident. Les th\u00e8mes principaux de cette exposition sont les estampes \u00ab Fujisawa \u00bb de Hokusai, ainsi que les \u0153uvres r\u00e9alis\u00e9es par ses apprentis et d\u2019autres artistes ukiyo-e.\n<\/p>\n<\/div>\n<div class=\"itemArea\">\n<!--\u6771\u6d77\u9053\u4e94\u5341\u4e09\u6b21\u30b3\u30fc\u30ca\u30fc--><\/p>\n<div class=\"itemBox muchigh col-xs-12 col-sm-4 col-md-3\" style=\"height: 327px;\">\n<h5>Coin de s\u00e9rie \u00ab Les Cinquante-trois Relais du T\u014dkaid\u014d \u00bb<\/h5>\n<p class=\"imgbox\"><img decoding=\"async\" id=\"collections-toukai-img\" src=\"\/resources\/i\/materials\/220\/resources\/uki10087.jpg\" alt=\"\"><\/p>\n<p id=\"collections-toukai-p\">Fujisawa, three and a half miles to Hiratsuka<\/div>\n<p><!--\u85e4\u6ca2\u5bbf\u30b3\u30fc\u30ca\u30fc--><\/p>\n<div class=\"itemBox muchigh col-xs-12 col-sm-4 col-md-3\" style=\"height: 327px;\">\n<h5>Coin de l&#8217;auberge Fujisawa<\/h5>\n<p class=\"imgbox\"><img decoding=\"async\" id=\"collections-hujisawa-img\" src=\"\/resources\/material-None\/image-1.png\" border=\"0\" alt=\"\"><\/p>\n<p id=\"collections-hujisawa-p\">Hokusai Manga Vol.8<\/div>\n<p><!--\u6c5f\u306e\u5cf6\u30b3\u30fc\u30ca\u30fc--><\/p>\n<div class=\"itemBox muchigh col-xs-12 col-sm-4 col-md-3\" style=\"height: 327px;\">\n<h5>Coin Enoshima<\/h5>\n<p class=\"imgbox\"><img decoding=\"async\" id=\"collections-enoshima-img\" src=\"\/resources\/i\/materials\/220\/resources\/605ccBcg.jpg\" border=\"0\" alt=\"\"><\/p>\n<p id=\"collections-enoshima-p\">Ha\u00efku Sept Dieux Chanceux\uff1aFukurokujyu<\/div>\n<p><!--\u4f01\u753b\u5c55\u793a\u30b3\u30fc\u30ca\u30fc--><\/p>\n<div class=\"itemBox muchigh col-xs-12 col-sm-4 col-md-3\" style=\"\">\n<h5>Coin des expositions sp\u00e9ciales<\/h5>\n<p class=\"imgbox\"><img decoding=\"async\" id=\"collections-kikaku-img\" src=\"\/resources\/i\/materials\/220\/resources\/uki10009.jpg\" border=\"0\" alt=\"\"><\/p>\n<p id=\"collections-kikaku-p\">Plage Shichirigahama de la province de Sagami, s\u00e9rie \u00ab Les Trente-six Vues du Mont Fuji \u00bb<\/div>\n<\/div>\n<p><a href=\"\/f\/archive-en\"><button type=\"button\" class=\"btnnex\">The Exhibition Archive<\/button><\/a><\/p>\n<\/div>\n<\/div>\n<\/div>\n<\/section>\n","protected":false},"excerpt":{"rendered":"<p>HOME Introduction \u00e0 l&#8217;exposition Fujisawa et Enoshima par Hokusai et ses disciples Introduction \u00e0 l&#038;#821 [&hellip;]<\/p>\n","protected":false},"author":1,"featured_media":0,"parent":0,"menu_order":0,"comment_status":"closed","ping_status":"closed","template":"page-fr.php","meta":{"footnotes":""},"class_list":["post-2020","page","type-page","status-publish","hentry"],"_links":{"self":[{"href":"https:\/\/fujisawa-ukiyoekan.net\/f\/wp-json\/wp\/v2\/pages\/2020","targetHints":{"allow":["GET"]}}],"collection":[{"href":"https:\/\/fujisawa-ukiyoekan.net\/f\/wp-json\/wp\/v2\/pages"}],"about":[{"href":"https:\/\/fujisawa-ukiyoekan.net\/f\/wp-json\/wp\/v2\/types\/page"}],"author":[{"embeddable":true,"href":"https:\/\/fujisawa-ukiyoekan.net\/f\/wp-json\/wp\/v2\/users\/1"}],"replies":[{"embeddable":true,"href":"https:\/\/fujisawa-ukiyoekan.net\/f\/wp-json\/wp\/v2\/comments?post=2020"}],"version-history":[{"count":2,"href":"https:\/\/fujisawa-ukiyoekan.net\/f\/wp-json\/wp\/v2\/pages\/2020\/revisions"}],"predecessor-version":[{"id":2042,"href":"https:\/\/fujisawa-ukiyoekan.net\/f\/wp-json\/wp\/v2\/pages\/2020\/revisions\/2042"}],"wp:attachment":[{"href":"https:\/\/fujisawa-ukiyoekan.net\/f\/wp-json\/wp\/v2\/media?parent=2020"}],"curies":[{"name":"wp","href":"https:\/\/api.w.org\/{rel}","templated":true}]}}