{"id":2018,"date":"2024-02-27T13:57:43","date_gmt":"2024-02-27T04:57:43","guid":{"rendered":"https:\/\/fujisawa-ukiyoekan.net\/f\/?page_id=2018"},"modified":"2025-05-07T16:00:07","modified_gmt":"2025-05-07T07:00:07","slug":"collections-11-es","status":"publish","type":"page","link":"https:\/\/fujisawa-ukiyoekan.net\/f\/collections-11-es\/","title":{"rendered":"\u5c55\u793a\u5185\u5bb9\u7d39\u4ecb\u3000\u5317\u658e\u3068\u9580\u5f1f\u305f\u3061\u306e\u85e4\u6ca2\u30fb\u6c5f\u306e\u5cf6\u3000\u30b9\u30da\u30a4\u30f3\u8a9e"},"content":{"rendered":"<section id=\"top\" class=\"bc-section\">\n<div class=\"container\">\n<ol class=\"breadcrumb\">\n<li><a href=\"\/f\/home-es\">HOME<\/a><\/li>\n<li class=\"active\">Introducci\u00f3n al contenido de la exposici\u00f3n<\/li>\n<\/ol>\n<\/div>\n<\/section>\n<section id=\"txt\" class=\"home-section\">\n<div class=\"container\">\n<div class=\"row\">\n<div class=\"txtArea\">\n<h3 id=\"collections-title\">Fujisawa y Enosima de Hokusai y sus disc\u00edpulos<\/h3>\n<h4>Contenido de la exposici\u00f3n<\/h4>\n<div class=\"txtBox\">\n<p id=\"collections-p\">Katsushika Hokusai no s\u00f3lo asombraba a la gente con sus ideas y t\u00e9cnicas audaces sino tambi\u00e9n integraba la moda en muchas de sus obras. Entre las obras de Hokusai, hay muchas obras de la estaci\u00f3n de Fujisawa y la isla de Enosima. Expresa de diferentes maneras, algunas son una v\u00edvida descripci\u00f3n de lugares famosos y otras son t\u00e9cnicas experimentales occidentales. En esta exhibici\u00f3n, se enfoca en \u201cFujisawa\u201d ilustrada por las ideas de Hokusai, adem\u00e1s, se presentan las obras de sus disc\u00edpulos y de los artistas de Ukiyo-e fuertemente influenciados por Hokusai.\n<\/p>\n<\/div>\n<div class=\"itemArea\">\n<!--\u6771\u6d77\u9053\u4e94\u5341\u4e09\u6b21\u30b3\u30fc\u30ca\u30fc--><\/p>\n<div class=\"itemBox muchigh col-xs-12 col-sm-4 col-md-3\" style=\"height: 327px;\">\n<h5>Rinc\u00f3n de la serie Las cincuenta y tres estaciones de Tokaido<\/h5>\n<p class=\"imgbox\"><img decoding=\"async\" id=\"collections-toukai-img\" src=\"\/resources\/i\/materials\/220\/resources\/uki10087.jpg\" alt=\"\"><\/p>\n<p id=\"collections-toukai-p\">Fujisawa, three and a half miles to Hiratsuka<\/div>\n<p><!--\u85e4\u6ca2\u5bbf\u30b3\u30fc\u30ca\u30fc--><\/p>\n<div class=\"itemBox muchigh col-xs-12 col-sm-4 col-md-3\" style=\"height: 327px;\">\n<h5>Rinc\u00f3n de la posada Fujisawa<\/h5>\n<p class=\"imgbox\"><img decoding=\"async\" id=\"collections-hujisawa-img\" src=\"\/resources\/material-None\/image-1.png\" border=\"0\" alt=\"\"><\/p>\n<p id=\"collections-hujisawa-p\">Hokusai Manga Vol.8<\/div>\n<p><!--\u6c5f\u306e\u5cf6\u30b3\u30fc\u30ca\u30fc--><\/p>\n<div class=\"itemBox muchigh col-xs-12 col-sm-4 col-md-3\" style=\"height: 327px;\">\n<h5>Rinc\u00f3n de Enoshima<\/h5>\n<p class=\"imgbox\"><img decoding=\"async\" id=\"collections-enoshima-img\" src=\"\/resources\/i\/materials\/220\/resources\/605ccBcg.jpg\" border=\"0\" alt=\"\"><\/p>\n<p id=\"collections-enoshima-p\">Haiku Siete dioses afortunados\uff1aFukurokujyu<\/div>\n<p><!--\u4f01\u753b\u5c55\u793a\u30b3\u30fc\u30ca\u30fc--><\/p>\n<div class=\"itemBox muchigh col-xs-12 col-sm-4 col-md-3\" style=\"\">\n<h5>Rinc\u00f3n especial de exposiciones<\/h5>\n<p class=\"imgbox\"><img decoding=\"async\" id=\"collections-kikaku-img\" src=\"\/resources\/i\/materials\/220\/resources\/uki10009.jpg\" border=\"0\" alt=\"\"><\/p>\n<p id=\"collections-kikaku-p\">Playa de Shichiri-ga-hama de la Provincia de Sagami, de la serie Treinta y seis vistas del Monte Fuji<\/div>\n<\/div>\n<p><a href=\"\/f\/archive-en\"><button type=\"button\" class=\"btnnex\">Archivo de exposiciones<\/button><\/a><\/p>\n<\/div>\n<\/div>\n<\/div>\n<\/section>\n","protected":false},"excerpt":{"rendered":"<p>HOME Introducci\u00f3n al contenido de la exposici\u00f3n Fujisawa y Enosima de Hokusai y sus disc\u00edpulos Contenido de la [&hellip;]<\/p>\n","protected":false},"author":1,"featured_media":0,"parent":0,"menu_order":0,"comment_status":"closed","ping_status":"closed","template":"page-es.php","meta":{"footnotes":""},"class_list":["post-2018","page","type-page","status-publish","hentry"],"_links":{"self":[{"href":"https:\/\/fujisawa-ukiyoekan.net\/f\/wp-json\/wp\/v2\/pages\/2018","targetHints":{"allow":["GET"]}}],"collection":[{"href":"https:\/\/fujisawa-ukiyoekan.net\/f\/wp-json\/wp\/v2\/pages"}],"about":[{"href":"https:\/\/fujisawa-ukiyoekan.net\/f\/wp-json\/wp\/v2\/types\/page"}],"author":[{"embeddable":true,"href":"https:\/\/fujisawa-ukiyoekan.net\/f\/wp-json\/wp\/v2\/users\/1"}],"replies":[{"embeddable":true,"href":"https:\/\/fujisawa-ukiyoekan.net\/f\/wp-json\/wp\/v2\/comments?post=2018"}],"version-history":[{"count":2,"href":"https:\/\/fujisawa-ukiyoekan.net\/f\/wp-json\/wp\/v2\/pages\/2018\/revisions"}],"predecessor-version":[{"id":2041,"href":"https:\/\/fujisawa-ukiyoekan.net\/f\/wp-json\/wp\/v2\/pages\/2018\/revisions\/2041"}],"wp:attachment":[{"href":"https:\/\/fujisawa-ukiyoekan.net\/f\/wp-json\/wp\/v2\/media?parent=2018"}],"curies":[{"name":"wp","href":"https:\/\/api.w.org\/{rel}","templated":true}]}}