{"id":199,"date":"2023-09-27T15:00:17","date_gmt":"2023-09-27T06:00:17","guid":{"rendered":"http:\/\/test2.airmesse-light.com\/f\/?page_id=199"},"modified":"2023-09-29T14:29:15","modified_gmt":"2023-09-29T05:29:15","slug":"ukiyoe-4-fr","status":"publish","type":"page","link":"https:\/\/fujisawa-ukiyoekan.net\/f\/ukiyoe-4-fr\/","title":{"rendered":"\u6d6e\u4e16\u7d75\u3068\u85e4\u6ca2\u3000\u6771\u6d77\u9053\u4e94\u5341\u4e09\u6b21\u30b7\u30ea\u30fc\u30ba\u3068\u9053\u4e2d\u53cc\u516d \u30d5\u30e9\u30f3\u30b9\u8a9e"},"content":{"rendered":"<section id=\"top\" class=\"bc-section\">\n<div class=\"container\">\n<ol class=\"breadcrumb\">\n<li><a href=\"\/f\/home-fr\">Accueil<\/a><\/li>\n<li class=\"active\">Ukiyo-e et Fujisawa<\/li>\n<\/ol>\n<\/div>\n<\/section>\n<section id=\"txt\" class=\"home-section\">\n<div class=\"container\">\n<div class=\"row\">\n<div class=\"txtArea\">\n<h3>Jeu de Sugoroku de voyage, s\u00e9rie des \u201cCinquante-trois \u00e9tapes du T\u014dkaid\u014d\u201d<\/h3>\n<div class=\"txtBox\">\n<p>Les \u201ccinquante-trois \u00e9tapes du T\u014dkaid\u014d\u201d \u00e9taient les 53 relais situ\u00e9s le long de la route du T\u014dkaid\u014d, l\u2019une des cinq grandes routes qui partaient de la capitale \u00e0 l\u2019\u00e9poque d\u2019Edo. A la fin de cette p\u00e9riode, alors que le voyage \u00e9tait devenu tr\u00e8s populaire, de nombreuses s\u00e9ries d\u2019estampes ukiyo-e consacr\u00e9es \u00e0 cette route et \u00e0 ses sites c\u00e9l\u00e8bres furent publi\u00e9es.<br \/>\nLe pont d\u2019Edo Nihonbashi, qui constituait le point de d\u00e9part de la route du T\u014dkaid\u014d. L\u2019estampe no.1, \u201cNihonbashi : une vue de Shinonom\u00e9\u201d, de la s\u00e9rie \u201cCinquante-trois \u00e9tapes du T\u014dkaid\u014d\u201d d\u2019Utagawa Hiroshige, repr\u00e9sente les environs du pont de Nihonbashi au petit matin.<br \/>\nS\u2019agissant de la route du T\u014dkaid\u014d, le roman comique \u201cT\u014dkaid\u014d-ch\u016b Hizakurige\u201d (\u00e0 pied sur le T\u014dkaid\u014d), de Jippensha Ikku, est tr\u00e8s c\u00e9l\u00e8bre. L\u2019artiste d\u2019ukiyo-e Ochiai Yoshiiku r\u00e9alisa une s\u00e9rie bas\u00e9e sur cette oeuvre, avec un texte de Kanagaki Robun. L\u2019estampe no.2 illustre la sc\u00e8ne de Shinagawa. \u201cT\u014dkaid\u014d-ch\u016b Hizakurige\u201d est un ensemble d\u2019histoires comiques mettant en sc\u00e8ne les deux personnages Yajir\u014dbe et Kitahachi qui voyagent le long de la route du T\u014dkaid\u014d. L\u2019illustration repr\u00e9sente \u00e9galement une mission diplomatique de Ch\u014dsen (Cor\u00e9e), qu\u2019il n\u2019\u00e9tait pas rare de voir sur cette route.<br \/>\nL\u2019estampe no.3 fait partie d\u2019une s\u00e9rie qui repr\u00e9sente, en haut, une illustration et un texte de l\u2019\u00e9crivain Bokkaku et, en bas, des faits historiques, l\u00e9gendes ou paysages associ\u00e9s \u00e0 chacun des relais. Ici, on voit une femme qui sert le th\u00e9 dans une maison de th\u00e9 de Fujisawa. La montagne dont il est question dans le titre \u201cYamagaeri\u201d (retour de la montagne) est le Mt \u014cyama. Derri\u00e8re la femme, on aper\u00e7oit un \u201comiki-waku\u201d pos\u00e9 sur un banc. Ce r\u00e9cipient servait \u00e0 transporter l\u2019eau et le sak\u00e9 de retour du p\u00e9lerinage au Mt \u014cyama.<\/p>\n<\/div>\n<div class=\"col-sm-12\">\n<div class=\"col-sm-12 col-md-3\">\n<img decoding=\"async\" src=\"http:\/\/test2.airmesse-light.com\/f\/wp-content\/themes\/ukiyoe\/images\/ukiyoe4.jpg\" alt=\"ukiyoe\" class=\"img-responsive\"><\/p>\n<p class=\"u-name\">1.Utagawa Hiroshige<br \/>\n\u201cVues de lieux c\u00e9l\u00e8bres des cinquante-trois \u00e9tapes du T\u014dkaid\u014d &#8211; le pont Nihonbashi\u201d<\/p>\n<\/div>\n<div class=\"col-sm-12 col-md-6\">\n<img decoding=\"async\" src=\"http:\/\/test2.airmesse-light.com\/f\/wp-content\/themes\/ukiyoe\/images\/ukiyoe5.jpg\" alt=\"ukiyoe\" class=\"img-responsive\"><\/p>\n<p class=\"u-name\">2.Ochiai Yoshiiku (texte de Kanagaki Robun)<br \/>\nShinagawa, de la s\u00e9rie \u201cT\u014dkaid\u014d-ch\u016b Kurige no Yajiuma\u201d (A pied sur le T\u014dkaid\u014d)<\/p>\n<\/div>\n<div class=\"col-sm-12 col-md-3\">\n<img decoding=\"async\" src=\"http:\/\/test2.airmesse-light.com\/f\/wp-content\/themes\/ukiyoe\/images\/ukiyoe6.jpg\" alt=\"ukiyoe\" class=\"img-responsive\"><\/p>\n<p class=\"u-name\">3.Utagawa Yoshitora<br \/>\n\u201cSagami Fujisawa &#8211; Yamagaeri-j\u014dkei\u201d (Fujisawa dans la province de Sagami &#8211; repos de retour de la montagne), de la s\u00e9rie \u201cCinquante-trois \u00e9tapes du T\u014dkaid\u014d\u201d (style \u201cshoga\u201d = vers calligraphi\u00e9s + illustrations)<\/p>\n<\/div>\n<\/div>\n<div class=\"txtBox\">\n<p>Jeu \u201cD\u014dch\u016b Sugoroku\u201d rassemblant les 53 stations du T\u014dkaid\u014d en une seule illustration. Le Sugoroku \u00e9tait un jeu tr\u00e8s appr\u00e9ci\u00e9 par les gens du peuple \u00e0 l\u2019\u00e9poque d\u2019Edo. Les jeux D\u014dch\u016b Sugoroku, quant \u00e0 eux, utilisaient des motifs populaires tels que pi\u00e8ces de Kabuki, sites c\u00e9l\u00e8bres ou encore le roman comique \u201cA pied sur le T\u014dkaid\u014d\u201d. Certains d\u2019entre eux connurent un grand succ\u00e8s, comme le \u201cSangu J\u014dky\u014d D\u014dch\u016b Ichiran Sugoroku\u201d d\u2019Utagawa Hiroshige (no.4) ou le \u201cGoj\u016bsan-tsugi Mitate Sugoroku\u201d d\u2019Utagawa Kunisada (Toyokuni III) (no.5).<\/p>\n<\/div>\n<div class=\"col-sm-12\">\n<div class=\"col-sm-12 col-md-5 col-md-offset-1\">\n<img decoding=\"async\" src=\"http:\/\/test2.airmesse-light.com\/f\/wp-content\/themes\/ukiyoe\/images\/ukiyoe7.jpg\" alt=\"ukiyoe\" class=\"img-responsive\"><\/p>\n<p class=\"u-name\">4.Utagawa Hiroshige<br \/>\n\u201cSangu J\u014dky\u014d D\u014dch\u016b Ichiran Sugoroku\u201d (jeu de sugoroku pour le voyage \u00e0 Ky\u014dto via le p\u00e9lerinage au sanctuaire d\u2019Is\u00e9)<\/p>\n<\/div>\n<div class=\"col-sm-12 col-md-5\">\n<img decoding=\"async\" src=\"http:\/\/test2.airmesse-light.com\/f\/wp-content\/themes\/ukiyoe\/images\/ukiyoe8.jpg\" alt=\"ukiyoe\" class=\"img-responsive\"><\/p>\n<p class=\"u-name\">5.Utagawa Kunisada,<br \/>\n\u201cGoj\u016bsan-tsugi Mitate Sugoroku\u201d (jeu de sugoroku sur les 53 \u00e9tapes du T\u014dkaid\u014d)<\/p>\n<\/div>\n<\/div>\n<div class=\"nxtBox\">\n<p><i class=\"fa fa-arrow-circle-left\"><\/i> <a href=\"ukiyoe-3-fr\">La l\u00e9gende d\u2019Oguri-Hangan et de la princesse Terut\u00e9<\/a><\/p>\n<\/div>\n<\/div>\n<\/div>\n<\/div>\n<\/section>\n","protected":false},"excerpt":{"rendered":"<p>Accueil Ukiyo-e et Fujisawa Jeu de Sugoroku de voyage, s\u00e9rie des \u201cCinquante-trois \u00e9tapes du T\u014dkaid\u014d\u201d Les \u201ccinq [&hellip;]<\/p>\n","protected":false},"author":1,"featured_media":0,"parent":0,"menu_order":0,"comment_status":"closed","ping_status":"closed","template":"page-fr.php","meta":{"footnotes":""},"class_list":["post-199","page","type-page","status-publish","hentry"],"_links":{"self":[{"href":"https:\/\/fujisawa-ukiyoekan.net\/f\/wp-json\/wp\/v2\/pages\/199","targetHints":{"allow":["GET"]}}],"collection":[{"href":"https:\/\/fujisawa-ukiyoekan.net\/f\/wp-json\/wp\/v2\/pages"}],"about":[{"href":"https:\/\/fujisawa-ukiyoekan.net\/f\/wp-json\/wp\/v2\/types\/page"}],"author":[{"embeddable":true,"href":"https:\/\/fujisawa-ukiyoekan.net\/f\/wp-json\/wp\/v2\/users\/1"}],"replies":[{"embeddable":true,"href":"https:\/\/fujisawa-ukiyoekan.net\/f\/wp-json\/wp\/v2\/comments?post=199"}],"version-history":[{"count":4,"href":"https:\/\/fujisawa-ukiyoekan.net\/f\/wp-json\/wp\/v2\/pages\/199\/revisions"}],"predecessor-version":[{"id":593,"href":"https:\/\/fujisawa-ukiyoekan.net\/f\/wp-json\/wp\/v2\/pages\/199\/revisions\/593"}],"wp:attachment":[{"href":"https:\/\/fujisawa-ukiyoekan.net\/f\/wp-json\/wp\/v2\/media?parent=199"}],"curies":[{"name":"wp","href":"https:\/\/api.w.org\/{rel}","templated":true}]}}