{"id":1940,"date":"2023-12-21T10:43:08","date_gmt":"2023-12-21T01:43:08","guid":{"rendered":"https:\/\/fujisawa-ukiyoekan.net\/f\/?page_id=1940"},"modified":"2025-05-07T15:58:49","modified_gmt":"2025-05-07T06:58:49","slug":"collections-10-pt","status":"publish","type":"page","link":"https:\/\/fujisawa-ukiyoekan.net\/f\/collections-10-pt\/","title":{"rendered":"\u5c55\u793a\u5185\u5bb9\u7d39\u4ecb\u3000\u306a\u305c\u304b\u5fe0\u81e3\u8535\u3000\u85e4\u6ca2\u306e\u30d2\u30fc\u30ed\u30fc\u5c0f\u6817\u5224\u5b98\u3068\u6c5f\u6238\u6b4c\u821e\u4f0e\uff08\u30dd\u30eb\u30c8\u30ac\u30eb\u8a9e\uff09"},"content":{"rendered":"<section id=\"top\" class=\"bc-section\">\n<div class=\"container\">\n<ol class=\"breadcrumb\">\n<li><a href=\"\/f\/home-pt\">HOME<\/a><\/li>\n<li class=\"active\">Introdu\u00e7\u00e3o ao conte\u00fado da exposi\u00e7\u00e3o<\/li>\n<\/ol>\n<\/div>\n<\/section>\n<section id=\"txt\" class=\"home-section\">\n<div class=\"container\">\n<div class=\"row\">\n<div class=\"txtArea\">\n<h3 id=\"collections-title\">Por que Chushingura?: o her\u00f3i de Fujisawa Oguri Hangan e o teatro Edo Kabuki<\/h4>\n<div class=\"txtBox\">\n<p id=\"collections-p\">Aqui apresentamos pinturas de ukiyo-e relacionadas com a pe\u00e7a de kabuki \u201cKanadehon Chushingura\u201d e a hist\u00f3ria de Oguri Hangan. Chushingura \u00e9 uma hist\u00f3ria baseada no \u201cTaiheiki\u201d (uma cr\u00f4nica militar escrita no per\u00edodo Muromachi) sobre o incidente de vingan\u00e7a de Ako Roshi. Al\u00e9m de \u201cChushingura\u201d, o incidente de Ako Roshi foi tema de v\u00e1rios ningyo joruri (teatro de bonecos) e pe\u00e7as de kabuki, capturando o cora\u00e7\u00e3o do povo do per\u00edodo Edo. Em seus primeiros anos, algumas das apresenta\u00e7\u00f5es foram baseadas na lenda de Oguri Hangan, uma lenda que simboliza Fujisawa e que se espalhou durante o per\u00edodo Edo.<br \/>\nEsta exposi\u00e7\u00e3o tamb\u00e9m apresenta a rela\u00e7\u00e3o da pe\u00e7a com as peculiaridades regionais de Fujisawa, junto com os encantos de Chushingura.<\/p>\n<\/div>\n<div class=\"itemArea\">\n<div class=\"itemBox muchigh col-xs-12 col-sm-4 col-md-3\" style=\"height: 327px;\">\n<h5>Esquina da s\u00e9rie 53 Esta\u00e7\u00f5es Postais de Toukaidou<\/h5>\n<p class=\"imgbox\"><img decoding=\"async\" id=\"collections-toukai-img\" src=\"\/f\/wp-content\/uploads\/2023\/11\/uki10333.jpg\" alt=\"\"><\/p>\n<p id=\"collections-toukai-p\">Fujisawa, from the series \u201cFifty-three Stations of the Tokaido Highway by Two Brushes\u201d<\/div>\n<div class=\"itemBox muchigh col-xs-12 col-sm-4 col-md-3\" style=\"height: 327px;\">\n<h5>Esquina da estalagem Fujisawa<\/h5>\n<p class=\"imgbox\"><img decoding=\"async\" id=\"collections-hujisawa-img\" src=\"\/f\/wp-content\/uploads\/2023\/11\/uki10391.jpg\" border=\"0\" alt=\"\"><\/p>\n<p id=\"collections-hujisawa-p\">Fujisawa: Oguri-Hangan, from the series Fifty-three Stations of the Toukaidou (Actors Assorted in Fifty-three Stations of the Toukaidou)<\/div>\n<div class=\"itemBox muchigh col-xs-12 col-sm-4 col-md-3\" style=\"height: 327px;\">\n<h5>Canto de Enoshima<\/h5>\n<p class=\"imgbox\"><img decoding=\"async\" id=\"collections-enoshima-img\" src=\"\/f\/wp-content\/uploads\/2023\/11\/P3kRO1Ne.jpg\" border=\"0\" alt=\"\"><\/p>\n<p id=\"collections-enoshima-p\">Parody of Hyakunin Isshu (Classical Japanese anthology of 100 Japanese waka poetries by 100 poets) by O\u2019nakatomi no Yoshinobu-ason<\/div>\n<div class=\"itemBox muchigh col-xs-12 col-sm-4 col-md-3\" style=\"\">\n<h5>Canto de exposi\u00e7\u00e3o especial<\/h5>\n<p class=\"imgbox\"><img decoding=\"async\" id=\"collections-kikaku-img\" src=\"\/f\/wp-content\/uploads\/2023\/11\/uki10002.jpg\" border=\"0\" alt=\"\"><\/p>\n<p id=\"collections-kikaku-p\">Parody of Act Eight of \u201cForty-seven Ronin (Chushingura)\u201d<\/div>\n<\/div>\n<p><a href=\"\/f\/archive-pt\"><button type=\"button\" class=\"btnnex\">Arquivo da exposi\u00e7\u00e3o<\/button><\/a><\/p>\n<\/div>\n<\/div>\n<\/div>\n<\/section>\n","protected":false},"excerpt":{"rendered":"<p>HOME Introdu\u00e7\u00e3o ao conte\u00fado da exposi\u00e7\u00e3o Por que Chushingura?: o her\u00f3i de Fujisawa Oguri Hangan e o teatro Edo [&hellip;]<\/p>\n","protected":false},"author":1,"featured_media":0,"parent":0,"menu_order":0,"comment_status":"closed","ping_status":"closed","template":"page-pt.php","meta":{"footnotes":""},"class_list":["post-1940","page","type-page","status-publish","hentry"],"_links":{"self":[{"href":"https:\/\/fujisawa-ukiyoekan.net\/f\/wp-json\/wp\/v2\/pages\/1940","targetHints":{"allow":["GET"]}}],"collection":[{"href":"https:\/\/fujisawa-ukiyoekan.net\/f\/wp-json\/wp\/v2\/pages"}],"about":[{"href":"https:\/\/fujisawa-ukiyoekan.net\/f\/wp-json\/wp\/v2\/types\/page"}],"author":[{"embeddable":true,"href":"https:\/\/fujisawa-ukiyoekan.net\/f\/wp-json\/wp\/v2\/users\/1"}],"replies":[{"embeddable":true,"href":"https:\/\/fujisawa-ukiyoekan.net\/f\/wp-json\/wp\/v2\/comments?post=1940"}],"version-history":[{"count":1,"href":"https:\/\/fujisawa-ukiyoekan.net\/f\/wp-json\/wp\/v2\/pages\/1940\/revisions"}],"predecessor-version":[{"id":1941,"href":"https:\/\/fujisawa-ukiyoekan.net\/f\/wp-json\/wp\/v2\/pages\/1940\/revisions\/1941"}],"wp:attachment":[{"href":"https:\/\/fujisawa-ukiyoekan.net\/f\/wp-json\/wp\/v2\/media?parent=1940"}],"curies":[{"name":"wp","href":"https:\/\/api.w.org\/{rel}","templated":true}]}}