{"id":1936,"date":"2023-12-21T10:36:24","date_gmt":"2023-12-21T01:36:24","guid":{"rendered":"https:\/\/fujisawa-ukiyoekan.net\/f\/?page_id=1936"},"modified":"2025-05-07T15:58:42","modified_gmt":"2025-05-07T06:58:42","slug":"collections-10-fr","status":"publish","type":"page","link":"https:\/\/fujisawa-ukiyoekan.net\/f\/collections-10-fr\/","title":{"rendered":"\u5c55\u793a\u5185\u5bb9\u7d39\u4ecb\u3000\u306a\u305c\u304b\u5fe0\u81e3\u8535\u3000\u85e4\u6ca2\u306e\u30d2\u30fc\u30ed\u30fc\u5c0f\u6817\u5224\u5b98\u3068\u6c5f\u6238\u6b4c\u821e\u4f0e\uff08\u30d5\u30e9\u30f3\u30b9\u8a9e\uff09"},"content":{"rendered":"<section id=\"top\" class=\"bc-section\">\n<div class=\"container\">\n<ol class=\"breadcrumb\">\n<li><a href=\"\/f\/home-fr\">HOME<\/a><\/li>\n<li class=\"active\">Introduction \u00e0 l&#8217;exposition<\/li>\n<\/ol>\n<\/div>\n<\/section>\n<section id=\"txt\" class=\"home-section\">\n<div class=\"container\">\n<div class=\"row\">\n<div class=\"txtArea\">\n<h3 id=\"collections-title\">Le Kabuki d\u2019Edo et Oguri Hangan, h\u00e9ros de Fujisawa dans le Ch\u016bshingura<\/h3>\n<h4><ruby>Introduction \u00e0 l&#8217;exposition<\/h4>\n<div class=\"txtBox\">\n<p id=\"collections-p\">L\u2019exposition pr\u00e9sente des estampes ukiyo-e sur le th\u00e8me de la c\u00e9l\u00e8bre pi\u00e8ce de kabuki \u00ab Kanadehon Ch\u016bshingura \u00bb, ainsi que des \u0153uvres illustrant le h\u00e9ros \u00ab Oguri Hangan \u00bb. \u00ab Ch\u016bshingura \u00bb est une pi\u00e8ce s\u2019inspirant du grand r\u00e9cit du \u00ab Taiheiki \u00bb et narrant l\u2019histoire de vengeance d&#8217;Ak\u014d R\u014dshi, un samoura\u00ef sans ma\u00eetre de l&#8217;ancien clan Ak\u014d. En plus du \u00ab Ch\u016bshingura \u00bb, le r\u00e9cit d&#8217;Ak\u014d R\u014dshi a \u00e9t\u00e9 adapt\u00e9 dans de nombreuses pi\u00e8ces de Kabuki avec un grand nombre de marionnettes appel\u00e9es \u00ab Ningy\u014d J\u014druri \u00bb \u00e0 son effigie, captivant ainsi le c\u0153ur des habitants d\u2019Edo. Le r\u00e9cit \u00ab Oguri Hangan Monogatari \u00bb, qui raconte l\u2019histoire du talentueux cavalier Oguri Hangan, devint \u00e9galement un symbole de la ville de Fujisawa. Sa l\u00e9gende se propagea au sein de la population d\u00e8s le d\u00e9but de la p\u00e9riode Edo. Cette exposition vous r\u00e9v\u00e8lera les charmes du Ch\u016bshingura ainsi que la relation \u00e9troite entre ce r\u00e9cit et l\u2019histoire de Fujisawa.\n<\/p>\n<\/div>\n<div class=\"itemArea\">\n<div class=\"itemBox muchigh col-xs-12 col-sm-4 col-md-3\" style=\"height: 327px;\">\n<h5>Coin de s\u00e9rie \u00ab Les Cinquante-trois Relais du T\u014dkaid\u014d \u00bb<\/h5>\n<p class=\"imgbox\"><img decoding=\"async\" id=\"collections-toukai-img\" src=\"\/f\/wp-content\/uploads\/2023\/11\/uki10333.jpg\" alt=\"\"><\/p>\n<p id=\"collections-toukai-p\">Fujisawa, from the series \u201cFifty-three Stations of the Tokaido Highway by Two Brushes\u201d<\/div>\n<div class=\"itemBox muchigh col-xs-12 col-sm-4 col-md-3\" style=\"height: 327px;\">\n<h5>Coin de l&#8217;auberge Fujisawa<\/h5>\n<p class=\"imgbox\"><img decoding=\"async\" id=\"collections-hujisawa-img\" src=\"\/f\/wp-content\/uploads\/2023\/11\/uki10391.jpg\" border=\"0\" alt=\"\"><\/p>\n<p id=\"collections-hujisawa-p\">Fujisawa: Oguri-Hangan, from the series Fifty-three Stations of the Toukaidou (Actors Assorted in Fifty-three Stations of the Toukaidou)<\/div>\n<div class=\"itemBox muchigh col-xs-12 col-sm-4 col-md-3\" style=\"height: 327px;\">\n<h5>Coin Enoshima<\/h5>\n<p class=\"imgbox\"><img decoding=\"async\" id=\"collections-enoshima-img\" src=\"\/f\/wp-content\/uploads\/2023\/11\/P3kRO1Ne.jpg\" border=\"0\" alt=\"\"><\/p>\n<p id=\"collections-enoshima-p\">Parody of Hyakunin Isshu (Classical Japanese anthology of 100 Japanese waka poetries by 100 poets) by O\u2019nakatomi no Yoshinobu-ason<\/div>\n<div class=\"itemBox muchigh col-xs-12 col-sm-4 col-md-3\" style=\"\">\n<h5>Coin des expositions sp\u00e9ciales<\/h5>\n<p class=\"imgbox\"><img decoding=\"async\" id=\"collections-kikaku-img\" src=\"\/f\/wp-content\/uploads\/2023\/11\/uki10002.jpg\" border=\"0\" alt=\"\"><\/p>\n<p id=\"collections-kikaku-p\">Parody of Act Eight of \u201cForty-seven Ronin (Chushingura)\u201d<\/div>\n<\/div>\n<p><a href=\"\/f\/archive-fr\"><button type=\"button\" class=\"btnnex\">The Exhibition Archive<\/button><\/a><\/p>\n<\/div>\n<\/div>\n<\/div>\n<\/section>\n","protected":false},"excerpt":{"rendered":"<p>HOME Introduction \u00e0 l&#8217;exposition Le Kabuki d\u2019Edo et Oguri Hangan, h\u00e9ros de Fujisawa dans le Ch\u016bshingura  [&hellip;]<\/p>\n","protected":false},"author":1,"featured_media":0,"parent":0,"menu_order":0,"comment_status":"closed","ping_status":"closed","template":"page-fr.php","meta":{"footnotes":""},"class_list":["post-1936","page","type-page","status-publish","hentry"],"_links":{"self":[{"href":"https:\/\/fujisawa-ukiyoekan.net\/f\/wp-json\/wp\/v2\/pages\/1936","targetHints":{"allow":["GET"]}}],"collection":[{"href":"https:\/\/fujisawa-ukiyoekan.net\/f\/wp-json\/wp\/v2\/pages"}],"about":[{"href":"https:\/\/fujisawa-ukiyoekan.net\/f\/wp-json\/wp\/v2\/types\/page"}],"author":[{"embeddable":true,"href":"https:\/\/fujisawa-ukiyoekan.net\/f\/wp-json\/wp\/v2\/users\/1"}],"replies":[{"embeddable":true,"href":"https:\/\/fujisawa-ukiyoekan.net\/f\/wp-json\/wp\/v2\/comments?post=1936"}],"version-history":[{"count":1,"href":"https:\/\/fujisawa-ukiyoekan.net\/f\/wp-json\/wp\/v2\/pages\/1936\/revisions"}],"predecessor-version":[{"id":1937,"href":"https:\/\/fujisawa-ukiyoekan.net\/f\/wp-json\/wp\/v2\/pages\/1936\/revisions\/1937"}],"wp:attachment":[{"href":"https:\/\/fujisawa-ukiyoekan.net\/f\/wp-json\/wp\/v2\/media?parent=1936"}],"curies":[{"name":"wp","href":"https:\/\/api.w.org\/{rel}","templated":true}]}}