{"id":193,"date":"2023-09-27T15:00:24","date_gmt":"2023-09-27T06:00:24","guid":{"rendered":"http:\/\/test2.airmesse-light.com\/f\/?page_id=193"},"modified":"2023-09-29T14:26:03","modified_gmt":"2023-09-29T05:26:03","slug":"ukiyoe-4-pt","status":"publish","type":"page","link":"https:\/\/fujisawa-ukiyoekan.net\/f\/ukiyoe-4-pt\/","title":{"rendered":"\u6d6e\u4e16\u7d75\u3068\u85e4\u6ca2\u3000\u6771\u6d77\u9053\u4e94\u5341\u4e09\u6b21\u30b7\u30ea\u30fc\u30ba\u3068\u9053\u4e2d\u53cc\u516d \u30dd\u30eb\u30c8\u30ac\u30eb\u8a9e"},"content":{"rendered":"<section id=\"top\" class=\"bc-section\">\n<div class=\"container\">\n<ol class=\"breadcrumb\">\n<li><a href=\"\/f\/home-pt\">IN\u00cdCIO <\/a><\/li>\n<li class=\"active\">Ukiyo-e e Fujisawa<\/li>\n<\/ol>\n<\/div>\n<\/section>\n<section id=\"txt\" class=\"home-section\">\n<div class=\"container\">\n<div class=\"row\">\n<div class=\"txtArea\">\n<h3>S\u00e9rie dos \u201c53 pontos de parada da estrada de Tokaido\u201d e \u201cJogos de tabuleiro da viagem de Sugoroku\u201d<\/h3>\n<div class=\"txtBox\">\n<p>Os \u201c53 pontos de parada da estrada de Tokaido\u201d se referem aos 53 pontos situados ao longo da estrada de Tokaido, uma das cinco principais rotas que se estendiam a partir da capital e foram constru\u00eddas no per\u00edodo Edo. No fim do per\u00edodo, as viagens de peregrina\u00e7\u00e3o se tornaram populares, com a publica\u00e7\u00e3o de v\u00e1rias s\u00e9ries de ukiyo-e dos 53 pontos.<br \/>\nA paisagem da ponte Nihonbashi no per\u00edodo Edo, que \u00e9 o ponto inicial da estrada Tokaido, \u00e9 retratada no n\u00b01 \u201cNihonbashi: uma vista de Shinonome\u201d da s\u00e9rie \u201c53 pontos de parada da estrada de Tokaido\u201d de Utagawa Hiroshige. A paisagem retrata o in\u00edcio da manh\u00e3 em Nihonbashi.<br \/>\nNo n\u00b02, o artista de ukiyo-e, Ochiai Yoshiiku, utilizou como base o romance \u201cTokaidochu Hizakurige\u201d, escrito por Jippensha Ikku, para produzir a sua famosa s\u00e9rie de ukiyo-e. A ilustra\u00e7\u00e3o retrata a paisagem de Shinagawa. J\u00e1 o romance conta a c\u00f4mica hist\u00f3ria dos personagens principais, Yajirobe e Kitahachi, durante a sua viagem ao longo da estrada Tokaido. A paisagem retrata a chamada expedi\u00e7\u00e3o Chosen (em dire\u00e7\u00e3o a Coreia), que era uma frequente rota de viagem por esta estrada.<br \/>\nNo n\u00b03, a parte superior s\u00e3o textos e desenhos de um literato, enquanto a parte inferior retrata hist\u00f3rias, contos e paisagens de cada ponto, com um retrato de uma mulher servindo ch\u00e1 em uma casa de ch\u00e1 de Fujisawa. A montanha de \u201cYamaki Yamagaeri\u201d no t\u00edtulo significa Oyama e Afuriyama. Atr\u00e1s da mulher h\u00e1 um omiki-waku, um recipiente com \u00e1gua e saqu\u00ea trazido de uma peregrina\u00e7\u00e3o no Monte Oyama.<\/p>\n<\/div>\n<div class=\"col-sm-12\">\n<div class=\"col-sm-12 col-md-3\">\n<img decoding=\"async\" src=\"http:\/\/test2.airmesse-light.com\/f\/wp-content\/themes\/ukiyoe\/images\/ukiyoe4.jpg\" alt=\"ukiyoe\" class=\"img-responsive\"><\/p>\n<p class=\"u-name\">1. Utagawa Hiroshige<br \/>\nPaisagens famosas dos 53 pontos de parada da estrada de Tokaido: Nihonbashi<\/p>\n<\/div>\n<div class=\"col-sm-12 col-md-6\">\n<img decoding=\"async\" src=\"http:\/\/test2.airmesse-light.com\/f\/wp-content\/themes\/ukiyoe\/images\/ukiyoe5.jpg\" alt=\"ukiyoe\" class=\"img-responsive\"><\/p>\n<p class=\"u-name\">2. Ochiai Yoshiiku<br \/>\nShinagawa, da s\u00e9rie \u201cTokaidochu Kurige-no Yajiuma\u201d<\/p>\n<\/div>\n<div class=\"col-sm-12 col-md-3\">\n<img decoding=\"async\" src=\"http:\/\/test2.airmesse-light.com\/f\/wp-content\/themes\/ukiyoe\/images\/ukiyoe6.jpg\" alt=\"ukiyoe\" class=\"img-responsive\"><\/p>\n<p class=\"u-name\">3. Utagawa Yoshitora<br \/>\nSagami Fujisawa: Yamagaeri-jokei, da s\u00e9rie \u201c53 pontos de parada da estrada de Tokaido com textos e ilustra\u00e7\u00f5es\u201d<\/p>\n<\/div>\n<\/div>\n<div class=\"txtBox\">\n<p>Os 53 pontos de parada da estrada de Tokaido em uma s\u00f3 imagem. A obra \u00e9 chamada de \u201cDochu Sugoroku\u201d. O sugoroku era um jogo apreciado pelos plebeus durante o per\u00edodo Edo, mas em Dochu Sugoroku, cen\u00e1rios famosos, como aqueles em que Yajirobi e Kitahachi estiveram, e que se tornaram populares por conta do \u201cTokaidochu Hizakurige\u201d de Jippensha Ikku, eram amplamente aceitos. Os temas tamb\u00e9m eram variados, com a estrada representada no n\u00b04, retirada de \u201cSangujokyo Dochuichiran Sugoroku\u201d de Utagawa Hiroshige, e no n\u00b05, os \u201c53 pontos de parada Sugoroku\u201d de Sandai Toyokuni (Kunisada).<\/p>\n<\/div>\n<div class=\"col-sm-12\">\n<div class=\"col-sm-12 col-md-5 col-md-offset-1\">\n<img decoding=\"async\" src=\"http:\/\/test2.airmesse-light.com\/f\/wp-content\/themes\/ukiyoe\/images\/ukiyoe7.jpg\" alt=\"ukiyoe\" class=\"img-responsive\"><\/p>\n<p class=\"u-name\">4. Utagawa Hiroshige<br \/>\n\u201cSangujokyo Dochuichiran Sugoroku\u201d que retrata a viagem para Quioto, com peregrina\u00e7\u00e3o no Santu\u00e1rio de Ise, localizado na prov\u00edncia de Mie.<\/p>\n<\/div>\n<div class=\"col-sm-12 col-md-5\">\n<img decoding=\"async\" src=\"http:\/\/test2.airmesse-light.com\/f\/wp-content\/themes\/ukiyoe\/images\/ukiyoe8.jpg\" alt=\"ukiyoe\" class=\"img-responsive\"><\/p>\n<p class=\"u-name\">5. Utagawa Kunisada<br \/>\n\u201cSugoroku\u201d na s\u00e9rie dos \u201c53 pontos de parada da estrada de Tokaido\u201d<\/p>\n<\/div>\n<\/div>\n<div class=\"nxtBox\">\n<p><i class=\"fa fa-arrow-circle-left\"><\/i> <a href=\"ukiyoe-3-pt\">A lenda de Oguri-Hangan e a princesa Terute<\/a><\/p>\n<\/div>\n<\/div>\n<\/div>\n<\/div>\n<\/section>\n","protected":false},"excerpt":{"rendered":"<p>IN\u00cdCIO Ukiyo-e e Fujisawa S\u00e9rie dos \u201c53 pontos de parada da estrada de Tokaido\u201d e \u201cJogos de tabuleiro da viage [&hellip;]<\/p>\n","protected":false},"author":1,"featured_media":0,"parent":0,"menu_order":0,"comment_status":"closed","ping_status":"closed","template":"page-pt.php","meta":{"footnotes":""},"class_list":["post-193","page","type-page","status-publish","hentry"],"_links":{"self":[{"href":"https:\/\/fujisawa-ukiyoekan.net\/f\/wp-json\/wp\/v2\/pages\/193","targetHints":{"allow":["GET"]}}],"collection":[{"href":"https:\/\/fujisawa-ukiyoekan.net\/f\/wp-json\/wp\/v2\/pages"}],"about":[{"href":"https:\/\/fujisawa-ukiyoekan.net\/f\/wp-json\/wp\/v2\/types\/page"}],"author":[{"embeddable":true,"href":"https:\/\/fujisawa-ukiyoekan.net\/f\/wp-json\/wp\/v2\/users\/1"}],"replies":[{"embeddable":true,"href":"https:\/\/fujisawa-ukiyoekan.net\/f\/wp-json\/wp\/v2\/comments?post=193"}],"version-history":[{"count":4,"href":"https:\/\/fujisawa-ukiyoekan.net\/f\/wp-json\/wp\/v2\/pages\/193\/revisions"}],"predecessor-version":[{"id":581,"href":"https:\/\/fujisawa-ukiyoekan.net\/f\/wp-json\/wp\/v2\/pages\/193\/revisions\/581"}],"wp:attachment":[{"href":"https:\/\/fujisawa-ukiyoekan.net\/f\/wp-json\/wp\/v2\/media?parent=193"}],"curies":[{"name":"wp","href":"https:\/\/api.w.org\/{rel}","templated":true}]}}