{"id":1924,"date":"2023-12-21T10:11:51","date_gmt":"2023-12-21T01:11:51","guid":{"rendered":"https:\/\/fujisawa-ukiyoekan.net\/f\/?page_id=1924"},"modified":"2025-05-07T15:58:36","modified_gmt":"2025-05-07T06:58:36","slug":"collections-10-es","status":"publish","type":"page","link":"https:\/\/fujisawa-ukiyoekan.net\/f\/collections-10-es\/","title":{"rendered":"\u5c55\u793a\u5185\u5bb9\u7d39\u4ecb\u3000\u306a\u305c\u304b\u5fe0\u81e3\u8535\u3000\u85e4\u6ca2\u306e\u30d2\u30fc\u30ed\u30fc\u5c0f\u6817\u5224\u5b98\u3068\u6c5f\u6238\u6b4c\u821e\u4f0e\uff08\u30b9\u30da\u30a4\u30f3\u8a9e\uff09"},"content":{"rendered":"<section id=\"top\" class=\"bc-section\">\n<div class=\"container\">\n<ol class=\"breadcrumb\">\n<li><a href=\"\/f\/home-es\">HOME<\/a><\/li>\n<li class=\"active\">Introducci\u00f3n al contenido de la exposici\u00f3n<\/li>\n<\/ol>\n<\/div>\n<\/section>\n<section id=\"txt\" class=\"home-section\">\n<div class=\"container\">\n<div class=\"row\">\n<div class=\"txtArea\">\n<h3 id=\"collections-title\">\u00bfPor qu\u00e9 Chushingura?: Oguri Hangan, el h\u00e9roe de Fujisawa, y el kabuki de Edo<\/h4>\n<div class=\"txtBox\">\n<p id=\"collections-p\">Se exhiben obras de Ukiyo-e relacionadas con el programa de teatro kabuki \u201cKanadehon Chushingura\u201d y la historia de Oguri Hangan. La historia \u201cChushingura\u201d fue creada relacionando una vendetta protagonizada por los samur\u00e1is sin se\u00f1or Ako-roshi con la historia militar \u201cTaiheiki\u201d. El incidente de Ako se populariz\u00f3 entre la gente de la Era Edo al ser interpretado no s\u00f3lo en \u201cChushingura\u201d sino tambi\u00e9n en diferentes obras de teatro incluyendo teatro de marionetas Ningyo-joruri y teatro kabuki. Al inicio, hab\u00eda programas relacionados con la historia de Oguri Hangan, la leyenda que simboliza a Fujisawa, que se difundi\u00f3 en la Era Edo.<br \/>\nEn esta exhibici\u00f3n, se presentan los atractivos de Chushingura y la relaci\u00f3n con la localidad de \u201cFujisawa\u201d.\n<\/p>\n<\/div>\n<div class=\"itemArea\">\n<div class=\"itemBox muchigh col-xs-12 col-sm-4 col-md-3\" style=\"height: 327px;\">\n<h5>Rinc\u00f3n de la serie Las cincuenta y tres estaciones de Tokaido <\/h5>\n<p class=\"imgbox\"><img decoding=\"async\" id=\"collections-toukai-img\" src=\"\/f\/wp-content\/uploads\/2023\/11\/uki10333.jpg\" alt=\"\"><\/p>\n<p id=\"collections-toukai-p\">Fujisawa, from the series \u201cFifty-three Stations of the Tokaido Highway by Two Brushes\u201d<\/div>\n<div class=\"itemBox muchigh col-xs-12 col-sm-4 col-md-3\" style=\"height: 327px;\">\n<h5>Rinc\u00f3n de la posada Fujisawa<\/h5>\n<p class=\"imgbox\"><img decoding=\"async\" id=\"collections-hujisawa-img\" src=\"\/f\/wp-content\/uploads\/2023\/11\/uki10391.jpg\" border=\"0\" alt=\"\"><\/p>\n<p id=\"collections-hujisawa-p\">Fujisawa: Oguri-Hangan, from the series Fifty-three Stations of the Toukaidou (Actors Assorted in Fifty-three Stations of the Toukaidou)<\/div>\n<div class=\"itemBox muchigh col-xs-12 col-sm-4 col-md-3\" style=\"height: 327px;\">\n<h5>Rinc\u00f3n de Enoshima<\/h5>\n<p class=\"imgbox\"><img decoding=\"async\" id=\"collections-enoshima-img\" src=\"\/f\/wp-content\/uploads\/2023\/11\/P3kRO1Ne.jpg\" border=\"0\" alt=\"\"><\/p>\n<p id=\"collections-enoshima-p\">Parody of Hyakunin Isshu (Classical Japanese anthology of 100 Japanese waka poetries by 100 poets) by O\u2019nakatomi no Yoshinobu-ason<\/div>\n<div class=\"itemBox muchigh col-xs-12 col-sm-4 col-md-3\" style=\"\">\n<h5>Rinc\u00f3n especial de exposiciones<\/h5>\n<p class=\"imgbox\"><img decoding=\"async\" id=\"collections-kikaku-img\" src=\"\/f\/wp-content\/uploads\/2023\/11\/uki10002.jpg\" border=\"0\" alt=\"\"><\/p>\n<p id=\"collections-kikaku-p\">Parody of Act Eight of \u201cForty-seven Ronin (Chushingura)\u201d<\/div>\n<\/div>\n<p><a href=\"\/f\/archive-es\"><button type=\"button\" class=\"btnnex\">Archivo de exposiciones<\/button><\/a><\/p>\n<\/div>\n<\/div>\n<\/div>\n<\/section>\n","protected":false},"excerpt":{"rendered":"<p>HOME Introducci\u00f3n al contenido de la exposici\u00f3n \u00bfPor qu\u00e9 Chushingura?: Oguri Hangan, el h\u00e9roe de Fujisawa, y e [&hellip;]<\/p>\n","protected":false},"author":1,"featured_media":0,"parent":0,"menu_order":0,"comment_status":"closed","ping_status":"closed","template":"page-es.php","meta":{"footnotes":""},"class_list":["post-1924","page","type-page","status-publish","hentry"],"_links":{"self":[{"href":"https:\/\/fujisawa-ukiyoekan.net\/f\/wp-json\/wp\/v2\/pages\/1924","targetHints":{"allow":["GET"]}}],"collection":[{"href":"https:\/\/fujisawa-ukiyoekan.net\/f\/wp-json\/wp\/v2\/pages"}],"about":[{"href":"https:\/\/fujisawa-ukiyoekan.net\/f\/wp-json\/wp\/v2\/types\/page"}],"author":[{"embeddable":true,"href":"https:\/\/fujisawa-ukiyoekan.net\/f\/wp-json\/wp\/v2\/users\/1"}],"replies":[{"embeddable":true,"href":"https:\/\/fujisawa-ukiyoekan.net\/f\/wp-json\/wp\/v2\/comments?post=1924"}],"version-history":[{"count":1,"href":"https:\/\/fujisawa-ukiyoekan.net\/f\/wp-json\/wp\/v2\/pages\/1924\/revisions"}],"predecessor-version":[{"id":1925,"href":"https:\/\/fujisawa-ukiyoekan.net\/f\/wp-json\/wp\/v2\/pages\/1924\/revisions\/1925"}],"wp:attachment":[{"href":"https:\/\/fujisawa-ukiyoekan.net\/f\/wp-json\/wp\/v2\/media?parent=1924"}],"curies":[{"name":"wp","href":"https:\/\/api.w.org\/{rel}","templated":true}]}}