{"id":1695,"date":"2023-11-10T14:31:39","date_gmt":"2023-11-10T05:31:39","guid":{"rendered":"https:\/\/www.fujisawa-ukiyoekan.net\/f\/?page_id=1695"},"modified":"2026-03-05T16:49:42","modified_gmt":"2026-03-05T07:49:42","slug":"collections-pt","status":"publish","type":"page","link":"https:\/\/fujisawa-ukiyoekan.net\/f\/collections-pt\/","title":{"rendered":"\u5c55\u793a\u5185\u5bb9\u7d39\u4ecb\u3000\u5e83\u91cd\u306e\u72c2\u6b4c\u5165\u6771\u6d77\u9053\uff08\u30dd\u30eb\u30c8\u30ac\u30eb\u8a9e\uff09"},"content":{"rendered":"<section id=\"top\" class=\"bc-section\">\n<div class=\"container\">\n<ol class=\"breadcrumb\">\n<li><a href=\"\/f\/home\">HOME<\/a><\/li>\n<li class=\"active\">Introdu\u00e7\u00e3o ao conte\u00fado da exposi\u00e7\u00e3o<\/li>\n<\/ol>\n<\/div>\n<\/section>\n<section id=\"txt\" class=\"home-section\">\n<div class=\"container\">\n<div class=\"row\">\n<div class=\"txtArea\">\n<h3 id=\"collections-title\"> Ky\u014dka-iri T\u014dkaid\u014d de Hiroshige<\/h3>\n<h4>Conte\u00fado da exposi\u00e7\u00e3o<\/h4>\n<div class=\"txtBox\">\n<p id=\"collections-p\"> Utagawa Hiroshige produziu ao longo de sua vida mais de 20 s\u00e9ries diferentes sobre as 53 Esta\u00e7\u00f5es do T\u014dkaid\u014d. Mesmo al\u00e9m de sua obra-prima, a edi\u00e7\u00e3o de Hoeid\u014d intitulada T\u014dkaid\u014d Goj\u016bsan-tsugi no Uchi, suas outras s\u00e9ries tamb\u00e9m demonstram criatividade e engenhosidade que mant\u00eam o interesse do p\u00fablico. A s\u00e9rie apresentada nesta exposi\u00e7\u00e3o, Ky\u014dka-iri T\u014dkaid\u014d, incorpora ky\u014dka \u2014 poemas sat\u00edricos que se popularizaram no final do per\u00edodo Edo \u2014 ajustados \u00e0s caracter\u00edsticas de cada esta\u00e7\u00e3o da estrada de T\u014dkaid\u014d.\n<\/p>\n<\/div>\n<div class=\"itemArea\">\n<!--\u6771\u6d77\u9053\u4e94\u5341\u4e09\u6b21\u30b3\u30fc\u30ca\u30fc--><\/p>\n<div class=\"itemBox muchigh col-xs-12 col-sm-4 col-md-3\" style=\"height: 327px;\">\n<h5>Esquina da s\u00e9rie 53 Esta\u00e7\u00f5es Postais de Toukaidou<\/h5>\n<p class=\"imgbox\"><img decoding=\"async\" id=\"collections-toukai-img\" src=\" \/resources\/i\/materials\/220\/resources\/uki10148.jpg\" alt=\"\"><\/p>\n<p id=\"collections-toukai-p\"> Fujisawa, da s\u00e9rie Cinquenta e tr\u00eas esta\u00e7\u00f5es do Toukaidou (Viagem ao longo do Toukaidou com poemas de Kyouka)<\/div>\n<p><!--\u85e4\u6ca2\u5bbf\u30b3\u30fc\u30ca\u30fc--><\/p>\n<div class=\"itemBox muchigh col-xs-12 col-sm-4 col-md-3\" style=\"height: 327px;\">\n<h5>Esquina da estalagem Fujisawa<\/h5>\n<p class=\"imgbox\"><img decoding=\"async\" id=\"collections-hujisawa-img\" src=\"\/resources\/material-None\/image-1_0RKeAqT.png\" border=\"0\" alt=\"\"><\/p>\n<p id=\"collections-hujisawa-p\">Vista das cinquenta e tr\u00eas esta\u00e7\u00f5es da rodovia T\u014dkaid\u014d<\/div>\n<p><!--\u6c5f\u306e\u5cf6\u30b3\u30fc\u30ca\u30fc--><\/p>\n<div class=\"itemBox muchigh col-xs-12 col-sm-4 col-md-3\" style=\"height: 327px;\">\n<h5>Canto de Enoshima<\/h5>\n<p class=\"imgbox\"><img decoding=\"async\" id=\"collections-enoshima-img\" src=\" \/resources\/i\/materials\/220\/resources\/uki10061.jpg\" border=\"0\" alt=\"\"><\/p>\n<p id=\"collections-enoshima-p\"> A foto da praia de Shichiri ga hama. Vista da ilha de Enoshima.<\/div>\n<p><!--\u4f01\u753b\u5c55\u793a\u30b3\u30fc\u30ca\u30fc--><\/p>\n<div class=\"itemBox muchigh col-xs-12 col-sm-4 col-md-3\" style=\"\">\n<h5>Canto de exposi\u00e7\u00e3o especial<\/h5>\n<p class=\"imgbox\"><img decoding=\"async\" id=\"collections-kikaku-img\" src=\" \/resources\/i\/materials\/220\/resources\/bGaNtTaz.jpg\" border=\"0\" alt=\"\"><\/p>\n<p id=\"collections-kikaku-p\"> Kyo: Imagem da Ponte Sanjo-Ohashi, da s\u00e9rie &#8220;As Cinquenta e tr\u00eas Esta\u00e7\u00f5es da Ferrovia Tokaidou&#8221;<\/div>\n<\/div>\n<p><a href=\"\/f\/collections-index-pt\"><button type=\"button\" class=\"btnnex\">Cole\u00e7\u00e3o online<\/button><\/a><br \/>\n<a href=\"\/f\/archive-pt\"><button type=\"button\" class=\"btnnex\">O Arquivo da Exposi\u00e7\u00e3o<\/button><\/a><\/p>\n<\/div>\n<\/div>\n<\/div>\n<\/section>\n","protected":false},"excerpt":{"rendered":"<p>HOME Introdu\u00e7\u00e3o ao conte\u00fado da exposi\u00e7\u00e3o Ky\u014dka-iri T\u014dkaid\u014d de Hiroshige Conte\u00fado da exposi\u00e7\u00e3o Utagawa Hiroshig [&hellip;]<\/p>\n","protected":false},"author":1,"featured_media":0,"parent":0,"menu_order":0,"comment_status":"closed","ping_status":"closed","template":"page-pt.php","meta":{"footnotes":""},"class_list":["post-1695","page","type-page","status-publish","hentry"],"_links":{"self":[{"href":"https:\/\/fujisawa-ukiyoekan.net\/f\/wp-json\/wp\/v2\/pages\/1695","targetHints":{"allow":["GET"]}}],"collection":[{"href":"https:\/\/fujisawa-ukiyoekan.net\/f\/wp-json\/wp\/v2\/pages"}],"about":[{"href":"https:\/\/fujisawa-ukiyoekan.net\/f\/wp-json\/wp\/v2\/types\/page"}],"author":[{"embeddable":true,"href":"https:\/\/fujisawa-ukiyoekan.net\/f\/wp-json\/wp\/v2\/users\/1"}],"replies":[{"embeddable":true,"href":"https:\/\/fujisawa-ukiyoekan.net\/f\/wp-json\/wp\/v2\/comments?post=1695"}],"version-history":[{"count":41,"href":"https:\/\/fujisawa-ukiyoekan.net\/f\/wp-json\/wp\/v2\/pages\/1695\/revisions"}],"predecessor-version":[{"id":4172,"href":"https:\/\/fujisawa-ukiyoekan.net\/f\/wp-json\/wp\/v2\/pages\/1695\/revisions\/4172"}],"wp:attachment":[{"href":"https:\/\/fujisawa-ukiyoekan.net\/f\/wp-json\/wp\/v2\/media?parent=1695"}],"curies":[{"name":"wp","href":"https:\/\/api.w.org\/{rel}","templated":true}]}}