{"id":1677,"date":"2023-11-10T14:32:10","date_gmt":"2023-11-10T05:32:10","guid":{"rendered":"https:\/\/www.fujisawa-ukiyoekan.net\/f\/?page_id=1677"},"modified":"2026-03-05T16:51:08","modified_gmt":"2026-03-05T07:51:08","slug":"collections-en","status":"publish","type":"page","link":"https:\/\/fujisawa-ukiyoekan.net\/f\/collections-en\/","title":{"rendered":"\u5c55\u793a\u5185\u5bb9\u7d39\u4ecb\u3000\u5e83\u91cd\u306e\u72c2\u6b4c\u5165\u6771\u6d77\u9053\uff08\u82f1\u8a9e\uff09"},"content":{"rendered":"<section id=\"top\" class=\"bc-section\">\n<div class=\"container\">\n<ol class=\"breadcrumb\">\n<li><a href=\"\/f\/home\">HOME<\/a><\/li>\n<li class=\"active\">Exhibition Contents<\/li>\n<\/ol>\n<\/div>\n<\/section>\n<section id=\"txt\" class=\"home-section\">\n<div class=\"container\">\n<div class=\"row\">\n<div class=\"txtArea\">\n<h3 id=\"collections-title\"> Ky\u014dkairi T\u014dkaid\u014d by Hiroshige <\/h3>\n<h4>Exhibition Contents<\/h4>\n<div class=\"txtBox\">\n<p id=\"collections-p\"> Utagawa Hiroshige painted more than 20 different series of the Fifty-three Stations of the T\u014dkaid\u014d. In addition to his masterpiece, \u201cThe Fifty-three Stations of the T\u014dkaid\u014d (H\u014deid\u014d Edition),\u201d other series are filled with creativity and originality to keep giving interest to all viewers. \u201cKy\u014dkairi T\u014dkaid\u014d\u201d presented in this exhibition is a series of ky\u014dka, a subgenre of tanka poetry that was popular in the late Edo period, written according to the characteristics of each post station along the T\u014dkaid\u014d highway.\n<\/p>\n<\/div>\n<div class=\"itemArea\">\n<!--\u6771\u6d77\u9053\u4e94\u5341\u4e09\u6b21\u30b3\u30fc\u30ca\u30fc--><\/p>\n<div class=\"itemBox muchigh col-xs-12 col-sm-4 col-md-3\" style=\"height: 327px;\">\n<h5>The series Fifty-three Stations of the Toukaidou Corner<\/h5>\n<p class=\"imgbox\"><img decoding=\"async\" id=\"collections-toukai-img\" src=\"\/resources\/i\/materials\/220\/resources\/uki10148.jpg\" alt=\"\"><\/p>\n<p id=\"collections-toukai-p\">Fujisawa, from the series Fifty-three Stations of the Toukaidou (Travel along the Toukaidou with Kyouka Poems) <\/div>\n<p><!--\u85e4\u6ca2\u5bbf\u30b3\u30fc\u30ca\u30fc--><\/p>\n<div class=\"itemBox muchigh col-xs-12 col-sm-4 col-md-3\" style=\"height: 327px;\">\n<h5>Fujisawa Inn Corner<\/h5>\n<p class=\"imgbox\"><img decoding=\"async\" id=\"collections-hujisawa-img\" src=\"\/resources\/material-None\/image-1_0RKeAqT.png\" border=\"0\" alt=\"\"><\/p>\n<p id=\"collections-hujisawa-p\">View of the Fifty-three Stations of the T\u014dkaid\u014d Highway <\/div>\n<p><!--\u6c5f\u306e\u5cf6\u30b3\u30fc\u30ca\u30fc--><\/p>\n<div class=\"itemBox muchigh col-xs-12 col-sm-4 col-md-3\" style=\"height: 327px;\">\n<h5>Enoshima Corner<\/h5>\n<p class=\"imgbox\"><img decoding=\"async\" id=\"collections-enoshima-img\" src=\"\/resources\/i\/materials\/220\/resources\/uki10061.jpg\" border=\"0\" alt=\"\"><\/p>\n<p id=\"collections-enoshima-p\">The picture of Shichiri ga hama Beach The view of Enoshima Island<\/div>\n<p><!--\u4f01\u753b\u5c55\u793a\u30b3\u30fc\u30ca\u30fc--><\/p>\n<div class=\"itemBox muchigh col-xs-12 col-sm-4 col-md-3\" style=\"\">\n<h5>Special Exhibition Corner<\/h5>\n<p class=\"imgbox\"><img decoding=\"async\" id=\"collections-kikaku-img\" src=\"\/resources\/i\/materials\/220\/resources\/bGaNtTaz.jpg\" border=\"0\" alt=\"\"><\/p>\n<p id=\"collections-kikaku-p\">Kyo : Picture of Sanjo-Ohashi Bridge , from the series \u201cFifty-three Stations of the Tokaidou\u201d<\/div>\n<\/div>\n<p><a href=\"\/f\/collections-index-en\"><button type=\"button\" class=\"btnnex\">Collection online<\/button><\/a><br \/>\n<a href=\"\/f\/archive-en\"><button type=\"button\" class=\"btnnex\">The Exhibition Archive<\/button><\/a><\/p>\n<\/div>\n<\/div>\n<\/div>\n<\/section>\n","protected":false},"excerpt":{"rendered":"<p>HOME Exhibition Contents Ky\u014dkairi T\u014dkaid\u014d by Hiroshige Exhibition Contents Utagawa Hiroshige painted more than [&hellip;]<\/p>\n","protected":false},"author":1,"featured_media":0,"parent":0,"menu_order":0,"comment_status":"closed","ping_status":"closed","template":"page-en.php","meta":{"footnotes":""},"class_list":["post-1677","page","type-page","status-publish","hentry"],"_links":{"self":[{"href":"https:\/\/fujisawa-ukiyoekan.net\/f\/wp-json\/wp\/v2\/pages\/1677","targetHints":{"allow":["GET"]}}],"collection":[{"href":"https:\/\/fujisawa-ukiyoekan.net\/f\/wp-json\/wp\/v2\/pages"}],"about":[{"href":"https:\/\/fujisawa-ukiyoekan.net\/f\/wp-json\/wp\/v2\/types\/page"}],"author":[{"embeddable":true,"href":"https:\/\/fujisawa-ukiyoekan.net\/f\/wp-json\/wp\/v2\/users\/1"}],"replies":[{"embeddable":true,"href":"https:\/\/fujisawa-ukiyoekan.net\/f\/wp-json\/wp\/v2\/comments?post=1677"}],"version-history":[{"count":38,"href":"https:\/\/fujisawa-ukiyoekan.net\/f\/wp-json\/wp\/v2\/pages\/1677\/revisions"}],"predecessor-version":[{"id":4175,"href":"https:\/\/fujisawa-ukiyoekan.net\/f\/wp-json\/wp\/v2\/pages\/1677\/revisions\/4175"}],"wp:attachment":[{"href":"https:\/\/fujisawa-ukiyoekan.net\/f\/wp-json\/wp\/v2\/media?parent=1677"}],"curies":[{"name":"wp","href":"https:\/\/api.w.org\/{rel}","templated":true}]}}