{"id":166,"date":"2023-09-28T13:18:48","date_gmt":"2023-09-28T04:18:48","guid":{"rendered":"http:\/\/test2.airmesse-light.com\/f\/?page_id=166"},"modified":"2023-09-29T14:25:41","modified_gmt":"2023-09-29T05:25:41","slug":"ukiyoe-3-pt","status":"publish","type":"page","link":"https:\/\/fujisawa-ukiyoekan.net\/f\/ukiyoe-3-pt\/","title":{"rendered":"\u6d6e\u4e16\u7d75\u3068\u85e4\u6ca2 \u300c\u5c0f\u6817\u5224\u5b98\u7167\u624b\u59eb\u4f1d\u8aac\u300d\u306e\u4e16\u754c\u3000\u30dd\u30eb\u30c8\u30ac\u30eb\u8a9e"},"content":{"rendered":"<section id=\"top\" class=\"bc-section\">\n<div class=\"container\">\n<ol class=\"breadcrumb\">\n<li><a href=\"\/f\/home-pt\">IN\u00cdCIO <\/a><\/li>\n<li class=\"active\">Ukiyo-e e Fujisawa<\/li>\n<\/ol>\n<\/div>\n<\/section>\n<section id=\"txt\" class=\"home-section\">\n<div class=\"container\">\n<div class=\"row\">\n<div class=\"txtArea\">\n<h3>A lenda de Oguri-Hangan e a princesa Terute<\/h3>\n<div class=\"txtBox\">\n<p>A lenda de Oguri-Hangan \u00e9 uma hist\u00f3ria especial em Fujisawa. No mundo do ukiyo-e, Fujisawa \u00e9 retratada com a lenda de Oguri-Hangan como tema. Dizem at\u00e9 que \u201cao falar de Fujisawa, falamos de Oguri-Hangan\u201d, por conta da rela\u00e7\u00e3o entre o Yugyoji e a lenda de Oguri-Hangan e a Princesa Terute, que tiveram forte influ\u00eancia no Fujisawa-shuku. Nos \u201c53 pontos de paradas da estrada de Tokaido\u201d, personagens como Oguri-Hangan, a princesa Terute e o lend\u00e1rio cavalo Onikage aparecem com frequ\u00eancia. No mundo liter\u00e1rio, os kusa-zoshi (livros de ilustra\u00e7\u00e3o com narrativa e di\u00e1logos) de Ryutei Tanehiko, tamb\u00e9m conhecidos como \u201cIromoyoshi Yukari no Fujisawa\u201d (com ilustra\u00e7\u00f5es de Utagawa Kunisada), publicados em 1811 (ano 4 da era Bunsei) s\u00e3o um exemplo de obra baseada na lenda de Oguri-Hangan.<br \/>\n1. Nos \u201c53 pontos de paradas da estrada de Tokaido: Oguri-Hangan em Fujisawa\u201d de Utagawa Kunisada, o artista respons\u00e1vel por ilustrar a obra retratou um popular artista de obras de Kabuki que possui la\u00e7os com o ponto de parada de Tokaido. Na parte superior est\u00e1 a paisagem do pr\u00f3prio ponto de parada.<br \/>\n2. Nos \u201c53 pontos de parada representados juntos: Fujisawa\u201d, obra produzida pelos dois artistas ukiyo-e mais populares da \u00e9poca, Utagawa Kunisada e Utagawa Hiroshige, h\u00e1 a representa\u00e7\u00e3o de uma mulher puxando uma carro\u00e7a. Este tema foi retirado de uma pe\u00e7a de Kabuki conhecida como \u201cPrincesa Terute empurra uma carro\u00e7a\u201d. 3. Nos \u201c53 pontos de parada da estrada de Tokaido: Fujisawa\u201d de Utagawa Yoshikazu, s\u00e3o representados com humor os contos de cada parada. Em Fujisawa, um jovem samurai joga um jogo de tabuleiro com um cavalo. Esta cena \u00e9 retirada de \u201cOnikage monta em um cavalo\u201d, quando Oguri montou o Onikage e fugiu com uma mulher sentada ao lado dele, que se acredita ser a princesa Terute.<br \/>\nBaseada no conto \u201cOguri\u201d, a Lenda de Oguri, que ganhou diversas vers\u00f5es e foi transmitida de diversas formas em todo o Jap\u00e3o, apareceu frequentemente como um dos principais tema do ukiyo-e.<\/p>\n<\/div>\n<div class=\"col-sm-12 col-md-6\">\n<img decoding=\"async\" src=\"http:\/\/test2.airmesse-light.com\/f\/wp-content\/themes\/ukiyoe\/images\/ukiyoe2.jpg\" alt=\"ukiyoe\" class=\"img-responsive\"><\/p>\n<p class=\"u-name\">Esquerda) 1. Utagawa Kunisada\u300053 pontos de parada da esta\u00e7\u00e3o Tokaido: Oguri-Hangan em Fujisawa<br \/>\nDireita) 2. Utagawa Hiroshige e Kunisada\u300053 pontos de parada representados juntos: Fujisawa<\/p>\n<\/div>\n<div class=\"col-sm-12 col-md-6\">\n<img decoding=\"async\" src=\"http:\/\/test2.airmesse-light.com\/f\/wp-content\/themes\/ukiyoe\/images\/ukiyoe3.jpg\" alt=\"ukiyoe\" class=\"img-responsive\"><\/p>\n<p class=\"u-name\">3. Utagawa Yoshikazu\u300053 pontos de parada da estrada de Tokaido: Fujisawa<\/p>\n<\/div>\n<div class=\"nxtBox clear\">\n<p><i class=\"fa fa-arrow-circle-left\"><\/i> <a href=\"ukiyoe-2-pt\">L A principal paisagem do ukiyo-e: a ilha de Enoshima<\/a> | <a href=\"ukiyoe-4-pt\">S\u00e9rie dos \u201c53 pontos de parada da estrada de Tokaido\u201d e \u201cJogos de tabuleiro da viagem de Sugoroku\u201d<\/a> <i class=\"fa fa-arrow-circle-right\"><\/i><\/p>\n<\/div>\n<\/div>\n<\/div>\n<\/div>\n<\/section>\n","protected":false},"excerpt":{"rendered":"<p>IN\u00cdCIO Ukiyo-e e Fujisawa A lenda de Oguri-Hangan e a princesa Terute A lenda de Oguri-Hangan \u00e9 uma hist\u00f3ria e [&hellip;]<\/p>\n","protected":false},"author":1,"featured_media":0,"parent":0,"menu_order":0,"comment_status":"closed","ping_status":"closed","template":"page-pt.php","meta":{"footnotes":""},"class_list":["post-166","page","type-page","status-publish","hentry"],"_links":{"self":[{"href":"https:\/\/fujisawa-ukiyoekan.net\/f\/wp-json\/wp\/v2\/pages\/166","targetHints":{"allow":["GET"]}}],"collection":[{"href":"https:\/\/fujisawa-ukiyoekan.net\/f\/wp-json\/wp\/v2\/pages"}],"about":[{"href":"https:\/\/fujisawa-ukiyoekan.net\/f\/wp-json\/wp\/v2\/types\/page"}],"author":[{"embeddable":true,"href":"https:\/\/fujisawa-ukiyoekan.net\/f\/wp-json\/wp\/v2\/users\/1"}],"replies":[{"embeddable":true,"href":"https:\/\/fujisawa-ukiyoekan.net\/f\/wp-json\/wp\/v2\/comments?post=166"}],"version-history":[{"count":4,"href":"https:\/\/fujisawa-ukiyoekan.net\/f\/wp-json\/wp\/v2\/pages\/166\/revisions"}],"predecessor-version":[{"id":579,"href":"https:\/\/fujisawa-ukiyoekan.net\/f\/wp-json\/wp\/v2\/pages\/166\/revisions\/579"}],"wp:attachment":[{"href":"https:\/\/fujisawa-ukiyoekan.net\/f\/wp-json\/wp\/v2\/media?parent=166"}],"curies":[{"name":"wp","href":"https:\/\/api.w.org\/{rel}","templated":true}]}}