{"id":1599,"date":"2023-11-10T14:33:00","date_gmt":"2023-11-10T05:33:00","guid":{"rendered":"https:\/\/www.fujisawa-ukiyoekan.net\/f\/?page_id=1599"},"modified":"2026-02-25T13:49:52","modified_gmt":"2026-02-25T04:49:52","slug":"collections-5-pt","status":"publish","type":"page","link":"https:\/\/fujisawa-ukiyoekan.net\/f\/collections-5-pt\/","title":{"rendered":"\u5c55\u793a\u5185\u5bb9\u7d39\u4ecb\u3000\u559c\u658e\u7acb\u7965 \u4e8c\u4ee3\u5e83\u91cd\u3068\u547c\u3070\u308c\u305f\u7d75\u5e2b (\u30dd\u30eb\u30c8\u30ac\u30eb\u8a9e)"},"content":{"rendered":"<section id=\"top\" class=\"bc-section\">\n<div class=\"container\">\n<ol class=\"breadcrumb\">\n<li><a href=\"\/f\/home-pt\">HOME<\/a><\/li>\n<li class=\"active\">Apresenta\u00e7\u00e3o da Exposi\u00e7\u00e3on<\/li>\n<\/ol>\n<\/div>\n<\/section>\n<section id=\"txt\" class=\"home-section\">\n<div class=\"container\">\n<div class=\"row\">\n<div class=\"txtArea\">\n<h3>Kisai Rissho, um pintor conhecido como Hiroshige II<\/h3>\n<h4>Apresenta\u00e7\u00e3o da Exposi\u00e7\u00e3o<\/h4>\n<div class=\"txtBox\">\n<p>Vamos apresentar as pinturas de ukiyo-e de Hiroshige II (Shigenobu), disc\u00edpulo de Utagawa Hiroshige. Hiroshige II atuou principalmente entre o Bakumatsu (per\u00edodo final do xogunato Tokugawa) e a Era Meiji. Em seus \u00faltimos anos ele utilizou o nome de Kisai Rissho. Nesse per\u00edodo, ele manteve o seu estilo original de pintura, mas adicionou formas \u00fanicas de express\u00e3o e uma maior diversifica\u00e7\u00e3o de temas. Uma de suas obras-primas \u00e9 \u201cAs 53 Esta\u00e7\u00f5es de Tokaido Fujisawa\u201d (presente no desenho de capa do guia desta exposi\u00e7\u00e3o), que retrata uma esta\u00e7\u00e3o de descanso em Yotsuya, perto de nosso museu. A exposi\u00e7\u00e3o tamb\u00e9m aborda o estilo criado pelos Hiroshige, que criou as principais tend\u00eancias da pintura de ukiyo-e, e aborda as mudan\u00e7as da pintura de paisagem durante essa turbulenta era.<\/p>\n<\/div>\n<div class=\"itemArea\">\n<div class=\"itemBox muchigh col-xs-12 col-sm-4 col-md-3\" >\n<h5>Esquina da s\u00e9rie 53 Esta\u00e7\u00f5es Postais de Toukaidou<\/h5>\n<p class=\"imgbox\"><img decoding=\"async\" src=\"\/f\/wp-content\/themes\/ukiyoe\/images\/collections\/F7iQs9lg_VL017_r01.jpg\" border=\"0\" alt=\"\"><\/p>\n<p>Fujisawa, da s\u00e9rie 36 Esta\u00e7\u00f5es Postais de Toukaidou (edi\u00e7\u00e3o Hoeidou)<\/p>\n<\/div>\n<div class=\"itemBox muchigh col-xs-12 col-sm-4 col-md-3\" style=\"height: 327px;\">\n<h5>Esquina da estalagem Fujisawa<\/h5>\n<p class=\"imgbox\"><img decoding=\"async\" src=\"\/f\/wp-content\/themes\/ukiyoe\/images\/collections\/iZcRcHLh_VL018_r01.jpg\" border=\"0\" alt=\"\"><\/p>\n<p>Hakone hot spring, from the series \u201cToukaidou\u201d<\/p>\n<\/div>\n<div class=\"itemBox muchigh col-xs-12 col-sm-4 col-md-3\" style=\"height: 327px;\">\n<h5>Canto de Enoshima<\/h5>\n<p class=\"imgbox\"><img decoding=\"async\" src=\"\/f\/wp-content\/themes\/ukiyoe\/images\/collections\/Ic36Vr90_VL019_r01.jpg\" border=\"0\" alt=\"\"><\/p>\n<p>The Pilgrimage to Enoshima Island of Sagami Province: A Landscape of Shichiri-ga-hama Beach of Kamakura<\/p>\n<\/div>\n<div class=\"itemBox muchigh col-xs-12 col-sm-4 col-md-3\" style=\"height: 327px;\">\n<h5>Canto de exposi\u00e7\u00e3o especial<\/h5>\n<p class=\"imgbox\"><img decoding=\"async\" src=\"\/f\/wp-content\/themes\/ukiyoe\/images\/collections\/9UzNl91w_VL020_r01.jpg\" border=\"0\" alt=\"\"><\/p>\n<p>Oiwake-Michi, Fujisawa: as 53 esta\u00e7\u00f5es de Toukaidou<\/p>\n<\/div>\n<\/div>\n<p><a href=\"\/f\/archive-pt\"><button type=\"button\" class=\"btnnex\">The Exhibition Archive<\/button><\/a><\/p>\n<\/div>\n<\/div>\n<\/div>\n<\/section>\n","protected":false},"excerpt":{"rendered":"<p>HOME Apresenta\u00e7\u00e3o da Exposi\u00e7\u00e3on Kisai Rissho, um pintor conhecido como Hiroshige II Apresenta\u00e7\u00e3o da Exposi\u00e7\u00e3o  [&hellip;]<\/p>\n","protected":false},"author":1,"featured_media":0,"parent":0,"menu_order":0,"comment_status":"closed","ping_status":"closed","template":"page-pt.php","meta":{"footnotes":""},"class_list":["post-1599","page","type-page","status-publish","hentry"],"_links":{"self":[{"href":"https:\/\/fujisawa-ukiyoekan.net\/f\/wp-json\/wp\/v2\/pages\/1599","targetHints":{"allow":["GET"]}}],"collection":[{"href":"https:\/\/fujisawa-ukiyoekan.net\/f\/wp-json\/wp\/v2\/pages"}],"about":[{"href":"https:\/\/fujisawa-ukiyoekan.net\/f\/wp-json\/wp\/v2\/types\/page"}],"author":[{"embeddable":true,"href":"https:\/\/fujisawa-ukiyoekan.net\/f\/wp-json\/wp\/v2\/users\/1"}],"replies":[{"embeddable":true,"href":"https:\/\/fujisawa-ukiyoekan.net\/f\/wp-json\/wp\/v2\/comments?post=1599"}],"version-history":[{"count":3,"href":"https:\/\/fujisawa-ukiyoekan.net\/f\/wp-json\/wp\/v2\/pages\/1599\/revisions"}],"predecessor-version":[{"id":4127,"href":"https:\/\/fujisawa-ukiyoekan.net\/f\/wp-json\/wp\/v2\/pages\/1599\/revisions\/4127"}],"wp:attachment":[{"href":"https:\/\/fujisawa-ukiyoekan.net\/f\/wp-json\/wp\/v2\/media?parent=1599"}],"curies":[{"name":"wp","href":"https:\/\/api.w.org\/{rel}","templated":true}]}}