{"id":1597,"date":"2023-11-10T14:38:40","date_gmt":"2023-11-10T05:38:40","guid":{"rendered":"https:\/\/www.fujisawa-ukiyoekan.net\/f\/?page_id=1597"},"modified":"2023-11-10T14:38:40","modified_gmt":"2023-11-10T05:38:40","slug":"collections-4-pt","status":"publish","type":"page","link":"https:\/\/fujisawa-ukiyoekan.net\/f\/collections-4-pt\/","title":{"rendered":"\u5c55\u793a\u5185\u5bb9\u7d39\u4ecb\u3000\u30b5\u30a4\u306f\u6295\u3052\u3089\u308c\u305f \u6c5f\u6238\u306e\u7d75\u53cc\u516d\u304a\u3082\u3057\u308d\u30d2\u30b9\u30c8\u30ea\u30fc(\u30dd\u30eb\u30c8\u30ac\u30eb\u8a9e)"},"content":{"rendered":"<section id=\"top\" class=\"bc-section\">\n<div class=\"container\">\n<ol class=\"breadcrumb\">\n<li><a href=\"\/f\/home-pt\">HOME<\/a><\/li>\n<li class=\"active\">Apresenta\u00e7\u00e3o da Exposi\u00e7\u00e3o<\/li>\n<\/ol>\n<\/div>\n<\/section>\n<section id=\"txt\" class=\"home-section\">\n<div class=\"container\">\n<div class=\"row\">\n<div class=\"txtArea\">\n<h3>O lan\u00e7amento do rinoceronte: uma interessante hist\u00f3ria da pintura Sugoroku de Edo<\/h3>\n<h4>Apresenta\u00e7\u00e3o da Exposi\u00e7\u00e3o<\/h4>\n<div class=\"txtBox\">\n<p>As crian\u00e7as de Edo adoravam as coloridas pinturas Sugoroku, n\u00e3o s\u00f3 para brincar com elas, mas tamb\u00e9m para apreci\u00e1-las. Ainda que a forma de viajar tenha mudado de caminhada para trem, o \u201cTokaido Sugoroku\u201d seguiu sendo produzido em grande escala at\u00e9 a era Showa (in\u00edcio a partir de 1926). Na cole\u00e7\u00e3o de Sugoroku da cidade de Fujisawa, existe uma brincadeira chamada \u201cSugoroku Voador\u201d que raramente \u00e9 vista nos dias de hoje. Por isso, aproveite os in\u00fameros Sugoroku cheios de engenhosidade criados para entreter os visitantes.<\/p>\n<\/div>\n<div class=\"itemArea\">\n<div class=\"itemBox muchigh col-xs-12 col-sm-4 col-md-3\" style=\"height: 327px;\">\n<h5>Esquina da s\u00e9rie 53 Esta\u00e7\u00f5es Postais de Toukaidou<\/h5>\n<p class=\"imgbox\"><img decoding=\"async\" src=\"\/f\/wp-content\/themes\/ukiyoe\/images\/collections\/RKph1Lho_VL017_r01.jpg\" border=\"0\" alt=\"\"><\/p>\n<p>The Sugoroku Board Game of Imperial Visit<\/p>\n<\/div>\n<div class=\"itemBox muchigh col-xs-12 col-sm-4 col-md-3\" style=\"height: 327px;\">\n<h5>Esquina da estalagem Fujisawa<\/h5>\n<p class=\"imgbox\"><img decoding=\"async\" src=\"\/f\/wp-content\/themes\/ukiyoe\/images\/collections\/Z9bixjyp_VL018_r01.jpg\" border=\"0\" alt=\"\"><\/p>\n<p><ruby>\u4e16<rp>(<\/rp><rt>\u3088\u306f<\/rt><rp>)<\/rp><\/ruby><ruby>\u9032<rp>(<\/rp><rt>\u3059\u3059\u3080<\/rt><rp>)<\/rp><\/ruby><ruby>\u96fb\u8a71<rp>(<\/rp><rt>\u3067\u3093\u308f<\/rt><rp>)<\/rp><\/ruby><ruby>\u53cc\u516d<rp>(<\/rp><rt>\u3059\u3054\u308d\u304f<\/rt><rp>)<\/rp><\/ruby><\/p>\n<\/div>\n<div class=\"itemBox muchigh col-xs-12 col-sm-4 col-md-3\" style=\"height: 327px;\">\n<h5>Canto de Enoshima<\/h5>\n<p class=\"imgbox\"><img decoding=\"async\" src=\"\/f\/wp-content\/themes\/ukiyoe\/images\/collections\/fRLiMgiT_VL019_r01.jpg\" border=\"0\" alt=\"\"><\/p>\n<p>Imagen de las Siete Deidades de la Buena Suerte en el Bort<\/p>\n<\/div>\n<div class=\"itemBox muchigh col-xs-12 col-sm-4 col-md-3\" style=\"height: 327px;\">\n<h5>Canto de exposi\u00e7\u00e3o especial<\/h5>\n<p class=\"imgbox\"><img decoding=\"async\" src=\"\/f\/wp-content\/themes\/ukiyoe\/images\/collections\/GklABOma_VL020_r01.jpg\" border=\"0\" alt=\"\"><\/p>\n<p>\u3044\u308d\u306f<ruby>\u58c1<rp>(<\/rp><rt>\u304b\u3079<\/rt><rp>)<\/rp><\/ruby>\uff08<ruby>\u8b6c<rp>(<\/rp><rt>\u305f\u3068\u3048<\/rt><rp>)<\/rp><\/ruby>\uff09\u3000<ruby>\u795e\u4ecf<rp>(<\/rp><rt>\u3057\u3093\u3076\u3064<\/rt><rp>)<\/rp><\/ruby><ruby>\u540d\u6240<rp>(<\/rp><rt>\u3081\u3044\u3057\u3087<\/rt><rp>)<\/rp><\/ruby><ruby>\u5bff<rp>(<\/rp><rt>\u3059<\/rt><rp>)<\/rp><\/ruby><ruby>\u8a9e<rp>(<\/rp><rt>\u3054<\/rt><rp>)<\/rp><\/ruby><ruby>\u516d<rp>(<\/rp><rt>\u308d\u304f<\/rt><rp>)<\/rp><\/ruby><\/p>\n<\/div>\n<\/div>\n<p><a href=\"\/f\/archive-pt\"><button type=\"button\" class=\"btnnex\">The Exhibition Archive<\/button><\/a><\/p>\n<\/div>\n<\/div>\n<\/div>\n<\/section>\n","protected":false},"excerpt":{"rendered":"<p>HOME Apresenta\u00e7\u00e3o da Exposi\u00e7\u00e3o O lan\u00e7amento do rinoceronte: uma interessante hist\u00f3ria da pintura Sugoroku de E [&hellip;]<\/p>\n","protected":false},"author":1,"featured_media":0,"parent":0,"menu_order":0,"comment_status":"closed","ping_status":"closed","template":"page-pt.php","meta":{"footnotes":""},"class_list":["post-1597","page","type-page","status-publish","hentry"],"_links":{"self":[{"href":"https:\/\/fujisawa-ukiyoekan.net\/f\/wp-json\/wp\/v2\/pages\/1597","targetHints":{"allow":["GET"]}}],"collection":[{"href":"https:\/\/fujisawa-ukiyoekan.net\/f\/wp-json\/wp\/v2\/pages"}],"about":[{"href":"https:\/\/fujisawa-ukiyoekan.net\/f\/wp-json\/wp\/v2\/types\/page"}],"author":[{"embeddable":true,"href":"https:\/\/fujisawa-ukiyoekan.net\/f\/wp-json\/wp\/v2\/users\/1"}],"replies":[{"embeddable":true,"href":"https:\/\/fujisawa-ukiyoekan.net\/f\/wp-json\/wp\/v2\/comments?post=1597"}],"version-history":[{"count":1,"href":"https:\/\/fujisawa-ukiyoekan.net\/f\/wp-json\/wp\/v2\/pages\/1597\/revisions"}],"predecessor-version":[{"id":1598,"href":"https:\/\/fujisawa-ukiyoekan.net\/f\/wp-json\/wp\/v2\/pages\/1597\/revisions\/1598"}],"wp:attachment":[{"href":"https:\/\/fujisawa-ukiyoekan.net\/f\/wp-json\/wp\/v2\/media?parent=1597"}],"curies":[{"name":"wp","href":"https:\/\/api.w.org\/{rel}","templated":true}]}}