{"id":1593,"date":"2023-11-10T14:33:06","date_gmt":"2023-11-10T05:33:06","guid":{"rendered":"https:\/\/www.fujisawa-ukiyoekan.net\/f\/?page_id=1593"},"modified":"2023-11-10T14:33:06","modified_gmt":"2023-11-10T05:33:06","slug":"collections-2-pt","status":"publish","type":"page","link":"https:\/\/fujisawa-ukiyoekan.net\/f\/collections-2-pt\/","title":{"rendered":"\u5c55\u793a\u5185\u5bb9\u7d39\u4ecb\u3000\u307f\u308f\u305f\u3059\u7d76\u666f\u3000\u540d\u6240\u7d75\u00d7\u9ce5\u77b0\u56f3\u306e\u9b45\u529b\u3000 (\u30dd\u30eb\u30c8\u30ac\u30eb\u8a9e)"},"content":{"rendered":"<section id=\"top\" class=\"bc-section\">\n<div class=\"container\">\n<ol class=\"breadcrumb\">\n<li><a href=\"\/f\/home-pt\">HOME<\/a><\/li>\n<li class=\"active\">Apresenta\u00e7\u00e3o da Exposi\u00e7\u00e3o<\/li>\n<\/ol>\n<\/div>\n<\/section>\n<div class=\"container\">\n<div class=\"row\">\n<div class=\"txtArea\">\n<h3>Paisagens soberbas: encantos das pinturas de locais famosos e do Choukanzu<\/h3>\n<h4>Apresenta\u00e7\u00e3o da Exposi\u00e7\u00e3o<\/h4>\n<div class=\"txtBox\">\n<p>Esta exposi\u00e7\u00e3o apresenta trabalhos feitos a partir da perspectiva de um p\u00e1ssaro (Choukanzu), todos criados com base em paisagens famosas do per\u00edodo Edo (1603-1868) e mapas tur\u00edsticos do per\u00edodo Taisho (1912-1926) em diante. Enquanto muitas obras de ukiyo-e foram originalmente pintadas a partir de uma vista a\u00e9rea, obras sob a perspectiva de um p\u00e1ssaro contam com uma perspectiva de altura ainda mais elevada. Al\u00e9m das pinturas de ukiyo-e sob a perspectiva de um p\u00e1ssaro, como as paisagens de locais famosos e pinturas de mapas, apresentamos aqui artistas que atuaram ativamente, especialmente no per\u00edodo Taisho, incluindo Hatsusaburo Yoshida (e outros artistas que usavam as mesmas t\u00e9cnicas), que usou a perspectiva de olho de p\u00e1ssaro para guias tur\u00edsticos. Nesta se\u00e7\u00e3o apresentamos as mudan\u00e7as na forma como locais famosos foram representados e as caracter\u00edsticas dos mapas de informa\u00e7\u00f5es tur\u00edsticas do per\u00edodo Edo at\u00e9 o per\u00edodo Showa.<\/p>\n<\/div>\n<div class=\"itemArea\">\n<div class=\"itemBox muchigh col-xs-12 col-sm-4 col-md-3\" >\n<h5>Esquina da s\u00e9rie 53 Esta\u00e7\u00f5es Postais de Toukaidou<\/h5>\n<p class=\"imgbox\"><img decoding=\"async\" src=\"\/f\/wp-content\/themes\/ukiyoe\/images\/collections\/IS45vboN_VL017_r01.jpg\" border=\"0\" alt=\"\"><\/p>\n<p>The Sugoroku Board Game of Travelling to the Destination of Kyoto via Pilgrimage to Ise Shrine<\/p>\n<\/div>\n<div class=\"itemBox muchigh col-xs-12 col-sm-4 col-md-3\" style=\"height: 303px;\">\n<h5>Esquina da estalagem Fujisawa<\/h5>\n<p class=\"imgbox\"><img decoding=\"async\" src=\"\/f\/wp-content\/themes\/ukiyoe\/images\/collections\/tpOAspA8_VL018_r01.jpg\" border=\"0\" alt=\"\"><\/p>\n<p>Ilha de Enoshima, da s\u00e9rie \u201cOs Lugares Famosos de Toukaidou\u201d<\/p>\n<\/div>\n<div class=\"itemBox muchigh col-xs-12 col-sm-4 col-md-3\" style=\"height: 303px;\">\n<h5>Canto de Enoshima<\/h5>\n<p class=\"imgbox\"><img decoding=\"async\" src=\"\/f\/wp-content\/themes\/ukiyoe\/images\/collections\/Czg5t1F0_VL019_r01.jpg\" border=\"0\" alt=\"\"><\/p>\n<p>Guia de peregrina\u00e7\u00e3o do Monte Fuji para viajantes solit\u00e1rios<\/p>\n<\/div>\n<div class=\"itemBox muchigh col-xs-12 col-sm-4 col-md-3\" style=\"height: 303px;\">\n<h5>Canto de exposi\u00e7\u00e3o especial<\/h5>\n<p class=\"imgbox\"><img decoding=\"async\" src=\"\/f\/wp-content\/themes\/ukiyoe\/images\/collections\/q4PJGRUW_VL020_r01.jpg\" border=\"0\" alt=\"\"><\/p>\n<p>As fotos dos pontos tur\u00edsticos da prov\u00edncia de Kanagawa<\/p>\n<\/div>\n<\/div>\n<p><a href=\"\/f\/archive-pt\"><button type=\"button\" class=\"btnnex\">The Exhibition Archive<\/button><\/a><\/p>\n<\/div>\n<\/div>\n<\/div>\n","protected":false},"excerpt":{"rendered":"<p>HOME Apresenta\u00e7\u00e3o da Exposi\u00e7\u00e3o Paisagens soberbas: encantos das pinturas de locais famosos e do Choukanzu Apre [&hellip;]<\/p>\n","protected":false},"author":1,"featured_media":0,"parent":0,"menu_order":0,"comment_status":"closed","ping_status":"closed","template":"page-pt.php","meta":{"footnotes":""},"class_list":["post-1593","page","type-page","status-publish","hentry"],"_links":{"self":[{"href":"https:\/\/fujisawa-ukiyoekan.net\/f\/wp-json\/wp\/v2\/pages\/1593","targetHints":{"allow":["GET"]}}],"collection":[{"href":"https:\/\/fujisawa-ukiyoekan.net\/f\/wp-json\/wp\/v2\/pages"}],"about":[{"href":"https:\/\/fujisawa-ukiyoekan.net\/f\/wp-json\/wp\/v2\/types\/page"}],"author":[{"embeddable":true,"href":"https:\/\/fujisawa-ukiyoekan.net\/f\/wp-json\/wp\/v2\/users\/1"}],"replies":[{"embeddable":true,"href":"https:\/\/fujisawa-ukiyoekan.net\/f\/wp-json\/wp\/v2\/comments?post=1593"}],"version-history":[{"count":2,"href":"https:\/\/fujisawa-ukiyoekan.net\/f\/wp-json\/wp\/v2\/pages\/1593\/revisions"}],"predecessor-version":[{"id":1653,"href":"https:\/\/fujisawa-ukiyoekan.net\/f\/wp-json\/wp\/v2\/pages\/1593\/revisions\/1653"}],"wp:attachment":[{"href":"https:\/\/fujisawa-ukiyoekan.net\/f\/wp-json\/wp\/v2\/media?parent=1593"}],"curies":[{"name":"wp","href":"https:\/\/api.w.org\/{rel}","templated":true}]}}