{"id":1588,"date":"2023-11-10T14:32:50","date_gmt":"2023-11-10T05:32:50","guid":{"rendered":"https:\/\/www.fujisawa-ukiyoekan.net\/f\/?page_id=1588"},"modified":"2023-11-10T14:32:50","modified_gmt":"2023-11-10T05:32:50","slug":"collections-1-pt","status":"publish","type":"page","link":"https:\/\/fujisawa-ukiyoekan.net\/f\/collections-1-pt\/","title":{"rendered":"\u5c55\u793a\u5185\u5bb9\u7d39\u4ecb\u3000\u6c5f\u306e\u5cf6\u6d6e\u4e16\u7d75\u3068\u5bcc\u58eb\u5c71 \u4f1d\u8aac\u306e\u5b9d\u5eab (\u30dd\u30eb\u30c8\u30ac\u30eb\u8a9e)"},"content":{"rendered":"<section id=\"top\" class=\"bc-section\">\n<div class=\"container\">\n<ol class=\"breadcrumb\">\n<li><a href=\"\/f\/home-pt\">HOME<\/a><\/li>\n<li class=\"active\">Apresenta\u00e7\u00e3o da Exposi\u00e7\u00e3o<\/li>\n<\/ol>\n<\/div>\n<\/section>\n<section id=\"txt\" class=\"home-section\">\n<div class=\"container\">\n<div class=\"row\">\n<div class=\"txtArea\">\n<h3>Ukiyo-e de Enoshima e Monte Fuji: O lend\u00e1rio tesouro \u201cFujisawa e Enoshima\u201d<\/h3>\n<h4>Apresenta\u00e7\u00e3o da Exposi\u00e7\u00e3o<\/h4>\n<div class=\"txtBox\">\nEsta exposi\u00e7\u00e3o apresenta, sob diversas perspectivas, o ukiyo-e de Enoshima, que simboliza a cultura hist\u00f3rica de Enoshima, como um legado da cidade de Fujisawa. A presente exposi\u00e7\u00e3o apresenta junto do ukiyo-e do Monte Fuji retratado ao lado de Enoshima, a lenda sobre a conex\u00e3o entre o Monte Fuji e Enoshima atrav\u00e9s de um hitoana (esp\u00e9cie de caverna) e a lenda de nascimento de Enoshima com a utiliza\u00e7\u00e3o de pinturas ukiyo-e e documentos locais. Al\u00e9m disso, tamb\u00e9m apresenta a lenda de Minamoto no Yoshitsune, um comandante militar do per\u00edodo Heian), intimamente ligado com Fujisawa.\n<\/div>\n<div class=\"itemArea\">\n<div class=\"itemBox muchigh col-xs-12 col-sm-4 col-md-3\">\n<h5>Esquina da s\u00e9rie 53 Esta\u00e7\u00f5es Postais de Toukaidou<\/h5>\n<p class=\"imgbox\"><img decoding=\"async\" src=\"\/f\/wp-content\/themes\/ukiyoe\/images\/collections\/X1cXQxhZ_VL017_r01.jpg\" border=\"0\" alt=\"\"><\/p>\n<p>Shichiri-ga-hama Beach of Sagami Province, from the series Thirty-six Views of Mt. Fuji\n<\/p><\/div>\n<div class=\"itemBox muchigh col-xs-12 col-sm-4 col-md-3\" style=\"height: 327px;\">\n<h5>Esquina da estalagem Fujisawa<\/h5>\n<p class=\"imgbox\"><img decoding=\"async\" src=\"\/f\/wp-content\/themes\/ukiyoe\/images\/collections\/aqoKaW7t_VL018_r01.jpg\" border=\"0\" alt=\"\"><\/p>\n<p>Kurou Kaja Iyo-no-kami Minamoto no Yoshitsune<\/p>\n<\/div>\n<div class=\"itemBox muchigh col-xs-12 col-sm-4 col-md-3\" style=\"height: 327px;\">\n<h5>Canto de Enoshima<\/h5>\n<p class=\"imgbox\"><img decoding=\"async\" src=\"\/f\/wp-content\/themes\/ukiyoe\/images\/collections\/TdFI6pWv_VL019_r01.jpg\" border=\"0\" alt=\"\"><\/p>\n<p>of Iwaya (Sea Cave) of Enoshima Island in Sagami Province, from the series Famous Places in Sixty-odd Provinces<\/p>\n<\/div>\n<div class=\"itemBox muchigh col-xs-12 col-sm-4 col-md-3\" >\n<h5>Canto de exposi\u00e7\u00e3o especial<\/h5>\n<p class=\"imgbox\"><img decoding=\"async\" src=\"\/f\/wp-content\/themes\/ukiyoe\/images\/collections\/8Fbmx9M0_VL020_r01.jpg\" border=\"0\" alt=\"\"><\/p>\n<p>True View of Mt. Fuji<\/p>\n<\/div>\n<\/div>\n<p><a href=\"\/f\/archive-pt\"><button type=\"button\" class=\"btnnex\">The Exhibition Archive<\/button><\/a><\/p>\n<\/div>\n<\/div>\n<\/div>\n<\/section>\n","protected":false},"excerpt":{"rendered":"<p>HOME Apresenta\u00e7\u00e3o da Exposi\u00e7\u00e3o Ukiyo-e de Enoshima e Monte Fuji: O lend\u00e1rio tesouro \u201cFujisawa e Enoshima\u201d Apre [&hellip;]<\/p>\n","protected":false},"author":1,"featured_media":0,"parent":0,"menu_order":0,"comment_status":"closed","ping_status":"closed","template":"page-pt.php","meta":{"footnotes":""},"class_list":["post-1588","page","type-page","status-publish","hentry"],"_links":{"self":[{"href":"https:\/\/fujisawa-ukiyoekan.net\/f\/wp-json\/wp\/v2\/pages\/1588","targetHints":{"allow":["GET"]}}],"collection":[{"href":"https:\/\/fujisawa-ukiyoekan.net\/f\/wp-json\/wp\/v2\/pages"}],"about":[{"href":"https:\/\/fujisawa-ukiyoekan.net\/f\/wp-json\/wp\/v2\/types\/page"}],"author":[{"embeddable":true,"href":"https:\/\/fujisawa-ukiyoekan.net\/f\/wp-json\/wp\/v2\/users\/1"}],"replies":[{"embeddable":true,"href":"https:\/\/fujisawa-ukiyoekan.net\/f\/wp-json\/wp\/v2\/comments?post=1588"}],"version-history":[{"count":3,"href":"https:\/\/fujisawa-ukiyoekan.net\/f\/wp-json\/wp\/v2\/pages\/1588\/revisions"}],"predecessor-version":[{"id":1656,"href":"https:\/\/fujisawa-ukiyoekan.net\/f\/wp-json\/wp\/v2\/pages\/1588\/revisions\/1656"}],"wp:attachment":[{"href":"https:\/\/fujisawa-ukiyoekan.net\/f\/wp-json\/wp\/v2\/media?parent=1588"}],"curies":[{"name":"wp","href":"https:\/\/api.w.org\/{rel}","templated":true}]}}