{"id":1584,"date":"2023-11-10T14:33:22","date_gmt":"2023-11-10T05:33:22","guid":{"rendered":"https:\/\/www.fujisawa-ukiyoekan.net\/f\/?page_id=1584"},"modified":"2023-11-10T14:33:22","modified_gmt":"2023-11-10T05:33:22","slug":"collections-8-es","status":"publish","type":"page","link":"https:\/\/fujisawa-ukiyoekan.net\/f\/collections-8-es\/","title":{"rendered":"\u5c55\u793a\u5185\u5bb9\u7d39\u4ecb\u3000\u7f8e\u4eba\u6771\u6d77\u9053\u306e\u98a8\u666f\u306b\u307f\u308b\u56fd\u8c9e\u3068\u5e83\u91cd\u306e\u3064\u306a\u304c\u308a(\u30b9\u30da\u30a4\u30f3\u8a9e)"},"content":{"rendered":"<section id=\"top\" class=\"bc-section\">\n<div class=\"container\">\n<ol class=\"breadcrumb\">\n<li><a href=\"\/f\/home-es\">HOME<\/a><\/li>\n<li class=\"active\">Introducci\u00f3n de la Exposici\u00f3n<\/li>\n<\/ol>\n<\/div>\n<\/section>\n<section id=\"txt\" class=\"home-section\">\n<div class=\"container\">\n<div class=\"row\">\n<div class=\"txtArea\">\n<h3>El v\u00ednculo entre Kunisada e Hiroshige que se aprecia en las vistas de la colecci\u00f3n de mujeres hermosas de la ruta Tokaido<\/h3>\n<h4>Introducci\u00f3n de la Exposici\u00f3n<\/h4>\n<div class=\"txtBox\">\n<p>La colecci\u00f3n Cincuenta y tres estaciones de la ruta Tokaido de Utagawa Kunisada (Utagawa Toyokuni III) (tambi\u00e9n conocida como la colecci\u00f3n de mujeres hermosas de la ruta Tokaido) es una colecci\u00f3n que retrata a diversas mujeres en primer plano sobre el fondo de las postas a lo largo de la ruta Tokaido. Esta colecci\u00f3n se caracteriza por que muchas de sus estampas hacen uso de fondos presentes en la colecci\u00f3n Cincuenta y tres estaciones de la ruta Tokaido de Utagawa Hiroshige (tambi\u00e9n conocida como la colecci\u00f3n de la ruta Tokaido publicada por Hoeido). En esta exposici\u00f3n se exponen a la vez la colecci\u00f3n de mujeres hermosas de la ruta Tokaido y la colecci\u00f3n de la ruta Tokaido publicada por Hoeido (edici\u00f3n reimpresa), con lo que esperamos que disfruten comparando aspectos comunes y diferencias de expresi\u00f3n entre ambas colecciones.<\/p>\n<\/div>\n<div class=\"itemArea\">\n<div class=\"itemBox muchigh col-xs-12 col-sm-4 col-md-3\" >\n<h5>\nRinc\u00f3n de la serie Las cincuenta y tres estaciones de Tokaido<\/h5>\n<p class=\"imgbox\"><img decoding=\"async\" src=\"\/f\/wp-content\/themes\/ukiyoe\/images\/collections\/ldaXQHKx_VL017_r01.jpg\" border=\"0\" alt=\"\"><\/p>\n<p>Fujisawa from the series \u201cFifty-three Stations of the Toukaidou Highway\u201d<\/p>\n<\/div>\n<div class=\"itemBox muchigh col-xs-12 col-sm-4 col-md-3\" style=\"height: 327px;\">\n<h5>Rinc\u00f3n de la posada Fujisawa<\/h5>\n<p class=\"imgbox\"><img decoding=\"async\" src=\"\/f\/wp-content\/themes\/ukiyoe\/images\/collections\/p8SzAR0z_VL018_r01.jpg\" border=\"0\" alt=\"\"><\/p>\n<p>Hakone, from the series \u201cFifty-three Stations of the Toukaidou Highway\u201d<\/p>\n<\/div>\n<div class=\"itemBox muchigh col-xs-12 col-sm-4 col-md-3\" style=\"height: 327px;\">\n<h5>Rinc\u00f3n de Enoshima<\/h5>\n<p class=\"imgbox\"><img decoding=\"async\" src=\"\/f\/wp-content\/themes\/ukiyoe\/images\/collections\/gn35dsUB_VL019_r01.jpg\" border=\"0\" alt=\"\"><\/p>\n<p>True View of Enoshima Island of Sagami Province<\/p>\n<\/div>\n<div class=\"itemBox muchigh col-xs-12 col-sm-4 col-md-3\" style=\"height: 327px;\">\n<h5>Rinc\u00f3n especial de exposiciones<\/h5>\n<p class=\"imgbox\"><img decoding=\"async\" src=\"\/f\/wp-content\/themes\/ukiyoe\/images\/collections\/W1oU0eAl_VL020_r01.jpg\" border=\"0\" alt=\"\"><\/p>\n<p>Kyoto, from the series \u201cFifty-three Stations of the Toukaidou Highway\u201d<\/p>\n<\/div>\n<\/div>\n<p><a href=\"\/f\/archive-es\"><button type=\"button\" class=\"btnnex\">The Exhibition Archive<\/button><\/a><\/p>\n<\/div>\n<\/div>\n<\/div>\n<\/section>\n","protected":false},"excerpt":{"rendered":"<p>HOME Introducci\u00f3n de la Exposici\u00f3n El v\u00ednculo entre Kunisada e Hiroshige que se aprecia en las vistas de la co [&hellip;]<\/p>\n","protected":false},"author":1,"featured_media":0,"parent":0,"menu_order":0,"comment_status":"closed","ping_status":"closed","template":"page-es.php","meta":{"footnotes":""},"class_list":["post-1584","page","type-page","status-publish","hentry"],"_links":{"self":[{"href":"https:\/\/fujisawa-ukiyoekan.net\/f\/wp-json\/wp\/v2\/pages\/1584","targetHints":{"allow":["GET"]}}],"collection":[{"href":"https:\/\/fujisawa-ukiyoekan.net\/f\/wp-json\/wp\/v2\/pages"}],"about":[{"href":"https:\/\/fujisawa-ukiyoekan.net\/f\/wp-json\/wp\/v2\/types\/page"}],"author":[{"embeddable":true,"href":"https:\/\/fujisawa-ukiyoekan.net\/f\/wp-json\/wp\/v2\/users\/1"}],"replies":[{"embeddable":true,"href":"https:\/\/fujisawa-ukiyoekan.net\/f\/wp-json\/wp\/v2\/comments?post=1584"}],"version-history":[{"count":2,"href":"https:\/\/fujisawa-ukiyoekan.net\/f\/wp-json\/wp\/v2\/pages\/1584\/revisions"}],"predecessor-version":[{"id":1650,"href":"https:\/\/fujisawa-ukiyoekan.net\/f\/wp-json\/wp\/v2\/pages\/1584\/revisions\/1650"}],"wp:attachment":[{"href":"https:\/\/fujisawa-ukiyoekan.net\/f\/wp-json\/wp\/v2\/media?parent=1584"}],"curies":[{"name":"wp","href":"https:\/\/api.w.org\/{rel}","templated":true}]}}