{"id":1581,"date":"2023-11-10T14:37:11","date_gmt":"2023-11-10T05:37:11","guid":{"rendered":"https:\/\/www.fujisawa-ukiyoekan.net\/f\/?page_id=1581"},"modified":"2023-11-10T14:37:11","modified_gmt":"2023-11-10T05:37:11","slug":"collections-7-es","status":"publish","type":"page","link":"https:\/\/fujisawa-ukiyoekan.net\/f\/collections-7-es\/","title":{"rendered":"\u5c55\u793a\u5185\u5bb9\u7d39\u4ecb\u3000\u6c5f\u306e\u5cf6\u8a63\u3068\u6d6e\u4e16\u7d75\u3067\u307f\u308b\u5f01\u8ca1\u5929\u4fe1\u4ef0\u306e\u6b74\u53f2(\u30b9\u30da\u30a4\u30f3\u8a9e)"},"content":{"rendered":"<section id=\"top\" class=\"bc-section\">\n<div class=\"container\">\n<ol class=\"breadcrumb\">\n<li><a href=\"\/f\/home-es\">HOME<\/a><\/li>\n<li class=\"active\">Introducci\u00f3n de la Exposici\u00f3n<\/li>\n<\/ol>\n<\/div>\n<\/section>\n<section id=\"txt\" class=\"home-section\">\n<div class=\"container\">\n<div class=\"row\">\n<div class=\"txtArea\">\n<h3>FUJISAWA LEGACY ENOSHIMA UKIYO-E<br \/>\nHistoria de la peregrinaci\u00f3n a la isla de Enoshima y el culto religioso a la diosa Benzai-ten representado en las estampas ukiyo-e<\/p>\n<\/h3>\n<h4>Introducci\u00f3n de la Exposici\u00f3n<\/h4>\n<div class=\"txtBox\">\n<p>El auge de la peregrinaci\u00f3n a la isla de Enoshima durante la era Edo fue un factor muy importante para dar ampliamente a conocer la isla de Enoshima. Y como centro de todo esto se encontraba el culto religioso a la diosa Benzai-ten. En esta exposici\u00f3n se presentan estampas ukiyo-e de la isla de Enoshima que son parte de la historia del culto religioso a la diosa Benzai-ten durante la era Edo, as\u00ed otros como documentos locales sobre la diosa Benzai-ten.<\/p>\n<\/div>\n<div class=\"itemArea\">\n<div class=\"itemBox muchigh col-xs-12 col-sm-4 col-md-3\" >\n<h5>Rinc\u00f3n de la serie Las cincuenta y tres estaciones de Tokaido<\/h5>\n<p class=\"imgbox\"><img decoding=\"async\" src=\"\/f\/wp-content\/themes\/ukiyoe\/images\/collections\/AzcLfrLZ_VL017_r01.jpg\" border=\"0\" alt=\"\"><\/p>\n<p>Large-size Picture Book of Enoshima Island<\/p>\n<\/div>\n<div class=\"itemBox muchigh col-xs-12 col-sm-4 col-md-3\" style=\"height: 327px;\">\n<h5>Rinc\u00f3n de la posada Fujisawa<\/h5>\n<p class=\"imgbox\"><img decoding=\"async\" src=\"\/f\/wp-content\/themes\/ukiyoe\/images\/collections\/qQpkRYvD_VL018_r01.jpg\" border=\"0\" alt=\"\"><\/p>\n<p>Enoshima beach<\/p>\n<\/div>\n<div class=\"itemBox muchigh col-xs-12 col-sm-4 col-md-3\" style=\"height: 327px;\">\n<h5>Rinc\u00f3n de Enoshima<\/h5>\n<p class=\"imgbox\"><img decoding=\"async\" src=\"\/f\/wp-content\/themes\/ukiyoe\/images\/collections\/Cv78w7EP_VL019_r01.jpg\" border=\"0\" alt=\"\"><\/p>\n<p>T\u00edtulo desconocido (Ceremonia de Kaichou de Enoshima Benzaiten)<\/p>\n<\/div>\n<div class=\"itemBox muchigh col-xs-12 col-sm-4 col-md-3\" >\n<h5>Rinc\u00f3n especial de exposiciones<\/h5>\n<p class=\"imgbox\"><img decoding=\"async\" src=\"\/f\/wp-content\/themes\/ukiyoe\/images\/collections\/g5HZfbmP_VL020_r01.jpg\" border=\"0\" alt=\"\"><\/p>\n<p>Vista de peregrinos en la cueva del santuario principal Hongu para la Ceremonia de Kaichou de Enoshima Benzaiten de la Provincia de Sagami<\/p>\n<\/div>\n<\/div>\n<p><a href=\"\/f\/archive-es\"><button type=\"button\" class=\"btnnex\">The Exhibition Archive<\/button><\/a><\/p>\n<\/div>\n<\/div>\n<\/div>\n<\/section>\n","protected":false},"excerpt":{"rendered":"<p>HOME Introducci\u00f3n de la Exposici\u00f3n FUJISAWA LEGACY ENOSHIMA UKIYO-E Historia de la peregrinaci\u00f3n a la isla de  [&hellip;]<\/p>\n","protected":false},"author":1,"featured_media":0,"parent":0,"menu_order":0,"comment_status":"closed","ping_status":"closed","template":"page-es.php","meta":{"footnotes":""},"class_list":["post-1581","page","type-page","status-publish","hentry"],"_links":{"self":[{"href":"https:\/\/fujisawa-ukiyoekan.net\/f\/wp-json\/wp\/v2\/pages\/1581","targetHints":{"allow":["GET"]}}],"collection":[{"href":"https:\/\/fujisawa-ukiyoekan.net\/f\/wp-json\/wp\/v2\/pages"}],"about":[{"href":"https:\/\/fujisawa-ukiyoekan.net\/f\/wp-json\/wp\/v2\/types\/page"}],"author":[{"embeddable":true,"href":"https:\/\/fujisawa-ukiyoekan.net\/f\/wp-json\/wp\/v2\/users\/1"}],"replies":[{"embeddable":true,"href":"https:\/\/fujisawa-ukiyoekan.net\/f\/wp-json\/wp\/v2\/comments?post=1581"}],"version-history":[{"count":4,"href":"https:\/\/fujisawa-ukiyoekan.net\/f\/wp-json\/wp\/v2\/pages\/1581\/revisions"}],"predecessor-version":[{"id":1649,"href":"https:\/\/fujisawa-ukiyoekan.net\/f\/wp-json\/wp\/v2\/pages\/1581\/revisions\/1649"}],"wp:attachment":[{"href":"https:\/\/fujisawa-ukiyoekan.net\/f\/wp-json\/wp\/v2\/media?parent=1581"}],"curies":[{"name":"wp","href":"https:\/\/api.w.org\/{rel}","templated":true}]}}