{"id":1579,"date":"2023-11-10T14:37:17","date_gmt":"2023-11-10T05:37:17","guid":{"rendered":"https:\/\/www.fujisawa-ukiyoekan.net\/f\/?page_id=1579"},"modified":"2023-11-10T14:37:17","modified_gmt":"2023-11-10T05:37:17","slug":"collections-6-es","status":"publish","type":"page","link":"https:\/\/fujisawa-ukiyoekan.net\/f\/collections-6-es\/","title":{"rendered":"\u5c55\u793a\u5185\u5bb9\u7d39\u4ecb\u3000\u6d6e\u4e16\u7d75\u3068\u7d75\u306f\u304c\u304d\u3067\u5de1\u308b\u795e\u5948\u5ddd\u3068\u6771\u6d77\u9053(\u30b9\u30da\u30a4\u30f3\u8a9e)"},"content":{"rendered":"<section id=\"top\" class=\"bc-section\">\n<div class=\"container\">\n<ol class=\"breadcrumb\">\n<li><a href=\"\/f\/home-es\">HOME<\/a><\/li>\n<li class=\"active\">Introducci\u00f3n de la Exposici\u00f3n<\/li>\n<\/ol>\n<\/div>\n<\/section>\n<section id=\"txt\" class=\"home-section\">\n<div class=\"container\">\n<div class=\"row\">\n<div class=\"txtArea\">\n<h3>La prefectura de Kanagawa y la ruta Tokaido presentes en las estampas ukiyo-e y las postales<\/h3>\n<h4>Introducci\u00f3n de la Exposici\u00f3n<\/h4>\n<div class=\"txtBox\">\n<p>Al llegar la era Meiji, como sustituto de las estampas ukiyo-e tan populares durante la era Edo, llegaron las postales como forma de representaci\u00f3n visual de los destinos tur\u00edsticos. Esperamos que disfruten apreciando los cambios en los lugares y vistas m\u00e1s famosas, as\u00ed como las diferencias en la concepci\u00f3n del turismo entre las diferentes \u00e9pocas, a trav\u00e9s de una comparaci\u00f3n visual de la diversidad de estampas ukiyo-e y postales que representan los lugares m\u00e1s espectaculares en la prefectura de Kanagawa como la isla de Enoshima, Kamakura u Oiso desde la era Meiji hasta la era Showa.<\/p>\n<\/div>\n<div class=\"itemArea\">\n<div class=\"itemBox muchigh col-xs-12 col-sm-4 col-md-3\" >\n<h5>Rinc\u00f3n de la serie Las cincuenta y tres estaciones de Tokaido<\/h5>\n<p class=\"imgbox\"><img decoding=\"async\" src=\"\/f\/wp-content\/themes\/ukiyoe\/images\/collections\/45Z2fTZJ_VL017_r01.jpg\" border=\"0\" alt=\"\"><\/p>\n<p>Dibujo de Las Cincuenta y tres estaciones de Tokaido\u3000Kanagawa, Hodogaya, Totsuka y Fujisawa<\/p>\n<\/div>\n<div class=\"itemBox muchigh col-xs-12 col-sm-4 col-md-3\" style=\"height: 327px;\">\n<h5>Rinc\u00f3n de la posada Fujisawa<\/h5>\n<p class=\"imgbox\"><img decoding=\"async\" src=\"\/f\/wp-content\/themes\/ukiyoe\/images\/collections\/yWiUN698_VL018_r01.jpg\" border=\"0\" alt=\"\"><\/p>\n<p>Dibujo de lugares famosos a lo largo de la carretera Tokaido<\/p>\n<\/div>\n<div class=\"itemBox muchigh col-xs-12 col-sm-4 col-md-3\" style=\"height: 327px;\">\n<h5>Rinc\u00f3n de Enoshima<\/h5>\n<p class=\"imgbox\"><img decoding=\"async\" src=\"\/f\/wp-content\/themes\/ukiyoe\/images\/collections\/OkNyODS6_VL019_r01.jpg\" border=\"0\" alt=\"\"><\/p>\n<p>Isla de Enoshima<\/p>\n<\/div>\n<div class=\"itemBox muchigh col-xs-12 col-sm-4 col-md-3\" style=\"height: 327px;\">\n<h5>Rinc\u00f3n especial de exposiciones<\/h5>\n<p class=\"imgbox\"><img decoding=\"async\" src=\"\/f\/wp-content\/themes\/ukiyoe\/images\/collections\/v7pYDuxl_VL020_r01.jpg\" border=\"0\" alt=\"\"><\/p>\n<p>Miya, de la serie \u201cTokaido\u201d<\/p>\n<\/div>\n<\/div>\n<p><a href=\"\/f\/archive-es\"><button type=\"button\" class=\"btnnex\">The Exhibition Archive<\/button><\/a><\/p>\n<\/div>\n<\/div>\n<\/div>\n<\/section>\n","protected":false},"excerpt":{"rendered":"<p>HOME Introducci\u00f3n de la Exposici\u00f3n La prefectura de Kanagawa y la ruta Tokaido presentes en las estampas ukiyo [&hellip;]<\/p>\n","protected":false},"author":1,"featured_media":0,"parent":0,"menu_order":0,"comment_status":"closed","ping_status":"closed","template":"page-es.php","meta":{"footnotes":""},"class_list":["post-1579","page","type-page","status-publish","hentry"],"_links":{"self":[{"href":"https:\/\/fujisawa-ukiyoekan.net\/f\/wp-json\/wp\/v2\/pages\/1579","targetHints":{"allow":["GET"]}}],"collection":[{"href":"https:\/\/fujisawa-ukiyoekan.net\/f\/wp-json\/wp\/v2\/pages"}],"about":[{"href":"https:\/\/fujisawa-ukiyoekan.net\/f\/wp-json\/wp\/v2\/types\/page"}],"author":[{"embeddable":true,"href":"https:\/\/fujisawa-ukiyoekan.net\/f\/wp-json\/wp\/v2\/users\/1"}],"replies":[{"embeddable":true,"href":"https:\/\/fujisawa-ukiyoekan.net\/f\/wp-json\/wp\/v2\/comments?post=1579"}],"version-history":[{"count":2,"href":"https:\/\/fujisawa-ukiyoekan.net\/f\/wp-json\/wp\/v2\/pages\/1579\/revisions"}],"predecessor-version":[{"id":1647,"href":"https:\/\/fujisawa-ukiyoekan.net\/f\/wp-json\/wp\/v2\/pages\/1579\/revisions\/1647"}],"wp:attachment":[{"href":"https:\/\/fujisawa-ukiyoekan.net\/f\/wp-json\/wp\/v2\/media?parent=1579"}],"curies":[{"name":"wp","href":"https:\/\/api.w.org\/{rel}","templated":true}]}}