{"id":1575,"date":"2023-11-10T14:33:40","date_gmt":"2023-11-10T05:33:40","guid":{"rendered":"https:\/\/www.fujisawa-ukiyoekan.net\/f\/?page_id=1575"},"modified":"2023-11-10T14:33:40","modified_gmt":"2023-11-10T05:33:40","slug":"collections-4-es","status":"publish","type":"page","link":"https:\/\/fujisawa-ukiyoekan.net\/f\/collections-4-es\/","title":{"rendered":"\u5c55\u793a\u5185\u5bb9\u7d39\u4ecb\u3000\u30b5\u30a4\u306f\u6295\u3052\u3089\u308c\u305f \u6c5f\u6238\u306e\u7d75\u53cc\u516d\u304a\u3082\u3057\u308d\u30d2\u30b9\u30c8\u30ea\u30fc(\u30b9\u30da\u30a4\u30f3\u8a9e)"},"content":{"rendered":"<section id=\"top\" class=\"bc-section\">\n<div class=\"container\">\n<ol class=\"breadcrumb\">\n<li><a href=\"\/f\/home-es\">HOME<\/a><\/li>\n<li class=\"active\">Introducci\u00f3n de la Exposici\u00f3n<\/li>\n<\/ol>\n<\/div>\n<\/section>\n<section id=\"txt\" class=\"home-section\">\n<div class=\"container\">\n<div class=\"row\">\n<div class=\"txtArea\">\n<h3>La interesante historia del juego de mesa Sugoruku tra\u00edda por los dados<\/h3>\n<h4>Introducci\u00f3n de la Exposici\u00f3n<\/h4>\n<div class=\"txtBox\">\n<p>Los coloridos juegos de mesa Sugoroku gozaban de gran popularidad entre los ni\u00f1os de Edo no solo como un objeto de juego, sino tambi\u00e9n como un objeto que apreciar en s\u00ed mismo. Estos juegos de mesa Doshu Sugoruku permit\u00edan vivir la experiencia simulada de viajar por los diferentes lugares de la ruta, e incluso cuando el principal medio de viaje cambi\u00f3 de ir a pie a viajar en tren, se siguieron creando juegos Tokaido Sugoroku hasta la era Showa. En el archivo de la ciudad de Fujisawa, tambi\u00e9n se cuenta con el juego Tobi Sugoroku, una forma de este juego que apenas se ve en la actualidad. Esperamos que disfruten de la diversidad de juegos Sugoroku creados bajo tan ingeniosos conceptos para entretener a sus espectadores.<\/p>\n<\/div>\n<div class=\"itemArea\">\n<div class=\"itemBox muchigh col-xs-12 col-sm-4 col-md-3\" style=\"height: 327px;\">\n<h5>Rinc\u00f3n de la serie Las cincuenta y tres estaciones de Tokaido<\/h5>\n<p class=\"imgbox\"><img decoding=\"async\" src=\"\/f\/wp-content\/themes\/ukiyoe\/images\/collections\/RKph1Lho_VL017_r01.jpg\" border=\"0\" alt=\"\"><\/p>\n<p>The Sugoroku Board Game of Imperial Visit<\/p>\n<\/div>\n<div class=\"itemBox muchigh col-xs-12 col-sm-4 col-md-3\" style=\"height: 327px;\">\n<h5>Rinc\u00f3n de la posada Fujisawa<\/h5>\n<p class=\"imgbox\"><img decoding=\"async\" src=\"\/f\/wp-content\/themes\/ukiyoe\/images\/collections\/Z9bixjyp_VL018_r01.jpg\" border=\"0\" alt=\"\"><\/p>\n<p><ruby>\u4e16<rp>(<\/rp><rt>\u3088\u306f<\/rt><rp>)<\/rp><\/ruby><ruby>\u9032<rp>(<\/rp><rt>\u3059\u3059\u3080<\/rt><rp>)<\/rp><\/ruby><ruby>\u96fb\u8a71<rp>(<\/rp><rt>\u3067\u3093\u308f<\/rt><rp>)<\/rp><\/ruby><ruby>\u53cc\u516d<rp>(<\/rp><rt>\u3059\u3054\u308d\u304f<\/rt><rp>)<\/rp><\/ruby><\/p>\n<\/div>\n<div class=\"itemBox muchigh col-xs-12 col-sm-4 col-md-3\" style=\"height: 327px;\">\n<h5>Rinc\u00f3n de Enoshima<\/h5>\n<p class=\"imgbox\"><img decoding=\"async\" src=\"\/f\/wp-content\/themes\/ukiyoe\/images\/collections\/fRLiMgiT_VL019_r01.jpg\" border=\"0\" alt=\"\"><\/p>\n<p>Imagen de las Siete Deidades de la Buena Suerte en el Bort<\/p>\n<\/div>\n<div class=\"itemBox muchigh col-xs-12 col-sm-4 col-md-3\" style=\"height: 327px;\">\n<h5>Rinc\u00f3n especial de exposiciones<\/h5>\n<p class=\"imgbox\"><img decoding=\"async\" src=\"\/f\/wp-content\/themes\/ukiyoe\/images\/collections\/GklABOma_VL020_r01.jpg\" border=\"0\" alt=\"\"><\/p>\n<p>\u3044\u308d\u306f<ruby>\u58c1<rp>(<\/rp><rt>\u304b\u3079<\/rt><rp>)<\/rp><\/ruby>\uff08<ruby>\u8b6c<rp>(<\/rp><rt>\u305f\u3068\u3048<\/rt><rp>)<\/rp><\/ruby>\uff09\u3000<ruby>\u795e\u4ecf<rp>(<\/rp><rt>\u3057\u3093\u3076\u3064<\/rt><rp>)<\/rp><\/ruby><ruby>\u540d\u6240<rp>(<\/rp><rt>\u3081\u3044\u3057\u3087<\/rt><rp>)<\/rp><\/ruby><ruby>\u5bff<rp>(<\/rp><rt>\u3059<\/rt><rp>)<\/rp><\/ruby><ruby>\u8a9e<rp>(<\/rp><rt>\u3054<\/rt><rp>)<\/rp><\/ruby><ruby>\u516d<rp>(<\/rp><rt>\u308d\u304f<\/rt><rp>)<\/rp><\/ruby><\/p>\n<\/div>\n<\/div>\n<p><a href=\"\/f\/archive-es\"><button type=\"button\" class=\"btnnex\">The Exhibition Archive<\/button><\/a><\/p>\n<\/div>\n<\/div>\n<\/div>\n<\/section>\n","protected":false},"excerpt":{"rendered":"<p>HOME Introducci\u00f3n de la Exposici\u00f3n La interesante historia del juego de mesa Sugoruku tra\u00edda por los dados Int [&hellip;]<\/p>\n","protected":false},"author":1,"featured_media":0,"parent":0,"menu_order":0,"comment_status":"closed","ping_status":"closed","template":"page-es.php","meta":{"footnotes":""},"class_list":["post-1575","page","type-page","status-publish","hentry"],"_links":{"self":[{"href":"https:\/\/fujisawa-ukiyoekan.net\/f\/wp-json\/wp\/v2\/pages\/1575","targetHints":{"allow":["GET"]}}],"collection":[{"href":"https:\/\/fujisawa-ukiyoekan.net\/f\/wp-json\/wp\/v2\/pages"}],"about":[{"href":"https:\/\/fujisawa-ukiyoekan.net\/f\/wp-json\/wp\/v2\/types\/page"}],"author":[{"embeddable":true,"href":"https:\/\/fujisawa-ukiyoekan.net\/f\/wp-json\/wp\/v2\/users\/1"}],"replies":[{"embeddable":true,"href":"https:\/\/fujisawa-ukiyoekan.net\/f\/wp-json\/wp\/v2\/comments?post=1575"}],"version-history":[{"count":1,"href":"https:\/\/fujisawa-ukiyoekan.net\/f\/wp-json\/wp\/v2\/pages\/1575\/revisions"}],"predecessor-version":[{"id":1576,"href":"https:\/\/fujisawa-ukiyoekan.net\/f\/wp-json\/wp\/v2\/pages\/1575\/revisions\/1576"}],"wp:attachment":[{"href":"https:\/\/fujisawa-ukiyoekan.net\/f\/wp-json\/wp\/v2\/media?parent=1575"}],"curies":[{"name":"wp","href":"https:\/\/api.w.org\/{rel}","templated":true}]}}